{"id":103,"date":"2018-03-22T11:17:45","date_gmt":"2018-03-22T11:17:45","guid":{"rendered":"http:\/\/generizon.com\/?page_id=103"},"modified":"2026-01-28T18:46:17","modified_gmt":"2026-01-28T18:46:17","slug":"developpement-projets-biogaz-industriel-valorisation-energetique-dechets-maroc","status":"publish","type":"page","link":"https:\/\/generizon.com\/fr\/developpement-projets-biogaz-industriel-valorisation-energetique-dechets-maroc\/","title":{"rendered":"biogaz &#8211; d\u00e9veloppement de projets de valorisation \u00e9nerg\u00e9tique des d\u00e9chets."},"content":{"rendered":"\n<h2 class=\"wp-block-heading\">phase d\u2019id\u00e9ation et \u00e9tudes de pr\u00e9-faisabilit\u00e9s.<\/h2>\n\n\n\n<p>Pour transformer une id\u00e9e initiale en un projet bancable, generizon suit une d\u00e9marche de d\u00e9veloppement structur\u00e9e et rigoureuse. Le processus d\u00e9bute par une note conceptuelle synth\u00e9tique, d\u00e9finissant les gisements de d\u00e9chets disponibles et les contraintes logistiques associ\u00e9es, la localisation du projet, la solution technique propos\u00e9e, les acheteurs potentiels (off-take), ainsi que les options de gouvernance et de partenariat.<\/p>\n\n\n\n<p>Generizon r\u00e9alise ensuite l\u2019ensemble des \u00e9tudes de pr\u00e9faisabilit\u00e9 technique et \u00e9conomique pour des projets de m\u00e9thanisation (DA), de captage de gaz de d\u00e9charge (LFG) et plus largement de valorisation \u00e9nerg\u00e9tique des d\u00e9chets. Ces \u00e9tudes int\u00e8grent la conception des syst\u00e8mes, les simulations de performance, l\u2019\u00e9valuation des b\u00e9n\u00e9fices, ainsi que les analyses de sensibilit\u00e9 et de risques.<\/p>\n\n\n\n<p>Un mod\u00e8le \u00e9conomique est \u00e9labor\u00e9 comme parti majeur de l\u2019\u00e9tude de pr\u00e9faisabilit\u00e9 afin d\u2019\u00e9valuer la faisabilit\u00e9 technique et la viabilit\u00e9 financi\u00e8re du projet. Il comprend l\u2019estimation des CAPEX et OPEX, des flux de revenus, du retour sur investissement (ROI) et de la rentabilit\u00e9 globale selon diff\u00e9rents sc\u00e9narios. L\u2019analyse prend en compte tous les sc\u00e9narios possibles du potentiel \u00e9nerg\u00e9tique, ainsi que les revenus li\u00e9s au cr\u00e9dit carbone calcul\u00e9s selon diff\u00e9rentes hypoth\u00e8ses de prix du carbone ITMOs (tCO\u2082e convertis en monnaie r\u00e9elle). Gr\u00e2ce \u00e0 cette approche, generizon garantit l&#8217;additionnalit\u00e9 du projet d&#8217;att\u00e9nuation, identifie le financement carbone n\u00e9cessaire et \u00e9value comment celui-ci contribue \u00e0 la bancabilit\u00e9 globale du projet.<\/p>\n\n\n\n<p>Le r\u00e9sultat est une \u00e9tude de pr\u00e9faisabilit\u00e9 robuste, servant de base \u00e0 la concertation avec les parties prenantes, aux discussions avec les investisseurs et \u00e0 la pr\u00e9paration de la phase de mise en \u0153uvre.<\/p>\n\n\n\n<h2 class=\"wp-block-heading\">\u00e9tudes de faisabilit\u00e9 et phase de d\u00e9veloppement.<\/h2>\n\n\n\n<figure class=\"wp-block-image alignright size-medium is-resized\"><img loading=\"lazy\" decoding=\"async\" width=\"300\" height=\"200\" src=\"https:\/\/generizon.com\/wp-content\/uploads\/2020\/05\/weltec-waste-truck-3-2-300x200.png\" alt=\"solution. waste2energy generizon.\" class=\"wp-image-1789\" srcset=\"https:\/\/generizon.com\/wp-content\/uploads\/2020\/05\/weltec-waste-truck-3-2-300x200.png 300w, https:\/\/generizon.com\/wp-content\/uploads\/2020\/05\/weltec-waste-truck-3-2.png 726w\" sizes=\"auto, (max-width: 300px) 100vw, 300px\" \/><figcaption class=\"wp-element-caption\">waste-to-energy. generizon.<\/figcaption><\/figure>\n\n\n\n<p>Pour structurer efficacement un projet de m\u00e9thanisation (DA), le mod\u00e8le choisi doit assurer un \u00e9quilibre entre la r\u00e9partition des risques et les capacit\u00e9s techniques du client. Lorsque le client dispose des comp\u00e9tences n\u00e9cessaires pour assurer l\u2019exploitation, un mod\u00e8le de <strong>vente directe<\/strong> ou un contrat <strong>EPC (Engineering, Procurement and Construction)<\/strong> peut \u00eatre privil\u00e9gi\u00e9. Dans ce cadre, generizon livre une installation \u00ab cl\u00e9 en main \u00bb, en assumant les risques li\u00e9s \u00e0 la conception et \u00e0 la construction, tandis que le client finance le projet et devient propri\u00e9taire de l\u2019actif \u00e0 sa mise en service.<\/p>\n\n\n\n<p>Une option \u00e9mergente et simple est le mod\u00e8le <strong>Lease-to-Own<\/strong>, assimilable \u00e0 une vente d\u2019\u00e9quipement financ\u00e9e, pouvant \u00eatre accompagn\u00e9e de subventions via des organismes nationaux de financement.<\/p>\n\n\n\n<p>Dans le cadre d\u2019un mod\u00e8le <strong>ESCO (Energy Service Company)<\/strong> ou <strong>contrat de performance \u00e9nerg\u00e9tique (CPE)<\/strong>, generizon intervient en tant que <strong>partenaire de performance int\u00e9gr\u00e9<\/strong>, en prenant en charge l\u2019ensemble des risques op\u00e9rationnels et biologiques du projet. Le client met \u00e0 disposition le site, les intrants (d\u00e9chets) et les acheteurs d\u2019\u00e9nergie, tandis que generizon con\u00e7oit le syst\u00e8me, mobilise ou structure l\u2019investissement n\u00e9cessaire, et assure l\u2019exploitation et la maintenance (O&amp;M) sur le long terme afin de garantir une performance optimale. La r\u00e9mun\u00e9ration est directement index\u00e9e sur l\u2019\u00e9nergie produite ou les \u00e9conomies r\u00e9alis\u00e9es, assurant un impact r\u00e9el, mesurable et v\u00e9rifiable. Ce mod\u00e8le permet au client de b\u00e9n\u00e9ficier d\u2019une solution cl\u00e9 en main, hors bilan, avec une installation performante et p\u00e9renne.<\/p>\n\n\n\n<figure class=\"wp-block-image alignright size-medium\"><img loading=\"lazy\" decoding=\"async\" width=\"300\" height=\"263\" src=\"https:\/\/generizon.com\/wp-content\/uploads\/2025\/09\/Arciplug-Italy-Calimera-biogas-msw-plant-300x263.jpg\" alt=\"PlugFlow technology\" class=\"wp-image-5518\" srcset=\"https:\/\/generizon.com\/wp-content\/uploads\/2025\/09\/Arciplug-Italy-Calimera-biogas-msw-plant-300x263.jpg 300w, https:\/\/generizon.com\/wp-content\/uploads\/2025\/09\/Arciplug-Italy-Calimera-biogas-msw-plant-768x672.jpg 768w, https:\/\/generizon.com\/wp-content\/uploads\/2025\/09\/Arciplug-Italy-Calimera-biogas-msw-plant.jpg 1000w\" sizes=\"auto, (max-width: 300px) 100vw, 300px\" \/><figcaption class=\"wp-element-caption\">PlugFlow waste-to-energy technology.<\/figcaption><\/figure>\n\n\n\n<p>Pour les projets de plus grande envergure, notamment municipaux, o\u00f9 l\u2019investissement initial constitue un frein, les mod\u00e8les <strong>BOT (Build-Operate-Transfer)<\/strong> ou <strong>BOOT (Build-Own-Operate-Transfer)<\/strong> repr\u00e9sentent des standards internationaux de r\u00e9duction des risques. Dans ces configurations, Generizon agit en tant que d\u00e9veloppeur, s\u00e9curise le financement et exploite les proc\u00e9d\u00e9s biologiques complexes du digesteur sur une p\u00e9riode d\u00e9finie (par exemple 10 ans ou plus). Le client b\u00e9n\u00e9ficie ainsi du traitement des d\u00e9chets et de la production d\u2019\u00e9nergie sans exposition au risque technique, tandis que l\u2019investissement est amorti via les redevances de traitement, la vente d\u2019\u00e9nergie et les cr\u00e9dits carbone.<\/p>\n\n\n\n<p>Les <strong>joint-ventures (JV)<\/strong> constituent \u00e9galement un mode de collaboration strat\u00e9gique, permettant \u00e0 generizon et au fournisseur de d\u00e9chets de partager \u00e0 la fois le capital du projet et les certificats environnementaux g\u00e9n\u00e9r\u00e9s (cr\u00e9dits CO\u2082).<\/p>\n\n\n\n<p>La remise d\u2019un <strong>business case complet<\/strong> et d\u2019une <strong>\u00e9tude de faisabilit\u00e9 d\u00e9taill\u00e9e<\/strong> constitue la base technique et financi\u00e8re indispensable pour assurer la bancabilit\u00e9 institutionnelle du projet et finaliser l\u2019ensemble des contractualisations.<\/p>\n\n\n\n<h2 class=\"wp-block-heading\">construction &#8211; implementation &#8211; operation and maintenance.<\/h2>\n\n\n\n<figure class=\"wp-block-image alignright size-medium\"><img loading=\"lazy\" decoding=\"async\" width=\"300\" height=\"190\" src=\"https:\/\/generizon.com\/wp-content\/uploads\/2024\/09\/maersk-nazha-container-300x190.jpg\" alt=\"Container delivery with desulfurisation equipment\" class=\"wp-image-4589\" srcset=\"https:\/\/generizon.com\/wp-content\/uploads\/2024\/09\/maersk-nazha-container-300x190.jpg 300w, https:\/\/generizon.com\/wp-content\/uploads\/2024\/09\/maersk-nazha-container-768x485.jpg 768w, https:\/\/generizon.com\/wp-content\/uploads\/2024\/09\/maersk-nazha-container.jpg 1000w\" sizes=\"auto, (max-width: 300px) 100vw, 300px\" \/><figcaption class=\"wp-element-caption\">livraison des conteneurs.<\/figcaption><\/figure>\n\n\n\n<p>La phase de construction et de mise en \u0153uvre constitue la traduction concr\u00e8te des sp\u00e9cifications d\u2019ing\u00e9nierie en infrastructures physiques robustes, r\u00e9alis\u00e9es sous un contr\u00f4le qualit\u00e9 rigoureux. Tout au long de la phase de construction, generizon supervise l\u2019ensemble des aspects techniques; depuis la pr\u00e9paration du site et la logistique jusqu\u2019\u00e0 l\u2019installation des \u00e9quipements principaux, afin de garantir une parfaite conformit\u00e9 avec la conception valid\u00e9e du projet.<\/p>\n\n\n\n<p>Apr\u00e8s la mise en service, l\u2019attention se porte sur l\u2019exploitation et la maintenance \u00e0 long terme (O&amp;M), une \u00e9tape cl\u00e9 durant laquelle les \u00e9quipes de generizon et leurs partenaires assurent \u00e0 la fois la stabilit\u00e9 biologique des proc\u00e9d\u00e9s et l\u2019int\u00e9grit\u00e9 \u00e9lectrom\u00e9canique des installations. Gr\u00e2ce \u00e0 un suivi continu, \u00e0 des op\u00e9rations de maintenance pr\u00e9ventive et \u00e0 une optimisation des proc\u00e9d\u00e9s en temps r\u00e9el, generizon garantit des performances optimales, un haut niveau de s\u00e9curit\u00e9 et un impact environnemental constant sur l\u2019ensemble du cycle de vie de l\u2019installation, tout en prot\u00e9geant durablement l\u2019investissement.<\/p>\n\n\n\n<p><b>we are generizon.<\/b><\/p>\n","protected":false},"excerpt":{"rendered":"<p>phase d\u2019id\u00e9ation et \u00e9tudes de pr\u00e9-faisabilit\u00e9s. Pour transformer une id\u00e9e initiale en un projet bancable, generizon suit une d\u00e9marche de d\u00e9veloppement structur\u00e9e et rigoureuse. Le processus d\u00e9bute par une note conceptuelle synth\u00e9tique, d\u00e9finissant les gisements de d\u00e9chets disponibles et les contraintes logistiques associ\u00e9es, la localisation du projet, la solution technique propos\u00e9e, les acheteurs potentiels (off-take), [&hellip;]<\/p>\n","protected":false},"author":1,"featured_media":0,"parent":0,"menu_order":0,"comment_status":"closed","ping_status":"closed","template":"page-french","meta":{"_acf_changed":false,"footnotes":""},"class_list":["post-103","page","type-page","status-publish","hentry"],"acf":[],"_links":{"self":[{"href":"https:\/\/generizon.com\/fr\/wp-json\/wp\/v2\/pages\/103","targetHints":{"allow":["GET"]}}],"collection":[{"href":"https:\/\/generizon.com\/fr\/wp-json\/wp\/v2\/pages"}],"about":[{"href":"https:\/\/generizon.com\/fr\/wp-json\/wp\/v2\/types\/page"}],"author":[{"embeddable":true,"href":"https:\/\/generizon.com\/fr\/wp-json\/wp\/v2\/users\/1"}],"replies":[{"embeddable":true,"href":"https:\/\/generizon.com\/fr\/wp-json\/wp\/v2\/comments?post=103"}],"version-history":[{"count":0,"href":"https:\/\/generizon.com\/fr\/wp-json\/wp\/v2\/pages\/103\/revisions"}],"wp:attachment":[{"href":"https:\/\/generizon.com\/fr\/wp-json\/wp\/v2\/media?parent=103"}],"curies":[{"name":"wp","href":"https:\/\/api.w.org\/{rel}","templated":true}]}}