{"id":1996,"date":"2020-05-06T15:11:22","date_gmt":"2020-05-06T15:11:22","guid":{"rendered":"http:\/\/generizon.com\/?page_id=1996"},"modified":"2026-03-09T13:39:32","modified_gmt":"2026-03-09T13:39:32","slug":"wte-extraction-gaz-decharge-capture-controle-systeme-maroc-afrique","status":"publish","type":"page","link":"https:\/\/generizon.com\/fr\/wte-extraction-gaz-decharge-capture-controle-systeme-maroc-afrique\/","title":{"rendered":"WtE &#8211; syst\u00e8me d\u2019extraction du gaz de d\u00e9charge."},"content":{"rendered":"\n<p>Le Maroc continue de d\u00e9pendre fortement des d\u00e9charges comme principale destination des d\u00e9chets, avec un m\u00e9lange de d\u00e9charges modernes contr\u00f4l\u00e9es et de nombreuses d\u00e9charges plus anciennes, non techniques et non contr\u00f4l\u00e9es. Bien que les taux de collecte des d\u00e9chets se sont consid\u00e9rablement am\u00e9lior\u00e9s au cours des 20 derni\u00e8res ann\u00e9es, la majorit\u00e9 des d\u00e9chets sont encore mis en d\u00e9charge avec un tri ou une valorisation limit\u00e9s, ce qui entra\u00eene des probl\u00e8mes environnementaux tels que les \u00e9missions de m\u00e9thane, les probl\u00e8mes ing\u00e9rables du lixiviat, la contamination des sols, la pollution des eaux souterraines et les odeurs. \u00c0 travers diff\u00e9rents programmes nationaux, le Maroc a investi dans la modernisation des infrastructures de d\u00e9charge, la fermeture et la r\u00e9habilitation des d\u00e9potoirs ill\u00e9gaux, ainsi que dans la promotion de la valorisation des d\u00e9chets. Toutefois, des d\u00e9fis importants subsistent, notamment la r\u00e9duction de la d\u00e9pendance aux d\u00e9charges et la transition vers des solutions de valorisation et d\u2019\u00e9conomie circulaire.<\/p>\n\n\n\n<h2 class=\"wp-block-heading\">potentiel \u00e9nerg\u00e9tique inexploit\u00e9 du gaz de d\u00e9charge.<\/h2>\n\n\n\n<p>Selon les calculs effectu\u00e9s par <strong>generizon,<\/strong> les d\u00e9charges urbaines au Maroc g\u00e9n\u00e8rent chaque ann\u00e9e un volume estim\u00e9 entre 500 \u00e0 700 millions de Nm\u00b3 de biogaz (dont environ la moiti\u00e9, soit \u2248 300 Nm\u00b3\/an, est constitu\u00e9e de m\u00e9thane).&nbsp;<\/p>\n\n\n\n<p>Pourtant, en 2025, moins de <strong>5 % de ce gaz est capt\u00e9 et br\u00fbl\u00e9 en torch\u00e8re<\/strong>, tandis que la grande majorit\u00e9 s&#8217;\u00e9chappe dans l&#8217;atmosph\u00e8re. Au total, les \u00e9missions de m\u00e9thane provenant des d\u00e9chets s&#8217;\u00e9l\u00e8vent \u00e0 <strong>5,9 millions de tonnes d&#8217;\u00e9quivalent CO\u2082 par an<\/strong>, certaines estimations sugg\u00e8rent m\u00eame des niveaux plus \u00e9lev\u00e9s, un ph\u00e9nom\u00e8ne aujourd\u2019hui de plus en plus visible gr\u00e2ce aux observations satellitaires des \u00e9missions de m\u00e9thane r\u00e9alis\u00e9es par GHGSat.&nbsp;<\/p>\n\n\n\n<p>Actuellement, seulement environ 1 % du gaz de d\u00e9charge est valoris\u00e9 pour la production d&#8217;\u00e9nergie, tandis que les 99 % restants sont perdus, ce qui correspond \u00e0 un potentiel \u00e9lectrique \u00e9quivalent \u00e0 140 MW \u00e9lectriques (MW<sub>el<\/sub>) .<\/p>\n\n\n\n<p>En appliquant un taux de captage optimiste de 50 %, cette ressource inutilis\u00e9e correspond \u00e0 70 MW de capacit\u00e9 \u00e9lectrique potentielle, capable de produire environ 560 GWh d&#8217;\u00e9lectricit\u00e9 en continu par an, soit suffisamment pour alimenter environ 150 000 foyers marocains.&nbsp;<\/p>\n\n\n\n<p>La mauvaise nouvelle est que m\u00eame si 50 % du m\u00e9thane est capt\u00e9, l\u2019autre moiti\u00e9 continuerait \u00e0 s\u2019\u00e9chapper dans l\u2019atmosph\u00e8re, tandis que la moiti\u00e9 du potentiel \u00e9nerg\u00e9tique serait d\u00e9finitivement perdue.<\/p>\n\n\n\n<p>En rempla\u00e7ant l&#8217;\u00e9lectricit\u00e9 provenant du r\u00e9seau marocain et en appliquant un facteur moyen d\u2019\u00e9mission de 650 g de CO\u2082 par kWh produit, cette production d\u2019\u00e9lectricit\u00e9 (issue des 50 % de m\u00e9thane capt\u00e9) permettrait d\u2019\u00e9viter environ 861 000 tonnes suppl\u00e9mentaires d\u2019\u00e9missions de CO\u2082 \u00e9quivalent par an.<\/p>\n\n\n\n<p>Ce facteur d\u2019\u00e9mission relativement \u00e9lev\u00e9 s\u2019explique par la d\u00e9pendance persistante du Maroc au charbon import\u00e9 pour la production d\u2019\u00e9lectricit\u00e9.<\/p>\n\n\n\n<h2 class=\"wp-block-heading\">structure d&#8217;un syst\u00e8me d&#8217;extraction du gaz de d\u00e9charge.&nbsp;<\/h2>\n\n\n\n<p>Un syst\u00e8me d&#8217;extraction des gaz d&#8217;enfouissement (LFG) \u00e9galement appel\u00e9 Gas Capture and Control System (GCCS), est con\u00e7u en fonction du volume pr\u00e9vu de gaz g\u00e9n\u00e9r\u00e9 dans une d\u00e9charge. Afin de capter efficacement, traiter, d\u00e9truire ou valoriser le biogaz produit, une installation compl\u00e8te d\u2019extraction du gaz de d\u00e9charge est n\u00e9cessaire.<\/p>\n\n\n\n<p>Les principaux composants d\u2019un GCCS typique comprennent :<\/p>\n\n\n\n<ul class=\"wp-block-list ul-border\">\n<li>Puits d&#8217;extraction de gaz de d\u00e9charge.<\/li>\n\n\n\n<li>Tuyauterie et vannes (y compris les collecteurs et les purgeurs de condensats).<\/li>\n\n\n\n<li>Pompes \u00e0 lixiviat.<\/li>\n\n\n\n<li>Soufflantes de gaz (LFG blowers).<\/li>\n\n\n\n<li>Syst\u00e8mes de surveillance et de contr\u00f4le.<\/li>\n\n\n\n<li>Mesure du LFG (quantit\u00e9 et qualit\u00e9 du gaz).<\/li>\n\n\n\n<li>Syst\u00e8me de torchage des gaz de combustion.<\/li>\n\n\n\n<li>Syst\u00e8me de traitement LFG (pour l&#8217;\u00e9limination des condensats et du H\u2082S).&nbsp;&nbsp;&nbsp;&nbsp;&nbsp;&nbsp;&nbsp;&nbsp;&nbsp;&nbsp;&nbsp;&nbsp;&nbsp;&nbsp;&nbsp;&nbsp;&nbsp;&nbsp;&nbsp;&nbsp;&nbsp;&nbsp;&nbsp;&nbsp;&nbsp;&nbsp;&nbsp;&nbsp;&nbsp;&nbsp;&nbsp;&nbsp;&nbsp;&nbsp;&nbsp;&nbsp;&nbsp;&nbsp;&nbsp;&nbsp;&nbsp;&nbsp;&nbsp;&nbsp;&nbsp;&nbsp;&nbsp;&nbsp;&nbsp;&nbsp;&nbsp;&nbsp;&nbsp;&nbsp;&nbsp;&nbsp;&nbsp;&nbsp;&nbsp;&nbsp;&nbsp;&nbsp;&nbsp;&nbsp;&nbsp;&nbsp;&nbsp;&nbsp;&nbsp;&nbsp;&nbsp;&nbsp;&nbsp;&nbsp;&nbsp;&nbsp;&nbsp;&nbsp;&nbsp;&nbsp;&nbsp;&nbsp;&nbsp;&nbsp;&nbsp;&nbsp;&nbsp;&nbsp;&nbsp;&nbsp;&nbsp;&nbsp;&nbsp;&nbsp;&nbsp;&nbsp;&nbsp;&nbsp;&nbsp;&nbsp;&nbsp;&nbsp;&nbsp;&nbsp;&nbsp;<\/li>\n\n\n\n<li>Dispositifs de combustion ou d&#8217;utilisation des gaz de d\u00e9charge (par exemple, unit\u00e9s de cog\u00e9n\u00e9ration).<\/li>\n<\/ul>\n\n\n\n<p><strong>generizon<\/strong> collabore avec plusieurs partenaires sp\u00e9cialis\u00e9s dans la fourniture et la mise en \u0153uvre de syst\u00e8mes de captage et de contr\u00f4le des gaz de d\u00e9charge. Parall\u00e8lement, generizon apporte une solide expertise technique dans l&#8217;estimation des \u00e9missions de gaz d&#8217;enfouissement \u00e0 l&#8217;aide du mod\u00e8le de d\u00e9chets du GIEC, compl\u00e9t\u00e9e par les donn\u00e9es d&#8217;observation satellitaires de GHGSat afin d&#8217;am\u00e9liorer la robustesse et la pr\u00e9cision des calculs.<\/p>\n\n\n\n<p>Dans ce cadre, generizon fournit des services techniques li\u00e9s \u00e0 la quantification du gaz de d\u00e9charge, \u00e0 la mod\u00e9lisation, aux \u00e9tudes de faisabilit\u00e9 et aux \u00e9quipements n\u00e9cessaires.<\/p>\n\n\n\n<h2 class=\"wp-block-heading\">\u00e9quipements et services generizon.<\/h2>\n\n\n\n<p><strong>Prestations :<\/strong><\/p>\n\n\n\n<ul class=\"wp-block-list ul-border\">\n<li><strong>Application avanc\u00e9e du mod\u00e8le FOD du GIEC<\/strong> pour estimer le potentiel de m\u00e9thane et de carbone biog\u00e9nique des gaz d&#8217;enfouissement (LFG).<\/li>\n\n\n\n<li><strong>Calculs du potentiel \u00e9nerg\u00e9tique<\/strong>, y compris l&#8217;\u00e9lectricit\u00e9, la chaleur et l&#8217;\u00e9nergie \u00e9quivalente au propane.<\/li>\n\n\n\n<li><strong>\u00c9tudes techniques et financi\u00e8res de pr\u00e9faisabilit\u00e9<\/strong>.<\/li>\n\n\n\n<li><strong>Dimensionnement du syst\u00e8me de captage et de contr\u00f4le des gaz<\/strong>.&nbsp;<\/li>\n\n\n\n<li><strong>D\u00e9veloppement de mod\u00e8les commerciaux<\/strong> pour les syst\u00e8mes d&#8217;extraction des gaz d&#8217;enfouissement.<\/li>\n\n\n\n<li><strong>Utilisation des donn\u00e9es d&#8217;observation du m\u00e9thane par satellite (GHGSat)<\/strong> pour valider et renforcer la cr\u00e9dibilit\u00e9 des estimations des \u00e9missions.<\/li>\n<\/ul>\n\n\n\n<p><strong>\u00c9quipement<\/strong> :<\/p>\n\n\n\n<p>Du c\u00f4t\u00e9 de la mise en \u0153uvre technique, generizon fournit les \u00e9quipements, le conseil technique, la vente et les services de maintenance pour les infrastructures cl\u00e9s li\u00e9es au gaz de d\u00e9charge, notamment :<\/p>\n\n\n\n<ul class=\"wp-block-list ul-border\">\n<li class=\"ul-border\"><strong>Stations de surpression et de soufflantes de gaz<\/strong> (fourniture, installation et entretien).<\/li>\n\n\n\n<li>Conseils techniques sur le dimensionnement, le positionnement et le fonctionnement des torch\u00e8res, y compris les composants de s\u00e9curit\u00e9 tels que les pare-flammes.<\/li>\n\n\n\n<li>Syst\u00e8mes d&#8217;analyse du biogaz et de mesure du d\u00e9bit, essentiels pour la surveillance op\u00e9rationnelle et la certification des cr\u00e9dits carbone.<\/li>\n\n\n\n<li>Syst\u00e8mes de nettoyage et de conditionnement des gaz, y compris <strong>la d\u00e9sulfuration biologique, la filtration au charbon actif et le s\u00e9chage du biogaz.<\/strong><\/li>\n\n\n\n<li>Solutions de traitement avanc\u00e9es pour d&#8217;autres contaminants pr\u00e9sents dans les gaz d&#8217;enfouissement, tels que les siloxanes et les COV, qui n\u00e9cessitent des consid\u00e9rations techniques sp\u00e9cifiques.<\/li>\n\n\n\n<li class=\"ul-border\"><strong>Technologies de traitement des gaz faibles<\/strong>, y compris l&#8217;oxydation thermique r\u00e9g\u00e9n\u00e9rative (RTO) pour les flux de gaz \u00e0 faible pouvoir calorifique.<\/li>\n\n\n\n<li class=\"ul-border\">Syst\u00e8mes d&#8217;utilisation du biogaz, y compris les unit\u00e9s de <strong>cog\u00e9n\u00e9ration<\/strong> (CHP) pour la production d&#8217;\u00e9lectricit\u00e9 renouvelable.<\/li>\n\n\n\n<li><strong>Syst\u00e8mes de r\u00e9servoirs \u00e0 gaz<\/strong> pour un stockage s\u00fbr du biogaz, une stabilisation de la pression et une utilisation optimis\u00e9e de l&#8217;\u00e9nergie.<\/li>\n\n\n\n<li><strong>Syst\u00e8mes d&#8217;\u00e9vacuation des lixiviats<\/strong>, y compris les pompes \u00e0 lixiviats pour puits de gaz d&#8217;enfouissement, essentiels pour maintenir une capture efficace du m\u00e9thane et garantir des performances optimales en mati\u00e8re de r\u00e9cup\u00e9ration des gaz.<\/li>\n\n\n\n<li class=\"ul-border\"><strong>Syst\u00e8mes de traitement des lixiviats par osmose inverse (RO)<\/strong> pour la purification avanc\u00e9e et la gestion des lixiviats fortement pollu\u00e9s provenant des d\u00e9charges.<\/li>\n<\/ul>\n\n\n\n<div class=\"wp-block-columns is-layout-flex wp-container-core-columns-is-layout-28f84493 wp-block-columns-is-layout-flex\">\n<div class=\"wp-block-column is-layout-flow wp-block-column-is-layout-flow\">\n<figure class=\"wp-block-image size-full\"><a href=\"https:\/\/generizon.com\/fr\/2g-cogeneration-energie-maroc-afrique\/\"><img loading=\"lazy\" decoding=\"async\" width=\"900\" height=\"900\" src=\"https:\/\/generizon.com\/wp-content\/uploads\/2026\/01\/2G-avus-1000plus-900-900-1.png\" alt=\"2G cog\u00e9n\u00e9ration.\" class=\"wp-image-6499\" srcset=\"https:\/\/generizon.com\/wp-content\/uploads\/2026\/01\/2G-avus-1000plus-900-900-1.png 900w, https:\/\/generizon.com\/wp-content\/uploads\/2026\/01\/2G-avus-1000plus-900-900-1-300x300.png 300w, https:\/\/generizon.com\/wp-content\/uploads\/2026\/01\/2G-avus-1000plus-900-900-1-150x150.png 150w, https:\/\/generizon.com\/wp-content\/uploads\/2026\/01\/2G-avus-1000plus-900-900-1-768x768.png 768w\" sizes=\"auto, (max-width: 900px) 100vw, 900px\" \/><\/a><figcaption class=\"wp-element-caption\">cog\u00e9n\u00e9ration ou g\u00e9n\u00e9ratrice seulement.<\/figcaption><\/figure>\n<\/div>\n\n\n\n<div class=\"wp-block-column is-layout-flow wp-block-column-is-layout-flow\">\n<figure class=\"wp-block-image size-full\"><a href=\"https:\/\/generizon.com\/fr\/ts-umweltanlagenbau-desulfuration-biogaz-maroc\/\"><img loading=\"lazy\" decoding=\"async\" width=\"900\" height=\"900\" src=\"https:\/\/generizon.com\/wp-content\/uploads\/2026\/01\/entschwefelungvonoben-900-900-1.jpg\" alt=\"D\u00e9sulfuration biologique\" class=\"wp-image-6506\" srcset=\"https:\/\/generizon.com\/wp-content\/uploads\/2026\/01\/entschwefelungvonoben-900-900-1.jpg 900w, https:\/\/generizon.com\/wp-content\/uploads\/2026\/01\/entschwefelungvonoben-900-900-1-300x300.jpg 300w, https:\/\/generizon.com\/wp-content\/uploads\/2026\/01\/entschwefelungvonoben-900-900-1-150x150.jpg 150w, https:\/\/generizon.com\/wp-content\/uploads\/2026\/01\/entschwefelungvonoben-900-900-1-768x768.jpg 768w\" sizes=\"auto, (max-width: 900px) 100vw, 900px\" \/><\/a><figcaption class=\"wp-element-caption\">d\u00e9sulfuration effective et \u00e9conomique.<\/figcaption><\/figure>\n<\/div>\n\n\n\n<div class=\"wp-block-column is-layout-flow wp-block-column-is-layout-flow\">\n<figure class=\"wp-block-image size-full\"><a href=\"https:\/\/generizon.com\/fr\/gastechnik-himmel-torchere-biogaz-maroc\/\"><img loading=\"lazy\" decoding=\"async\" width=\"1024\" height=\"1024\" src=\"https:\/\/generizon.com\/wp-content\/uploads\/2026\/01\/himmel-2xmtu-ht-1024-1024-1.png\" alt=\"Flares for landfill gas\" class=\"wp-image-6522\" srcset=\"https:\/\/generizon.com\/wp-content\/uploads\/2026\/01\/himmel-2xmtu-ht-1024-1024-1.png 1024w, https:\/\/generizon.com\/wp-content\/uploads\/2026\/01\/himmel-2xmtu-ht-1024-1024-1-300x300.png 300w, https:\/\/generizon.com\/wp-content\/uploads\/2026\/01\/himmel-2xmtu-ht-1024-1024-1-150x150.png 150w, https:\/\/generizon.com\/wp-content\/uploads\/2026\/01\/himmel-2xmtu-ht-1024-1024-1-768x768.png 768w\" sizes=\"auto, (max-width: 1024px) 100vw, 1024px\" \/><\/a><figcaption class=\"wp-element-caption\">torch\u00e8re de toutes tailles et sp\u00e9cifications.<\/figcaption><\/figure>\n<\/div>\n\n\n\n<div class=\"wp-block-column is-layout-flow wp-block-column-is-layout-flow\">\n<figure class=\"wp-block-image size-full\"><a href=\"https:\/\/generizon.com\/fr\/gastechnik-himmel-torchere-biogaz-maroc\/\"><img loading=\"lazy\" decoding=\"async\" width=\"1024\" height=\"1024\" src=\"https:\/\/generizon.com\/wp-content\/uploads\/2026\/01\/Himmel-blower-landfill-1024-1024-1.png\" alt=\"Landfill gas blower\" class=\"wp-image-6629\" srcset=\"https:\/\/generizon.com\/wp-content\/uploads\/2026\/01\/Himmel-blower-landfill-1024-1024-1.png 1024w, https:\/\/generizon.com\/wp-content\/uploads\/2026\/01\/Himmel-blower-landfill-1024-1024-1-300x300.png 300w, https:\/\/generizon.com\/wp-content\/uploads\/2026\/01\/Himmel-blower-landfill-1024-1024-1-150x150.png 150w, https:\/\/generizon.com\/wp-content\/uploads\/2026\/01\/Himmel-blower-landfill-1024-1024-1-768x768.png 768w\" sizes=\"auto, (max-width: 1024px) 100vw, 1024px\" \/><\/a><figcaption class=\"wp-element-caption\">surpresseurs. certifi\u00e9 ATEX.<\/figcaption><\/figure>\n<\/div>\n<\/div>\n\n\n\n<div class=\"wp-block-columns is-layout-flex wp-container-core-columns-is-layout-28f84493 wp-block-columns-is-layout-flex\">\n<div class=\"wp-block-column is-layout-flow wp-block-column-is-layout-flow\">\n<figure class=\"wp-block-image size-full\"><a href=\"https:\/\/generizon.com\/fr\/pompage-du-lixiviat-oft-maroc\/\"><img loading=\"lazy\" decoding=\"async\" width=\"700\" height=\"700\" src=\"https:\/\/generizon.com\/wp-content\/uploads\/2026\/01\/all-in-one-easy-700-700-2.jpg\" alt=\"OFT Pumps. pompes \u00e0 lixiviat.\" class=\"wp-image-6534\" srcset=\"https:\/\/generizon.com\/wp-content\/uploads\/2026\/01\/all-in-one-easy-700-700-2.jpg 700w, https:\/\/generizon.com\/wp-content\/uploads\/2026\/01\/all-in-one-easy-700-700-2-300x300.jpg 300w, https:\/\/generizon.com\/wp-content\/uploads\/2026\/01\/all-in-one-easy-700-700-2-150x150.jpg 150w\" sizes=\"auto, (max-width: 700px) 100vw, 700px\" \/><\/a><figcaption class=\"wp-element-caption\">OFT Pumps. pompes \u00e0 lixiviat.<\/figcaption><\/figure>\n<\/div>\n\n\n\n<div class=\"wp-block-column is-layout-flow wp-block-column-is-layout-flow\">\n<figure class=\"wp-block-image size-full\"><a href=\"https:\/\/generizon.com\/fr\/binder-maroc-debitmetre-analyseur-biogaz\/\"><img loading=\"lazy\" decoding=\"async\" width=\"900\" height=\"900\" src=\"https:\/\/generizon.com\/wp-content\/uploads\/2026\/01\/Binder-900-900-1.png\" alt=\"technologie COMBIMASS\u00ae. mesures de qualit\u00e9 et d\u00e9bit.\" class=\"wp-image-6849\" srcset=\"https:\/\/generizon.com\/wp-content\/uploads\/2026\/01\/Binder-900-900-1.png 900w, https:\/\/generizon.com\/wp-content\/uploads\/2026\/01\/Binder-900-900-1-300x300.png 300w, https:\/\/generizon.com\/wp-content\/uploads\/2026\/01\/Binder-900-900-1-150x150.png 150w, https:\/\/generizon.com\/wp-content\/uploads\/2026\/01\/Binder-900-900-1-768x768.png 768w\" sizes=\"auto, (max-width: 900px) 100vw, 900px\" \/><\/a><figcaption class=\"wp-element-caption\">technologie COMBIMASS<sup>\u00ae<\/sup>. mesures de qualit\u00e9 et d\u00e9bit. <\/figcaption><\/figure>\n<\/div>\n\n\n\n<div class=\"wp-block-column is-layout-flow wp-block-column-is-layout-flow\">\n<figure class=\"wp-block-image size-full\"><a href=\"https:\/\/generizon.com\/fr\/rotreat-osmose-inverse-lixiviat-maroc\/\"><img loading=\"lazy\" decoding=\"async\" width=\"900\" height=\"900\" src=\"https:\/\/generizon.com\/wp-content\/uploads\/2026\/01\/rotreat-container-inside-900-900-1.png\" alt=\"\" class=\"wp-image-6578\" srcset=\"https:\/\/generizon.com\/wp-content\/uploads\/2026\/01\/rotreat-container-inside-900-900-1.png 900w, https:\/\/generizon.com\/wp-content\/uploads\/2026\/01\/rotreat-container-inside-900-900-1-300x300.png 300w, https:\/\/generizon.com\/wp-content\/uploads\/2026\/01\/rotreat-container-inside-900-900-1-150x150.png 150w, https:\/\/generizon.com\/wp-content\/uploads\/2026\/01\/rotreat-container-inside-900-900-1-768x768.png 768w\" sizes=\"auto, (max-width: 900px) 100vw, 900px\" \/><\/a><figcaption class=\"wp-element-caption\">traitement du lixiviat compl\u00e8te.<\/figcaption><\/figure>\n<\/div>\n\n\n\n<div class=\"wp-block-column is-layout-flow wp-block-column-is-layout-flow\">\n<figure class=\"wp-block-image size-full\"><a href=\"https:\/\/generizon.com\/fr\/gastechnik-himmel-torchere-biogaz-maroc\/\"><img loading=\"lazy\" decoding=\"async\" width=\"1024\" height=\"1024\" src=\"https:\/\/generizon.com\/wp-content\/uploads\/2026\/01\/RTO-1-1024-1024-1.jpg\" alt=\"RTO syst\u00e8me\" class=\"wp-image-6847\" srcset=\"https:\/\/generizon.com\/wp-content\/uploads\/2026\/01\/RTO-1-1024-1024-1.jpg 1024w, https:\/\/generizon.com\/wp-content\/uploads\/2026\/01\/RTO-1-1024-1024-1-300x300.jpg 300w, https:\/\/generizon.com\/wp-content\/uploads\/2026\/01\/RTO-1-1024-1024-1-150x150.jpg 150w, https:\/\/generizon.com\/wp-content\/uploads\/2026\/01\/RTO-1-1024-1024-1-768x768.jpg 768w\" sizes=\"auto, (max-width: 1024px) 100vw, 1024px\" \/><\/a><figcaption class=\"wp-element-caption\">regenerative thermal oxidation. RTO.<\/figcaption><\/figure>\n<\/div>\n<\/div>\n","protected":false},"excerpt":{"rendered":"<p>Le Maroc continue de d\u00e9pendre fortement des d\u00e9charges comme principale destination des d\u00e9chets, avec un m\u00e9lange de d\u00e9charges modernes contr\u00f4l\u00e9es et de nombreuses d\u00e9charges plus anciennes, non techniques et non contr\u00f4l\u00e9es. Bien que les taux de collecte des d\u00e9chets se sont consid\u00e9rablement am\u00e9lior\u00e9s au cours des 20 derni\u00e8res ann\u00e9es, la majorit\u00e9 des d\u00e9chets sont encore [&hellip;]<\/p>\n","protected":false},"author":1,"featured_media":0,"parent":0,"menu_order":0,"comment_status":"closed","ping_status":"closed","template":"page-french","meta":{"_acf_changed":false,"footnotes":""},"class_list":["post-1996","page","type-page","status-publish","hentry"],"acf":[],"_links":{"self":[{"href":"https:\/\/generizon.com\/fr\/wp-json\/wp\/v2\/pages\/1996","targetHints":{"allow":["GET"]}}],"collection":[{"href":"https:\/\/generizon.com\/fr\/wp-json\/wp\/v2\/pages"}],"about":[{"href":"https:\/\/generizon.com\/fr\/wp-json\/wp\/v2\/types\/page"}],"author":[{"embeddable":true,"href":"https:\/\/generizon.com\/fr\/wp-json\/wp\/v2\/users\/1"}],"replies":[{"embeddable":true,"href":"https:\/\/generizon.com\/fr\/wp-json\/wp\/v2\/comments?post=1996"}],"version-history":[{"count":2,"href":"https:\/\/generizon.com\/fr\/wp-json\/wp\/v2\/pages\/1996\/revisions"}],"predecessor-version":[{"id":8092,"href":"https:\/\/generizon.com\/fr\/wp-json\/wp\/v2\/pages\/1996\/revisions\/8092"}],"wp:attachment":[{"href":"https:\/\/generizon.com\/fr\/wp-json\/wp\/v2\/media?parent=1996"}],"curies":[{"name":"wp","href":"https:\/\/api.w.org\/{rel}","templated":true}]}}