{"id":2027,"date":"2020-05-07T14:32:03","date_gmt":"2020-05-07T14:32:03","guid":{"rendered":"http:\/\/generizon.com\/?page_id=2027"},"modified":"2026-04-06T06:52:23","modified_gmt":"2026-04-06T06:52:23","slug":"step-economies-energies-maroc","status":"publish","type":"page","link":"https:\/\/generizon.com\/fr\/step-economies-energies-maroc\/","title":{"rendered":"station d&#8217;assainissement. gain &#8211; \u00e9conomique d&#8217;\u00e9nergies."},"content":{"rendered":"\n<p>La forte consommation \u00e9nerg\u00e9tique des stations d&#8217;\u00e9puration des eaux us\u00e9es (STEPs) exerce une pression sur les collectivit\u00e9s locales et\/ou l&#8217;exploitant. Face \u00e0 la hausse des prix de l&#8217;\u00e9nergie, une utilisation efficiente de toutes les ressources est indispensable. L&#8217;avenir des stations d&#8217;\u00e9puration repose sur&nbsp;:<\/p>\n\n\n\n<ul class=\"wp-block-list ul-border\">\n<li>L&#8217;efficacit\u00e9 et la conservation de l&#8217;\u00e9nergie dans les <strong>syst\u00e8mes d&#8217;a\u00e9ration<\/strong>.<\/li>\n\n\n\n<li>La <strong>stabilisation des boues<\/strong> d&#8217;\u00e9puration.<\/li>\n\n\n\n<li>La <strong>production d&#8217;\u00e9lectricit\u00e9<\/strong> et de chaleur.<\/li>\n\n\n\n<li>La <strong>r\u00e9utilisation et le stockage de l&#8217;eau<\/strong>.<\/li>\n<\/ul>\n\n\n\n<h2 class=\"wp-block-heading\">generizon &#8211; prestations et \u00e9quipement pour stations d&#8217;\u00e9puration des eaux &#8211; STEPs.<\/h2>\n\n\n\n<div class=\"wp-block-columns is-layout-flex wp-container-core-columns-is-layout-28f84493 wp-block-columns-is-layout-flex\">\n<div class=\"wp-block-column is-layout-flow wp-block-column-is-layout-flow\">\n<figure class=\"wp-block-image size-full\"><a href=\"https:\/\/generizon.com\/fr\/reservoirs-silos-tanks-acier-emaille-boulonne-maroc-stockage-eau\/\"><img loading=\"lazy\" decoding=\"async\" width=\"500\" height=\"500\" src=\"https:\/\/generizon.com\/wp-content\/uploads\/2025\/02\/4_4_3_Schlammbehaelter_Referenz_2_Detail1.jpg\" alt=\"\" class=\"wp-image-4948\" srcset=\"https:\/\/generizon.com\/wp-content\/uploads\/2025\/02\/4_4_3_Schlammbehaelter_Referenz_2_Detail1.jpg 500w, https:\/\/generizon.com\/wp-content\/uploads\/2025\/02\/4_4_3_Schlammbehaelter_Referenz_2_Detail1-300x300.jpg 300w, https:\/\/generizon.com\/wp-content\/uploads\/2025\/02\/4_4_3_Schlammbehaelter_Referenz_2_Detail1-150x150.jpg 150w, https:\/\/generizon.com\/wp-content\/uploads\/2025\/02\/4_4_3_Schlammbehaelter_Referenz_2_Detail1-50x50.jpg 50w, https:\/\/generizon.com\/wp-content\/uploads\/2025\/02\/4_4_3_Schlammbehaelter_Referenz_2_Detail1-80x80.jpg 80w, https:\/\/generizon.com\/wp-content\/uploads\/2025\/02\/4_4_3_Schlammbehaelter_Referenz_2_Detail1-75x75.jpg 75w\" sizes=\"auto, (max-width: 500px) 100vw, 500px\" \/><\/a><figcaption class=\"wp-element-caption\"><strong>r\u00e9servoirs en acier boulonn\u00e9<\/strong>. acier \u00e9maill\u00e9. acier rev\u00eatu de verre. Acier inoxydable. bassin de s\u00e9dimentation. canal de drainage, r\u00e2teau racleur.<\/figcaption><\/figure>\n<\/div>\n\n\n\n<div class=\"wp-block-column is-layout-flow wp-block-column-is-layout-flow\">\n<figure class=\"wp-block-image size-full\"><a href=\"https:\/\/generizon.com\/fr\/2g-cogeneration-energie-maroc-afrique\/\"><img loading=\"lazy\" decoding=\"async\" width=\"900\" height=\"900\" src=\"https:\/\/generizon.com\/wp-content\/uploads\/2026\/01\/20250120_183818-agadir-mzar-cogen-renewable-energy-900-900.jpg\" alt=\"Cogen-Agadir. renewable energy. \nbiogas. electricity. heat. steam. refrigeration. green mobility and more.\" class=\"wp-image-6637\" srcset=\"https:\/\/generizon.com\/wp-content\/uploads\/2026\/01\/20250120_183818-agadir-mzar-cogen-renewable-energy-900-900.jpg 900w, https:\/\/generizon.com\/wp-content\/uploads\/2026\/01\/20250120_183818-agadir-mzar-cogen-renewable-energy-900-900-300x300.jpg 300w, https:\/\/generizon.com\/wp-content\/uploads\/2026\/01\/20250120_183818-agadir-mzar-cogen-renewable-energy-900-900-150x150.jpg 150w, https:\/\/generizon.com\/wp-content\/uploads\/2026\/01\/20250120_183818-agadir-mzar-cogen-renewable-energy-900-900-768x768.jpg 768w\" sizes=\"auto, (max-width: 900px) 100vw, 900px\" \/><\/a><figcaption class=\"wp-element-caption\">syst\u00e8mes de <strong>cog\u00e9n\u00e9ration<\/strong>. les gaz d&#8217;\u00e9gout contiennent plus de 60 % de m\u00e9thane. \u00e9lectricit\u00e9. chaleur. vapeur.<\/figcaption><\/figure>\n<\/div>\n\n\n\n<div class=\"wp-block-column is-layout-flow wp-block-column-is-layout-flow\">\n<figure class=\"wp-block-image size-full\"><a href=\"https:\/\/generizon.com\/fr\/ts-umweltanlagenbau-desulfuration-biogaz-maroc\/\"><img loading=\"lazy\" decoding=\"async\" width=\"900\" height=\"900\" src=\"https:\/\/generizon.com\/wp-content\/uploads\/2026\/01\/entschwefelungvonoben-900-900-1.jpg\" alt=\"D\u00e9sulfuration biologique\" class=\"wp-image-8055\" srcset=\"https:\/\/generizon.com\/wp-content\/uploads\/2026\/01\/entschwefelungvonoben-900-900-1.jpg 900w, https:\/\/generizon.com\/wp-content\/uploads\/2026\/01\/entschwefelungvonoben-900-900-1-300x300.jpg 300w, https:\/\/generizon.com\/wp-content\/uploads\/2026\/01\/entschwefelungvonoben-900-900-1-150x150.jpg 150w, https:\/\/generizon.com\/wp-content\/uploads\/2026\/01\/entschwefelungvonoben-900-900-1-768x768.jpg 768w\" sizes=\"auto, (max-width: 900px) 100vw, 900px\" \/><\/a><figcaption class=\"wp-element-caption\">syst\u00e8mes de <strong>d\u00e9sulfuration biologique<\/strong> efficaces et peu co\u00fbteux.<\/figcaption><\/figure>\n<\/div>\n\n\n\n<div class=\"wp-block-column is-layout-flow wp-block-column-is-layout-flow\">\n<figure class=\"wp-block-image size-full\"><a href=\"https:\/\/generizon.com\/fr\/gastechnik-himmel-torchere-biogaz-maroc\/\"><img loading=\"lazy\" decoding=\"async\" width=\"1024\" height=\"1024\" src=\"https:\/\/generizon.com\/wp-content\/uploads\/2026\/01\/himmel-2xmtu-ht-1024-1024-1.png\" alt=\"gas flares from GT-Himmel. \nall sizes, temperatures and applications.\" class=\"wp-image-6520\" srcset=\"https:\/\/generizon.com\/wp-content\/uploads\/2026\/01\/himmel-2xmtu-ht-1024-1024-1.png 1024w, https:\/\/generizon.com\/wp-content\/uploads\/2026\/01\/himmel-2xmtu-ht-1024-1024-1-300x300.png 300w, https:\/\/generizon.com\/wp-content\/uploads\/2026\/01\/himmel-2xmtu-ht-1024-1024-1-150x150.png 150w, https:\/\/generizon.com\/wp-content\/uploads\/2026\/01\/himmel-2xmtu-ht-1024-1024-1-768x768.png 768w\" sizes=\"auto, (max-width: 1024px) 100vw, 1024px\" \/><\/a><figcaption class=\"wp-element-caption\"><strong>torch\u00e8res \u00e0 gaz<\/strong>. toutes tailles, temp\u00e9ratures et applications.<\/figcaption><\/figure>\n<\/div>\n<\/div>\n\n\n\n<div class=\"wp-block-columns is-layout-flex wp-container-core-columns-is-layout-28f84493 wp-block-columns-is-layout-flex\">\n<div class=\"wp-block-column is-layout-flow wp-block-column-is-layout-flow\">\n<figure class=\"wp-block-image size-full\"><a href=\"https:\/\/generizon.com\/fr\/binder-maroc-debitmetre-analyseur-biogaz\/\"><img loading=\"lazy\" decoding=\"async\" width=\"750\" height=\"750\" src=\"https:\/\/generizon.com\/wp-content\/uploads\/2026\/01\/Binder_Camass_04-1-750-750.jpg\" alt=\"COMBIMASS\u00a9 gas flow meter. \nindustrial gas flow measurement and gas analysis.\" class=\"wp-image-6551\" srcset=\"https:\/\/generizon.com\/wp-content\/uploads\/2026\/01\/Binder_Camass_04-1-750-750.jpg 750w, https:\/\/generizon.com\/wp-content\/uploads\/2026\/01\/Binder_Camass_04-1-750-750-300x300.jpg 300w, https:\/\/generizon.com\/wp-content\/uploads\/2026\/01\/Binder_Camass_04-1-750-750-150x150.jpg 150w\" sizes=\"auto, (max-width: 750px) 100vw, 750px\" \/><\/a><figcaption class=\"wp-element-caption\"><strong>d\u00e9bitm\u00e8tre de gaz COMBIMASS<strong><sup>\u00a9<\/sup><\/strong> et de l&#8217;air VACOMASS<sup>\u00a9<\/sup><\/strong> &#8211; mesure des d\u00e9bits de gaz industriels.<\/figcaption><\/figure>\n<\/div>\n\n\n\n<div class=\"wp-block-column is-layout-flow wp-block-column-is-layout-flow\">\n<figure class=\"wp-block-image size-full\"><a href=\"https:\/\/generizon.com\/fr\/controle-air-dans-bassins-aeration-vacomass-binder-maroc\/\"><img loading=\"lazy\" decoding=\"async\" width=\"900\" height=\"900\" src=\"https:\/\/generizon.com\/wp-content\/uploads\/2026\/01\/VACOMASS-valves-white-bg-900-900.jpg\" alt=\"VACOMASS\u00a9 aeration control system and valves.\nfor aeration basins in wastewater treatment plants.\" class=\"wp-image-6554\" srcset=\"https:\/\/generizon.com\/wp-content\/uploads\/2026\/01\/VACOMASS-valves-white-bg-900-900.jpg 900w, https:\/\/generizon.com\/wp-content\/uploads\/2026\/01\/VACOMASS-valves-white-bg-900-900-300x300.jpg 300w, https:\/\/generizon.com\/wp-content\/uploads\/2026\/01\/VACOMASS-valves-white-bg-900-900-150x150.jpg 150w, https:\/\/generizon.com\/wp-content\/uploads\/2026\/01\/VACOMASS-valves-white-bg-900-900-768x768.jpg 768w\" sizes=\"auto, (max-width: 900px) 100vw, 900px\" \/><\/a><figcaption class=\"wp-element-caption\"><strong>syst\u00e8me de contr\u00f4le d&#8217;a\u00e9ration et vannes VACOMASS<sup>\u00a9<\/sup><\/strong>. pour les bassins d&#8217;a\u00e9ration des stations d&#8217;\u00e9puration.<\/figcaption><\/figure>\n<\/div>\n\n\n\n<div class=\"wp-block-column is-layout-flow wp-block-column-is-layout-flow\">\n<figure class=\"wp-block-image size-full\"><a href=\"https:\/\/generizon.com\/fr\/binder-maroc-debitmetre-analyseur-biogaz\/\"><img loading=\"lazy\" decoding=\"async\" width=\"640\" height=\"640\" src=\"https:\/\/generizon.com\/wp-content\/uploads\/2026\/03\/BINDER_Biogas__R8A1862_06ms_01-640x640-1.jpg\" alt=\"Binder Combimass gas analysis\" class=\"wp-image-8247\" srcset=\"https:\/\/generizon.com\/wp-content\/uploads\/2026\/03\/BINDER_Biogas__R8A1862_06ms_01-640x640-1.jpg 640w, https:\/\/generizon.com\/wp-content\/uploads\/2026\/03\/BINDER_Biogas__R8A1862_06ms_01-640x640-1-300x300.jpg 300w, https:\/\/generizon.com\/wp-content\/uploads\/2026\/03\/BINDER_Biogas__R8A1862_06ms_01-640x640-1-150x150.jpg 150w\" sizes=\"auto, (max-width: 640px) 100vw, 640px\" \/><\/a><figcaption class=\"wp-element-caption\"><strong><strong>COMBIMASS<sup>\u00a9<\/sup><\/strong><\/strong> analyse de gaz d&#8217;\u00e9gouts.<\/figcaption><\/figure>\n<\/div>\n\n\n\n<div class=\"wp-block-column is-layout-flow wp-block-column-is-layout-flow\">\n<figure class=\"wp-block-image size-full\"><a href=\"https:\/\/generizon.com\/fr\/gazometre-stockage-membrane-biogaz-maroc-afrique-agrotel-ceno-tec-sattler\/\"><img loading=\"lazy\" decoding=\"async\" width=\"900\" height=\"900\" src=\"https:\/\/generizon.com\/wp-content\/uploads\/2026\/01\/csm_Biogas_DMGS_560x421px_c350442ce3-900-900-1.jpg\" alt=\"gas storage\" class=\"wp-image-6572\" srcset=\"https:\/\/generizon.com\/wp-content\/uploads\/2026\/01\/csm_Biogas_DMGS_560x421px_c350442ce3-900-900-1.jpg 900w, https:\/\/generizon.com\/wp-content\/uploads\/2026\/01\/csm_Biogas_DMGS_560x421px_c350442ce3-900-900-1-300x300.jpg 300w, https:\/\/generizon.com\/wp-content\/uploads\/2026\/01\/csm_Biogas_DMGS_560x421px_c350442ce3-900-900-1-150x150.jpg 150w, https:\/\/generizon.com\/wp-content\/uploads\/2026\/01\/csm_Biogas_DMGS_560x421px_c350442ce3-900-900-1-768x768.jpg 768w\" sizes=\"auto, (max-width: 900px) 100vw, 900px\" \/><\/a><figcaption class=\"wp-element-caption\"><strong>stockage de gaz<\/strong>. gazom\u00e8tre \u00e0 double membrane autoportant. 50-10&nbsp;000 m\u00b3.<\/figcaption><\/figure>\n<\/div>\n<\/div>\n\n\n\n<div class=\"wp-block-columns is-layout-flex wp-container-core-columns-is-layout-28f84493 wp-block-columns-is-layout-flex\">\n<div class=\"wp-block-column is-layout-flow wp-block-column-is-layout-flow\">\n<figure class=\"wp-block-image size-full\"><a href=\"https:\/\/generizon.com\/fr\/reservoirs-silos-tanks-acier-emaille-boulonne-maroc-stockage-eau\/\"><img loading=\"lazy\" decoding=\"async\" width=\"1500\" height=\"1500\" src=\"https:\/\/generizon.com\/wp-content\/uploads\/2026\/03\/anaerobic-digesters-AD-20250526_092212-1500-1500.jpg\" alt=\"anaerobic digesters of stainless or glass-lined steel.\" class=\"wp-image-8255\" srcset=\"https:\/\/generizon.com\/wp-content\/uploads\/2026\/03\/anaerobic-digesters-AD-20250526_092212-1500-1500.jpg 1500w, https:\/\/generizon.com\/wp-content\/uploads\/2026\/03\/anaerobic-digesters-AD-20250526_092212-1500-1500-300x300.jpg 300w, https:\/\/generizon.com\/wp-content\/uploads\/2026\/03\/anaerobic-digesters-AD-20250526_092212-1500-1500-1024x1024.jpg 1024w, https:\/\/generizon.com\/wp-content\/uploads\/2026\/03\/anaerobic-digesters-AD-20250526_092212-1500-1500-150x150.jpg 150w, https:\/\/generizon.com\/wp-content\/uploads\/2026\/03\/anaerobic-digesters-AD-20250526_092212-1500-1500-768x768.jpg 768w\" sizes=\"auto, (max-width: 1500px) 100vw, 1500px\" \/><\/a><figcaption class=\"wp-element-caption\"><strong>digesteurs ana\u00e9robies<\/strong> en acier inoxydable boulonn\u00e9 ou en acier rev\u00eatu de verre boulonn\u00e9.<\/figcaption><\/figure>\n<\/div>\n\n\n\n<div class=\"wp-block-column is-layout-flow wp-block-column-is-layout-flow\">\n<figure class=\"wp-block-image size-full\"><a href=\"https:\/\/generizon.com\/fr\/ts-umweltanlagenbau-desulfuration-biogaz-maroc\/\"><img loading=\"lazy\" decoding=\"async\" width=\"1024\" height=\"1024\" src=\"https:\/\/generizon.com\/wp-content\/uploads\/2026\/01\/TSBiofilter-Container_PE_HD-1024-1024.png\" alt=\"exhaust air purification. \nbio filter. with or without humidification, biological or chemical washer.\" class=\"wp-image-6584\" srcset=\"https:\/\/generizon.com\/wp-content\/uploads\/2026\/01\/TSBiofilter-Container_PE_HD-1024-1024.png 1024w, https:\/\/generizon.com\/wp-content\/uploads\/2026\/01\/TSBiofilter-Container_PE_HD-1024-1024-300x300.png 300w, https:\/\/generizon.com\/wp-content\/uploads\/2026\/01\/TSBiofilter-Container_PE_HD-1024-1024-150x150.png 150w, https:\/\/generizon.com\/wp-content\/uploads\/2026\/01\/TSBiofilter-Container_PE_HD-1024-1024-768x768.png 768w\" sizes=\"auto, (max-width: 1024px) 100vw, 1024px\" \/><\/a><figcaption class=\"wp-element-caption\"><strong>purification de l&#8217;air<\/strong>.<br>biofiltres. avec ou sans humidification, lavage biologique ou\/et chimique.<\/figcaption><\/figure>\n<\/div>\n\n\n\n<div class=\"wp-block-column is-layout-flow wp-block-column-is-layout-flow\">\n<figure class=\"wp-block-image size-full\"><a href=\"https:\/\/generizon.com\/fr\/kito-arrete-flamme-prevention-deflagration-explosion-maroc-afrique\/\"><img loading=\"lazy\" decoding=\"async\" width=\"900\" height=\"900\" src=\"https:\/\/generizon.com\/wp-content\/uploads\/2026\/01\/kito-soupape-surpression-vide-900-900.png\" alt=\"\" class=\"wp-image-6456\" srcset=\"https:\/\/generizon.com\/wp-content\/uploads\/2026\/01\/kito-soupape-surpression-vide-900-900.png 900w, https:\/\/generizon.com\/wp-content\/uploads\/2026\/01\/kito-soupape-surpression-vide-900-900-300x300.png 300w, https:\/\/generizon.com\/wp-content\/uploads\/2026\/01\/kito-soupape-surpression-vide-900-900-150x150.png 150w, https:\/\/generizon.com\/wp-content\/uploads\/2026\/01\/kito-soupape-surpression-vide-900-900-768x768.png 768w\" sizes=\"auto, (max-width: 900px) 100vw, 900px\" \/><\/a><figcaption class=\"wp-element-caption\"><strong>soupapes de s\u00e9curit\u00e9<\/strong>.<br>soupape de surpression et de d\u00e9pression avec <strong>pare-flammes<\/strong> int\u00e9gr\u00e9.<\/figcaption><\/figure>\n<\/div>\n\n\n\n<div class=\"wp-block-column is-layout-flow wp-block-column-is-layout-flow\">\n<figure class=\"wp-block-image size-full\"><a href=\"https:\/\/generizon.com\/fr\/reservoirs-silos-tanks-acier-emaille-boulonne-maroc-stockage-eau\/\"><img loading=\"lazy\" decoding=\"async\" width=\"900\" height=\"900\" src=\"https:\/\/generizon.com\/wp-content\/uploads\/2026\/01\/Henze-Cyprus-900-900-1.jpg\" alt=\"\" class=\"wp-image-6569\" srcset=\"https:\/\/generizon.com\/wp-content\/uploads\/2026\/01\/Henze-Cyprus-900-900-1.jpg 900w, https:\/\/generizon.com\/wp-content\/uploads\/2026\/01\/Henze-Cyprus-900-900-1-300x300.jpg 300w, https:\/\/generizon.com\/wp-content\/uploads\/2026\/01\/Henze-Cyprus-900-900-1-150x150.jpg 150w, https:\/\/generizon.com\/wp-content\/uploads\/2026\/01\/Henze-Cyprus-900-900-1-768x768.jpg 768w\" sizes=\"auto, (max-width: 900px) 100vw, 900px\" \/><\/a><figcaption class=\"wp-element-caption\"><strong>r\u00e9servoirs en acier boulonn\u00e9s<\/strong>. acier inoxydable. rev\u00eatement \u00e9poxy. pour le stockage de l&#8217;eau.<\/figcaption><\/figure>\n<\/div>\n<\/div>\n","protected":false},"excerpt":{"rendered":"<p>La forte consommation \u00e9nerg\u00e9tique des stations d&#8217;\u00e9puration des eaux us\u00e9es (STEPs) exerce une pression sur les collectivit\u00e9s locales et\/ou l&#8217;exploitant. Face \u00e0 la hausse des prix de l&#8217;\u00e9nergie, une utilisation efficiente de toutes les ressources est indispensable. L&#8217;avenir des stations d&#8217;\u00e9puration repose sur&nbsp;: generizon &#8211; prestations et \u00e9quipement pour stations d&#8217;\u00e9puration des eaux &#8211; STEPs.<\/p>\n","protected":false},"author":1,"featured_media":0,"parent":0,"menu_order":0,"comment_status":"closed","ping_status":"closed","template":"page-french","meta":{"_acf_changed":false,"footnotes":""},"class_list":["post-2027","page","type-page","status-publish","hentry"],"acf":[],"_links":{"self":[{"href":"https:\/\/generizon.com\/fr\/wp-json\/wp\/v2\/pages\/2027","targetHints":{"allow":["GET"]}}],"collection":[{"href":"https:\/\/generizon.com\/fr\/wp-json\/wp\/v2\/pages"}],"about":[{"href":"https:\/\/generizon.com\/fr\/wp-json\/wp\/v2\/types\/page"}],"author":[{"embeddable":true,"href":"https:\/\/generizon.com\/fr\/wp-json\/wp\/v2\/users\/1"}],"replies":[{"embeddable":true,"href":"https:\/\/generizon.com\/fr\/wp-json\/wp\/v2\/comments?post=2027"}],"version-history":[{"count":11,"href":"https:\/\/generizon.com\/fr\/wp-json\/wp\/v2\/pages\/2027\/revisions"}],"predecessor-version":[{"id":8373,"href":"https:\/\/generizon.com\/fr\/wp-json\/wp\/v2\/pages\/2027\/revisions\/8373"}],"wp:attachment":[{"href":"https:\/\/generizon.com\/fr\/wp-json\/wp\/v2\/media?parent=2027"}],"curies":[{"name":"wp","href":"https:\/\/api.w.org\/{rel}","templated":true}]}}