{"id":2444,"date":"2020-05-20T16:42:32","date_gmt":"2020-05-20T16:42:32","guid":{"rendered":"http:\/\/generizon.com\/?page_id=2444"},"modified":"2026-04-09T15:48:18","modified_gmt":"2026-04-09T15:48:18","slug":"gaz-naturel-cogeneration-maroc-afrique","status":"publish","type":"page","link":"https:\/\/generizon.com\/fr\/gaz-naturel-cogeneration-maroc-afrique\/","title":{"rendered":"PCCE gaz naturel  &#8211;\u00a0production combin\u00e9e de chaleur et d\u2019\u00e9lectricit\u00e9."},"content":{"rendered":"\n<h2 class=\"wp-block-heading\">solution &#8211; gestion \u00e9nerg\u00e9tique. <\/h2>\n\n\n\n<p>Aujourd&#8217;hui, la production d\u2019\u00e9lectricit\u00e9 dans presque tous les pays est centralis\u00e9e. Le rendement habituel des centrales \u00e9lectriques conventionnelles est de 35%, les bonnes centrales de gaz \u00e0 cycle combin\u00e9 peuvent d\u00e9passer 60 %. Tout le reste est dissip\u00e9 en chaleur.\u00a0<\/p>\n\n\n\n<p>En outre les points de g\u00e9n\u00e9ration et consommation sont dispers\u00e9s. Les pertes en lignes vont de 7 \u00e0 15%. Tandis qu\u2019un moteur \u00e0 gaz de cog\u00e9n\u00e9ration atteint une efficacit\u00e9 de 85% et plus.<\/p>\n\n\n\n<p>Les modules de cog\u00e9n\u00e9ration (la production combin\u00e9e de chaleur et d\u2019\u00e9lectricit\u00e9, PCCE) en conteneur constituent une solution \u00ab cl\u00e9 en main \u00bb optimale pour les industries \u00e0 la recherche d\u2019une solution efficace et d&#8217;une qualit\u00e9 reproductible.&nbsp;<\/p>\n\n\n\n<p>Les modules en conteneur sont con\u00e7us sur mesure, pr\u00e9 install\u00e9, pr\u00e9 test\u00e9e en usine, pr\u00eat \u00e0 connecter et d\u00e9marrer chez le client, <strong>synchronis\u00e9<\/strong> avec le r\u00e9seau, ou con\u00e7u comme unit\u00e9 <strong>autonome en mode \u00eele<\/strong>, ou bien avec un syst\u00e8me de sauvegarde en <strong>continuit\u00e9 d\u2019alimentation<\/strong> d\u2019\u00e9lectricit\u00e9, pour garantir une s\u00e9curit\u00e9 maximale, les solutions 2G ont fait preuve dans l\u2019industrie.&nbsp;<\/p>\n\n\n\n<p><strong>Le gaz naturel d\u2019aujourd\u2019hui, c\u2019est l&#8217;hydrog\u00e8ne de demain.<\/strong><\/p>\n\n\n\n<h2 class=\"wp-block-heading\">haute efficacit\u00e9 &#8211; co\u00fbts ma\u00eetris\u00e9s.<\/h2>\n\n\n\n<figure class=\"wp-block-image alignright size-large\"><img loading=\"lazy\" decoding=\"async\" width=\"300\" height=\"200\" src=\"https:\/\/generizon.com\/wp-content\/uploads\/2020\/05\/2g-120_nordgetreide-300-200.jpg\" alt=\"2G. CHP container.\" class=\"wp-image-2472\"\/><figcaption class=\"wp-element-caption\">2G. cont\u00e9neurs cog\u00e9n\u00e9ration.<\/figcaption><\/figure>\n\n\n\n<p>Les installations de cog\u00e9n\u00e9ration au gaz naturel convertissent le gaz naturel (source d&#8217;\u00e9nergie primaire) en \u00e9lectricit\u00e9 et en chaleur. L&#8217;\u00e9nergie est produite l\u00e0 o\u00f9 elle est consomm\u00e9e. La chaleur est \u00e9galement valoris\u00e9e sur place pour r\u00e9pondre aux besoins de chauffage ou autres process.<\/p>\n\n\n\n<p>Une industrie connect\u00e9e au gaz naturel peut donc avoir :<\/p>\n\n\n\n<ul class=\"wp-block-list ul-border\">\n<li>Une cog\u00e9n\u00e9ration d\u2019une <strong>efficacit\u00e9 augment\u00e9e jusqu\u2019\u00e0 87%,<\/strong><\/li>\n\n\n\n<li>L\u2019<strong>autoproduction<\/strong> d\u2019\u00e9lectricit\u00e9,<\/li>\n\n\n\n<li>Avec le coproduit chaleur en <strong>eau chaude<\/strong> ou air chaude,<\/li>\n\n\n\n<li>Ou le coproduit <strong>vapeur<\/strong> par une g\u00e9n\u00e9ratrice en utilisant la temp\u00e9rature \u00e9lev\u00e9e du gaz d\u2019\u00e9chappement,<\/li>\n\n\n\n<li><strong>R\u00e9frig\u00e9ration\/climatisation<\/strong>.<\/li>\n<\/ul>\n\n\n\n<p>Les unit\u00e9s de cog\u00e9n\u00e9ration 2G aujourd\u2019hui pour les clients finaux sont possibles, rentables, et contribuent efficacement au d\u00e9veloppement durable.<\/p>\n\n\n\n<h2 class=\"wp-block-heading\">production d\u00e9carbon\u00e9e.&nbsp;<\/h2>\n\n\n\n<figure class=\"wp-block-image alignright size-medium\"><img loading=\"lazy\" decoding=\"async\" width=\"300\" height=\"173\" src=\"https:\/\/generizon.com\/wp-content\/uploads\/2020\/06\/mtu-20v-2-300x173.jpg\" alt=\"moteur cog\u00e9n\u00e9ration MTU V20.\" class=\"wp-image-2625\" srcset=\"https:\/\/generizon.com\/wp-content\/uploads\/2020\/06\/mtu-20v-2-300x173.jpg 300w, https:\/\/generizon.com\/wp-content\/uploads\/2020\/06\/mtu-20v-2-1024x591.jpg 1024w, https:\/\/generizon.com\/wp-content\/uploads\/2020\/06\/mtu-20v-2-768x443.jpg 768w, https:\/\/generizon.com\/wp-content\/uploads\/2020\/06\/mtu-20v-2.jpg 1141w\" sizes=\"auto, (max-width: 300px) 100vw, 300px\" \/><figcaption class=\"wp-element-caption\">moteur cog\u00e9n\u00e9ration MTU V20.<\/figcaption><\/figure>\n\n\n\n<p>La production d\u00e9carbon\u00e9e devient actuellement indispensable, les industries sont amen\u00e9s \u00e0 cr\u00e9er un syst\u00e8me \u00e9nerg\u00e9tique d\u00e9carbon\u00e9 et\/ou bas\u00e9 sur les renouvelables.<\/p>\n\n\n\n<p>Le gaz naturel est un facteur cl\u00e9 de la transition \u00e9nerg\u00e9tique, plus propre que le charbon ou le fioul lourd pr\u00e9dominants ; le gaz naturel lib\u00e8re jusqu&#8217;\u00e0 50% moins de CO<sub>2<\/sub> que le charbon et 20-30% moins que le p\u00e9trole.<\/p>\n\n\n\n<p>Les industries connect\u00e9es au gaz naturel peuvent facilement d\u00e9carboner leur production de fa\u00e7on <strong>d\u00e9centralis\u00e9e, efficace et propre<\/strong> avec un <a href=\"https:\/\/generizon.com\/fr\/2g\/\">moteur 2G de derni\u00e8re g\u00e9n\u00e9ration<\/a>.<\/p>\n\n\n\n<h2 class=\"wp-block-heading\">\u00e9conomies &#8211; gains financi\u00e8res.<\/h2>\n\n\n\n<p>generizon vous apporte une solution cl\u00e9 en main adapt\u00e9 au contexte Marocain;&nbsp;<\/p>\n\n\n\n<ul class=\"wp-block-list ul-border\">\n<li>Vous donne le soutien dans l\u2019\u00e9laboration de la <strong>rentabilit\u00e9 du projet<\/strong>,\u00a0<\/li>\n\n\n\n<li>Une analyse net et profonde des <strong>calculs \u00e9conomiques\/financiers<\/strong>,.<\/li>\n<\/ul>\n\n\n\n<p>@generizon nous vous accompagnons sur tous les aspects cl\u00e9s, \u00e0 travers toutes les \u00e9tapes de planification jusqu&#8217;\u00e0 la mise en \u0153uvre technique.<\/p>\n\n\n\n<p><strong>On vous offre les moteurs de 2G\/agenitor, Jenbacher\/Innio, MTU et MWM.<\/strong><\/p>\n\n\n\n<p><strong>Install\u00e9s en conteneur, pr\u00e9-test\u00e9s, pr\u00eats \u00e0 brancher.<\/strong><\/p>\n\n\n\n<p><strong>Contactez nous.<\/strong><\/p>\n","protected":false},"excerpt":{"rendered":"<p>solution &#8211; gestion \u00e9nerg\u00e9tique. Aujourd&#8217;hui, la production d\u2019\u00e9lectricit\u00e9 dans presque tous les pays est centralis\u00e9e. Le rendement habituel des centrales \u00e9lectriques conventionnelles est de 35%, les bonnes centrales de gaz \u00e0 cycle combin\u00e9 peuvent d\u00e9passer 60 %. Tout le reste est dissip\u00e9 en chaleur.\u00a0 En outre les points de g\u00e9n\u00e9ration et consommation sont dispers\u00e9s. Les [&hellip;]<\/p>\n","protected":false},"author":1,"featured_media":0,"parent":0,"menu_order":0,"comment_status":"closed","ping_status":"closed","template":"page-french","meta":{"_acf_changed":false,"footnotes":""},"class_list":["post-2444","page","type-page","status-publish","hentry"],"acf":[],"_links":{"self":[{"href":"https:\/\/generizon.com\/fr\/wp-json\/wp\/v2\/pages\/2444","targetHints":{"allow":["GET"]}}],"collection":[{"href":"https:\/\/generizon.com\/fr\/wp-json\/wp\/v2\/pages"}],"about":[{"href":"https:\/\/generizon.com\/fr\/wp-json\/wp\/v2\/types\/page"}],"author":[{"embeddable":true,"href":"https:\/\/generizon.com\/fr\/wp-json\/wp\/v2\/users\/1"}],"replies":[{"embeddable":true,"href":"https:\/\/generizon.com\/fr\/wp-json\/wp\/v2\/comments?post=2444"}],"version-history":[{"count":1,"href":"https:\/\/generizon.com\/fr\/wp-json\/wp\/v2\/pages\/2444\/revisions"}],"predecessor-version":[{"id":8387,"href":"https:\/\/generizon.com\/fr\/wp-json\/wp\/v2\/pages\/2444\/revisions\/8387"}],"wp:attachment":[{"href":"https:\/\/generizon.com\/fr\/wp-json\/wp\/v2\/media?parent=2444"}],"curies":[{"name":"wp","href":"https:\/\/api.w.org\/{rel}","templated":true}]}}