{"id":256,"date":"2018-03-31T10:52:57","date_gmt":"2018-03-31T10:52:57","guid":{"rendered":"http:\/\/generizon.com\/?page_id=256"},"modified":"2026-03-03T11:28:14","modified_gmt":"2026-03-03T11:28:14","slug":"contact","status":"publish","type":"page","link":"https:\/\/generizon.com\/fr\/contact\/","title":{"rendered":"contact."},"content":{"rendered":"\n<h2 class=\"wp-block-heading\">generizon sarl. Rabat.<\/h2>\n\n\n\n<div class=\"wp-block-columns is-layout-flex wp-container-core-columns-is-layout-28f84493 wp-block-columns-is-layout-flex\">\n<div class=\"wp-block-column is-layout-flow wp-block-column-is-layout-flow\" style=\"flex-basis:50%\">\n<p><strong><span style=\"text-decoration: underline;\">enregistr\u00e9e<\/span><\/strong> : 265, Bd Zerktouni, 9\u00e8me \u00e9tage, Bureau N\u00b092, 20050 Casablanca. Maroc. <br><strong><span style=\"text-decoration: underline;\">bureau<\/span><\/strong> : 43, rue Abou Faris al Marini, n\u00b0 4. 10020 Rabat. Maroc.<\/p>\n<\/div>\n\n\n\n<div class=\"wp-block-column is-layout-flow wp-block-column-is-layout-flow\">\n<p>generizon@generizon.com <br><i class=\"fa fa-fax \" ><\/i> +212 537732804.<br><a href=\"https:\/\/www.linkedin.com\/company\/generizon\/\" target=\"_blank\" rel=\"noopener\" class=\"social-icon-link\"><i class=\"fa fa-linkedin fa-lg \" ><\/i> <\/a> <a href=\"https:\/\/www.instagram.com\/generizon\/\" target=\"_blank\" rel=\"noopener\" class=\"social-icon-link\"><i class=\"fa fa-instagram fa-lg \" ><\/i><\/a> <a href=\"https:\/\/www.facebook.com\/generizon\/\" target=\"_blank\" rel=\"noreferrer noopener\" class=\"social-icon-link\"> <i class=\"fa fa-facebook fa-lg \" ><\/i><\/a><\/p>\n<\/div>\n\n\n\n<div class=\"wp-block-column is-layout-flow wp-block-column-is-layout-flow\">\n<p>RC : 324639 Casablanca <br>ICE : 001648355000052 <br>IF : 15247998<\/p>\n<\/div>\n<\/div>\n\n\n\n<div class=\"wp-block-columns is-layout-flex wp-container-core-columns-is-layout-28f84493 wp-block-columns-is-layout-flex\">\n<div class=\"wp-block-column is-layout-flow wp-block-column-is-layout-flow\">\n<figure class=\"wp-block-image size-medium\"><img loading=\"lazy\" decoding=\"async\" width=\"300\" height=\"300\" src=\"https:\/\/generizon.com\/wp-content\/uploads\/2026\/01\/ms-digester-300x300.png\" alt=\"Manfred Schweda\" class=\"wp-image-7069\" srcset=\"https:\/\/generizon.com\/wp-content\/uploads\/2026\/01\/ms-digester-300x300.png 300w, https:\/\/generizon.com\/wp-content\/uploads\/2026\/01\/ms-digester-150x150.png 150w, https:\/\/generizon.com\/wp-content\/uploads\/2026\/01\/ms-digester-768x768.png 768w, https:\/\/generizon.com\/wp-content\/uploads\/2026\/01\/ms-digester.png 1024w\" sizes=\"auto, (max-width: 300px) 100vw, 300px\" \/><figcaption class=\"wp-element-caption\"><strong><span style=\"color: #e84330;\" class=\"has-inline-color\">Manfred Schweda<\/span><\/strong> <br>associ\u00e9 fondateur. <br>manfred@generizon.com<br><strong><i class=\"fa fa-mobile \" ><\/i><\/strong> +212 645016425.<br><strong><i class=\"fa fa-mobile \" ><\/i><\/strong> +43 68110275217.<br><a href=\"https:\/\/www.linkedin.com\/in\/generizon\/\" target=\"_blank\" rel=\"noopener\" class=\"social-icon-link\">\n    <i class=\"fa fa-linkedin fa-lg \" ><\/i><\/a><\/figcaption><\/figure>\n<\/div>\n\n\n\n<div class=\"wp-block-column is-layout-flow wp-block-column-is-layout-flow\">\n<figure class=\"wp-block-image size-medium\"><img loading=\"lazy\" decoding=\"async\" width=\"300\" height=\"300\" src=\"https:\/\/generizon.com\/wp-content\/uploads\/2026\/01\/nazha-zidani-square-600-600-300x300.jpg\" alt=\"Nazha Zidani\" class=\"wp-image-7067\" srcset=\"https:\/\/generizon.com\/wp-content\/uploads\/2026\/01\/nazha-zidani-square-600-600-300x300.jpg 300w, https:\/\/generizon.com\/wp-content\/uploads\/2026\/01\/nazha-zidani-square-600-600-150x150.jpg 150w, https:\/\/generizon.com\/wp-content\/uploads\/2026\/01\/nazha-zidani-square-600-600.jpg 600w\" sizes=\"auto, (max-width: 300px) 100vw, 300px\" \/><figcaption class=\"wp-element-caption\"><strong><mark style=\"background-color:rgba(0, 0, 0, 0);color: #e84330;\" class=\"has-inline-color\">Nazha Zidani<\/mark><\/strong><br>associ\u00e9 g\u00e9rante.<br>nazha@generizon.com<br><strong><i class=\"fa fa-mobile \" ><\/i><\/strong> +212 677765538.<br><a href=\"https:\/\/www.linkedin.com\/in\/nazha-zidani-188116b8\/\" target=\"_blank\" rel=\"noopener\" class=\"social-icon-link\">\n    <i class=\"fa fa-linkedin fa-lg \" ><\/i><\/a><\/figcaption><\/figure>\n<\/div>\n<\/div>\n\n\n\n<p><a rel=\"noopener noreferrer\" href=\"https:\/\/www.google.com\/maps\/place\/generizon\/@34.0165084,-6.8356957,17z\/data=!3m1!4b1!4m5!3m4!1s0xda76b87a0dd6455:0xedbee7dc4767f7c7!8m2!3d34.016504!4d-6.833507\" target=\"_blank\">generizon sur google maps<\/a>.<\/p>\n\n\n\n<div class=\"wp-block-group is-layout-flow wp-block-group-is-layout-flow\">\n<iframe src=\"https:\/\/www.google.com\/maps\/embed?pb=!1m18!1m12!1m3!1d6518.972827473168!2d-6.838393467578778!3d34.01625698028537!2m3!1f0!2f0!3f0!3m2!1i1024!2i768!4f13.1!3m3!1m2!1s0xda76b87a0dd6455%3A0xedbee7dc4767f7c7!2sgenerizon!5e1!3m2!1sen!2sma!4v1772537153718!5m2!1sen!2sma\" width=\"100%\" height=\"450\" style=\"border:4px solid #0e1331;\" allowfullscreen=\"\" loading=\"lazy\" referrerpolicy=\"no-referrer-when-downgrade\"><\/iframe>\n<\/div>\n","protected":false},"excerpt":{"rendered":"<p>generizon sarl. Rabat. enregistr\u00e9e : 265, Bd Zerktouni, 9\u00e8me \u00e9tage, Bureau N\u00b092, 20050 Casablanca. Maroc. bureau : 43, rue Abou Faris al Marini, n\u00b0 4. 10020 Rabat. Maroc. generizon@generizon.com +212 537732804. RC : 324639 Casablanca ICE : 001648355000052 IF : 15247998 generizon sur google maps.<\/p>\n","protected":false},"author":1,"featured_media":0,"parent":0,"menu_order":0,"comment_status":"closed","ping_status":"closed","template":"page-french","meta":{"_acf_changed":false,"footnotes":""},"class_list":["post-256","page","type-page","status-publish","hentry"],"acf":[],"_links":{"self":[{"href":"https:\/\/generizon.com\/fr\/wp-json\/wp\/v2\/pages\/256","targetHints":{"allow":["GET"]}}],"collection":[{"href":"https:\/\/generizon.com\/fr\/wp-json\/wp\/v2\/pages"}],"about":[{"href":"https:\/\/generizon.com\/fr\/wp-json\/wp\/v2\/types\/page"}],"author":[{"embeddable":true,"href":"https:\/\/generizon.com\/fr\/wp-json\/wp\/v2\/users\/1"}],"replies":[{"embeddable":true,"href":"https:\/\/generizon.com\/fr\/wp-json\/wp\/v2\/comments?post=256"}],"version-history":[{"count":0,"href":"https:\/\/generizon.com\/fr\/wp-json\/wp\/v2\/pages\/256\/revisions"}],"wp:attachment":[{"href":"https:\/\/generizon.com\/fr\/wp-json\/wp\/v2\/media?parent=256"}],"curies":[{"name":"wp","href":"https:\/\/api.w.org\/{rel}","templated":true}]}}