{"id":2743,"date":"2020-06-23T09:48:45","date_gmt":"2020-06-23T09:48:45","guid":{"rendered":"http:\/\/generizon.com\/?page_id=2743"},"modified":"2026-01-15T17:08:25","modified_gmt":"2026-01-15T17:08:25","slug":"cogeneration-100-hydrogene-2g-maroc","status":"publish","type":"page","link":"https:\/\/generizon.com\/fr\/cogeneration-100-hydrogene-2g-maroc\/","title":{"rendered":"agenitor. premi\u00e8re centrale de cog\u00e9n\u00e9ration \u00e0  100% hydrog\u00e8ne v\u00e9ritablement commerciale au monde."},"content":{"rendered":"\n<h2 class=\"wp-block-heading\">l&#8217;offre de 2G\/generizon<\/h2>\n\n\n\n<figure class=\"wp-block-image alignright size-medium\"><img loading=\"lazy\" decoding=\"async\" width=\"300\" height=\"195\" src=\"https:\/\/generizon.com\/wp-content\/uploads\/2024\/11\/H2-CHP-4references-300x195.png\" alt=\"\" class=\"wp-image-4663\" srcset=\"https:\/\/generizon.com\/wp-content\/uploads\/2024\/11\/H2-CHP-4references-300x195.png 300w, https:\/\/generizon.com\/wp-content\/uploads\/2024\/11\/H2-CHP-4references.png 522w\" sizes=\"auto, (max-width: 300px) 100vw, 300px\" \/><figcaption class=\"wp-element-caption\">cog\u00e9n\u00e9ration H<sub>2<\/sub>. 2G r\u00e9f\u00e9rences.<\/figcaption><\/figure>\n\n\n\n<ul class=\"wp-block-list ul-border\">\n<li><strong>Production d&#8217;\u00e9lectricit\u00e9 d\u00e9centralis\u00e9e<\/strong>, du gaz naturel (NG), avec une partie d&#8217;H<sub>2<\/sub> m\u00e9lang\u00e9 au NG, ou, \u00e0 partir d&#8217;H<sub>2<\/sub> pure.<\/li>\n\n\n\n<li><strong>Potentiel d&#8217;utilisation int\u00e9gr\u00e9e des centrales de cog\u00e9n\u00e9ration 2G<\/strong> dans les installations de sources renouvelables.<\/li>\n\n\n\n<li>Depuis 2012, 2G a d\u00e9velopp\u00e9 et exploite une centrale de <strong>cog\u00e9n\u00e9ration<\/strong> fonctionnant \u00e0 <strong>100 % \u00e0 l&#8217;hydrog\u00e8ne<\/strong>.<\/li>\n\n\n\n<li>2022, 17 r\u00e9f\u00e9rences, EU, UK, Dubai.<\/li>\n\n\n\n<li>2024, &gt;30 r\u00e9f\u00e9rences.<\/li>\n\n\n\n<li><strong>Gestion du r\u00e9seau d&#8217;\u00e9nergie<\/strong>.<\/li>\n<\/ul>\n\n\n\n<h2 class=\"wp-block-heading clr\">moteurs actuellement <strong>disponibles chez 2G<\/strong> : agenitor 115 kW, 170 kW, 240 kW, 360 kW, et 750 kW de puissance \u00e9lectrique.<\/h2>\n\n\n\n<figure class=\"wp-block-image alignright size-thumbnail no-border\"><img loading=\"lazy\" decoding=\"async\" width=\"150\" height=\"150\" src=\"https:\/\/generizon.com\/wp-content\/uploads\/2024\/11\/100-h2-150x150.png\" alt=\"\" class=\"wp-image-4668\" srcset=\"https:\/\/generizon.com\/wp-content\/uploads\/2024\/11\/100-h2-150x150.png 150w, https:\/\/generizon.com\/wp-content\/uploads\/2024\/11\/100-h2-50x50.png 50w, https:\/\/generizon.com\/wp-content\/uploads\/2024\/11\/100-h2-80x80.png 80w, https:\/\/generizon.com\/wp-content\/uploads\/2024\/11\/100-h2-75x75.png 75w\" sizes=\"auto, (max-width: 150px) 100vw, 150px\" \/><\/figure>\n\n\n\n<figure class=\"wp-block-table\"><table class=\"has-fixed-layout\"><thead><tr><th><strong>100 % de charge<\/strong><\/th><th class=\"has-text-align-right\" data-align=\"right\"><strong>Agenitor 420<\/strong><\/th><th class=\"has-text-align-right\" data-align=\"right\"><strong>Agenitor 412<\/strong><\/th><th class=\"has-text-align-right\" data-align=\"right\"><strong>Agenitor 408<\/strong><\/th><th class=\"has-text-align-right\" data-align=\"right\"><strong>Agenitor 406<\/strong><\/th><th class=\"has-text-align-right\" data-align=\"right\"><strong>Agenitor&nbsp; 404<\/strong><\/th><\/tr><\/thead><tbody><tr><td>Puissance el<\/td><td class=\"has-text-align-right\" data-align=\"right\">750 kW<\/td><td class=\"has-text-align-right\" data-align=\"right\">360 kW<\/td><td class=\"has-text-align-right\" data-align=\"right\">240 kW<\/td><td class=\"has-text-align-right\" data-align=\"right\">170 kW<\/td><td class=\"has-text-align-right\" data-align=\"right\">115 kW<\/td><\/tr><tr><td>Puissance th<\/td><td class=\"has-text-align-right\" data-align=\"right\">746 kW<\/td><td class=\"has-text-align-right\" data-align=\"right\">341 kW<\/td><td class=\"has-text-align-right\" data-align=\"right\">250 kW<\/td><td class=\"has-text-align-right\" data-align=\"right\">183 kW<\/td><td class=\"has-text-align-right\" data-align=\"right\">129 kW<\/td><\/tr><tr><td>Efficacit\u00e9 el<\/td><td class=\"has-text-align-right\" data-align=\"right\">41,2 %<\/td><td class=\"has-text-align-right\" data-align=\"right\">40,5 %<\/td><td class=\"has-text-align-right\" data-align=\"right\">40,3 %<\/td><td class=\"has-text-align-right\" data-align=\"right\">39 %<\/td><td class=\"has-text-align-right\" data-align=\"right\">37,7 %<\/td><\/tr><tr><td>Efficacit\u00e9 th<\/td><td class=\"has-text-align-right\" data-align=\"right\">41 %<\/td><td class=\"has-text-align-right\" data-align=\"right\">41,7 %<\/td><td class=\"has-text-align-right\" data-align=\"right\">41,9 %<\/td><td class=\"has-text-align-right\" data-align=\"right\">41,9 %<\/td><td class=\"has-text-align-right\" data-align=\"right\">43 %<\/td><\/tr><tr><td>H2 <\/td><td class=\"has-text-align-right\" data-align=\"right\">55 kg\/h<\/td><td class=\"has-text-align-right\" data-align=\"right\">26,7 kg\/h<\/td><td class=\"has-text-align-right\" data-align=\"right\">17,9 kg\/h<\/td><td class=\"has-text-align-right\" data-align=\"right\">13 kg\/h<\/td><td class=\"has-text-align-right\" data-align=\"right\">9,1 kg\/h<\/td><\/tr><\/tbody><\/table><\/figure>\n\n\n\n<h2 class=\"wp-block-heading\">phase de transition. cr\u00e9ons le future.<\/h2>\n\n\n\n<figure class=\"wp-block-image alignright size-medium\"><img loading=\"lazy\" decoding=\"async\" width=\"300\" height=\"200\" src=\"https:\/\/generizon.com\/wp-content\/uploads\/2020\/08\/h2-engine-from-top-300x200.jpg\" alt=\"Cog\u00e9n\u00e9ration H2 de 2H.\" class=\"wp-image-2843\" srcset=\"https:\/\/generizon.com\/wp-content\/uploads\/2020\/08\/h2-engine-from-top-300x200.jpg 300w, https:\/\/generizon.com\/wp-content\/uploads\/2020\/08\/h2-engine-from-top-1024x683.jpg 1024w, https:\/\/generizon.com\/wp-content\/uploads\/2020\/08\/h2-engine-from-top-768x512.jpg 768w, https:\/\/generizon.com\/wp-content\/uploads\/2020\/08\/h2-engine-from-top.jpg 1536w\" sizes=\"auto, (max-width: 300px) 100vw, 300px\" \/><figcaption class=\"wp-element-caption\">la cog\u00e9n\u00e9ration 2G pour H<sub>2<\/sub> et gaz naturel.<\/figcaption><\/figure>\n\n\n\n<p>Les centrales de cog\u00e9n\u00e9ration 2G peuvent d\u00e9j\u00e0 fonctionner \u00e0 l\u2019hydrog\u00e8ne. M\u00eame les centrales 2G livr\u00e9es aujourd\u2019hui pour fonctionner au gaz naturel peuvent \u00eatre facilement converties sur place, pour fonctionner \u00e0 l\u2019hydrog\u00e8ne pur ou \u00e0 un m\u00e9lange gaz naturel-hydrog\u00e8ne. Cela signifie que les centrales 2G sont \u00e0 l\u2019\u00e9preuve du temps et peuvent rester en service \u00e0 long terme, m\u00eame si un jour l\u2019approvisionnement \u00e9nerg\u00e9tique devient totalement neutre pour le climat.<\/p>\n\n\n\n<p>Aujourd&#8217;hui, le gaz naturel peut \u00eatre utilis\u00e9 pour les centrales de cog\u00e9n\u00e9ration 2G pour r\u00e9duire les co\u00fbts \u00e9nerg\u00e9tiques tout en respectant le climat. La technologie 2G est d\u00e9j\u00e0 \u00e9quip\u00e9e pour garantir la capacit\u00e9 de l&#8217;hydrog\u00e8ne avec un investissement g\u00e9rable et peu d&#8217;efforts.<\/p>\n\n\n\n<p><strong>Les modules 2G sont pr\u00eats pour H<sub>2<\/sub> &#8211; aujourd&#8217;hui et dans le futur.<\/strong><\/p>\n\n\n\n<p><a href=\"https:\/\/2-g.com\/fr\/solutions\/h2-ready\" target=\"_blank\" rel=\"noreferrer noopener\">Plus d&#8217;info sur le moteur de cog\u00e9n\u00e9ration 2G \u00e0 100% hydrog\u00e8ne et les engins disponibles<\/a>.<\/p>\n\n\n\n\t\t\t\t<p class=\"rs-p-wp-fix\"><\/p>\n\t\t\t\t<sr7-module data-alias=\"video-16-9-2G-hassfurt\" data-id=\"27\" id=\"SR7_27_1\" class=\"rs-ov-hidden\" data-version=\"6.7.52\">\n\t\t\t\t\t<sr7-adjuster><\/sr7-adjuster>\n\t\t\t\t\t<sr7-content>\n\t\t\t\t\t\t<sr7-slide id=\"SR7_27_1-111\" data-key=\"111\">\n\t\t\t\t\t\t<\/sr7-slide>\n\t\t\t\t\t\t<sr7-slide id=\"SR7_27_1-160\" data-key=\"160\">\n\t\t\t\t\t\t\t<sr7-txt id=\"SR7_27_1-160-9\" class=\"sr7-layer\">containerized. factory pretested. 2G.<\/sr7-txt>\n\t\t\t\t\t\t<\/sr7-slide>\n\t\t\t\t\t<\/sr7-content>\n\t\t\t\t<\/sr7-module>\n\t\t\t\t<script>\n\t\t\t\t\twindow.SR7 ??={};SR7.PMH ??={}; SR7.PMH[\"SR7_27_1\"] = {cn:100,state:false,fn: function() { if (window._tpt!==undefined && window._tpt.prepareModuleHeight !== undefined) {  _tpt.prepareModuleHeight({id:\"SR7_27_1\",el:[700,700,768,960,720],type:'standard',shdw:'0',gh:[700,700,,,],gw:[1240,1240,1024,778,480],vpt:['-100px'],size:{fullWidth:false, fullHeight:false},mh:'0',onh:0,onw:0,bg:{color:'{\"orig\":\"transparent\",\"type\":\"solid\",\"string\":\"transparent\"}'}});   SR7.PMH[\"SR7_27_1\"].state=true;} else if(SR7.PMH[\"SR7_27_1\"].cn-->0)\tsetTimeout( SR7.PMH[\"SR7_27_1\"].fn,19);}};SR7.PMH[\"SR7_27_1\" ].fn();\n\t\t\t\t<\/script>\n\n\n\n\n<p>&nbsp;<\/p>\n\n\n\n<figure class=\"wp-block-image aligncenter size-large\"><img loading=\"lazy\" decoding=\"async\" width=\"1024\" height=\"534\" src=\"https:\/\/generizon.com\/wp-content\/uploads\/2024\/11\/h2-2g-schema-grid-1024x534.png\" alt=\"\" class=\"wp-image-4654\" srcset=\"https:\/\/generizon.com\/wp-content\/uploads\/2024\/11\/h2-2g-schema-grid-1024x534.png 1024w, https:\/\/generizon.com\/wp-content\/uploads\/2024\/11\/h2-2g-schema-grid-300x157.png 300w, https:\/\/generizon.com\/wp-content\/uploads\/2024\/11\/h2-2g-schema-grid-768x401.png 768w, https:\/\/generizon.com\/wp-content\/uploads\/2024\/11\/h2-2g-schema-grid.png 1033w\" sizes=\"auto, (max-width: 1024px) 100vw, 1024px\" \/><figcaption class=\"wp-element-caption\">Sch\u00e9ma d&#8217;int\u00e9gration de la cog\u00e9n\u00e9ration et du H<sub>2<\/sub> dans le r\u00e9seau \u00e9lectrique.<\/figcaption><\/figure>\n","protected":false},"excerpt":{"rendered":"<p>l&#8217;offre de 2G\/generizon moteurs actuellement disponibles chez 2G : agenitor 115 kW, 170 kW, 240 kW, 360 kW, et 750 kW de puissance \u00e9lectrique. 100 % de charge Agenitor 420 Agenitor 412 Agenitor 408 Agenitor 406 Agenitor&nbsp; 404 Puissance el 750 kW 360 kW 240 kW 170 kW 115 kW Puissance th 746 kW 341 [&hellip;]<\/p>\n","protected":false},"author":1,"featured_media":0,"parent":0,"menu_order":0,"comment_status":"closed","ping_status":"closed","template":"page-french","meta":{"_acf_changed":false,"footnotes":""},"class_list":["post-2743","page","type-page","status-publish","hentry"],"acf":[],"_links":{"self":[{"href":"https:\/\/generizon.com\/fr\/wp-json\/wp\/v2\/pages\/2743","targetHints":{"allow":["GET"]}}],"collection":[{"href":"https:\/\/generizon.com\/fr\/wp-json\/wp\/v2\/pages"}],"about":[{"href":"https:\/\/generizon.com\/fr\/wp-json\/wp\/v2\/types\/page"}],"author":[{"embeddable":true,"href":"https:\/\/generizon.com\/fr\/wp-json\/wp\/v2\/users\/1"}],"replies":[{"embeddable":true,"href":"https:\/\/generizon.com\/fr\/wp-json\/wp\/v2\/comments?post=2743"}],"version-history":[{"count":0,"href":"https:\/\/generizon.com\/fr\/wp-json\/wp\/v2\/pages\/2743\/revisions"}],"wp:attachment":[{"href":"https:\/\/generizon.com\/fr\/wp-json\/wp\/v2\/media?parent=2743"}],"curies":[{"name":"wp","href":"https:\/\/api.w.org\/{rel}","templated":true}]}}