{"id":3107,"date":"2021-04-29T17:08:58","date_gmt":"2021-04-29T17:08:58","guid":{"rendered":"http:\/\/generizon.com\/?page_id=3107"},"modified":"2026-02-01T13:33:15","modified_gmt":"2026-02-01T13:33:15","slug":"binder-maroc-debitmetre-analyseur-biogaz","status":"publish","type":"page","link":"https:\/\/generizon.com\/fr\/binder-maroc-debitmetre-analyseur-biogaz\/","title":{"rendered":"Binder Group &#8211; analyseurs et d\u00e9bitm\u00e8tres de gaz."},"content":{"rendered":"\n<h2 class=\"wp-block-heading\">mesurer et contr\u00f4ler pr\u00e9cisement.<\/h2>\n\n\n\n<figure class=\"wp-block-image alignright size-medium\"><img loading=\"lazy\" decoding=\"async\" width=\"300\" height=\"188\" src=\"https:\/\/generizon.com\/wp-content\/uploads\/2021\/04\/Binder_Camass_04-1-300x188.jpg\" alt=\"d\u00e9bitm\u00e8tre COMBIMASS Binder\" class=\"wp-image-3038\" srcset=\"https:\/\/generizon.com\/wp-content\/uploads\/2021\/04\/Binder_Camass_04-1-300x188.jpg 300w, https:\/\/generizon.com\/wp-content\/uploads\/2021\/04\/Binder_Camass_04-1-1024x640.jpg 1024w, https:\/\/generizon.com\/wp-content\/uploads\/2021\/04\/Binder_Camass_04-1-768x480.jpg 768w, https:\/\/generizon.com\/wp-content\/uploads\/2021\/04\/Binder_Camass_04-1.jpg 1200w\" sizes=\"auto, (max-width: 300px) 100vw, 300px\" \/><figcaption class=\"wp-element-caption\">d\u00e9bitm\u00e8tre. Binder COMBIMASS<sup>\u00ae<\/sup>.<\/figcaption><\/figure>\n\n\n\n<p>Binder fournit depuis des d\u00e9cennies aux principaux fabricants d&#8217;installations des syst\u00e8mes innovants pour la <strong>mesure du d\u00e9bit de gaz<\/strong> industriel. De plus, Binder fournit des <strong>vannes de contr\u00f4le<\/strong> tr\u00e8s efficaces pour <strong>l&#8217;air d&#8217;a\u00e9ration dans les stations d&#8217;\u00e9puration<\/strong> <strong>des eaux us\u00e9es<\/strong> (STEP) et des syst\u00e8mes de contr\u00f4le intelligents pour l&#8217;alimentation en air et la distribution de l&#8217;air dans les diff\u00e9rents r\u00e9servoirs.<\/p>\n\n\n\n<p>En plus du <strong>d\u00e9bitm\u00e8tre<\/strong> \u00e9prouv\u00e9 \u00e0 long terme, Binder a d\u00e9velopp\u00e9 un analyseur portable et stationnaire pour les gaz m\u00e9thane (biogaz des usines de digestion ana\u00e9robie, usines de traitement des d\u00e9chets solides \/ compostage, stations d&#8217;\u00e9puration des eaux us\u00e9es et gaz des d\u00e9charges). Les principaux avantages de ces analyseurs sont la stabilit\u00e9 \u00e0 long terme des lectures et des syst\u00e8mes de diagnostic de maintenance.<\/p>\n\n\n\n<h2 class=\"wp-block-heading\">d\u00e9bitm\u00e8tre gaz industriel pour biogaz &#8211; COMBIMASS<sup>\u00ae<\/sup>.<\/h2>\n\n\n\n<p>Les d\u00e9bitm\u00e8tres COMBIMASS\u00ae sont disponibles pour les gaz non combustibles (basiques, sans ATEX), pour un grand nombre de gaz industriels et m\u00e9langes de gaz (eco, ATEX Zone 0-2), des versions sp\u00e9ciales pour les applications biogaz (eco-bio +) et les gaz des usines de gaz\u00e9ification du bois (gaz de synth\u00e8se). Des syst\u00e8mes de capteurs multiples pour gros tubes et conduits rectangulaires compl\u00e8tent la gamme de produits (multi).<\/p>\n\n\n\n<p>Le d\u00e9bitm\u00e8tre met en \u0153uvre le principe de la dispersion thermique qui permet d&#8217;obtenir directement des mesures de d\u00e9bit ramen\u00e9es dans les conditions normales (O\u00b0C &amp; 1013 hPa, 0% HR soit directement des Nm3\/h) et ce, quelles que soient les variations de pression et temp\u00e9rature du gaz.<\/p>\n\n\n\n<p>plus d&#8217;information. <a rel=\"noreferrer noopener\" href=\"https:\/\/bindergroup.info\/world\/product-area\/combimass-familie\/\" target=\"_blank\">Binder<\/a>. <a rel=\"noreferrer noopener\" href=\"https:\/\/bindergroup.info\/world\/downloads\/\" target=\"_blank\">t\u00e9l\u00e9chargez<\/a>.<\/p>\n\n\n\n<h2 class=\"wp-block-heading\">analyseur du gaz &#8211; COMBIMASS<sup>\u00ae<\/sup>.<\/h2>\n\n\n\n<p>Il existe des versions sp\u00e9ciales d&#8217;analyseur de gaz pour le biogaz et le gaz de synth\u00e8se : portable (<em>GA-m<\/em>) ou stationnaire (<em>GA-s hybrid eco, hybrid premium, hybrid syngas<\/em>). \u00c9tant donn\u00e9 que l&#8217;\u00e9quipement d&#8217;analyse en g\u00e9n\u00e9ral n\u00e9cessite un entretien r\u00e9gulier et le remplacement des pi\u00e8ces d&#8217;usure et du filtre, tous les instruments utilisent un syst\u00e8me de diagnostic de maintenance int\u00e9gr\u00e9. La maintenance requise est affich\u00e9e et peut \u00eatre transf\u00e9r\u00e9e \u00e0 l&#8217;automate principal.<\/p>\n\n\n\n<figure class=\"wp-block-image alignright size-medium no-border\"><img loading=\"lazy\" decoding=\"async\" width=\"300\" height=\"48\" src=\"https:\/\/generizon.com\/wp-content\/uploads\/2021\/04\/bindergroupe-measurement-control-300x48.png\" alt=\"Binder Group\" class=\"wp-image-3028\" srcset=\"https:\/\/generizon.com\/wp-content\/uploads\/2021\/04\/bindergroupe-measurement-control-300x48.png 300w, https:\/\/generizon.com\/wp-content\/uploads\/2021\/04\/bindergroupe-measurement-control-1024x163.png 1024w, https:\/\/generizon.com\/wp-content\/uploads\/2021\/04\/bindergroupe-measurement-control-768x122.png 768w, https:\/\/generizon.com\/wp-content\/uploads\/2021\/04\/bindergroupe-measurement-control-1536x244.png 1536w, https:\/\/generizon.com\/wp-content\/uploads\/2021\/04\/bindergroupe-measurement-control.png 1999w\" sizes=\"auto, (max-width: 300px) 100vw, 300px\" \/><figcaption class=\"wp-element-caption\">BinderGroup. Ulm.<\/figcaption><\/figure>\n\n\n\n<ul class=\"wp-block-list ul-border\">\n<li>Analyse infrarouge.<br>CH<sub>4<\/sub> 0-100%. <br>CO<sub>2<\/sub> 0-100%. <br>CO, 0-100%.<\/li>\n\n\n\n<li>Analyse \u00e9lectrochimique. <br>O<sub>2<\/sub> 0 &#8211; 30%.<br>H<sub>2<\/sub>S 0 &#8211; 50 ppm\u2026 10.000 ppm.<br>H<sub>2<\/sub> 0 &#8211; 1.000 ppm\u2026 40.000 ppm.<br>CO 0 &#8211; 200 ppm\u2026 2.000 ppm.<br>NH<sub>3<\/sub> 0 &#8211; 100 ppm\u2026 5.000 ppm.<\/li>\n\n\n\n<li>Chaque appareil est fabriqu\u00e9 sur commande sp\u00e9cifique du client.<\/li>\n\n\n\n<li>Sur l&#8217;appareille mobile jusqu&#8217;\u00e0 7 voies de mesure.<\/li>\n\n\n\n<li>Sur installations fixes pas de limites \u00e0 ce qui est r\u00e9alisable. essayez nous.<\/li>\n\n\n\n<li>Combinaison avec un d\u00e9bitm\u00e8tre de gaz.<\/li>\n<\/ul>\n\n\n\n<p>Plus d&#8217;information. <a href=\"https:\/\/bindergroup.info\/world\/product-area\/combimass-gas-analysis\/\" target=\"_blank\" rel=\"noreferrer noopener\">Binder<\/a>. <a href=\"https:\/\/bindergroup.info\/world\/downloads\/\" target=\"_blank\" rel=\"noreferrer noopener\">t\u00e9l\u00e9chargez<\/a>.<\/p>\n\n\n\n<div class=\"wp-block-group alignwide is-layout-flow wp-block-group-is-layout-flow\">\n<div class=\"wp-block-columns alignwide is-layout-flex wp-container-core-columns-is-layout-28f84493 wp-block-columns-is-layout-flex\">\n<div class=\"wp-block-column is-layout-flow wp-block-column-is-layout-flow\">\n<figure class=\"wp-block-image size-full\"><img loading=\"lazy\" decoding=\"async\" width=\"600\" height=\"900\" src=\"https:\/\/generizon.com\/wp-content\/uploads\/2026\/02\/Binder_Combimas_GA-s_M-600-900.jpg\" alt=\"Binder GA-m mobile gas analyzer\" class=\"wp-image-7267\" srcset=\"https:\/\/generizon.com\/wp-content\/uploads\/2026\/02\/Binder_Combimas_GA-s_M-600-900.jpg 600w, https:\/\/generizon.com\/wp-content\/uploads\/2026\/02\/Binder_Combimas_GA-s_M-600-900-200x300.jpg 200w\" sizes=\"auto, (max-width: 600px) 100vw, 600px\" \/><figcaption class=\"wp-element-caption\">COMBIMASS<sup>\u00ae<\/sup>. portable (GA-m).<\/figcaption><\/figure>\n<\/div>\n\n\n\n<div class=\"wp-block-column is-layout-flow wp-block-column-is-layout-flow\">\n<figure class=\"wp-block-image size-full\"><img loading=\"lazy\" decoding=\"async\" width=\"600\" height=\"900\" src=\"https:\/\/generizon.com\/wp-content\/uploads\/2026\/02\/Bilder_Combimass_GA-s_hybrid_premium-600-900.jpg\" alt=\"Binder Combimass GA-s hybrid premium\" class=\"wp-image-7264\" srcset=\"https:\/\/generizon.com\/wp-content\/uploads\/2026\/02\/Bilder_Combimass_GA-s_hybrid_premium-600-900.jpg 600w, https:\/\/generizon.com\/wp-content\/uploads\/2026\/02\/Bilder_Combimass_GA-s_hybrid_premium-600-900-200x300.jpg 200w\" sizes=\"auto, (max-width: 600px) 100vw, 600px\" \/><figcaption class=\"wp-element-caption\">COMBIMASS<sup>\u00ae<\/sup>. GA-s hybrid premium.<\/figcaption><\/figure>\n<\/div>\n\n\n\n<div class=\"wp-block-column is-layout-flow wp-block-column-is-layout-flow\">\n<figure class=\"wp-block-image size-full\"><img loading=\"lazy\" decoding=\"async\" width=\"600\" height=\"900\" src=\"https:\/\/generizon.com\/wp-content\/uploads\/2026\/02\/Gasanalyse-COMBIMASS-GA-s-hybrid-premium-600-900.jpg\" alt=\"Binder GA-s outdoor\" class=\"wp-image-7266\" srcset=\"https:\/\/generizon.com\/wp-content\/uploads\/2026\/02\/Gasanalyse-COMBIMASS-GA-s-hybrid-premium-600-900.jpg 600w, https:\/\/generizon.com\/wp-content\/uploads\/2026\/02\/Gasanalyse-COMBIMASS-GA-s-hybrid-premium-600-900-200x300.jpg 200w\" sizes=\"auto, (max-width: 600px) 100vw, 600px\" \/><figcaption class=\"wp-element-caption\">indoor ou outdoor. chauff\u00e9 \/ air-conditioned.<\/figcaption><\/figure>\n<\/div>\n<\/div>\n<\/div>\n\n\n\n<h2 class=\"wp-block-heading\" id=\"vacomass\">vannes de r\u00e9gulation VACOMASS<sup>\u00ae<\/sup> pour l&#8217;air d&#8217;a\u00e9ration dans les bassins d&#8217;a\u00e9ration des stations d&#8217;\u00e9puration des eaux us\u00e9es.<\/h2>\n\n\n\n<p>Presque toutes les vannes de r\u00e9gulation VACOMASS\u00ae ont \u00e9t\u00e9 d\u00e9velopp\u00e9es et optimis\u00e9es sp\u00e9cialement pour l&#8217;air d&#8217;a\u00e9ration pour l&#8217;utilisation dans les r\u00e9servoirs de boues activ\u00e9es, la chambre \u00e0 sable dans les stations d&#8217;\u00e9puration des eaux us\u00e9es (STEP) et le traitement de l&#8217;air d&#8217;\u00e9chappement.<\/p>\n\n\n\n<figure class=\"wp-block-image alignright size-medium\"><img loading=\"lazy\" decoding=\"async\" width=\"300\" height=\"200\" src=\"https:\/\/generizon.com\/wp-content\/uploads\/2021\/04\/VACOMASS-valves-1-300x200.jpg\" alt=\"VACOMASS\u00ae Elliptic et Square Diaphragm Control vannes Jet Control.\" class=\"wp-image-3086\" srcset=\"https:\/\/generizon.com\/wp-content\/uploads\/2021\/04\/VACOMASS-valves-1-300x200.jpg 300w, https:\/\/generizon.com\/wp-content\/uploads\/2021\/04\/VACOMASS-valves-1-768x512.jpg 768w, https:\/\/generizon.com\/wp-content\/uploads\/2021\/04\/VACOMASS-valves-1.jpg 894w\" sizes=\"auto, (max-width: 300px) 100vw, 300px\" \/><figcaption class=\"wp-element-caption\">VACOMASS<sup>\u00ae<\/sup> Vannes Elliptique et Car\u00e9e (Squared) Diaphragm Control (EDCV et SDCV) et Jet Control.<\/figcaption><\/figure>\n\n\n\n<p>Il s&#8217;agit de la combinaison du software, du syst\u00e8me de contr\u00f4le FlexControl et du hardware, des vannes de Jet Control ou EDCVs et SDCVs, des vannes de contr\u00f4le \u00e0 membrane elliptique et carr\u00e9e qui peuvent \u00eatre r\u00e9gul\u00e9es avec pr\u00e9cision en fonction de divers param\u00e8tres, signaux d&#8217;air, signaux de pression, etc. et \u00e9conomiser de l&#8217;air, de l&#8217;\u00e9nergie et \u00e9ventuellement l&#8217;usure des pi\u00e8ces, et enfin et surtout am\u00e9liorer la qualit\u00e9 de l&#8217;eau trait\u00e9e.<\/p>\n\n\n\n<p>Dans le cas le plus simple, un seul d\u00e9bitm\u00e8tre d&#8217;air ou une vanne de r\u00e9gulation est utilis\u00e9, un syst\u00e8me simple avec une seule boucle de r\u00e9gulation locale pour l&#8217;alimentation en oxyg\u00e8ne uniquement. Il peut \u00e9galement s&#8217;agir d&#8217;un syst\u00e8me complexe de 20 boucles de contr\u00f4le ou plus, y compris les points de consigne de pression de collecteur requis, la simulation de d\u00e9bit \u00e0 l&#8217;aide d&#8217;outils CFD (computational fluid dynamics, dynamique des fluides de calcul) pour optimiser la mesure dans les sections de conduite de contr\u00f4le et de nombreuses autres fonctions pour une meilleure \u00e9limination de l&#8217;azote et la maintenance du diffuseur.<\/p>\n\n\n\n<ul class=\"wp-block-list ul-border\">\n<li>Acier inoxydable et \u00e9tanche aux gaz.<\/li>\n\n\n\n<li>Caract\u00e9ristique de fonctionnement lin\u00e9aire sur pratiquement toute la plage de fonctionnement.<\/li>\n\n\n\n<li>Contr\u00f4le de l&#8217;air de haute pr\u00e9cision.<\/li>\n\n\n\n<li>Perte de pression minimale.<\/li>\n\n\n\n<li>Faibles co\u00fbts d&#8217;exploitation.<\/li>\n\n\n\n<li>Un seul composant ou un syst\u00e8me complet dans les stations d&#8217;\u00e9puration des eaux.<\/li>\n<\/ul>\n\n\n\n<p>Plus d&#8217;information. <a href=\"https:\/\/bindergroup.info\/world\/application-areas\/control-valves-for-aeration-air\/\" target=\"_blank\" rel=\"noreferrer noopener\">Binder<\/a>. <a href=\"https:\/\/bindergroup.info\/europe\/wp-content\/uploads\/sites\/11\/BIDE-M-D-VACOMASS-EN-R05-Dats-Sheet-VACOMASS-jet-control-valve.pdf\" target=\"_blank\" rel=\"noreferrer noopener\">fiche technique VACOMASS<sup>\u00ae<\/sup> vanne Jet Control<\/a>. <a href=\"https:\/\/bindergroup.info\/europe\/wp-content\/uploads\/sites\/11\/BIDE-M-D-VACOMASS-EN-R09-Data-Sheet-VACOMASS-System.pdf\" target=\"_blank\" rel=\"noreferrer noopener\">fiche technique VACOMASS<sup>\u00ae<\/sup> syst\u00e8me<\/a>.<\/p>\n\n\n\n<div class=\"wp-block-columns is-layout-flex wp-container-core-columns-is-layout-28f84493 wp-block-columns-is-layout-flex\">\n<div class=\"wp-block-column is-layout-flow wp-block-column-is-layout-flow\">\n<figure class=\"wp-block-image size-full\"><img loading=\"lazy\" decoding=\"async\" width=\"1200\" height=\"750\" src=\"https:\/\/generizon.com\/wp-content\/uploads\/2021\/04\/BINDER_Vacomass__Z1T5488_1_02.jpg\" alt=\"\" class=\"wp-image-3075\" srcset=\"https:\/\/generizon.com\/wp-content\/uploads\/2021\/04\/BINDER_Vacomass__Z1T5488_1_02.jpg 1200w, https:\/\/generizon.com\/wp-content\/uploads\/2021\/04\/BINDER_Vacomass__Z1T5488_1_02-300x188.jpg 300w, https:\/\/generizon.com\/wp-content\/uploads\/2021\/04\/BINDER_Vacomass__Z1T5488_1_02-1024x640.jpg 1024w, https:\/\/generizon.com\/wp-content\/uploads\/2021\/04\/BINDER_Vacomass__Z1T5488_1_02-768x480.jpg 768w\" sizes=\"auto, (max-width: 1200px) 100vw, 1200px\" \/><figcaption class=\"wp-element-caption\">VACOMASS<sup>\u00ae<\/sup> vanne Jet Control.<\/figcaption><\/figure>\n<\/div>\n\n\n\n<div class=\"wp-block-column is-layout-flow wp-block-column-is-layout-flow\">\n<figure class=\"wp-block-image size-full\"><img loading=\"lazy\" decoding=\"async\" width=\"1200\" height=\"750\" src=\"https:\/\/generizon.com\/wp-content\/uploads\/2021\/04\/BINDER_Vacomass_Z1T5659_1_02.jpg\" alt=\"\" class=\"wp-image-3077\" srcset=\"https:\/\/generizon.com\/wp-content\/uploads\/2021\/04\/BINDER_Vacomass_Z1T5659_1_02.jpg 1200w, https:\/\/generizon.com\/wp-content\/uploads\/2021\/04\/BINDER_Vacomass_Z1T5659_1_02-300x188.jpg 300w, https:\/\/generizon.com\/wp-content\/uploads\/2021\/04\/BINDER_Vacomass_Z1T5659_1_02-1024x640.jpg 1024w, https:\/\/generizon.com\/wp-content\/uploads\/2021\/04\/BINDER_Vacomass_Z1T5659_1_02-768x480.jpg 768w\" sizes=\"auto, (max-width: 1200px) 100vw, 1200px\" \/><figcaption class=\"wp-element-caption\">VACOMASS<sup>\u00ae<\/sup> syst\u00e8mes de contr\u00f4le de l&#8217;a\u00e9ration pr\u00e9cise.<\/figcaption><\/figure>\n<\/div>\n\n\n\n<div class=\"wp-block-column is-layout-flow wp-block-column-is-layout-flow\">\n<figure class=\"wp-block-image size-full\"><img loading=\"lazy\" decoding=\"async\" width=\"1200\" height=\"750\" src=\"https:\/\/generizon.com\/wp-content\/uploads\/2021\/04\/JetControlValve_FlowMeter_Riedstadt.jpg\" alt=\"\" class=\"wp-image-3079\" srcset=\"https:\/\/generizon.com\/wp-content\/uploads\/2021\/04\/JetControlValve_FlowMeter_Riedstadt.jpg 1200w, https:\/\/generizon.com\/wp-content\/uploads\/2021\/04\/JetControlValve_FlowMeter_Riedstadt-300x188.jpg 300w, https:\/\/generizon.com\/wp-content\/uploads\/2021\/04\/JetControlValve_FlowMeter_Riedstadt-1024x640.jpg 1024w, https:\/\/generizon.com\/wp-content\/uploads\/2021\/04\/JetControlValve_FlowMeter_Riedstadt-768x480.jpg 768w\" sizes=\"auto, (max-width: 1200px) 100vw, 1200px\" \/><figcaption class=\"wp-element-caption\">VACOMASS<sup>\u00ae<\/sup> pour bassins d&#8217;a\u00e9ration dans des stations d&#8217;\u00e9puration des eaux us\u00e9es.<\/figcaption><\/figure>\n<\/div>\n<\/div>\n","protected":false},"excerpt":{"rendered":"<p>mesurer et contr\u00f4ler pr\u00e9cisement. Binder fournit depuis des d\u00e9cennies aux principaux fabricants d&#8217;installations des syst\u00e8mes innovants pour la mesure du d\u00e9bit de gaz industriel. De plus, Binder fournit des vannes de contr\u00f4le tr\u00e8s efficaces pour l&#8217;air d&#8217;a\u00e9ration dans les stations d&#8217;\u00e9puration des eaux us\u00e9es (STEP) et des syst\u00e8mes de contr\u00f4le intelligents pour l&#8217;alimentation en air [&hellip;]<\/p>\n","protected":false},"author":1,"featured_media":0,"parent":0,"menu_order":0,"comment_status":"closed","ping_status":"closed","template":"page-french","meta":{"_acf_changed":false,"footnotes":""},"class_list":["post-3107","page","type-page","status-publish","hentry"],"acf":[],"_links":{"self":[{"href":"https:\/\/generizon.com\/fr\/wp-json\/wp\/v2\/pages\/3107","targetHints":{"allow":["GET"]}}],"collection":[{"href":"https:\/\/generizon.com\/fr\/wp-json\/wp\/v2\/pages"}],"about":[{"href":"https:\/\/generizon.com\/fr\/wp-json\/wp\/v2\/types\/page"}],"author":[{"embeddable":true,"href":"https:\/\/generizon.com\/fr\/wp-json\/wp\/v2\/users\/1"}],"replies":[{"embeddable":true,"href":"https:\/\/generizon.com\/fr\/wp-json\/wp\/v2\/comments?post=3107"}],"version-history":[{"count":0,"href":"https:\/\/generizon.com\/fr\/wp-json\/wp\/v2\/pages\/3107\/revisions"}],"wp:attachment":[{"href":"https:\/\/generizon.com\/fr\/wp-json\/wp\/v2\/media?parent=3107"}],"curies":[{"name":"wp","href":"https:\/\/api.w.org\/{rel}","templated":true}]}}