{"id":3270,"date":"2021-08-15T11:04:04","date_gmt":"2021-08-15T11:04:04","guid":{"rendered":"http:\/\/generizon.com\/?page_id=3270"},"modified":"2026-02-01T15:48:22","modified_gmt":"2026-02-01T15:48:22","slug":"gazometre-stockage-membrane-biogaz-maroc-afrique-agrotel-ceno-tec-sattler","status":"publish","type":"page","link":"https:\/\/generizon.com\/fr\/gazometre-stockage-membrane-biogaz-maroc-afrique-agrotel-ceno-tec-sattler\/","title":{"rendered":"stockage \u00e0 membrane de gaz &#8211; Agrotel CenoTec."},"content":{"rendered":"\n<h2 class=\"wp-block-heading\">gazom\u00e8tre de biogaz &#8211; stockage individuel de gaz \u00e0 double membrane.<\/h2>\n\n\n\n<figure class=\"wp-block-image alignright size-medium no-border\"><img loading=\"lazy\" decoding=\"async\" width=\"300\" height=\"192\" src=\"https:\/\/generizon.com\/wp-content\/uploads\/2024\/11\/Logo-AGROTEL_Cenotec-Hintergrund-transparent-500-320-300x192.png\" alt=\"\" class=\"wp-image-4636\" srcset=\"https:\/\/generizon.com\/wp-content\/uploads\/2024\/11\/Logo-AGROTEL_Cenotec-Hintergrund-transparent-500-320-300x192.png 300w, https:\/\/generizon.com\/wp-content\/uploads\/2024\/11\/Logo-AGROTEL_Cenotec-Hintergrund-transparent-500-320.png 500w\" sizes=\"auto, (max-width: 300px) 100vw, 300px\" \/><figcaption class=\"wp-element-caption\">Agrotel Ceno TOP-TEX GmbH. avant Sattler Ceno GmbH.<\/figcaption><\/figure>\n\n\n\n<p>Le partenaire Autrichien de generizon Agrotel Ceno Tec, qui a pris contr\u00f4le de Sattler est connu pour son gazom\u00e8tre \u00e0 double membrane (double membrane gas storage DMGS), le gazom\u00e8tre classique.<\/p>\n\n\n\n<p>Sous sa forme \u00be-sph\u00e8re ou h\u00e9misph\u00e8re, il repr\u00e9sente la solution traditionnelle de stockage de gaz externe pour du gaz sous pression et des capacit\u00e9s de stockage \u00e9lev\u00e9es. Le DMGS de Agritel Ceno se compose d&#8217;une membrane externe qui donne la forme au gazom\u00e8tre et d&#8217;une membrane interne et au sol qui constitue l&#8217;espace de stockage r\u00e9el pour le biogaz. Un ventilateur de support fonctionnant en permanence injecte de l&#8217;air l\u00e9g\u00e8rement surpress\u00e9 dans l&#8217;espace entre la membrane ext\u00e9rieure et int\u00e9rieure du gazom\u00e8tre.<\/p>\n\n\n\n<p>Cet air maintient la forme du gazom\u00e8tre, permettant au gazom\u00e8tre de r\u00e9sister aux charges externes comme le vent ou la neige. Dans le m\u00eame temps, une l\u00e9g\u00e8re surpression est appliqu\u00e9e \u00e0 la membrane interne qui constitue la pression de fonctionnement du gazom\u00e8tre \u00e0 double membrane et permet de r\u00e9injecter le biogaz stock\u00e9 dans le syst\u00e8me pour une utilisation dans un moteur ou une torche.<\/p>\n\n\n\n<h3 class=\"wp-block-heading\">caract\u00e9ristiques du produit stockage du biogaz individuel \u00e0 double membranes &#8211; gazom\u00e8tre.<\/h3>\n\n\n\n<figure class=\"wp-block-image alignright size-medium\"><img loading=\"lazy\" decoding=\"async\" width=\"300\" height=\"275\" src=\"https:\/\/generizon.com\/wp-content\/uploads\/2021\/08\/csm_DMGS_Visualisierung_590x345px_6efa2ec81b-2-300x275.jpg\" alt=\"sch\u00e9ma Sattler gasom\u00e8tre..\" class=\"wp-image-3261\" srcset=\"https:\/\/generizon.com\/wp-content\/uploads\/2021\/08\/csm_DMGS_Visualisierung_590x345px_6efa2ec81b-2-300x275.jpg 300w, https:\/\/generizon.com\/wp-content\/uploads\/2021\/08\/csm_DMGS_Visualisierung_590x345px_6efa2ec81b-2-1024x937.jpg 1024w, https:\/\/generizon.com\/wp-content\/uploads\/2021\/08\/csm_DMGS_Visualisierung_590x345px_6efa2ec81b-2-768x703.jpg 768w, https:\/\/generizon.com\/wp-content\/uploads\/2021\/08\/csm_DMGS_Visualisierung_590x345px_6efa2ec81b-2.jpg 1226w\" sizes=\"auto, (max-width: 300px) 100vw, 300px\" \/><figcaption class=\"wp-element-caption\"><strong>A<\/strong>&nbsp;membrane ext\u00e9rieure. <strong>B<\/strong>&nbsp;membrane int\u00e9rieure.&nbsp;<strong>C<\/strong>&nbsp;AIRFLOW-SYSTEM<sup>TM<\/sup>. <strong>D<\/strong>&nbsp;soupape de maintien de pression. <strong>E<\/strong>&nbsp;soufflerie d\u2019air de soutien.&nbsp;<strong>F<\/strong>&nbsp;anneau d\u2019ancrage.&nbsp;<strong>G<\/strong>&nbsp;soupape de s\u00fbret\u00e9. <strong>H<\/strong>&nbsp;hublot. <strong>I<\/strong>&nbsp;jauge de niveau.<\/figcaption><\/figure>\n\n\n\n<ul class=\"wp-block-list ul-border\">\n<li>Technologie sophistiqu\u00e9e et qualit\u00e9 garantie.<\/li>\n\n\n\n<li>Flux d&#8217;air de soutien avec le syst\u00e8me brevet\u00e9 AIRFLOW-SYSTEM\u2122.<\/li>\n\n\n\n<li>Pr\u00e9cision de mesure maximale gr\u00e2ce \u00e0 la membrane interne contr\u00f4l\u00e9e.<\/li>\n\n\n\n<li>Les \u00e9conomies d&#8217;\u00e9nergie et la s\u00e9curit\u00e9 de fonctionnement sont assur\u00e9es par des soufflantes \u00e0 ligne caract\u00e9ristique plate.<\/li>\n\n\n\n<li>Syst\u00e8me de circulation d&#8217;air avec surveillance EX.<\/li>\n\n\n\n<li>\u00c9tanche en permanence.<\/li>\n\n\n\n<li>Mesure optimale du niveau de remplissage.<\/li>\n\n\n\n<li>Ing\u00e9nierie sp\u00e9cifique au projet possible.<\/li>\n\n\n\n<li>La capacit\u00e9 de stockage augmente avec la \u215e-sph\u00e8re.<\/li>\n\n\n\n<li>Visitez la <a href=\"https:\/\/agrotel.eu\/en\/produkt\/doppelmembrangasspeicher\/\" target=\"_blank\" rel=\"noreferrer noopener\">page site-web de Agrotel Ceno<\/a>.<\/li>\n\n\n\n<li>Dossier de <a href=\"https:\/\/agrotel.eu\/wp-content\/uploads\/2024\/01\/AGROTEL-CenoTec-Broschuere-20240111-englisch.pdf\">t\u00e9l\u00e9chargement<\/a> biogaz.<\/li>\n<\/ul>\n","protected":false},"excerpt":{"rendered":"<p>gazom\u00e8tre de biogaz &#8211; stockage individuel de gaz \u00e0 double membrane. Le partenaire Autrichien de generizon Agrotel Ceno Tec, qui a pris contr\u00f4le de Sattler est connu pour son gazom\u00e8tre \u00e0 double membrane (double membrane gas storage DMGS), le gazom\u00e8tre classique. Sous sa forme \u00be-sph\u00e8re ou h\u00e9misph\u00e8re, il repr\u00e9sente la solution traditionnelle de stockage de [&hellip;]<\/p>\n","protected":false},"author":1,"featured_media":0,"parent":0,"menu_order":0,"comment_status":"closed","ping_status":"closed","template":"page-french","meta":{"_acf_changed":false,"footnotes":""},"class_list":["post-3270","page","type-page","status-publish","hentry"],"acf":[],"_links":{"self":[{"href":"https:\/\/generizon.com\/fr\/wp-json\/wp\/v2\/pages\/3270","targetHints":{"allow":["GET"]}}],"collection":[{"href":"https:\/\/generizon.com\/fr\/wp-json\/wp\/v2\/pages"}],"about":[{"href":"https:\/\/generizon.com\/fr\/wp-json\/wp\/v2\/types\/page"}],"author":[{"embeddable":true,"href":"https:\/\/generizon.com\/fr\/wp-json\/wp\/v2\/users\/1"}],"replies":[{"embeddable":true,"href":"https:\/\/generizon.com\/fr\/wp-json\/wp\/v2\/comments?post=3270"}],"version-history":[{"count":0,"href":"https:\/\/generizon.com\/fr\/wp-json\/wp\/v2\/pages\/3270\/revisions"}],"wp:attachment":[{"href":"https:\/\/generizon.com\/fr\/wp-json\/wp\/v2\/media?parent=3270"}],"curies":[{"name":"wp","href":"https:\/\/api.w.org\/{rel}","templated":true}]}}