{"id":3343,"date":"2021-09-24T13:39:06","date_gmt":"2021-09-24T13:39:06","guid":{"rendered":"http:\/\/generizon.com\/kito-armaturen-flame-explosion-arrester-morocco-africa-representation\/"},"modified":"2026-02-09T19:55:48","modified_gmt":"2026-02-09T19:55:48","slug":"kito-arrete-flamme-prevention-deflagration-explosion-maroc-afrique","status":"publish","type":"page","link":"https:\/\/generizon.com\/fr\/kito-arrete-flamme-prevention-deflagration-explosion-maroc-afrique\/","title":{"rendered":"KITO\u00ae Armaturen &#8211; les arr\u00eates-flammes."},"content":{"rendered":"\n<h2 class=\"wp-block-heading\">pr\u00e9vention et protection contre les d\u00e9flagrations\/explosions &#8211; l&#8217;arr\u00eate-flammes\/anti-retour flammes.<\/h2>\n\n\n\n<p>Aujourd&#8217;hui, avec environ 70 employ\u00e9s, KITO<sup>\u00ae<\/sup> fabrique des pare-flammes, des vannes de s\u00e9curit\u00e9 et des dispositifs sp\u00e9ciaux pour un large \u00e9ventail de besoins des clients.<\/p>\n\n\n\n<h2 class=\"wp-block-heading\">arr\u00eate-flammes \u00e0 d\u00e9flagration en ligne.<\/h2>\n\n\n\n<figure class=\"wp-block-image alignright size-full is-resized no-border\"><img loading=\"lazy\" decoding=\"async\" width=\"1075\" height=\"646\" src=\"https:\/\/generizon.com\/wp-content\/uploads\/2026\/01\/Logo-auf-schwarz.jpg\" alt=\"Kito Armaturen Logo\" class=\"wp-image-6475\" style=\"width:300px\" srcset=\"https:\/\/generizon.com\/wp-content\/uploads\/2026\/01\/Logo-auf-schwarz.jpg 1075w, https:\/\/generizon.com\/wp-content\/uploads\/2026\/01\/Logo-auf-schwarz-300x180.jpg 300w, https:\/\/generizon.com\/wp-content\/uploads\/2026\/01\/Logo-auf-schwarz-1024x615.jpg 1024w, https:\/\/generizon.com\/wp-content\/uploads\/2026\/01\/Logo-auf-schwarz-768x462.jpg 768w\" sizes=\"auto, (max-width: 1075px) 100vw, 1075px\" \/><figcaption class=\"wp-element-caption\">KITO Armaturen GmbH. Braunschweig.<\/figcaption><\/figure>\n\n\n\n<p>Si des m\u00e9langes gaz-air potentiellement explosifs s&#8217;enflamment dans une section de canalisation, l&#8217;explosion commence par une d\u00e9flagration se propageant \u00e0 des pressions relativement basses et \u00e0 une vitesse de flamme inf\u00e9rieure \u00e0 la vitesse du son.<\/p>\n\n\n\n<p>Les pare-flammes \u00e0 d\u00e9flagration en ligne KITO<sup>\u00ae<\/sup> sont utilis\u00e9s pour emp\u00eacher une r\u00e9action en cha\u00eene de se propager dans les sections d&#8217;\u00e9quipement connect\u00e9es.<\/p>\n\n\n\n<ul class=\"wp-block-list ul-border\">\n<li>Pare-flammes\/arr\u00eats-flammes\/anti-retour pour raccorder les tuyauteries.<\/li>\n\n\n\n<li>Anti-d\u00e9flagration en ligne.<\/li>\n\n\n\n<li>Ce pare-flammes classique est destin\u00e9 \u00e0 permettre le d\u00e9bit. mais \u00e0 emp\u00eacher la transmission de la flamme.<\/li>\n\n\n\n<li>Uni \/ bidirectionnel.<\/li>\n\n\n\n<li>Tous les appareils sont optimis\u00e9s pour de faibles pertes de charge.<\/li>\n\n\n\n<li>Toutes les tailles. pour de nombreux gaz explosifs diff\u00e9rents.<\/li>\n<\/ul>\n\n\n\n<p>L&#8217;utilisation d&#8217;un pare-flammes est limit\u00e9e \u00e0 de courtes sections de canalisations entre une source d&#8217;inflammation potentielle et l&#8217;appareil. Cette distance, connue par la relation L\/D (rapport de la longueur du tuyau sur le diam\u00e8tre du tuyau) est sp\u00e9cifi\u00e9e pour chaque groupe d&#8217;explosion dans la <strong>norme ISO 16852<\/strong>.<\/p>\n\n\n\n<p>Le pare-flammes de d\u00e9flagration appropri\u00e9 doit \u00eatre s\u00e9lectionn\u00e9 pour l&#8217;application sp\u00e9cifique, compte tenu des param\u00e8tres de fonctionnement tels que la pression, la temp\u00e9rature et le groupe d&#8217;explosion du gaz.<\/p>\n\n\n\n<p>Dans des conditions d&#8217;application particuli\u00e8res telles que l&#8217;installation dans des torch\u00e8res ou des usines d&#8217;incin\u00e9ration thermique, l&#8217;installation d&#8217;un ou plusieurs thermo-\u00e9l\u00e9ments sur le coupe-flammes KITO<sup>\u00ae<\/sup> est recommand\u00e9e pour permettre la d\u00e9tection d&#8217;un incendie.<\/p>\n\n\n\n<div class=\"wp-block-columns is-layout-flex wp-container-core-columns-is-layout-28f84493 wp-block-columns-is-layout-flex\">\n<div class=\"wp-block-column is-layout-flow wp-block-column-is-layout-flow\">\n<figure class=\"wp-block-image size-full\"><img loading=\"lazy\" decoding=\"async\" width=\"900\" height=\"900\" src=\"https:\/\/generizon.com\/wp-content\/uploads\/2026\/01\/kito-inline-schema1-900-900.png\" alt=\"\" class=\"wp-image-6444\" srcset=\"https:\/\/generizon.com\/wp-content\/uploads\/2026\/01\/kito-inline-schema1-900-900.png 900w, https:\/\/generizon.com\/wp-content\/uploads\/2026\/01\/kito-inline-schema1-900-900-300x300.png 300w, https:\/\/generizon.com\/wp-content\/uploads\/2026\/01\/kito-inline-schema1-900-900-150x150.png 150w, https:\/\/generizon.com\/wp-content\/uploads\/2026\/01\/kito-inline-schema1-900-900-768x768.png 768w\" sizes=\"auto, (max-width: 900px) 100vw, 900px\" \/><figcaption class=\"wp-element-caption\">KITO<sup>\u00ae<\/sup> arr\u00eate-flamme.<\/figcaption><\/figure>\n<\/div>\n\n\n\n<div class=\"wp-block-column is-layout-flow wp-block-column-is-layout-flow\">\n<figure class=\"wp-block-image size-full\"><img loading=\"lazy\" decoding=\"async\" width=\"1616\" height=\"1616\" src=\"https:\/\/generizon.com\/wp-content\/uploads\/2026\/01\/kito-inline-schema-900-900-2.png\" alt=\"KITO\u00ae EFA-Def0-I. inline detonation flame arrestor.\" class=\"wp-image-6549\" srcset=\"https:\/\/generizon.com\/wp-content\/uploads\/2026\/01\/kito-inline-schema-900-900-2.png 1616w, https:\/\/generizon.com\/wp-content\/uploads\/2026\/01\/kito-inline-schema-900-900-2-300x300.png 300w, https:\/\/generizon.com\/wp-content\/uploads\/2026\/01\/kito-inline-schema-900-900-2-1024x1024.png 1024w, https:\/\/generizon.com\/wp-content\/uploads\/2026\/01\/kito-inline-schema-900-900-2-150x150.png 150w, https:\/\/generizon.com\/wp-content\/uploads\/2026\/01\/kito-inline-schema-900-900-2-768x768.png 768w, https:\/\/generizon.com\/wp-content\/uploads\/2026\/01\/kito-inline-schema-900-900-2-1536x1536.png 1536w\" sizes=\"auto, (max-width: 1616px) 100vw, 1616px\" \/><figcaption class=\"wp-element-caption\">KITO<sup>\u00ae<\/sup> EFA-Def0-I. detonation flame arrestor.<\/figcaption><\/figure>\n<\/div>\n\n\n\n<div class=\"wp-block-column is-layout-flow wp-block-column-is-layout-flow\">\n<figure class=\"wp-block-image size-full\"><img loading=\"lazy\" decoding=\"async\" width=\"900\" height=\"900\" src=\"https:\/\/generizon.com\/wp-content\/uploads\/2026\/01\/kito-inline-flame-arrester-900-900.png\" alt=\"d\u00e9flagration bidirectionnelle en ligne.\" class=\"wp-image-6441\" srcset=\"https:\/\/generizon.com\/wp-content\/uploads\/2026\/01\/kito-inline-flame-arrester-900-900.png 900w, https:\/\/generizon.com\/wp-content\/uploads\/2026\/01\/kito-inline-flame-arrester-900-900-300x300.png 300w, https:\/\/generizon.com\/wp-content\/uploads\/2026\/01\/kito-inline-flame-arrester-900-900-150x150.png 150w, https:\/\/generizon.com\/wp-content\/uploads\/2026\/01\/kito-inline-flame-arrester-900-900-768x768.png 768w\" sizes=\"auto, (max-width: 900px) 100vw, 900px\" \/><figcaption class=\"wp-element-caption\">d\u00e9flagration bidirectionnelle en ligne.<\/figcaption><\/figure>\n<\/div>\n<\/div>\n\n\n\n<h2 class=\"wp-block-heading\">comment s&#8217;\u00e9teint la flamme?<\/h2>\n\n\n\n<p>Une flamme se propage dans les canalisations en direction du gaz non br\u00fbl\u00e9, elle atteindra le pare-flammes o\u00f9 le gaz ou le m\u00e9lange inflammable entrera dans un espace \u00e9troit entre deux bandes.<\/p>\n\n\n\n<p>La flamme perd tellement d&#8217;\u00e9nergie \u00e0 travers l&#8217;\u00e9l\u00e9ment pare-flammes, jusqu&#8217;\u00e0 ce que la temp\u00e9rature diminue sous la temp\u00e9rature d&#8217;auto-inflammation du m\u00e9lange air-gaz inflammable<\/p>\n\n\n\n<p>Fondamentalement, cela fonctionne comme un \u00e9changeur de chaleur. Une fois qu&#8217;une temp\u00e9rature\/\u00e9nergie suffisante est retir\u00e9e et transf\u00e9r\u00e9e au mat\u00e9riau en acier de l&#8217;\u00e9l\u00e9ment pare-flammes, la flamme est \u00e9teinte et emp\u00eache le retour de flamme.<\/p>\n\n\n\n<h2 class=\"wp-block-heading\">d\u00e9finition de la norme DIN EN ISO 16852.<\/h2>\n\n\n\n<figure class=\"wp-block-image alignright size-medium\"><img loading=\"lazy\" decoding=\"async\" width=\"300\" height=\"204\" src=\"https:\/\/generizon.com\/wp-content\/uploads\/2026\/01\/kito-pare-flamme-300x204.png\" alt=\"\" class=\"wp-image-6445\" srcset=\"https:\/\/generizon.com\/wp-content\/uploads\/2026\/01\/kito-pare-flamme-300x204.png 300w, https:\/\/generizon.com\/wp-content\/uploads\/2026\/01\/kito-pare-flamme-768x521.png 768w, https:\/\/generizon.com\/wp-content\/uploads\/2026\/01\/kito-pare-flamme.png 939w\" sizes=\"auto, (max-width: 300px) 100vw, 300px\" \/><figcaption class=\"wp-element-caption\">fabrication du \u00e9l\u00e9ment pare-flamme pour l&#8217;arr\u00eate-flamme.<\/figcaption><\/figure>\n\n\n\n<p>Le respect des tol\u00e9rances doit \u00eatre contr\u00f4l\u00e9 de mani\u00e8re v\u00e9rifiable pendant la fabrication pour garantir la reproductibilit\u00e9. C&#8217;est ce que fait Kito<sup>\u00ae<\/sup>.<\/p>\n\n\n\n<p>L&#8217;ISO 16852 sp\u00e9cifie les exigences de performance, les m\u00e9thodes d&#8217;essai et les limites d&#8217;utilisation des pare-flammes. En cons\u00e9quence, diff\u00e9rentes substances, gaz, milieux de m\u00e9langes explosifs gaz-air n\u00e9cessitent des \u00e9l\u00e9ments de pare-flamme diff\u00e9rents, des mat\u00e9riaux diff\u00e9rents et en particulier <strong>des espaces plus ou moins grands<\/strong> dans l&#8217;\u00e9l\u00e9ment.<\/p>\n\n\n\n<p>Chaque gaz ou vapeur est associ\u00e9 \u00e0 un \u00e9cart maximal, appel\u00e9 \u00e9cart maximal de s\u00e9curit\u00e9 exp\u00e9rimental (maximum experimental safe gap &#8211; MESG). En cons\u00e9quence, les valeurs MESG sont un moyen de cat\u00e9goriser les gaz en fonction de leur capacit\u00e9 \u00e0 produire un retour de flamme, pour les classer en groupes d&#8217;explosion. <\/p>\n\n\n\n<h2 class=\"wp-block-heading\">anti explosion en ligne.<\/h2>\n\n\n\n<ul class=\"wp-block-list ul-border\">\n<li>Anti-d\u00e9tonation en ligne. qui retient la flamme et l&#8217;onde de pression.<\/li>\n\n\n\n<li>Uni \/ bidirectionnel.<\/li>\n\n\n\n<li>Toutes les tailles.<\/li>\n\n\n\n<li>De nombreux m\u00e9diums explosifs diff\u00e9rents.<\/li>\n\n\n\n<li>Tous les appareils sont optimis\u00e9s pour de faibles pertes de charge.<\/li>\n<\/ul>\n\n\n\n<h2 class=\"wp-block-heading\">pare-flammes en bout de ligne. <\/h2>\n\n\n\n<figure class=\"wp-block-image alignright size-medium\"><img loading=\"lazy\" decoding=\"async\" width=\"300\" height=\"300\" src=\"https:\/\/generizon.com\/wp-content\/uploads\/2026\/01\/kito-armaturen-600-600-300x300.jpg\" alt=\"\" class=\"wp-image-6446\" style=\"object-fit:cover\" srcset=\"https:\/\/generizon.com\/wp-content\/uploads\/2026\/01\/kito-armaturen-600-600-300x300.jpg 300w, https:\/\/generizon.com\/wp-content\/uploads\/2026\/01\/kito-armaturen-600-600-150x150.jpg 150w, https:\/\/generizon.com\/wp-content\/uploads\/2026\/01\/kito-armaturen-600-600.jpg 600w\" sizes=\"auto, (max-width: 300px) 100vw, 300px\" \/><figcaption class=\"wp-element-caption\">KITO<sup>\u00ae<\/sup> soupape de d\u00e9charge en bout de ligne avec s\u00e9curit\u00e9 de combustion d&#8217;endurance. <\/figcaption><\/figure>\n\n\n\n<p>Ce dispositif est \u00e9galement connu sous le nom de capot de ventilation avec un pare-flammes. Plusieurs types :<\/p>\n\n\n\n<ul class=\"wp-block-list ul-border\">\n<li>s\u00e9curit\u00e9 de d\u00e9flagration en bout de ligne. apr\u00e8s une tentative d&#8217;entr\u00e9e dans le r\u00e9servoir, la flamme est \u00e9teinte par le pare-flammes.<\/li>\n\n\n\n<li>s\u00e9curit\u00e9 de combustion d&#8217;endurance en bout de ligne. offre le plus haut niveau de s\u00e9curit\u00e9 possible. la s\u00e9curit\u00e9 de combustion d&#8217;endurance peut \u00e9viter une propagation de flamme pendant une dur\u00e9e illimit\u00e9e.<\/li>\n<\/ul>\n\n\n\n<h2 class=\"wp-block-heading\">soupape de surpression et de d\u00e9pression antid\u00e9flagrante.<\/h2>\n\n\n\n<p>Il s&#8217;agit de soupapes de s\u00fbret\u00e9 \u00e0 pression et \u00e0 vide en bout de ligne avec des \u00e9l\u00e9ments pare-flammes int\u00e9gr\u00e9s. Ces dispositives sont utilis\u00e9s pour les ouvertures de ventilation sur les installations de r\u00e9servoirs, ils sont test\u00e9s et approuv\u00e9s contre les d\u00e9flagrations atmosph\u00e9riques pour diff\u00e9rents mat\u00e9riaux et groupes d&#8217;explosion, l&#8217;espace exp\u00e9rimental maximal de s\u00e9curit\u00e9 (MESG) appropri\u00e9 au group d&#8217;explosion et des temp\u00e9ratures de fonctionnement appropri\u00e9s. <\/p>\n\n\n\n<p>Ces dispositifs sont principalement utilis\u00e9s pour la mise \u00e0 l&#8217;air libre des r\u00e9servoirs \u00e0 toit fixe. Ils sont utilis\u00e9s pour \u00e9viter les pressions et les d\u00e9pressions inadmissibles et pour minimiser les pertes de gaz ind\u00e9sirables ou les \u00e9missions inadmissibles. Le bo\u00eetier est mont\u00e9 perpendiculairement sur le toit du r\u00e9servoir.<\/p>\n\n\n\n<div class=\"wp-block-columns is-layout-flex wp-container-core-columns-is-layout-28f84493 wp-block-columns-is-layout-flex\">\n<div class=\"wp-block-column is-layout-flow wp-block-column-is-layout-flow\">\n<figure class=\"wp-block-image size-full\"><img loading=\"lazy\" decoding=\"async\" width=\"900\" height=\"900\" src=\"https:\/\/generizon.com\/wp-content\/uploads\/2026\/01\/soupape-agadir-900-900.jpg\" alt=\"\" class=\"wp-image-6439\" srcset=\"https:\/\/generizon.com\/wp-content\/uploads\/2026\/01\/soupape-agadir-900-900.jpg 900w, https:\/\/generizon.com\/wp-content\/uploads\/2026\/01\/soupape-agadir-900-900-300x300.jpg 300w, https:\/\/generizon.com\/wp-content\/uploads\/2026\/01\/soupape-agadir-900-900-150x150.jpg 150w, https:\/\/generizon.com\/wp-content\/uploads\/2026\/01\/soupape-agadir-900-900-768x768.jpg 768w\" sizes=\"auto, (max-width: 900px) 100vw, 900px\" \/><figcaption class=\"wp-element-caption\">soupape pression vide. 316L. DN150. E 22.1 N VD-KG-PA-IIB3.<\/figcaption><\/figure>\n<\/div>\n\n\n\n<div class=\"wp-block-column is-layout-flow wp-block-column-is-layout-flow\">\n<figure class=\"wp-block-image size-full\"><img loading=\"lazy\" decoding=\"async\" width=\"900\" height=\"900\" src=\"https:\/\/generizon.com\/wp-content\/uploads\/2026\/01\/soupape-surpression-vide-900-900.png\" alt=\"\" class=\"wp-image-6435\" srcset=\"https:\/\/generizon.com\/wp-content\/uploads\/2026\/01\/soupape-surpression-vide-900-900.png 900w, https:\/\/generizon.com\/wp-content\/uploads\/2026\/01\/soupape-surpression-vide-900-900-300x300.png 300w, https:\/\/generizon.com\/wp-content\/uploads\/2026\/01\/soupape-surpression-vide-900-900-150x150.png 150w, https:\/\/generizon.com\/wp-content\/uploads\/2026\/01\/soupape-surpression-vide-900-900-768x768.png 768w\" sizes=\"auto, (max-width: 900px) 100vw, 900px\" \/><figcaption class=\"wp-element-caption\">KITO soupape de surpression et de vide antid\u00e9flagrante.<br>E 22.1 N VD-KG-PA-IIB3.<\/figcaption><\/figure>\n<\/div>\n\n\n\n<div class=\"wp-block-column is-layout-flow wp-block-column-is-layout-flow\">\n<figure class=\"wp-block-image size-full\"><img loading=\"lazy\" decoding=\"async\" width=\"900\" height=\"900\" src=\"https:\/\/generizon.com\/wp-content\/uploads\/2026\/01\/soupape-900-900-2.png\" alt=\"\" class=\"wp-image-6438\" srcset=\"https:\/\/generizon.com\/wp-content\/uploads\/2026\/01\/soupape-900-900-2.png 900w, https:\/\/generizon.com\/wp-content\/uploads\/2026\/01\/soupape-900-900-2-300x300.png 300w, https:\/\/generizon.com\/wp-content\/uploads\/2026\/01\/soupape-900-900-2-150x150.png 150w, https:\/\/generizon.com\/wp-content\/uploads\/2026\/01\/soupape-900-900-2-768x768.png 768w\" sizes=\"auto, (max-width: 900px) 100vw, 900px\" \/><figcaption class=\"wp-element-caption\">KITO soupape de surpression et de d\u00e9pression antid\u00e9flagrante.<\/figcaption><\/figure>\n<\/div>\n<\/div>\n\n\n\n<h2 class=\"wp-block-heading\">autres.<\/h2>\n\n\n\n<figure class=\"wp-block-image alignright size-medium\"><img loading=\"lazy\" decoding=\"async\" width=\"300\" height=\"287\" src=\"https:\/\/generizon.com\/wp-content\/uploads\/2026\/02\/man-hole-pressure-relief-valve-300x287.png\" alt=\"manhole. pressure relief valve.\" class=\"wp-image-7493\" srcset=\"https:\/\/generizon.com\/wp-content\/uploads\/2026\/02\/man-hole-pressure-relief-valve-300x287.png 300w, https:\/\/generizon.com\/wp-content\/uploads\/2026\/02\/man-hole-pressure-relief-valve.png 642w\" sizes=\"auto, (max-width: 300px) 100vw, 300px\" \/><figcaption class=\"wp-element-caption\">trou d&#8217;homme. soupape de d\u00e9charge de pression.<\/figcaption><\/figure>\n\n\n\n<ul class=\"wp-block-list ul-border\">\n<li>Soupape trou d&#8217;homme.<\/li>\n\n\n\n<li>Protection contre surpression.<\/li>\n\n\n\n<li>Protection contre d\u00e9pression.<\/li>\n\n\n\n<li>Pour les r\u00e9servoir\/cuves de stockage des liquides dangereux, inflammables et explosives.<\/li>\n\n\n\n<li>Solutions de protection contre les explosions personnalis\u00e9es.<\/li>\n\n\n\n<li>\u00c9quipement pour r\u00e9servoir\/citerne mobile.<\/li>\n<\/ul>\n\n\n\n<h2 class=\"wp-block-heading\">KITO. en bref.<\/h2>\n\n\n\n<figure class=\"wp-block-image alignright size-full is-resized no-border\"><img loading=\"lazy\" decoding=\"async\" width=\"1075\" height=\"646\" src=\"https:\/\/generizon.com\/wp-content\/uploads\/2026\/01\/Logo-auf-schwarz.jpg\" alt=\"Kito Armaturen Logo\" class=\"wp-image-6475\" style=\"width:300px\" srcset=\"https:\/\/generizon.com\/wp-content\/uploads\/2026\/01\/Logo-auf-schwarz.jpg 1075w, https:\/\/generizon.com\/wp-content\/uploads\/2026\/01\/Logo-auf-schwarz-300x180.jpg 300w, https:\/\/generizon.com\/wp-content\/uploads\/2026\/01\/Logo-auf-schwarz-1024x615.jpg 1024w, https:\/\/generizon.com\/wp-content\/uploads\/2026\/01\/Logo-auf-schwarz-768x462.jpg 768w\" sizes=\"auto, (max-width: 1075px) 100vw, 1075px\" \/><figcaption class=\"wp-element-caption\">KITO Armaturen GmbH. Braunschweig.<\/figcaption><\/figure>\n\n\n\n<ul class=\"wp-block-list ul-border\">\n<li>Arr\u00eats-flammes\/anti-retour pour raccorder les tuyauteries.<\/li>\n\n\n\n<li>Anti-d\u00e9flagration et anti-d\u00e9tonation en ligne.<\/li>\n\n\n\n<li>Uni \/ bidirectionnel.<\/li>\n\n\n\n<li>Minimum perte de pression.<\/li>\n\n\n\n<li>Pare-flamme dans les \u00e9quipements en bout de ligne, les soupape de surpression ou d\u00e9pression pour cuves\/r\u00e9servoir.<\/li>\n\n\n\n<li>Norme ISO 16852.<\/li>\n\n\n\n<li>Certifi\u00e9 ATEX.<\/li>\n\n\n\n<li>Maintenance facile.<\/li>\n\n\n\n<li><a href=\"https:\/\/kiss-kito.de\/\">KISS sizing &amp; selection<\/a><\/li>\n\n\n\n<li><a rel=\"noreferrer noopener\" href=\"https:\/\/www.kito.de\/fr\/\" target=\"_blank\">KITO<sup>\u00ae<\/sup> site web<\/a>.<\/li>\n<\/ul>\n","protected":false},"excerpt":{"rendered":"<p>pr\u00e9vention et protection contre les d\u00e9flagrations\/explosions &#8211; l&#8217;arr\u00eate-flammes\/anti-retour flammes. Aujourd&#8217;hui, avec environ 70 employ\u00e9s, KITO\u00ae fabrique des pare-flammes, des vannes de s\u00e9curit\u00e9 et des dispositifs sp\u00e9ciaux pour un large \u00e9ventail de besoins des clients. arr\u00eate-flammes \u00e0 d\u00e9flagration en ligne. Si des m\u00e9langes gaz-air potentiellement explosifs s&#8217;enflamment dans une section de canalisation, l&#8217;explosion commence par une [&hellip;]<\/p>\n","protected":false},"author":1,"featured_media":0,"parent":0,"menu_order":0,"comment_status":"closed","ping_status":"closed","template":"page-french","meta":{"_acf_changed":false,"footnotes":""},"class_list":["post-3343","page","type-page","status-publish","hentry"],"acf":[],"_links":{"self":[{"href":"https:\/\/generizon.com\/fr\/wp-json\/wp\/v2\/pages\/3343","targetHints":{"allow":["GET"]}}],"collection":[{"href":"https:\/\/generizon.com\/fr\/wp-json\/wp\/v2\/pages"}],"about":[{"href":"https:\/\/generizon.com\/fr\/wp-json\/wp\/v2\/types\/page"}],"author":[{"embeddable":true,"href":"https:\/\/generizon.com\/fr\/wp-json\/wp\/v2\/users\/1"}],"replies":[{"embeddable":true,"href":"https:\/\/generizon.com\/fr\/wp-json\/wp\/v2\/comments?post=3343"}],"version-history":[{"count":0,"href":"https:\/\/generizon.com\/fr\/wp-json\/wp\/v2\/pages\/3343\/revisions"}],"wp:attachment":[{"href":"https:\/\/generizon.com\/fr\/wp-json\/wp\/v2\/media?parent=3343"}],"curies":[{"name":"wp","href":"https:\/\/api.w.org\/{rel}","templated":true}]}}