{"id":3485,"date":"2021-12-20T11:15:07","date_gmt":"2021-12-20T11:15:07","guid":{"rendered":"http:\/\/generizon.com\/uit-btp2-biogas-test-plant-standard-africa\/"},"modified":"2026-02-01T20:09:28","modified_gmt":"2026-02-01T20:09:28","slug":"uit-btp2-bmp-test-usine-essai-biogaz-methanisation-laboratoire-pilote-maroc","status":"publish","type":"page","link":"https:\/\/generizon.com\/fr\/uit-btp2-bmp-test-usine-essai-biogaz-methanisation-laboratoire-pilote-maroc\/","title":{"rendered":"test de potentiel biom\u00e9thane &#8211; BTP2 &#8211; l&#8217;usine d&#8217;essai de biogaz &#8211; bior\u00e9acteur de labo."},"content":{"rendered":"\n<h2 class=\"wp-block-heading\">UIT &#8211; biomethane potential test BTP &#8211; BMP test.<\/h2>\n\n\n\n<figure class=\"wp-block-image alignright size-full is-resized\"><img loading=\"lazy\" decoding=\"async\" width=\"650\" height=\"1500\" src=\"https:\/\/generizon.com\/wp-content\/uploads\/2026\/02\/btp2-uit-base-600-1500.png\" alt=\"UIT BTP2 base.\" class=\"wp-image-7367\" style=\"width:225px\" srcset=\"https:\/\/generizon.com\/wp-content\/uploads\/2026\/02\/btp2-uit-base-600-1500.png 650w, https:\/\/generizon.com\/wp-content\/uploads\/2026\/02\/btp2-uit-base-600-1500-130x300.png 130w, https:\/\/generizon.com\/wp-content\/uploads\/2026\/02\/btp2-uit-base-600-1500-444x1024.png 444w\" sizes=\"auto, (max-width: 650px) 100vw, 650px\" \/><figcaption class=\"wp-element-caption\">BTP2. r\u00e9acteurs bio-m\u00e9thanisation. des solutions standard et personnalis\u00e9es combin\u00e9es \u00e0 la flexibilit\u00e9 d&#8217;un syst\u00e8me modulaire.<\/figcaption><\/figure>\n\n\n\n<p>Les bior\u00e9acteurs et les \u00e9quipements d&#8217;essai de biogaz d&#8217;UIT Umwelt- und Ingenieurtechnik GmbH, partenaire de generizon, sont fabriqu\u00e9s \u00e0 Dresden, en Allemagne. UIT produit tous les syst\u00e8mes\/r\u00e9acteurs selon les normes de qualit\u00e9 les plus \u00e9lev\u00e9es et les exp\u00e9die \u00e0 ses clients dans le monde entier.<\/p>\n\n\n\n<p>L&#8217;usine pilote de biogaz\/m\u00e9thanisation BTP2 est le syst\u00e8me de base pour les tests de substrat et de potentiel de gaz de biom\u00e9thane. En outre, ce syst\u00e8me est parfaitement adapt\u00e9 au d\u00e9veloppement de produits (enzymes, nutriments) ou \u00e0 l&#8217;optimisation des processus. Ce syst\u00e8me se caract\u00e9rise par un \u00e9quipement de base \u00e9tendu, par exemple le SENSOcontrol ou des pompes optionnelles pour l&#8217;alimentation ou le contr\u00f4le du pH.<\/p>\n\n\n\n<p><strong>Caract\u00e9ristiques<\/strong> <strong>:<\/strong><\/p>\n\n\n\n<ul class=\"wp-block-list ul-border\">\n<li>R\u00e9acteur de m\u00e9thanisation en verre avec diff\u00e9rents volumes de travail.<\/li>\n\n\n\n<li>Fonctionnement continu avec alimentation AUTO du substrat.<\/li>\n\n\n\n<li>Chauffage \u00e9lectrique du bior\u00e9acteur.<\/li>\n\n\n\n<li>Agitateur \u00e0 deux niveaux avec arbre \u00e9tanche aux gaz.<\/li>\n\n\n\n<li>Sac \u00e0 gaz pour recueillir des \u00e9chantillons de biogaz.<\/li>\n\n\n\n<li>\u00c9quipements de mesure : quantit\u00e9 de biogaz, pH \/ Redox \/ temp\u00e9rature.<\/li>\n\n\n\n<li>SENSOcontrol avec \u00e9cran tactile.<\/li>\n<\/ul>\n\n\n\n<h2 class=\"wp-block-heading\">BTP2-analyseur &#8211; m\u00e9thaniseur pilote avec un analyseur de gaz.<\/h2>\n\n\n\n<p>L&#8217;installation pilote de biogaz BTP2-analyseur est la premi\u00e8re mise \u00e0 niveau du BTP2 et est utilis\u00e9e principalement dans la recherche ainsi que pour les tests pratiques de substrat ou de potentiel gazeux.<\/p>\n\n\n\n<p>Le BTP2-analyseur est une installation de test de biogaz standard avec une mesure de gaz suppl\u00e9mentaire (analyseur) pour mesurer les param\u00e8tres CH<sub>4<\/sub>, CO<sub>2<\/sub>, O<sub>2<\/sub>, H<sub>2<\/sub>S et plus. Contrairement au BTP2 contr\u00f4le, ce syst\u00e8me n&#8217;est pas extensible avec des r\u00e9acteurs suppl\u00e9mentaires, mais se caract\u00e9rise par un \u00e9quipement de base \u00e9tendu, comme le syst\u00e8me SENSOcontrol qui contr\u00f4le \u00e9galement l&#8217;analyseur de gaz et d\u00e9tecte automatiquement le param\u00e8tre de qualit\u00e9 du gaz, ou des pompes optionnelles pour l&#8217;alimentation ou le contr\u00f4le du pH.<\/p>\n\n\n\n<p>En outre, ce syst\u00e8me est parfaitement adapt\u00e9 \u00e0 la recherche, au d\u00e9veloppement de produits (enzymes, nutriments) ou \u00e0 l&#8217;optimisation des processus.<\/p>\n\n\n\n<p><strong>autres caract\u00e9ristiques<\/strong> <strong>:<\/strong><\/p>\n\n\n\n<ul class=\"wp-block-list ul-border\">\n<li>\u00c9quipement de mesure. quantit\u00e9 de gaz. pH \/ Redox \/ temp\u00e9rature. syst\u00e8me de mesure de la qualit\u00e9 du gaz (analyseur).<\/li>\n<\/ul>\n\n\n\n<h2 class=\"wp-block-heading\">BTP2-contr\u00f4le &#8211; teste du potentiel biom\u00e9thane &#8211; la recherche.<\/h2>\n\n\n\n<p>L&#8217;installation de bior\u00e9acteur enti\u00e8rement automatis\u00e9e BTP2-contr\u00f4le est utilis\u00e9e dans la recherche ainsi que pour des tests pratiques de potentiel en biom\u00e9thane (biomethane potential BMP) de substrat ou de gaz, le d\u00e9veloppement de produits (enzymes, nutriments) ou pour l&#8217;optimisation de processus. Ce syst\u00e8me est modulaire et \u00e9quip\u00e9 d&#8217;un module d&#8217;analyse de la qualit\u00e9 du gaz. Le volume et la qualit\u00e9 du gaz sont mesur\u00e9s simultan\u00e9ment et automatiquement pour chaque r\u00e9acteur.<\/p>\n\n\n\n<p>Le BTP2-contr\u00f4le est extensible, il est possible de connecter jusqu&#8217;\u00e0 dix r\u00e9acteurs avec un seul analyseur de qualit\u00e9 de gaz. Un ordinateur central combin\u00e9 \u00e0 une unit\u00e9 de multiplexage permet une proc\u00e9dure de test ind\u00e9pendante pour chaque r\u00e9acteur.&nbsp;<\/p>\n\n\n\n<p>UIT fournit des installations d&#8217;essai de r\u00e9acteur d&#8217;un volume de 2,5 litres \u00e0 1 500 litres, ou m\u00eame plus, avec diff\u00e9rentes gammes d&#8217;\u00e9quipements de mesure et de contr\u00f4le.<\/p>\n\n\n\n<figure class=\"wp-block-image alignright size-full is-resized\"><img loading=\"lazy\" decoding=\"async\" width=\"655\" height=\"500\" src=\"https:\/\/generizon.com\/wp-content\/uploads\/2021\/12\/UIT_Biogas_BTP-2-control_mT_web-x500.png\" alt=\"\" class=\"wp-image-3481\" style=\"width:491px\" srcset=\"https:\/\/generizon.com\/wp-content\/uploads\/2021\/12\/UIT_Biogas_BTP-2-control_mT_web-x500.png 655w, https:\/\/generizon.com\/wp-content\/uploads\/2021\/12\/UIT_Biogas_BTP-2-control_mT_web-x500-300x229.png 300w\" sizes=\"auto, (max-width: 655px) 100vw, 655px\" \/><figcaption class=\"wp-element-caption\">BTP2 contr\u00f4le, jusqu&#8217;\u00e0 10 installations de test de biogaz g\u00e9r\u00e9es par une unit\u00e9 de contr\u00f4le.<\/figcaption><\/figure>\n\n\n\n<p><strong><strong>Caract\u00e9ristiques suppl\u00e9mentaires :<\/strong><\/strong><\/p>\n\n\n\n<ul class=\"wp-block-list ul-border\">\n<li>Jusqu&#8217;\u00e0 10 bior\u00e9acteurs sur un seul syst\u00e8me de mesure de la qualit\u00e9 du gaz.<\/li>\n\n\n\n<li>R\u00e9acteur en verre avec diff\u00e9rents volumes de travail.<\/li>\n\n\n\n<li>Fonctionnement continu avec alimentation AUTO.<\/li>\n\n\n\n<li>Chauffage \u00e9lectrique.<\/li>\n\n\n\n<li>Refroidissement optionnel.<\/li>\n\n\n\n<li>Agitateur \u00e0 deux niveaux avec arbre \u00e9tanche aux gaz.<\/li>\n\n\n\n<li>Pompes de dosage pour le contr\u00f4le du pH.<\/li>\n\n\n\n<li>Sac \u00e0 gaz pour recueillir des \u00e9chantillons de gaz.<\/li>\n\n\n\n<li>\u00c9quipement de mesure. quantit\u00e9 de gaz. pH \/ Redox \/ LDO \/ temp\u00e9rature. syst\u00e8me de mesure de la qualit\u00e9 du gaz (analyseur).<\/li>\n\n\n\n<li>SENSOcontrol avec \u00e9cran tactile.<\/li>\n<\/ul>\n\n\n\n<h2 class=\"wp-block-heading\">SENSOcontrol &#8211; unit\u00e9 d&#8217;acquisition de donn\u00e9es et de contr\u00f4le.<\/h2>\n\n\n\n<p>Le syst\u00e8me d&#8217;automatisation universel SENSOcontrol est utilis\u00e9 pour les applications d&#8217;acquisition de donn\u00e9es et la commande des unit\u00e9s (pompes, m\u00e9langeur) dans l&#8217;installation d&#8217;essai. Un \u00e9cran tactile intuitif est int\u00e9gr\u00e9 pour une configuration conviviale des param\u00e8tres et une visualisation en temps r\u00e9el des donn\u00e9es mesur\u00e9es.<\/p>\n\n\n\n<p>Le volume et la qualit\u00e9 du gaz sont mesur\u00e9s simultan\u00e9ment et automatiquement pour chaque r\u00e9acteur.<\/p>\n\n\n\n<h2 class=\"wp-block-heading\">Des accessoires et compl\u00e9ments.<\/h2>\n\n\n\n<ul class=\"wp-block-list ul-border\">\n<li>Des installations d&#8217;essai pour des exp\u00e9riences dans des conditions st\u00e9riles.<\/li>\n\n\n\n<li>Pompes \u00e0 vis excentr\u00e9e adapt\u00e9es \u00e0 de plus grandes quantit\u00e9s et tailles de particules.<\/li>\n\n\n\n<li>De nombreux autres compl\u00e9ments sont possibles, pour vos applications sp\u00e9ciales.<\/li>\n<\/ul>\n\n\n\n<div class=\"wp-block-columns is-layout-flex wp-container-core-columns-is-layout-28f84493 wp-block-columns-is-layout-flex\">\n<div class=\"wp-block-column is-layout-flow wp-block-column-is-layout-flow\" style=\"flex-basis:33.33%\">\n<figure class=\"wp-block-image aligncenter size-full is-resized\"><img loading=\"lazy\" decoding=\"async\" width=\"263\" height=\"500\" src=\"https:\/\/generizon.com\/wp-content\/uploads\/2021\/12\/btp2-uit-analyser-x500.png\" alt=\"UIT. BTP2 analyzer.\" class=\"wp-image-3472\" style=\"width:197px\" srcset=\"https:\/\/generizon.com\/wp-content\/uploads\/2021\/12\/btp2-uit-analyser-x500.png 263w, https:\/\/generizon.com\/wp-content\/uploads\/2021\/12\/btp2-uit-analyser-x500-158x300.png 158w\" sizes=\"auto, (max-width: 263px) 100vw, 263px\" \/><figcaption class=\"wp-element-caption\">UIT. BTP2-analyseur.<\/figcaption><\/figure>\n<\/div>\n\n\n\n<div class=\"wp-block-column is-layout-flow wp-block-column-is-layout-flow\" style=\"flex-basis:66.66%\">\n<figure class=\"wp-block-image aligncenter size-full is-resized\"><img loading=\"lazy\" decoding=\"async\" width=\"658\" height=\"500\" src=\"https:\/\/generizon.com\/wp-content\/uploads\/2021\/12\/uit-plant-eccentric-screw-pumps-x500.png\" alt=\"UIT. BTP2 with eccentric screw pumps.\" class=\"wp-image-3470\" style=\"width:494px\" srcset=\"https:\/\/generizon.com\/wp-content\/uploads\/2021\/12\/uit-plant-eccentric-screw-pumps-x500.png 658w, https:\/\/generizon.com\/wp-content\/uploads\/2021\/12\/uit-plant-eccentric-screw-pumps-x500-300x228.png 300w\" sizes=\"auto, (max-width: 658px) 100vw, 658px\" \/><figcaption class=\"wp-element-caption\">UIT. BTP2 avec pompes \u00e0 vis excentriques.<\/figcaption><\/figure>\n<\/div>\n<\/div>\n\n\n\n<div class=\"wp-block-columns is-layout-flex wp-container-core-columns-is-layout-28f84493 wp-block-columns-is-layout-flex\">\n<div class=\"wp-block-column is-layout-flow wp-block-column-is-layout-flow\">\n<figure class=\"wp-block-image aligncenter size-full is-resized\"><img loading=\"lazy\" decoding=\"async\" width=\"320\" height=\"375\" src=\"https:\/\/generizon.com\/wp-content\/uploads\/2025\/03\/btp2-400-375h.png\" alt=\"\" class=\"wp-image-5278\" style=\"width:auto;height:375px\" srcset=\"https:\/\/generizon.com\/wp-content\/uploads\/2025\/03\/btp2-400-375h.png 320w, https:\/\/generizon.com\/wp-content\/uploads\/2025\/03\/btp2-400-375h-256x300.png 256w\" sizes=\"auto, (max-width: 320px) 100vw, 320px\" \/><figcaption class=\"wp-element-caption\">BTP2-400l. analyzer.<\/figcaption><\/figure>\n<\/div>\n\n\n\n<div class=\"wp-block-column is-layout-flow wp-block-column-is-layout-flow\">\n<figure class=\"wp-block-image aligncenter size-full is-resized\"><img loading=\"lazy\" decoding=\"async\" width=\"291\" height=\"375\" src=\"https:\/\/generizon.com\/wp-content\/uploads\/2025\/03\/btp2-400i-375.png\" alt=\"\" class=\"wp-image-5280\" style=\"width:auto;height:375px\" srcset=\"https:\/\/generizon.com\/wp-content\/uploads\/2025\/03\/btp2-400i-375.png 291w, https:\/\/generizon.com\/wp-content\/uploads\/2025\/03\/btp2-400i-375-233x300.png 233w\" sizes=\"auto, (max-width: 291px) 100vw, 291px\" \/><figcaption class=\"wp-element-caption\">BTP2-400l. mixeur et chauffage. <\/figcaption><\/figure>\n<\/div>\n\n\n\n<div class=\"wp-block-column is-layout-flow wp-block-column-is-layout-flow\">\n<figure class=\"wp-block-image aligncenter size-full is-resized\"><img loading=\"lazy\" decoding=\"async\" width=\"187\" height=\"375\" src=\"https:\/\/generizon.com\/wp-content\/uploads\/2025\/03\/btp2-grand-taille-375.png\" alt=\"\" class=\"wp-image-5282\" style=\"width:auto;height:375px\" srcset=\"https:\/\/generizon.com\/wp-content\/uploads\/2025\/03\/btp2-grand-taille-375.png 187w, https:\/\/generizon.com\/wp-content\/uploads\/2025\/03\/btp2-grand-taille-375-150x300.png 150w\" sizes=\"auto, (max-width: 187px) 100vw, 187px\" \/><figcaption class=\"wp-element-caption\">tout taille.<\/figcaption><\/figure>\n<\/div>\n<\/div>\n\n\n\n<div class=\"wp-block-columns are-vertically-aligned-center is-layout-flex wp-container-core-columns-is-layout-28f84493 wp-block-columns-is-layout-flex\">\n<div class=\"wp-block-column is-layout-flow wp-block-column-is-layout-flow\" style=\"flex-basis:33.33%\">\n<figure class=\"wp-block-image aligncenter size-full is-resized\"><img loading=\"lazy\" decoding=\"async\" width=\"364\" height=\"500\" src=\"https:\/\/generizon.com\/wp-content\/uploads\/2021\/12\/btp2-with-pump-rack-x500.png\" alt=\"UIT. BTP2 with pumps rack.\" class=\"wp-image-3474\" style=\"width:273px\" srcset=\"https:\/\/generizon.com\/wp-content\/uploads\/2021\/12\/btp2-with-pump-rack-x500.png 364w, https:\/\/generizon.com\/wp-content\/uploads\/2021\/12\/btp2-with-pump-rack-x500-218x300.png 218w\" sizes=\"auto, (max-width: 364px) 100vw, 364px\" \/><figcaption class=\"wp-element-caption\">UIT. BTP2 avec support de pompes.<\/figcaption><\/figure>\n<\/div>\n\n\n\n<div class=\"wp-block-column is-layout-flow wp-block-column-is-layout-flow\" style=\"flex-basis:66.66%\">\n<figure class=\"wp-block-image aligncenter size-full is-resized\"><img loading=\"lazy\" decoding=\"async\" width=\"734\" height=\"500\" src=\"https:\/\/generizon.com\/wp-content\/uploads\/2021\/12\/BTP2-big-x500.png\" alt=\"UIT. BTP-1000. \" class=\"wp-image-3476\" style=\"width:551px\" srcset=\"https:\/\/generizon.com\/wp-content\/uploads\/2021\/12\/BTP2-big-x500.png 734w, https:\/\/generizon.com\/wp-content\/uploads\/2021\/12\/BTP2-big-x500-300x204.png 300w\" sizes=\"auto, (max-width: 734px) 100vw, 734px\" \/><figcaption class=\"wp-element-caption\">BTP r\u00e9acteurs sont disponibles dans les diff\u00e9rentes tailles jusqu&#8217;\u00e0 1000 litres.<\/figcaption><\/figure>\n<\/div>\n<\/div>\n\n\n\n<h2 class=\"wp-block-heading\">UIT &#8211; BTP2 en r\u00e9sum\u00e9.<\/h2>\n\n\n\n<figure class=\"wp-block-image alignright size-medium no-border\"><img loading=\"lazy\" decoding=\"async\" width=\"300\" height=\"194\" src=\"https:\/\/generizon.com\/wp-content\/uploads\/2026\/01\/uit-logo-new-big-600-388-300x194.png\" alt=\"UIT Logo\" class=\"wp-image-6795\" style=\"object-fit:cover\" srcset=\"https:\/\/generizon.com\/wp-content\/uploads\/2026\/01\/uit-logo-new-big-600-388-300x194.png 300w, https:\/\/generizon.com\/wp-content\/uploads\/2026\/01\/uit-logo-new-big-600-388.png 600w\" sizes=\"auto, (max-width: 300px) 100vw, 300px\" \/><figcaption class=\"wp-element-caption\">UIT, Dresden.<\/figcaption><\/figure>\n\n\n\n<ul class=\"wp-block-list ul-border\">\n<li>La r\u00e9f\u00e9rence pour les installations d&#8217;essai de biogaz en laboratoire et de la recherche universitaire.<\/li>\n\n\n\n<li>Une qualit\u00e9 de r\u00e9putation mondiale.<\/li>\n\n\n\n<li><a href=\"https:\/\/generizon.com\/download\/UIT_Biogas_testing_equipment_catalogue_V4.3.pdf\">UIT BTP2 t\u00e9l\u00e9chargement<\/a> du catalogue.<\/li>\n\n\n\n<li><a href=\"http:\/\/uit-gmbh.de\" target=\"_blank\" rel=\"noreferrer noopener\">UIT web<\/a>.<\/li>\n<\/ul>\n","protected":false},"excerpt":{"rendered":"<p>UIT &#8211; biomethane potential test BTP &#8211; BMP test. Les bior\u00e9acteurs et les \u00e9quipements d&#8217;essai de biogaz d&#8217;UIT Umwelt- und Ingenieurtechnik GmbH, partenaire de generizon, sont fabriqu\u00e9s \u00e0 Dresden, en Allemagne. UIT produit tous les syst\u00e8mes\/r\u00e9acteurs selon les normes de qualit\u00e9 les plus \u00e9lev\u00e9es et les exp\u00e9die \u00e0 ses clients dans le monde entier. L&#8217;usine [&hellip;]<\/p>\n","protected":false},"author":1,"featured_media":0,"parent":0,"menu_order":0,"comment_status":"closed","ping_status":"closed","template":"page-french","meta":{"_acf_changed":false,"footnotes":""},"class_list":["post-3485","page","type-page","status-publish","hentry"],"acf":[],"_links":{"self":[{"href":"https:\/\/generizon.com\/fr\/wp-json\/wp\/v2\/pages\/3485","targetHints":{"allow":["GET"]}}],"collection":[{"href":"https:\/\/generizon.com\/fr\/wp-json\/wp\/v2\/pages"}],"about":[{"href":"https:\/\/generizon.com\/fr\/wp-json\/wp\/v2\/types\/page"}],"author":[{"embeddable":true,"href":"https:\/\/generizon.com\/fr\/wp-json\/wp\/v2\/users\/1"}],"replies":[{"embeddable":true,"href":"https:\/\/generizon.com\/fr\/wp-json\/wp\/v2\/comments?post=3485"}],"version-history":[{"count":0,"href":"https:\/\/generizon.com\/fr\/wp-json\/wp\/v2\/pages\/3485\/revisions"}],"wp:attachment":[{"href":"https:\/\/generizon.com\/fr\/wp-json\/wp\/v2\/media?parent=3485"}],"curies":[{"name":"wp","href":"https:\/\/api.w.org\/{rel}","templated":true}]}}