{"id":3573,"date":"2022-08-27T19:05:17","date_gmt":"2022-08-27T19:05:17","guid":{"rendered":"http:\/\/generizon.com\/?page_id=3573"},"modified":"2026-02-28T23:16:52","modified_gmt":"2026-02-28T23:16:52","slug":"osmose-inverse-traitement-lixiviat-maroc-rotreat-hydreatio","status":"publish","type":"page","link":"https:\/\/generizon.com\/fr\/osmose-inverse-traitement-lixiviat-maroc-rotreat-hydreatio\/","title":{"rendered":"l&#8217;osmose inverse &#8211; le traitement du lixiviat."},"content":{"rendered":"\n<h2 class=\"wp-block-heading\">Hydreatio\/Rotreat.<\/h2>\n\n\n\n<figure class=\"wp-block-image alignright size-large is-resized\"><img loading=\"lazy\" decoding=\"async\" width=\"272\" height=\"1024\" src=\"https:\/\/generizon.com\/wp-content\/uploads\/2022\/08\/rotreat-tube-1-272x1024.png\" alt=\"\" class=\"wp-image-3612\" srcset=\"https:\/\/generizon.com\/wp-content\/uploads\/2022\/08\/rotreat-tube-1-272x1024.png 272w, https:\/\/generizon.com\/wp-content\/uploads\/2022\/08\/rotreat-tube-1-80x300.png 80w, https:\/\/generizon.com\/wp-content\/uploads\/2022\/08\/rotreat-tube-1.png 360w\" sizes=\"auto, (max-width: 272px) 100vw, 272px\" \/><figcaption class=\"wp-element-caption\">RCDT. radial channel disc tube module.<\/figcaption><\/figure>\n\n\n\n<p>Fond\u00e9e en 1993 et \u200b\u200bsp\u00e9cialis\u00e9e dans les syst\u00e8mes membranaires propri\u00e9taires pour le traitement des eaux us\u00e9es et des lixiviats, l&#8217;entreprise autrichienne Rotreat Abwasserreinigung GmbH est un partenaire de longue date de Generizon. Acquise par Hydreatio en 2023, la technologie phare de Rotreat, le module \u00e0 tubes \u00e0 disques radiaux (RCDT), un dispositif d&#8217;osmose innovant pour les eaux us\u00e9es, les lixiviats et les effluents industriels, demeure une offre cl\u00e9. Ce syst\u00e8me RCDT offre une alternative \u00e9conomique aux proc\u00e9d\u00e9s traditionnels de nitrification biologique. Hydreatio a int\u00e9gr\u00e9 la technologie de Rotreat \u00e0 ses propres services complets de traitement de l&#8217;eau.<\/p>\n\n\n\n<p>La technologie du module DT (module \u00e0 tubes \u00e0 disques), sur laquelle repose la technologie RCDT, est utilis\u00e9e avec succ\u00e8s depuis 1985 comme filtre membranaire pour le dessalement de l&#8217;eau de mer et depuis 1987 pour le traitement des eaux us\u00e9es, des lixiviats et de nombreux autres effluents industriels.<\/p>\n\n\n\n<h2 class=\"wp-block-heading no-clear\">de l&#8217;eau pure de n&#8217;importe quelle source \u00e0 n&#8217;importe quel endroit.<\/h2>\n\n\n\n<p>Le syst\u00e8me modulaire radial channel disc tube module (RCDT) est le produit le plus avanc\u00e9 techniquement dans la technologie des modules DT, qui a \u00e9t\u00e9 invent\u00e9 en tant que dispositif d&#8217;osmose inverse \u00e9conomique et efficace pour le traitement des eaux us\u00e9es (lixiviat) et de l&#8217;eau de la mer.<\/p>\n\n\n\n<p>L&#8217;installation d&#8217;osmose inverse est standardis\u00e9e et d\u00e9tach\u00e9e avec une capacit\u00e9 de 400 \u00e0 50 000 l\/h. La pression du syst\u00e8me de l&#8217;installation est g\u00e9n\u00e9ralement p= 90 bar.<\/p>\n\n\n\n<p>Les exp\u00e9riences se basent sur diff\u00e9rents osmoseurs (plus de 1600 syst\u00e8mes) avec diff\u00e9rents d\u00e9bit et avec des qualit\u00e9s d&#8217;eau diff\u00e9rentes. Ces usines sont positionn\u00e9es au niveau international. Rotreat a trait\u00e9 plus de 28 millions de m3 d&#8217;eaux us\u00e9es de mani\u00e8re \u00e9cologique et rentable au cours des 20 derni\u00e8res ann\u00e9es.&nbsp;<\/p>\n\n\n\n<p>La technologie RCDT est utilis\u00e9e dans les pays suivants : Autriche, Slov\u00e9nie, Finlande, Espagne, Portugal, Italie, Malte, Gr\u00e8ce, Turquie, Allemagne, Roumanie, Br\u00e9sil, R\u00e9publique tch\u00e8que, Chine, Cor\u00e9e du Sud, Tunisie, Mexique, \u00c9tats baltes, Hongrie, Croatie, Inde, Sri Lanka, la Russie et Australie.<\/p>\n\n\n\n<h2 class=\"wp-block-heading\">module de tube \u00e0 disque \u00e0 canal radial &#8211; radial channel disc tube module &#8211; RCDT.<\/h2>\n\n\n\n<p>Le module se compose d&#8217;un tube de pression et de disques hydrauliques qui sont maintenus par une tige de tension centrale. Des coussins de membrane octogonaux ou ronde se trouvent entre deux disques. Gr\u00e2ce \u00e0 cette construction sp\u00e9ciale, des canaux d&#8217;\u00e9coulement ouverts sont form\u00e9s entre les disques hydrauliques et les coussins de membrane o\u00f9 la solution brute se concentre. Les diff\u00e9rents canaux sont reli\u00e9s entre eux par des ouvertures dans les disques, qui sont dispos\u00e9es selon un sch\u00e9ma annulaire, de sorte que l&#8217;eau d&#8217;alimentation s&#8217;\u00e9coule radialement sur les coussins de membrane, alternativement de l&#8217;int\u00e9rieur vers l&#8217;ext\u00e9rieur.<\/p>\n\n\n\n<p>Le perm\u00e9at qui a \u00e9t\u00e9 s\u00e9par\u00e9 par la membrane, s&#8217;\u00e9coule sur l&#8217;int\u00e9rieur du coussin dans l&#8217;entretoise radialement vers l&#8217;int\u00e9rieur vers l&#8217;\u00e9gout central du perm\u00e9at et est dirig\u00e9 le long de la broche de serrage vers la bride de connexion du module. La s\u00e9paration du concentr\u00e9 et du perm\u00e9at se fait entre le disque hydraulique et le coussin de la membrane.<\/p>\n\n\n\n<p>L&#8217;osmose inverse RCDT fonctionne \u00e0 90 bar. De plus, Rotreat propose une offre sp\u00e9ciale haute pression technique jusqu&#8217;\u00e0 une pression de service de 160 bars, un taux de r\u00e9cup\u00e9ration jusqu&#8217;\u00e0 90% est possible. L&#8217;osmose inverse permet la s\u00e9paration des substances de faible poids mol\u00e9culaire et des sels inorganiques.<\/p>\n\n\n\n<p><strong>La production de membrane et de module est selon les normes ISO 9001.<\/strong><\/p>\n\n\n\n<h2 class=\"wp-block-heading\">syst\u00e8mes modulaires de traitement des lixiviats de d\u00e9charge.<\/h2>\n\n\n\n<p>Les syst\u00e8mes de traitement des lixiviats de d\u00e9charge sont con\u00e7us sur mesure en fonction des demandes du client et des sp\u00e9cificit\u00e9s des lixiviats. Il existe quatre installations modulaires standards, qui peuvent traiter des volumes de lixiviat allant de 0,5 m\u00b3\/h \u00e0 15 m\u00b3\/h, ils constituent la base du syst\u00e8me.<\/p>\n\n\n\n<figure class=\"wp-block-image alignright size-medium\"><img loading=\"lazy\" decoding=\"async\" width=\"300\" height=\"157\" src=\"https:\/\/generizon.com\/wp-content\/uploads\/2022\/08\/rotreat-ro-disc-300x157.png\" alt=\"Membrane Disc\" class=\"wp-image-3579\" srcset=\"https:\/\/generizon.com\/wp-content\/uploads\/2022\/08\/rotreat-ro-disc-300x157.png 300w, https:\/\/generizon.com\/wp-content\/uploads\/2022\/08\/rotreat-ro-disc.png 718w\" sizes=\"auto, (max-width: 300px) 100vw, 300px\" \/><figcaption class=\"wp-element-caption\">membrane Rotreat d&#8217;osmose inverse.<\/figcaption><\/figure>\n\n\n\n<p>La conception modulaire du syst\u00e8me permet \u00e9galement de construire des installations pour des volumes d&#8217;eau us\u00e9e (lixiviats) plus importants.<\/p>\n\n\n\n<p>Pour augmenter le rendement du perm\u00e9at (= minimisation des concentr\u00e9s \u00e0 \u00e9liminer), des \u00e9tages de concentration avec une technologie haute pression jusqu&#8217;\u00e0 160 bar sont propos\u00e9s.<\/p>\n\n\n\n<p>La consommation d&#8217;\u00e9nergie, 6 &#8211; 8 kWh\/m\u00b3 de lixiviat (eaux us\u00e9es), est tr\u00e8s faible par rapport aux autres syst\u00e8mes de traitement. Les syst\u00e8mes de multi-traitements peuvent atteindre jusqu&#8217;\u00e0 60 kWh\/m\u00b3 et m\u00eame plus (ex : \u00e9vaporation).<\/p>\n\n\n\n<div class=\"wp-block-group has-global-padding is-layout-constrained wp-block-group-is-layout-constrained\" style=\"border-style:none;border-width:0px\">\n<div class=\"wp-block-themepunch-revslider revslider utube-border\" data-modal=\"false\" data-slidertitle=\"video-16-9-leachate-spain\" style=\"\">\n\t\t\t\t<p class=\"rs-p-wp-fix\"><\/p>\n\t\t\t\t<sr7-module data-alias=\"video-16-9-leachate-spain\" data-id=\"41\" id=\"SR7_41_1\" data-version=\"6.7.53\">\n\t\t\t\t\t<sr7-adjuster><\/sr7-adjuster>\n\t\t\t\t\t<sr7-content>\n\t\t\t\t\t\t<sr7-slide id=\"SR7_41_1-155\" data-key=\"155\">\n\t\t\t\t\t\t<\/sr7-slide>\n\t\t\t\t\t\t<sr7-slide id=\"SR7_41_1-205\" data-key=\"205\">\n\t\t\t\t\t\t<\/sr7-slide>\n\t\t\t\t\t<\/sr7-content>\n\t\t\t\t<\/sr7-module>\n\t\t\t\t<script>\n\t\t\t\t\twindow.SR7 ??={};SR7.PMH ??={}; SR7.PMH[\"SR7_41_1\"] = {cn:100,state:false,fn: function() { if (window._tpt!==undefined && window._tpt.prepareModuleHeight !== undefined) {  _tpt.prepareModuleHeight({id:\"SR7_41_1\",el:[700],type:'standard',shdw:'0',gh:[700],gw:[1240],vpt:['-200px'],size:{fullWidth:false, fullHeight:false},mh:'0',onh:0,onw:0,bg:{color:'#0e1331'}});   SR7.PMH[\"SR7_41_1\"].state=true;} else if(SR7.PMH[\"SR7_41_1\"].cn-->0)\tsetTimeout( SR7.PMH[\"SR7_41_1\"].fn,19);}};SR7.PMH[\"SR7_41_1\" ].fn();\n\t\t\t\t<\/script>\n<\/div>\n<\/div>\n\n\n\n<h2 class=\"wp-block-heading\">domaines d\u2019applications.<\/h2>\n\n\n\n<ul class=\"wp-block-list ul-border\">\n<li>Purification des lixiviats de d\u00e9charge.<\/li>\n\n\n\n<li>Effluent de l&#8217;industrie pharmaceutique.<\/li>\n\n\n\n<li>Purification des eaux us\u00e9es industrielles.<\/li>\n\n\n\n<li>Dessalement d&#8217;eau de mer pour la production d&#8217;eau potable.<\/li>\n\n\n\n<li>Traitement de rejet de l&#8217;osmose inverse \u00e0 spirale.<\/li>\n\n\n\n<li>Traitement des effluents de l&#8217;industrie textile et du proc\u00e9d\u00e9 de teinture.<\/li>\n\n\n\n<li>Traitement des effluents de la tannerie.<\/li>\n\n\n\n<li>Traitement des eaux us\u00e9es des distilleries.<\/li>\n\n\n\n<li>Traitement des eaux us\u00e9es des mines.<\/li>\n\n\n\n<li>Filtration membranaire pour le traitement des eaux us\u00e9es communales.<\/li>\n<\/ul>\n\n\n\n<div class=\"wp-block-columns is-layout-flex wp-container-core-columns-is-layout-28f84493 wp-block-columns-is-layout-flex\">\n<div class=\"wp-block-column is-layout-flow wp-block-column-is-layout-flow\">\n<figure class=\"wp-block-image size-full\"><img loading=\"lazy\" decoding=\"async\" width=\"900\" height=\"600\" src=\"https:\/\/generizon.com\/wp-content\/uploads\/2022\/08\/rotreat-inside-leachate-serbia-3-2.png\" alt=\"\" class=\"wp-image-3590\" srcset=\"https:\/\/generizon.com\/wp-content\/uploads\/2022\/08\/rotreat-inside-leachate-serbia-3-2.png 900w, https:\/\/generizon.com\/wp-content\/uploads\/2022\/08\/rotreat-inside-leachate-serbia-3-2-300x200.png 300w, https:\/\/generizon.com\/wp-content\/uploads\/2022\/08\/rotreat-inside-leachate-serbia-3-2-768x512.png 768w\" sizes=\"auto, (max-width: 900px) 100vw, 900px\" \/><figcaption class=\"wp-element-caption\">traitement du lixiviat. 170 m3\/jour. la Romanie.<\/figcaption><\/figure>\n<\/div>\n\n\n\n<div class=\"wp-block-column is-layout-flow wp-block-column-is-layout-flow\">\n<figure class=\"wp-block-image size-full\"><img loading=\"lazy\" decoding=\"async\" width=\"900\" height=\"600\" src=\"https:\/\/generizon.com\/wp-content\/uploads\/2022\/08\/rotreat-pharmacy-waste-3-2.png\" alt=\"\" class=\"wp-image-3592\" srcset=\"https:\/\/generizon.com\/wp-content\/uploads\/2022\/08\/rotreat-pharmacy-waste-3-2.png 900w, https:\/\/generizon.com\/wp-content\/uploads\/2022\/08\/rotreat-pharmacy-waste-3-2-300x200.png 300w, https:\/\/generizon.com\/wp-content\/uploads\/2022\/08\/rotreat-pharmacy-waste-3-2-768x512.png 768w\" sizes=\"auto, (max-width: 900px) 100vw, 900px\" \/><figcaption class=\"wp-element-caption\">eaux us\u00e9es pharmacie. 144 m3\/jour. l&#8217;Inde.<\/figcaption><\/figure>\n<\/div>\n\n\n\n<div class=\"wp-block-column is-layout-flow wp-block-column-is-layout-flow\">\n<figure class=\"wp-block-image size-full\"><img loading=\"lazy\" decoding=\"async\" width=\"900\" height=\"600\" src=\"https:\/\/generizon.com\/wp-content\/uploads\/2022\/08\/rotreat-spain-copper-mine-3-2.png\" alt=\"\" class=\"wp-image-3620\" srcset=\"https:\/\/generizon.com\/wp-content\/uploads\/2022\/08\/rotreat-spain-copper-mine-3-2.png 900w, https:\/\/generizon.com\/wp-content\/uploads\/2022\/08\/rotreat-spain-copper-mine-3-2-300x200.png 300w, https:\/\/generizon.com\/wp-content\/uploads\/2022\/08\/rotreat-spain-copper-mine-3-2-768x512.png 768w\" sizes=\"auto, (max-width: 900px) 100vw, 900px\" \/><figcaption class=\"wp-element-caption\">mine de cuivre. l&#8217;Espagne. 3800 m3\/jour. surface membranaire 10000 m2. r\u00e9cup\u00e9ration 95%.<\/figcaption><\/figure>\n<\/div>\n<\/div>\n\n\n\n<div class=\"wp-block-columns is-layout-flex wp-container-core-columns-is-layout-28f84493 wp-block-columns-is-layout-flex\">\n<div class=\"wp-block-column is-layout-flow wp-block-column-is-layout-flow\">\n<figure class=\"wp-block-image size-full\"><img loading=\"lazy\" decoding=\"async\" width=\"650\" height=\"433\" src=\"https:\/\/generizon.com\/wp-content\/uploads\/2022\/08\/rotreat-containers-plant-spain-leachate-3-2.png\" alt=\"\" class=\"wp-image-3614\" srcset=\"https:\/\/generizon.com\/wp-content\/uploads\/2022\/08\/rotreat-containers-plant-spain-leachate-3-2.png 650w, https:\/\/generizon.com\/wp-content\/uploads\/2022\/08\/rotreat-containers-plant-spain-leachate-3-2-300x200.png 300w\" sizes=\"auto, (max-width: 650px) 100vw, 650px\" \/><figcaption class=\"wp-element-caption\">lixiviat. 600 m3\/jour. l&#8217;Espagne.<\/figcaption><\/figure>\n<\/div>\n\n\n\n<div class=\"wp-block-column is-layout-flow wp-block-column-is-layout-flow\">\n<figure class=\"wp-block-image size-large\"><img loading=\"lazy\" decoding=\"async\" width=\"1024\" height=\"683\" src=\"https:\/\/generizon.com\/wp-content\/uploads\/2022\/08\/rotreat-high-pressure-pump-3-2-1024x683.png\" alt=\"\" class=\"wp-image-3616\" srcset=\"https:\/\/generizon.com\/wp-content\/uploads\/2022\/08\/rotreat-high-pressure-pump-3-2-1024x683.png 1024w, https:\/\/generizon.com\/wp-content\/uploads\/2022\/08\/rotreat-high-pressure-pump-3-2-300x200.png 300w, https:\/\/generizon.com\/wp-content\/uploads\/2022\/08\/rotreat-high-pressure-pump-3-2-768x512.png 768w, https:\/\/generizon.com\/wp-content\/uploads\/2022\/08\/rotreat-high-pressure-pump-3-2.png 1300w\" sizes=\"auto, (max-width: 1024px) 100vw, 1024px\" \/><figcaption class=\"wp-element-caption\">la pompe \u00e0 membrane haute pression \u00e0 transmission directe.<br>faible service. haute disponibilit\u00e9.<\/figcaption><\/figure>\n<\/div>\n\n\n\n<div class=\"wp-block-column is-layout-flow wp-block-column-is-layout-flow\">\n<figure class=\"wp-block-image size-large\"><img loading=\"lazy\" decoding=\"async\" width=\"1024\" height=\"683\" src=\"https:\/\/generizon.com\/wp-content\/uploads\/2022\/08\/rotreat-leachate-permeat-3-2-1024x683.png\" alt=\"\" class=\"wp-image-3618\" srcset=\"https:\/\/generizon.com\/wp-content\/uploads\/2022\/08\/rotreat-leachate-permeat-3-2-1024x683.png 1024w, https:\/\/generizon.com\/wp-content\/uploads\/2022\/08\/rotreat-leachate-permeat-3-2-300x200.png 300w, https:\/\/generizon.com\/wp-content\/uploads\/2022\/08\/rotreat-leachate-permeat-3-2-768x512.png 768w, https:\/\/generizon.com\/wp-content\/uploads\/2022\/08\/rotreat-leachate-permeat-3-2.png 1300w\" sizes=\"auto, (max-width: 1024px) 100vw, 1024px\" \/><figcaption class=\"wp-element-caption\">perm\u00e9at. lixiviat.<\/figcaption><\/figure>\n<\/div>\n<\/div>\n\n\n\n<h2 class=\"wp-block-heading\">pr\u00e9traitement et post-traitement.<\/h2>\n\n\n\n<p>Un traitement complet des eaux us\u00e9es n\u00e9cessite une compr\u00e9hension approfondie des caract\u00e9ristiques et de la composition de l&#8217;influent. Si la connaissance de param\u00e8tres tels que la conductivit\u00e9, la demande chimique en oxyg\u00e8ne (DCO), la demande biochimique en oxyg\u00e8ne (DBO) et la pr\u00e9sence de m\u00e9taux, d&#8217;huiles et de sels est cruciale, il est tout aussi crucial de d\u00e9terminer les formes sp\u00e9cifiques sous lesquelles ces constituants existent. Cette connaissance d\u00e9taill\u00e9e est essentielle \u00e0 la conception efficace du proc\u00e9d\u00e9.<\/p>\n\n\n\n<p>\u00c0 cette fin, l&#8217;obtention d&#8217;un volume suffisant de lixiviat du bassin permet \u00e0 l&#8217;\u00e9quipe Hydreatio de r\u00e9aliser des tests approfondis de ses proc\u00e9d\u00e9s de traitement et de ses applications chimiques. Cette analyse pratique constitue la base d&#8217;une conception de syst\u00e8me sur mesure. Le processus de conception comprend plusieurs \u00e9tapes critiques&nbsp;:<\/p>\n\n\n\n<ol class=\"wp-block-list ol-big\">\n<li><strong>Conception du pr\u00e9traitement<\/strong> : Cette phase initiale se concentre sur la pr\u00e9paration du lixiviat pour la filtration ult\u00e9rieure. Elle comprend : * <strong>Coagulation<\/strong> : Introduction de produits chimiques pour d\u00e9stabiliser les particules en suspension, favorisant leur agr\u00e9gation. * <strong>Floculation<\/strong> : Agr\u00e9gation suppl\u00e9mentaire des particules d\u00e9stabilis\u00e9es en flocs plus gros et plus faciles \u00e0 \u00e9liminer. * <strong>S\u00e9dimentation<\/strong> : Permettre aux solides plus lourds de se d\u00e9poser hors de la phase liquide. * <strong>Pr\u00e9filtration<\/strong> : \u00c9limination des solides plus gros par filtration grossi\u00e8re. <\/li>\n\n\n\n<li><strong>Conception de l&#8217;\u00e9l\u00e9ment de filtration principal<\/strong> : Cette \u00e9tape implique la s\u00e9lection et la configuration des technologies de filtration membranaire appropri\u00e9es : * <strong>Microfiltration<\/strong> (MF) : \u00c9limination des solides en suspension et des bact\u00e9ries plus grosses. * <strong>Ultrafiltration<\/strong> (UF) : \u00c9limination des particules plus petites, y compris les virus et les macromol\u00e9cules. * <strong>Nanofiltration<\/strong> (NF) : \u00c9limination des ions multivalents et de certains compos\u00e9s organiques. * <strong>Osmose inverse<\/strong> (RO) : \u00c9limination des sels dissous et de la plupart des contaminants restants, produisant de l&#8217;eau de haute puret\u00e9.<\/li>\n\n\n\n<li><strong>Conception d&#8217;une usine de stripping d&#8217;ammoniac<\/strong>&nbsp;: Si l&#8217;ammonium ([NH<sub>4<\/sub>]<sup>+<\/sup>) est pr\u00e9sent en concentrations importantes, une usine de stripping d&#8217;ammoniac (NH<sub>3<\/sub>) est con\u00e7ue pour l&#8217;\u00e9liminer. Cela implique g\u00e9n\u00e9ralement d&#8217;augmenter le pH et la temp\u00e9rature pour convertir l&#8217;ammonium en ammoniac gazeux, qui est ensuite \u00e9limin\u00e9 du liquide.<\/li>\n\n\n\n<li><strong>Conception post-traitement<\/strong> : Cette \u00e9tape finale porte sur la gestion du flux de d\u00e9chets concentr\u00e9s et le raffinement de l&#8217;eau trait\u00e9e : * Bacs de s\u00e9chage : Permettre aux d\u00e9chets concentr\u00e9s de s&#8217;\u00e9vaporer dans des bacs \u00e0 l&#8217;air libre. * S\u00e9chage solaire thermique : Utiliser l&#8217;\u00e9nergie solaire pour acc\u00e9l\u00e9rer le processus d&#8217;\u00e9vaporation. * Condenseur : Capture et condensation de la vapeur d&#8217;eau \u00e9vapor\u00e9e. * Refroidisseur : R\u00e9duire la temp\u00e9rature de l&#8217;eau trait\u00e9e, si n\u00e9cessaire, pour r\u00e9pondre aux exigences de rejet ou de r\u00e9utilisation.<\/li>\n<\/ol>\n\n\n\n<h2 class=\"wp-block-heading\">le conteneur pilot &#8211; la station d&#8217;essai.<\/h2>\n\n\n\n<p>Les tests sont g\u00e9n\u00e9ralement effectu\u00e9s par une installation mobile \u00e0 grande \u00e9chelle de faible capacit\u00e9. Les tests via Rotreat comprennent la livraison de l&#8217;unit\u00e9, les installations, la configuration, le fonctionnement et le rapport de test, accompagnement afin d\u2019assurer un syst\u00e8me r\u00e9pondant \u00e0 des normes \u00e9lev\u00e9es et constantes.<\/p>\n\n\n\n<div class=\"wp-block-columns is-layout-flex wp-container-core-columns-is-layout-28f84493 wp-block-columns-is-layout-flex\">\n<div class=\"wp-block-column is-layout-flow wp-block-column-is-layout-flow\">\n<p><strong>pilote 60 m<sup>3<\/sup>\/jour.<\/strong><\/p>\n\n\n\n<figure class=\"wp-block-image size-full\"><img loading=\"lazy\" decoding=\"async\" width=\"900\" height=\"600\" src=\"https:\/\/generizon.com\/wp-content\/uploads\/2022\/08\/rotreat-test-60m3-d-32.jpg\" alt=\"\" class=\"wp-image-3583\" srcset=\"https:\/\/generizon.com\/wp-content\/uploads\/2022\/08\/rotreat-test-60m3-d-32.jpg 900w, https:\/\/generizon.com\/wp-content\/uploads\/2022\/08\/rotreat-test-60m3-d-32-300x200.jpg 300w, https:\/\/generizon.com\/wp-content\/uploads\/2022\/08\/rotreat-test-60m3-d-32-768x512.jpg 768w\" sizes=\"auto, (max-width: 900px) 100vw, 900px\" \/><figcaption class=\"wp-element-caption\">en conteneur. 60 m<sup>3<\/sup>\/jour.<\/figcaption><\/figure>\n<\/div>\n\n\n\n<div class=\"wp-block-column is-layout-flow wp-block-column-is-layout-flow\">\n<p><strong>unit\u00e9 d&#8217;essai. 1 m<sup>3<\/sup>\/jour.<\/strong><\/p>\n\n\n\n<figure class=\"wp-block-image size-full\"><img loading=\"lazy\" decoding=\"async\" width=\"900\" height=\"600\" src=\"https:\/\/generizon.com\/wp-content\/uploads\/2022\/08\/rotreat-Testunit_2-1m3-d-3-2.jpg\" alt=\"\" class=\"wp-image-3585\" srcset=\"https:\/\/generizon.com\/wp-content\/uploads\/2022\/08\/rotreat-Testunit_2-1m3-d-3-2.jpg 900w, https:\/\/generizon.com\/wp-content\/uploads\/2022\/08\/rotreat-Testunit_2-1m3-d-3-2-300x200.jpg 300w, https:\/\/generizon.com\/wp-content\/uploads\/2022\/08\/rotreat-Testunit_2-1m3-d-3-2-768x512.jpg 768w\" sizes=\"auto, (max-width: 900px) 100vw, 900px\" \/><figcaption class=\"wp-element-caption\">un seul tube RCDT.<\/figcaption><\/figure>\n<\/div>\n<\/div>\n\n\n\n<h2 class=\"wp-block-heading\">caract\u00e9ristiques.<\/h2>\n\n\n\n<ul class=\"wp-block-list ul-border\">\n<li>1-2 mois pour chaque site. d\u00e9charge.<\/li>\n\n\n\n<li>Tester plusieurs\/tous les points d&#8217;\u00e9chantillonnage.<\/li>\n\n\n\n<li>En m\u00eame temps analyser le lixiviat, le perm\u00e9at, le concentrat.<\/li>\n\n\n\n<li>Tester les limites de faisabilit\u00e9 de la technologie.<\/li>\n\n\n\n<li>Configurer l\u2019installation par la suite, l&#8217;adapter au contexte des lixiviats marocains.<\/li>\n\n\n\n<li>Dimensionnement puis proposition de l&#8217;unit\u00e9 \u00e0 l&#8217;\u00e9chelle industrielle, feuille de route pour l&#8217;ensemble des lixiviats d&#8217;un site.<\/li>\n\n\n\n<li>Travailler la proposition commerciale.<\/li>\n\n\n\n<li>Paiement par m\u00e8tre cube trait\u00e9.<\/li>\n\n\n\n<li>Par m\u00e8tre cube de l\u2019eau propre vendue \u00e0 la ville.<\/li>\n<\/ul>\n\n\n\n<h2 class=\"wp-block-heading\">Hydreatio\/Rotreat. dans un mot.<\/h2>\n\n\n\n<figure class=\"wp-block-image alignright size-full no-border\"><img loading=\"lazy\" decoding=\"async\" width=\"600\" height=\"200\" src=\"https:\/\/generizon.com\/wp-content\/uploads\/2026\/02\/rotreat-hydreatio-logo-600-200.png\" alt=\"Rotreat Logo\" class=\"wp-image-7303\" srcset=\"https:\/\/generizon.com\/wp-content\/uploads\/2026\/02\/rotreat-hydreatio-logo-600-200.png 600w, https:\/\/generizon.com\/wp-content\/uploads\/2026\/02\/rotreat-hydreatio-logo-600-200-300x100.png 300w\" sizes=\"auto, (max-width: 600px) 100vw, 600px\" \/><figcaption class=\"wp-element-caption\">Hydreatio. Seiersberg-Pirka. Austria.<\/figcaption><\/figure>\n\n\n\n<ul class=\"wp-block-list ul-border\">\n<li>La technologie RCDT purifie avec succ\u00e8s dans le monde entier les eaux us\u00e9es suivantes.<\/li>\n\n\n\n<li>Lixiviats de d\u00e9charge. 15 800 m3\/jour.<\/li>\n\n\n\n<li>Eaux us\u00e9es industrielles. 21 300 m3\/jour.<\/li>\n\n\n\n<li><a href=\"https:\/\/generizon.com\/download\/generizon-lixiviat-Rotreat-reverse-osmosis.pdf\" target=\"_blank\" rel=\"noreferrer noopener\">T\u00e9l\u00e9charger<\/a>.<\/li>\n\n\n\n<li><a href=\"https:\/\/rotreat.net\/\">Rotreat.net<\/a><\/li>\n\n\n\n<li><a href=\"https:\/\/hydreatio.com\/\">Hydreatio.com<\/a>.<\/li>\n<\/ul>\n\n\n\n<div style=\"height:10px\" aria-hidden=\"true\" class=\"wp-block-spacer\"><\/div>\n\n\n\n<div class=\"wp-block-group has-global-padding is-layout-constrained wp-container-core-group-is-layout-12243e0f wp-block-group-is-layout-constrained\">\n\t\t\t\t<p class=\"rs-p-wp-fix\"><\/p>\n\t\t\t\t<sr7-module data-alias=\"video-16-9-rotreat-video\" data-id=\"26\" id=\"SR7_26_2\" data-version=\"6.7.53\">\n\t\t\t\t\t<sr7-adjuster><\/sr7-adjuster>\n\t\t\t\t\t<sr7-content>\n\t\t\t\t\t\t<sr7-slide id=\"SR7_26_2-105\" data-key=\"105\">\n\t\t\t\t\t\t<\/sr7-slide>\n\t\t\t\t\t\t<sr7-slide id=\"SR7_26_2-190\" data-key=\"190\">\n\t\t\t\t\t\t<\/sr7-slide>\n\t\t\t\t\t<\/sr7-content>\n\t\t\t\t<\/sr7-module>\n\t\t\t\t<script>\n\t\t\t\t\twindow.SR7 ??={};SR7.PMH ??={}; SR7.PMH[\"SR7_26_2\"] = {cn:100,state:false,fn: function() { if (window._tpt!==undefined && window._tpt.prepareModuleHeight !== undefined) {  _tpt.prepareModuleHeight({id:\"SR7_26_2\",el:[700],type:'standard',shdw:'0',gh:[700],gw:[1240],vpt:['-200px'],size:{fullWidth:false, fullHeight:false},mh:'0',onh:0,onw:0,bg:{color:'transparent'}});   SR7.PMH[\"SR7_26_2\"].state=true;} else if(SR7.PMH[\"SR7_26_2\"].cn-->0)\tsetTimeout( SR7.PMH[\"SR7_26_2\"].fn,19);}};SR7.PMH[\"SR7_26_2\" ].fn();\n\t\t\t\t<\/script>\n\n<\/div>\n","protected":false},"excerpt":{"rendered":"<p>Hydreatio\/Rotreat. Fond\u00e9e en 1993 et \u200b\u200bsp\u00e9cialis\u00e9e dans les syst\u00e8mes membranaires propri\u00e9taires pour le traitement des eaux us\u00e9es et des lixiviats, l&#8217;entreprise autrichienne Rotreat Abwasserreinigung GmbH est un partenaire de longue date de Generizon. Acquise par Hydreatio en 2023, la technologie phare de Rotreat, le module \u00e0 tubes \u00e0 disques radiaux (RCDT), un dispositif d&#8217;osmose innovant [&hellip;]<\/p>\n","protected":false},"author":1,"featured_media":0,"parent":0,"menu_order":0,"comment_status":"closed","ping_status":"closed","template":"page-french","meta":{"_acf_changed":false,"footnotes":""},"class_list":["post-3573","page","type-page","status-publish","hentry"],"acf":[],"_links":{"self":[{"href":"https:\/\/generizon.com\/fr\/wp-json\/wp\/v2\/pages\/3573","targetHints":{"allow":["GET"]}}],"collection":[{"href":"https:\/\/generizon.com\/fr\/wp-json\/wp\/v2\/pages"}],"about":[{"href":"https:\/\/generizon.com\/fr\/wp-json\/wp\/v2\/types\/page"}],"author":[{"embeddable":true,"href":"https:\/\/generizon.com\/fr\/wp-json\/wp\/v2\/users\/1"}],"replies":[{"embeddable":true,"href":"https:\/\/generizon.com\/fr\/wp-json\/wp\/v2\/comments?post=3573"}],"version-history":[{"count":0,"href":"https:\/\/generizon.com\/fr\/wp-json\/wp\/v2\/pages\/3573\/revisions"}],"wp:attachment":[{"href":"https:\/\/generizon.com\/fr\/wp-json\/wp\/v2\/media?parent=3573"}],"curies":[{"name":"wp","href":"https:\/\/api.w.org\/{rel}","templated":true}]}}