{"id":372,"date":"2018-04-06T17:51:13","date_gmt":"2018-04-06T17:51:13","guid":{"rendered":"http:\/\/generizon.com\/?page_id=372"},"modified":"2026-03-01T09:49:22","modified_gmt":"2026-03-01T09:49:22","slug":"weltec-biopower-cstr-methanisation-biogaz-maroc-africa","status":"publish","type":"page","link":"https:\/\/generizon.com\/fr\/weltec-biopower-cstr-methanisation-biogaz-maroc-africa\/","title":{"rendered":"m\u00e9thanisation CSTR &#8211; Weltec Biopower."},"content":{"rendered":"\n<h2 class=\"wp-block-heading\">acier inoxydable &#8211; une exp\u00e9rience mondiale.<\/h2>\n\n\n\n<figure class=\"wp-block-image alignright size-medium wp-image-1110\"><img loading=\"lazy\" decoding=\"async\" width=\"300\" height=\"223\" src=\"https:\/\/generizon.com\/wp-content\/uploads\/2018\/04\/weltec-digester-steel-300x223.png\" alt=\"Digesteurs en acier inoxydable. WELTEC BIOPOWER.\" class=\"wp-image-1110\" srcset=\"https:\/\/generizon.com\/wp-content\/uploads\/2018\/04\/weltec-digester-steel-300x223.png 300w, https:\/\/generizon.com\/wp-content\/uploads\/2018\/04\/weltec-digester-steel-768x571.png 768w, https:\/\/generizon.com\/wp-content\/uploads\/2018\/04\/weltec-digester-steel-1024x762.png 1024w, https:\/\/generizon.com\/wp-content\/uploads\/2018\/04\/weltec-digester-steel.png 1316w\" sizes=\"auto, (max-width: 300px) 100vw, 300px\" \/><figcaption class=\"wp-element-caption\">digesteurs en acier inoxydable. Weltec Biopower.<\/figcaption><\/figure>\n\n\n\n<p>generizon propose des installations de digestion ana\u00e9robie cl\u00e9s en main, depuis la phase de conception et d&#8217;\u00e9tude jusqu&#8217;\u00e0 l&#8217;EPC et l&#8217;exploitation et la maintenance par la suite.<\/p>\n\n\n\n<p>generizon has a great and long partnership with Weltec Biopower GmbH, bas\u00e9e \u00e0 Vechta, qui fait partie des leaders mondiaux de la construction d\u2019installations de biom\u00e9thanisation en acier inoxydable. Depuis 2001, elle les planifie, les d\u00e9veloppe et les construit. Aujourd\u2019hui, la PME emploie environ 80 personnes et a \u00e9rig\u00e9 plus de 400 unit\u00e9s de production d\u2019\u00e9nergie dans 26 pays. Le r\u00e9seau de distribution et de service apr\u00e8s-vente s\u2019\u00e9tend sur les cinq continents. Des entreprises de gestion des d\u00e9chets et de l\u2019agro-alimentaire, de l\u2019agriculture et du traitement de l\u2019eau font partie de ses clients.<\/p>\n\n\n\n<p>Les forces de Weltec Biopower r\u00e9sident dans les solutions individuelles et techniquement \u00e9prouv\u00e9es, jusqu\u2019aux tailles d\u2019installations de dix m\u00e9gawatts. La proportion \u00e9lev\u00e9e de composants d\u00e9velopp\u00e9s en interne est un \u00e9l\u00e9ment central de son succ\u00e8s. L\u2019acier inoxydable comme mat\u00e9riau lui assure aussi une longueur d\u2019avance. Le mat\u00e9riau noble permet l\u2019utilisation de substrats tr\u00e8s vari\u00e9s, permet un montage rapide et simple, tout en assurant un standard de qualit\u00e9 \u00e9lev\u00e9, quelle que soit la localisation du site.<\/p>\n\n\n\n<p>Apr\u00e8s la mise en service de l\u2019installation de biom\u00e9thanisation, Weltec Biopower offre un soutien comp\u00e9tent gr\u00e2ce \u00e0 son \u00e9quipe de service apr\u00e8s-vente m\u00e9canique et biologique. Une disponibilit\u00e9 24\/7 et le laboratoire \u00e0 Vechta assurent la p\u00e9rennit\u00e9 et la rentabilit\u00e9 de l\u2019installation.<\/p>\n\n\n\n<p>generizon et Weltec Biopower planifient, livre et monte des installations de m\u00e9thanisation \u00e0 partir d&#8217;un mat\u00e9riau tr\u00e8s particulier : l\u2019acier inoxydable ou inox.<\/p>\n\n\n\n<p>L\u2019inox est une garantie de longue dur\u00e9e de vie, de puret\u00e9, de stabilit\u00e9 et ainsi de qualit\u00e9 particuli\u00e8rement \u00e9lev\u00e9e. Weltec Biopower construit ses digesteurs en acier inoxydable en raison de la teneur en sulfure d&#8217;hydrog\u00e8ne et en ammoniaque du biogaz, qui attaquent les \u00e9l\u00e9ments non prot\u00e9g\u00e9s.<\/p>\n\n\n\n<h2 class=\"wp-block-heading\">la diff\u00e9rence par la technique.<\/h2>\n\n\n\n<figure class=\"wp-block-image alignright size-medium wp-image-1111\"><img loading=\"lazy\" decoding=\"async\" width=\"300\" height=\"201\" src=\"https:\/\/generizon.com\/wp-content\/uploads\/2018\/04\/agitateur-axial-weltec-1-300x201.png\" alt=\"Inside a WELTEC digester.\" class=\"wp-image-1111\" srcset=\"https:\/\/generizon.com\/wp-content\/uploads\/2018\/04\/agitateur-axial-weltec-1-300x201.png 300w, https:\/\/generizon.com\/wp-content\/uploads\/2018\/04\/agitateur-axial-weltec-1-768x514.png 768w, https:\/\/generizon.com\/wp-content\/uploads\/2018\/04\/agitateur-axial-weltec-1.png 800w\" sizes=\"auto, (max-width: 300px) 100vw, 300px\" \/><figcaption class=\"wp-element-caption\">\u00e0 l&#8217;int\u00e9rieur d&#8217;un digesteur de Weltec Biopower.<\/figcaption><\/figure>\n\n\n\n<p>Les installations ont une structure modulaire. Weltec Biopower utilise uniquement des composants de syst\u00e8me \u00e9prouv\u00e9s et d\u00e9veloppe la plupart des technologies tout au long de la cha\u00eene de valeur en interne: technologie de digesteur, technologie de m\u00e9lange, technologie de contr\u00f4le, syst\u00e8mes d&#8217;hygi\u00e9nisation et solutions de traitement du digestat proviennent de l&#8217;entreprise.<\/p>\n\n\n\n<p>Avec des services complets, generizon et Weltec Biopower assurent la stabilit\u00e9 technique et \u00e9conomique des installations de biogaz. Le service de la cog\u00e9n\u00e9ration garantit une production stable, la supervision biologique assure une surveillance continue des param\u00e8tres pertinents et un repowering syst\u00e9matique garantit que l&#8217;installation de biogaz est toujours \u00e0 jour. Les op\u00e9rateurs peuvent choisir parmi une gamme de packages de services de diff\u00e9rents types et \u00e9tendues.<\/p>\n\n\n\n<p>L&#8217;un des principaux atouts de la coop\u00e9ration generizon\/Weltec Biopower est la capacit\u00e9 \u00e0 fournir des solutions individuelles et flexibles &#8211; des installations compactes aux grandes unit\u00e9s de plusieurs m\u00e9gawatts, des stations de traitement des d\u00e9chets et des parcs de biogaz avec technologie de traitement et s\u00e9paration du gaz.<\/p>\n\n\n\n<h2 class=\"wp-block-heading\">stations de traitement des d\u00e9chets organiques.<\/h2>\n\n\n\n<figure class=\"wp-block-image alignright size-medium wp-image-1109\"><img loading=\"lazy\" decoding=\"async\" width=\"300\" height=\"200\" src=\"https:\/\/generizon.com\/wp-content\/uploads\/2018\/04\/Industrie_Abfall_Fernbrook-300x200.jpg\" alt=\"Station de traitement des d\u00e9chets organiques. by WELTEC.\" class=\"wp-image-1109\" srcset=\"https:\/\/generizon.com\/wp-content\/uploads\/2018\/04\/Industrie_Abfall_Fernbrook-300x200.jpg 300w, https:\/\/generizon.com\/wp-content\/uploads\/2018\/04\/Industrie_Abfall_Fernbrook-768x512.jpg 768w, https:\/\/generizon.com\/wp-content\/uploads\/2018\/04\/Industrie_Abfall_Fernbrook.jpg 1000w\" sizes=\"auto, (max-width: 300px) 100vw, 300px\" \/><figcaption class=\"wp-element-caption\">station de traitement des d\u00e9chets organiques.<\/figcaption><\/figure>\n\n\n\n<p>generizon et Weltec Biopower con\u00e7oivent des installations de biom\u00e9thanisation pour les d\u00e9chets organiques. Le savoir-faire de la totalit\u00e9 des concepts affin\u00e9s est sollicit\u00e9 dans le monde entier. generizon et Weltec Biopower offrent en plus une importante mise en service et une aide \u00e0 l\u2019exploitant. L\u2019esprit tranquille, vous \u00eates ainsi en charge d\u2019une installation qui fonctionne d\u00e9j\u00e0 \u00e0 plein r\u00e9gime. A nos c\u00f4t\u00e9s, en tant que leader technologique, vous mettez vos tr\u00e9sors \u00e9nerg\u00e9tiques \u00e0 jour.<\/p>\n\n\n\n<h2 class=\"wp-block-heading clear\">Weltec &#8211; en bref.<\/h2>\n\n\n\n<figure class=\"wp-block-image alignright size-medium no-border\"><img loading=\"lazy\" decoding=\"async\" width=\"300\" height=\"102\" src=\"https:\/\/generizon.com\/wp-content\/uploads\/2020\/05\/weltec-logo--300x102.png\" alt=\"\" class=\"wp-image-2056\" srcset=\"https:\/\/generizon.com\/wp-content\/uploads\/2020\/05\/weltec-logo--300x102.png 300w, https:\/\/generizon.com\/wp-content\/uploads\/2020\/05\/weltec-logo--460x158.png 460w, https:\/\/generizon.com\/wp-content\/uploads\/2020\/05\/weltec-logo-.png 466w\" sizes=\"auto, (max-width: 300px) 100vw, 300px\" \/><figcaption class=\"wp-element-caption\">WELTEC Biopower. Vechta.<\/figcaption><\/figure>\n\n\n\n<ul class=\"wp-block-list ul-border\">\n<li>La biom\u00e9thanisation cl\u00e9 en main.<\/li>\n\n\n\n<li>La stations traitement des d\u00e9chets organiques.<\/li>\n\n\n\n<li>Le pionnier en aciers inoxydables.<\/li>\n\n\n\n<li>Le upgrading\/\u00e9puration\/s\u00e9paration du biogaz. bio-m\u00e9thane. CO<sub>2<\/sub> biog\u00e9nique industriel.<\/li>\n\n\n\n<li>Plus que 400 r\u00e9f\u00e9rences dans 26 pays.<\/li>\n\n\n\n<li>Individuel. flexible. \u00e9nergie 24\/7.<\/li>\n<\/ul>\n\n\n\n<div class=\"wp-block-group has-global-padding is-layout-constrained wp-block-group-is-layout-constrained\">\n<div class=\"wp-block-themepunch-revslider revslider utube-border\" data-modal=\"false\" data-slidertitle=\"video-weltec-hungary-new\" style=\"\">\n\t\t\t\t<p class=\"rs-p-wp-fix\"><\/p>\n\t\t\t\t<sr7-module data-alias=\"video-weltec-hungary-new\" data-id=\"70\" id=\"SR7_70_1\" class=\"rs-ov-hidden\" data-version=\"6.7.51\">\n\t\t\t\t\t<sr7-adjuster><\/sr7-adjuster>\n\t\t\t\t\t<sr7-content>\n\t\t\t\t\t\t<sr7-slide id=\"SR7_70_1-359\" data-key=\"359\">\n\t\t\t\t\t\t<\/sr7-slide>\n\t\t\t\t\t\t<sr7-slide id=\"SR7_70_1-360\" data-key=\"360\">\n\t\t\t\t\t\t<\/sr7-slide>\n\t\t\t\t\t<\/sr7-content>\n\t\t\t\t<\/sr7-module>\n\t\t\t\t<script>\n\t\t\t\t\twindow.SR7 ??={};SR7.PMH ??={}; SR7.PMH[\"SR7_70_1\"] = {cn:100,state:false,fn: function() { if (window._tpt!==undefined && window._tpt.prepareModuleHeight !== undefined) {  _tpt.prepareModuleHeight({id:\"SR7_70_1\",el:[700,700,768,960,720],type:'standard',shdw:'0',gh:[700,700,578,439,271],gw:[1240,1240,1024,778,480],vpt:['-100px'],size:{fullWidth:false, fullHeight:false},mh:'0',onh:0,onw:0,bg:{color:'{\"type\":\"solid\",\"orig\":\"#0e1331\",\"string\":\"rgba(14, 19, 49, 1)\"}'}});   SR7.PMH[\"SR7_70_1\"].state=true;} else if(SR7.PMH[\"SR7_70_1\"].cn-->0)\tsetTimeout( SR7.PMH[\"SR7_70_1\"].fn,19);}};SR7.PMH[\"SR7_70_1\" ].fn();\n\t\t\t\t<\/script>\n<\/div>\n<\/div>\n\n\n\n<p>Svp visitez le <a href=\"https:\/\/www.weltec-biogaz.fr\/\">site officiel de Weltec Biopower<\/a>, <a href=\"http:\/\/www.weltec-biogaz.fr\/references\/fiches-de-references.html\">fiches de r\u00e9f\u00e9rences<\/a>.<\/p>\n","protected":false},"excerpt":{"rendered":"<p>acier inoxydable &#8211; une exp\u00e9rience mondiale. generizon propose des installations de digestion ana\u00e9robie cl\u00e9s en main, depuis la phase de conception et d&#8217;\u00e9tude jusqu&#8217;\u00e0 l&#8217;EPC et l&#8217;exploitation et la maintenance par la suite. generizon has a great and long partnership with Weltec Biopower GmbH, bas\u00e9e \u00e0 Vechta, qui fait partie des leaders mondiaux de la [&hellip;]<\/p>\n","protected":false},"author":1,"featured_media":0,"parent":0,"menu_order":0,"comment_status":"closed","ping_status":"closed","template":"page-french","meta":{"_acf_changed":false,"footnotes":""},"class_list":["post-372","page","type-page","status-publish","hentry"],"acf":[],"_links":{"self":[{"href":"https:\/\/generizon.com\/fr\/wp-json\/wp\/v2\/pages\/372","targetHints":{"allow":["GET"]}}],"collection":[{"href":"https:\/\/generizon.com\/fr\/wp-json\/wp\/v2\/pages"}],"about":[{"href":"https:\/\/generizon.com\/fr\/wp-json\/wp\/v2\/types\/page"}],"author":[{"embeddable":true,"href":"https:\/\/generizon.com\/fr\/wp-json\/wp\/v2\/users\/1"}],"replies":[{"embeddable":true,"href":"https:\/\/generizon.com\/fr\/wp-json\/wp\/v2\/comments?post=372"}],"version-history":[{"count":0,"href":"https:\/\/generizon.com\/fr\/wp-json\/wp\/v2\/pages\/372\/revisions"}],"wp:attachment":[{"href":"https:\/\/generizon.com\/fr\/wp-json\/wp\/v2\/media?parent=372"}],"curies":[{"name":"wp","href":"https:\/\/api.w.org\/{rel}","templated":true}]}}