{"id":3806,"date":"2022-10-12T18:20:35","date_gmt":"2022-10-12T18:20:35","guid":{"rendered":"http:\/\/generizon.com\/morocco-hydrogen\/"},"modified":"2026-01-28T21:02:03","modified_gmt":"2026-01-28T21:02:03","slug":"maroc-hydrogene","status":"publish","type":"page","link":"https:\/\/generizon.com\/fr\/maroc-hydrogene\/","title":{"rendered":"Maroc hydrog\u00e8ne."},"content":{"rendered":"\n<h2 class=\"wp-block-heading\">H<sub>2<\/sub>. l&#8217;enjeux de l&#8217;hydrog\u00e8ne vert marocain. quelles sont les ambitions du Maroc ?<\/h2>\n\n\n\n<ul class=\"wp-block-list ul-border\">\n<li>Le Maroc allie comme par magie le potentiel des \u00e9nergies renouvelables et une proximit\u00e9 g\u00e9ographique avec le continent europ\u00e9en.<\/li>\n\n\n\n<li><strong>3 000 heures d&#8217;ensoleillement par an<\/strong>, soit plus de 5 kilowattheures par m\u00e8tre carr\u00e9 et par jour.<\/li>\n\n\n\n<li>L&#8217;\u00e9nergie \u00e9olienne avec un <strong>facteur de charge de plus de 70 %<\/strong> dans certaines r\u00e9gions.<\/li>\n\n\n\n<li><strong>Engagement gouvernemental et royal<\/strong> manifest\u00e9 dans la strat\u00e9gie nationale de d\u00e9veloppement durable SNDD, MASEN, IRESEN,&#8230;&nbsp;<\/li>\n\n\n\n<li>L&#8217;objectif fix\u00e9 d&#8217;augmenter la <strong>capacit\u00e9 install\u00e9e de production d&#8217;\u00e9lectricit\u00e9 renouvelable de 52% d&#8217;ici 2030<\/strong>.<\/li>\n\n\n\n<li>Les engagements ambitieux ont \u00e9t\u00e9 souscrit en mati\u00e8re de climat : Dans sa version CDN actualis\u00e9e de 2021, le Maroc vise une r\u00e9duction inconditionnelle des \u00e9missions de GES de 18,3 % par rapport au BAU \u00e0 l\u2019horizon 2030 et des r\u00e9ductions conditionnelles (en fonction d&#8217;un financement suppl\u00e9mentaire) de 45,5 % par rapport au BAU \u00e0 l&#8217;horizon 2030.<\/li>\n\n\n\n<li><strong>Commission nationale pour Power-to-X<\/strong> sous l&#8217;\u00e9gide du Minist\u00e8re de l&#8217;Energie, des Mines et de l&#8217;Environnement.<\/li>\n\n\n\n<li>En 2021, le gouvernement a publi\u00e9 la Feuille de Route pour l\u2019Hydrog\u00e8ne Vert.<\/li>\n\n\n\n<li>La <strong>proximit\u00e9 du Maroc avec l&#8217;Europe<\/strong>.<\/li>\n<\/ul>\n\n\n\n<figure class=\"wp-block-image alignright size-medium\"><img loading=\"lazy\" decoding=\"async\" width=\"300\" height=\"300\" src=\"https:\/\/generizon.com\/wp-content\/uploads\/2026\/01\/Wasserstoff-600-600-300x300.png\" alt=\"Wasserstoff\" class=\"wp-image-6857\" srcset=\"https:\/\/generizon.com\/wp-content\/uploads\/2026\/01\/Wasserstoff-600-600-300x300.png 300w, https:\/\/generizon.com\/wp-content\/uploads\/2026\/01\/Wasserstoff-600-600-150x150.png 150w, https:\/\/generizon.com\/wp-content\/uploads\/2026\/01\/Wasserstoff-600-600.png 600w\" sizes=\"auto, (max-width: 300px) 100vw, 300px\" \/><figcaption class=\"wp-element-caption\">hydrog\u00e8ne.<\/figcaption><\/figure>\n\n\n\n<p>D\u2019ici 2030 au Maroc, il devrait \u00eatre possible d&#8217;atteindre un prix de 1 EUR \/ kg d&#8217;hydrog\u00e8ne vert, ceci gr\u00e2ce aux progr\u00e8s de l&#8217;efficacit\u00e9 industrielle et aux \u00e9conomies d&#8217;\u00e9chelle r\u00e9alisables dans le domaine de l&#8217;\u00e9lectrolyse de l&#8217;eau (en raison de son adoption g\u00e9n\u00e9ralis\u00e9e), combin\u00e9s \u00e0 l&#8217;\u00e9lectricit\u00e9 solaire (provenant du d\u00e9sert) et \u00e9olienne moins co\u00fbteuses (10-20 EUR \/ MWh) (Wouters).<\/p>\n\n\n\n<p><strong>L&#8217;hydrog\u00e8ne vert, les objectifs par ordre d\u2019importance<\/strong> sont les suivants  :<\/p>\n\n\n\n<ol class=\"wp-block-list ol-big\">\n<li>Produire de l\u2019hydrog\u00e8ne vert et puis de l\u2019<strong>ammoniac<\/strong> (NH<sub>3<\/sub>, proc\u00e9d\u00e9 Haber-Bosch, fixation de l\u2019azote) pour la substitution des importations lourdes de l\u2019ammoniac (gris).<br>Le Maroc dispose d\u2019environ 75% des r\u00e9serves mondiales estim\u00e9es des roches et de mines de phosphate, il est le troisi\u00e8me plus grand producteur de phosphate, est un exportateur majeur de phosphate et d\u2019engrais, tandis que l&#8217;autre ingr\u00e9dient majeur dans la production d&#8217;engrais, \u00e0 savoir l&#8217;ammoniac, est actuellement enti\u00e8rement import\u00e9.<\/li>\n\n\n\n<li>Utiliser l&#8217;hydrog\u00e8ne dans un <strong>future r\u00e9seau de gaz naturel<\/strong> (le plan gazier du Maroc) m\u00e9lang\u00e9 au m\u00e9thane pour g\u00e9n\u00e9rer de la chaleur, et ainsi d\u00e9carboner les besoins en chaleur de l\u2019industrie marocaine.<\/li>\n\n\n\n<li>Utiliser l\u2019hydrog\u00e8ne pour d&#8217;autres <strong>besoins chimiques<\/strong>, comme du raffinage du p\u00e9trole, de la d\u00e9sulfuration, et d\u2019autres.<\/li>\n\n\n\n<li>Utiliser l\u2019hydrog\u00e8ne comme <strong>moyen de stockage et d&#8217;intermittence<\/strong>, pour re-produire de l\u2019\u00e9lectricit\u00e9 en cas de besoin, dans un r\u00e9seau \u00e9lectrique domin\u00e9 par les \u00e9nergies renouvelables, \u00e0 un moment o\u00f9 ces derni\u00e8res ne sont pas suffisamment disponibles, de fa\u00e7on flexible et d\u00e9centralis\u00e9e.<\/li>\n\n\n\n<li>La proximit\u00e9 avec le continent Europ\u00e9en fait du Maroc un partenaire strat\u00e9gique de premier plan. Plusieurs pays europ\u00e9ens, notamment l\u2019Allemagne, sont int\u00e9ress\u00e9s par le partenariat \u00e9nerg\u00e9tique de l\u2019hydrog\u00e8ne.<br>Le Maroc pourrait finalement <strong>devenir l\u2019un des principaux exportateurs d&#8217;hydrog\u00e8ne vert<\/strong> et de produits d\u00e9riv\u00e9s \u00ab le Power-to-X (PtX) \u00bb, destin\u00e9s \u00e0 l\u2019Europe, le Maroc se sent largement qualifi\u00e9 pour jouer ce r\u00f4le cl\u00e9\u200b.<\/li>\n\n\n\n<li>Utiliser l\u2019hydrog\u00e8ne pour des diff\u00e9rents aspects technologique de la mobilit\u00e9 durable, dans les voitures \u00e0 pile \u00e0 combustible int\u00e9gr\u00e9es dans le v\u00e9hicule.<\/li>\n\n\n\n<li>ou bien tous en m\u00eame temps&#8230;<\/li>\n<\/ol>\n\n\n\n<p>C&#8217;est plus que clair, le Maroc est l\u00e0 pour un grand plouf, c&#8217;est le si\u00e8cle du Maroc. La position g\u00e9ostrat\u00e9gique du Maroc aux portes de l&#8217;Afrique, entre les continents, avec une main ferme sur la politique et un agenda industriel et des \u00e9nergies renouvelables s\u00e9rieux au service de son \u00e9conomie \u00e9mergente, -tout cela fait du pays le partenaire europ\u00e9en id\u00e9al.<\/p>\n\n\n\n<p>Ici, nous pouvons produire les GigaWatts qui seront un jour export\u00e9s \u00e0 moindre co\u00fbt, et faire du Royaume une nation exportatrice de premier plan de la mol\u00e9cule.<\/p>\n\n\n\n<figure class=\"wp-block-image alignright size-medium\"><img loading=\"lazy\" decoding=\"async\" width=\"212\" height=\"300\" src=\"https:\/\/generizon.com\/wp-content\/uploads\/2026\/01\/Feuille-de-route-de-hydrogene-vert-212x300.png\" alt=\"Feuille de route H2 Maroc\" class=\"wp-image-6859\" srcset=\"https:\/\/generizon.com\/wp-content\/uploads\/2026\/01\/Feuille-de-route-de-hydrogene-vert-212x300.png 212w, https:\/\/generizon.com\/wp-content\/uploads\/2026\/01\/Feuille-de-route-de-hydrogene-vert-724x1024.png 724w, https:\/\/generizon.com\/wp-content\/uploads\/2026\/01\/Feuille-de-route-de-hydrogene-vert-768x1086.png 768w, https:\/\/generizon.com\/wp-content\/uploads\/2026\/01\/Feuille-de-route-de-hydrogene-vert-1086x1536.png 1086w, https:\/\/generizon.com\/wp-content\/uploads\/2026\/01\/Feuille-de-route-de-hydrogene-vert-1448x2048.png 1448w, https:\/\/generizon.com\/wp-content\/uploads\/2026\/01\/Feuille-de-route-de-hydrogene-vert-scaled.png 1811w\" sizes=\"auto, (max-width: 212px) 100vw, 212px\" \/><figcaption class=\"wp-element-caption\">feuille de route. hydrog\u00e8ne vert. Maroc.<\/figcaption><\/figure>\n\n\n\n<p>Le Royaume du Maroc a donc initi\u00e9 une dynamique r\u00e9gionale qui a pour objectif de cr\u00e9er une fili\u00e8re \u00e9conomique et industrielle autour des mol\u00e9cules vertes, particuli\u00e8rement <strong>l\u2019hydrog\u00e8ne, l\u2019ammoniac et le m\u00e9thanol<\/strong>, afin de consolider sa transition \u00e9nerg\u00e9tique en contribuant \u00e0 r\u00e9duire les \u00e9missions de gaz \u00e0 effet de serre et soutenir la d\u00e9carbonation des pays partenaires.<\/p>\n\n\n\n<p>La <strong>Feuille de Route de l\u2019Hydrog\u00e8ne Vert<\/strong>, Vecteur de Transition \u00c9nerg\u00e9tique et de la Croissance Durable, d\u00e9crit les \u00e9tapes de son d\u00e9veloppements jusqu\u2019\u00e0 2030, 2040 et au-del\u00e0, marchand en tandem en fonction de l\u2019\u00e9volution des technologies pour la production, le stockage, le transport et l\u2019utilisation de l\u2019hydrog\u00e8ne.<\/p>\n\n\n\n<p>Le Maroc, gr\u00e2ce \u00e0 sa position g\u00e9ographique, peut capter jusqu\u2019\u00e0 4% de la demande mondiale en mol\u00e9cules vertes. La demande nationale en hydrog\u00e8ne vert et ses d\u00e9riv\u00e9s est estim\u00e9e \u00e0 4 TWh en 2030 pour une puissance de 2 GW en sources d\u2019\u00e9nergie renouvelable, 22 TWh en 2040 pour une puissance de 12 GW et 40 TWh en 2050 pour une puissance d\u2019environ 20 GW. La demande \u00e0 l\u2019export est estim\u00e9e \u00e0 10 TWh en 2030 pour une puissance de 6 GW en sources d\u2019\u00e9nergies renouvelables, 46 TWh en 2040 pour une puissance de 25GW et 115 TWh en 2050 pour une puissance d\u2019environ 60 GW.<\/p>\n\n\n\n<p>Ceci \u00e9quivaut \u00e0 un investissement cumul\u00e9 de 90 milliards de dirhams \u00e0 l\u2019horizon de 2030 et de 760 milliards de dirhams \u00e0 l\u2019horizon de 2050 (feuille de route de l&#8217;hydrog\u00e8ne verte).&nbsp;<\/p>\n","protected":false},"excerpt":{"rendered":"<p>H2. l&#8217;enjeux de l&#8217;hydrog\u00e8ne vert marocain. quelles sont les ambitions du Maroc ? D\u2019ici 2030 au Maroc, il devrait \u00eatre possible d&#8217;atteindre un prix de 1 EUR \/ kg d&#8217;hydrog\u00e8ne vert, ceci gr\u00e2ce aux progr\u00e8s de l&#8217;efficacit\u00e9 industrielle et aux \u00e9conomies d&#8217;\u00e9chelle r\u00e9alisables dans le domaine de l&#8217;\u00e9lectrolyse de l&#8217;eau (en raison de son adoption [&hellip;]<\/p>\n","protected":false},"author":1,"featured_media":0,"parent":0,"menu_order":0,"comment_status":"closed","ping_status":"closed","template":"page-french","meta":{"_acf_changed":false,"footnotes":""},"class_list":["post-3806","page","type-page","status-publish","hentry"],"acf":[],"_links":{"self":[{"href":"https:\/\/generizon.com\/fr\/wp-json\/wp\/v2\/pages\/3806","targetHints":{"allow":["GET"]}}],"collection":[{"href":"https:\/\/generizon.com\/fr\/wp-json\/wp\/v2\/pages"}],"about":[{"href":"https:\/\/generizon.com\/fr\/wp-json\/wp\/v2\/types\/page"}],"author":[{"embeddable":true,"href":"https:\/\/generizon.com\/fr\/wp-json\/wp\/v2\/users\/1"}],"replies":[{"embeddable":true,"href":"https:\/\/generizon.com\/fr\/wp-json\/wp\/v2\/comments?post=3806"}],"version-history":[{"count":0,"href":"https:\/\/generizon.com\/fr\/wp-json\/wp\/v2\/pages\/3806\/revisions"}],"wp:attachment":[{"href":"https:\/\/generizon.com\/fr\/wp-json\/wp\/v2\/media?parent=3806"}],"curies":[{"name":"wp","href":"https:\/\/api.w.org\/{rel}","templated":true}]}}