{"id":4743,"date":"2025-01-30T13:07:49","date_gmt":"2025-01-30T13:07:49","guid":{"rendered":"https:\/\/generizon.com\/?page_id=4743"},"modified":"2026-01-02T14:49:24","modified_gmt":"2026-01-02T14:49:24","slug":"pompes-a-chaleur-maroc","status":"publish","type":"page","link":"https:\/\/generizon.com\/fr\/pompes-a-chaleur-maroc\/","title":{"rendered":"pompes \u00e0 chaleur. Maroc."},"content":{"rendered":"\n<p>En 2024, 2G Energy a commenc\u00e9 \u00e0 fabriquer des pompes \u00e0 chaleur \u00e0 grande \u00e9chelle dans la classe de puissance de 100 \u00e0 2 700 kilowatts \u00e0 son si\u00e8ge social \u00e0 Heek. Les grandes pompes \u00e0 chaleur 2G afilia sont disponibles en tant qu&#8217;appareils air-eau et eau-eau. Cela signifie qu&#8217;une grande vari\u00e9t\u00e9 de sources de chaleur existantes peuvent \u00eatre utilis\u00e9es.<\/p>\n\n\n\n<p>M\u00eame dans les versions \u00e0 un \u00e9tage, nos pompes \u00e0 chaleur eau-eau peuvent atteindre des augmentations de temp\u00e9rature allant jusqu&#8217;\u00e0 70 K. Les pompes \u00e0 chaleur afilia aussi s&#8217;int\u00e8grent parfaitement dans l&#8217;infrastructure \u00e9prouv\u00e9e des centrales de cog\u00e9n\u00e9ration 2G. Avec une solution syst\u00e8me holistique de 2G, de pr\u00e9cieuses synergies peuvent \u00eatre utilis\u00e9es de mani\u00e8re optimale.<\/p>\n\n\n\n<h2 class=\"wp-block-heading\">pompes \u00e0 chaleur dans un syst\u00e8me \u00e9nerg\u00e9tique int\u00e9gr\u00e9. afilia.<\/h2>\n\n\n\n<figure class=\"wp-block-image alignright size-medium wp-image-171\"><img loading=\"lazy\" decoding=\"async\" width=\"300\" height=\"193\" src=\"https:\/\/generizon.com\/wp-content\/uploads\/2018\/03\/2g-elipse-crop-300x193.png\" alt=\"2G. Heek. Germany.\" class=\"wp-image-171\" srcset=\"https:\/\/generizon.com\/wp-content\/uploads\/2018\/03\/2g-elipse-crop-300x193.png 300w, https:\/\/generizon.com\/wp-content\/uploads\/2018\/03\/2g-elipse-crop-768x495.png 768w, https:\/\/generizon.com\/wp-content\/uploads\/2018\/03\/2g-elipse-crop-460x295.png 460w, https:\/\/generizon.com\/wp-content\/uploads\/2018\/03\/2g-elipse-crop.png 874w\" sizes=\"auto, (max-width: 300px) 100vw, 300px\" \/><figcaption class=\"wp-element-caption\">2G-Energie. Heek. Germany.<\/figcaption><\/figure>\n","protected":false},"excerpt":{"rendered":"<p>En 2024, 2G Energy a commenc\u00e9 \u00e0 fabriquer des pompes \u00e0 chaleur \u00e0 grande \u00e9chelle dans la classe de puissance de 100 \u00e0 2 700 kilowatts \u00e0 son si\u00e8ge social \u00e0 Heek. Les grandes pompes \u00e0 chaleur 2G afilia sont disponibles en tant qu&#8217;appareils air-eau et eau-eau. Cela signifie qu&#8217;une grande vari\u00e9t\u00e9 de sources de [&hellip;]<\/p>\n","protected":false},"author":1,"featured_media":0,"parent":0,"menu_order":0,"comment_status":"closed","ping_status":"closed","template":"","meta":{"_acf_changed":false,"footnotes":""},"class_list":["post-4743","page","type-page","status-publish","hentry"],"acf":[],"_links":{"self":[{"href":"https:\/\/generizon.com\/fr\/wp-json\/wp\/v2\/pages\/4743","targetHints":{"allow":["GET"]}}],"collection":[{"href":"https:\/\/generizon.com\/fr\/wp-json\/wp\/v2\/pages"}],"about":[{"href":"https:\/\/generizon.com\/fr\/wp-json\/wp\/v2\/types\/page"}],"author":[{"embeddable":true,"href":"https:\/\/generizon.com\/fr\/wp-json\/wp\/v2\/users\/1"}],"replies":[{"embeddable":true,"href":"https:\/\/generizon.com\/fr\/wp-json\/wp\/v2\/comments?post=4743"}],"version-history":[{"count":0,"href":"https:\/\/generizon.com\/fr\/wp-json\/wp\/v2\/pages\/4743\/revisions"}],"wp:attachment":[{"href":"https:\/\/generizon.com\/fr\/wp-json\/wp\/v2\/media?parent=4743"}],"curies":[{"name":"wp","href":"https:\/\/api.w.org\/{rel}","templated":true}]}}