{"id":4759,"date":"2025-02-21T10:15:53","date_gmt":"2025-02-21T10:15:53","guid":{"rendered":"https:\/\/generizon.com\/?page_id=4759"},"modified":"2026-02-01T14:11:43","modified_gmt":"2026-02-01T14:11:43","slug":"pompage-du-lixiviat-oft-maroc","status":"publish","type":"page","link":"https:\/\/generizon.com\/fr\/pompage-du-lixiviat-oft-maroc\/","title":{"rendered":"pompage \u00e0 lixiviat &#8211; OFT-Pumps &#8211; certifi\u00e9es ATEX."},"content":{"rendered":"\n<h2 class=\"wp-block-heading\">une solution fiable et performante pour la gestion des d\u00e9chets &#8211; lixiviat et gaz de la d\u00e9charge.<\/h2>\n\n\n\n<figure class=\"wp-block-image alignright size-medium no-border\"><img loading=\"lazy\" decoding=\"async\" width=\"300\" height=\"114\" src=\"https:\/\/generizon.com\/wp-content\/uploads\/2025\/02\/OFT-1-300x114.webp\" alt=\"\" class=\"wp-image-4765\" srcset=\"https:\/\/generizon.com\/wp-content\/uploads\/2025\/02\/OFT-1-300x114.webp 300w, https:\/\/generizon.com\/wp-content\/uploads\/2025\/02\/OFT-1.webp 563w\" sizes=\"auto, (max-width: 300px) 100vw, 300px\" \/><figcaption class=\"wp-element-caption\">OFT Pumps. Officine di Trevi. Perugia.<\/figcaption><\/figure>\n\n\n\n<p>En tant que repr\u00e9sentant officiel d\u2019OFT Pumps, Officine di Trevi au Maroc, Generizon propose une gamme de pompes \u00e0 lixiviats sp\u00e9cialement con\u00e7ues pour le pompage des effluents issus des centres d\u2019enfouissement et des installations de traitement des d\u00e9chets. <\/p>\n\n\n\n<p>Gr\u00e2ce \u00e0 leur conception robuste et leur r\u00e9sistance aux fluides agressifs, ces pompes offrent des performances optimales et effective pour la gestion des lixiviats et le captage am\u00e9lior\u00e9 du biogaz.<\/p>\n\n\n\n<h2 class=\"wp-block-heading\">OFT Pumps &#8211; pompes \u00e9lectriques submersibles certifi\u00e9es ATEX.<\/h2>\n\n\n\n<p>Officine di Trevi est sp\u00e9cialis\u00e9e depuis 1968 dans la production de pompes \u00e9lectriques submersibles de marque OFT. La marque OFT comprend une large gamme de pompes \u00e9lectriques submersibles pour puits 3 \u201d, 4 \u201d, 5 \u201d, 6 \u201d, mais aussi des pompes de drainage et des unit\u00e9s de pressurisation. <\/p>\n\n\n\n<p>Ces derni\u00e8res ann\u00e9es, il est devenu un leader europ\u00e9en dans la fabrication de pompes \u00e9lectriques submerg\u00e9es et externes certifi\u00e9es ATEX, adapt\u00e9es \u00e0 une utilisation dans des endroits potentiellement explosifs, adapt\u00e9es au pompage de liquides contamin\u00e9s, de lixiviats de d\u00e9charge et d\u2019hydrocarbures.<\/p>\n\n\n\n<h2 class=\"wp-block-heading\">la probl\u00e9matique &#8211; l&#8217;impact des lixiviats pour le captage du biogaz.<\/h2>\n\n\n\n<p>L&#8217;accumulation des lixiviats dans les puits d&#8217;extraction du biogaz emp\u00eache la circulation des gaz et r\u00e9duit consid\u00e9rablement le rendement en m\u00e9thane. Cela peut \u00e9galement entra\u00eener des \u00e9missions non contr\u00f4l\u00e9es de m\u00e9thane, augmentant ainsi l&#8217;empreinte carbone du site et diminuant l&#8217;efficacit\u00e9 de la valorisation \u00e9nerg\u00e9tique du biogaz.<\/p>\n\n\n\n<p>De plus, la pr\u00e9sence excessive de lixiviats dans les puits du biogaz peut entra\u00eener des blocages, des dysfonctionnements des \u00e9quipements et une augmentation des co\u00fbts d\u2019entretien. Une gestion efficace de ces effluents au niveau des puits est donc essentielle pour assurer le bon fonctionnement des installations et maximiser la valorisation \u00e9nerg\u00e9tique du biogaz.<\/p>\n\n\n\n<h2 class=\"wp-block-heading\">la solution &#8211; les pompes \u00e0 lixiviats OFT.<\/h2>\n\n\n\n<figure class=\"wp-block-image alignright size-medium\"><img loading=\"lazy\" decoding=\"async\" width=\"150\" height=\"300\" src=\"https:\/\/generizon.com\/wp-content\/uploads\/2025\/02\/m70-ok-600x1200e-150x300.jpg\" alt=\"\" class=\"wp-image-4807\" srcset=\"https:\/\/generizon.com\/wp-content\/uploads\/2025\/02\/m70-ok-600x1200e-150x300.jpg 150w, https:\/\/generizon.com\/wp-content\/uploads\/2025\/02\/m70-ok-600x1200e-512x1024.jpg 512w, https:\/\/generizon.com\/wp-content\/uploads\/2025\/02\/m70-ok-600x1200e.jpg 600w\" sizes=\"auto, (max-width: 150px) 100vw, 150px\" \/><figcaption class=\"wp-element-caption\">OFT M70.<\/figcaption><\/figure>\n\n\n\n<p>Les pompes \u00e0 lixiviat pour le drainage optimis\u00e9 des puits de biogaz, pour les zones class\u00e9es ATEX et non ATEX, id\u00e9ales pour drainer les lixiviats dans les puits, purger les puits d&#8217;interception et de collect le biogaz dans le corps de la d\u00e9charge, drainer les condensats, tous ces domaines sont des domaines d&#8217;application des pompes OFT.<\/p>\n\n\n\n<p>OFT\/generizon propose des solutions compl\u00e8tes de pompes \u00e9lectriques individuelles, avec des syst\u00e8mes de filtrage pour \u00e9viter le colmatage de la pompe et des c\u00e2bles \u00e9lectriques adapt\u00e9s \u00e0 une immersion permanente dans l\u2019eau contamin\u00e9e et charg\u00e9e de polluants.<\/p>\n\n\n\n<p>Les \u00e9tudes approfondies et, en particulier, les ann\u00e9es d&#8217;exp\u00e9rience dans le domaine des lixiviats ont permis \u00e0 OFT de d\u00e9velopper des solutions tout-en-un pour une surveillance optimale des syst\u00e8mes de pompage, compos\u00e9es de pompes \u00e9lectriques associ\u00e9es \u00e0 des accessoires de d\u00e9tection de niveau, dont les donn\u00e9es sont mises \u00e0 disposition dans des feuilles de calcul.<\/p>\n\n\n\n<h2 class=\"wp-block-heading\">gamme de pompes pour le lixiviat OFT.<\/h2>\n\n\n\n<p>OFT propose une large gamme de pompes ; pour la plupart des pompes, vous pouvez choisir :<\/p>\n\n\n\n<ul class=\"wp-block-list ul-border\">\n<li>ATEX et non-ATEX.<\/li>\n\n\n\n<li>Pour liquides clairs ou contamin\u00e9s.<\/li>\n\n\n\n<li>De nombreuses pompes sont disponibles en version hydrocarbures (s\u00e9rie ID EX).<\/li>\n\n\n\n<li>De nombreuses pompes sont disponibles en version acier inoxydable AISI 316.<\/li>\n<\/ul>\n\n\n\n<h2 class=\"wp-block-heading\">\u00e9lectro-pompes immerg\u00e9es pour lixiviat M45 \/ M70.<\/h2>\n\n\n\n<ul class=\"wp-block-list ul-border\">\n<li>\u00c9lectro-pompes immerg\u00e9es monobloc multi-\u00e9tage: la partie hydraulique est situ\u00e9e sous le moteur \u00e9lectrique refroidi par le liquide pomp\u00e9.<\/li>\n\n\n\n<li>Orifice de refoulement filet\u00e9 1,5&#8243;  de 1,5 kW \u00e0 3 kW.<\/li>\n\n\n\n<li>Orifice de refoulement \u00e0 bride PN25 DN32 UNI 6083\/67 de 4 kW \u00e0 5,5 kW.<\/li>\n\n\n\n<li>Ne permet pas le passage des mati\u00e8res solides avec un diam\u00e8tre plus large que 1 mm.<\/li>\n\n\n\n<li><a href=\"https:\/\/www.officineditrevi.com\/wp-content\/uploads\/M45-2024.pdf\">Fiche technique M45<\/a>. <a href=\"https:\/\/www.officineditrevi.com\/wp-content\/uploads\/M70-2024.pdf\">M70<\/a>.<\/li>\n<\/ul>\n\n\n\n<h3 class=\"wp-block-heading\">Alpha EX \u2013 Beta EX.<\/h3>\n\n\n\n<figure class=\"wp-block-image alignright size-medium\"><img loading=\"lazy\" decoding=\"async\" width=\"150\" height=\"300\" src=\"https:\/\/generizon.com\/wp-content\/uploads\/2025\/02\/4-pollic-ex-con-maxifiltro-600x1200-1-150x300.jpg\" alt=\"\" class=\"wp-image-4799\" srcset=\"https:\/\/generizon.com\/wp-content\/uploads\/2025\/02\/4-pollic-ex-con-maxifiltro-600x1200-1-150x300.jpg 150w, https:\/\/generizon.com\/wp-content\/uploads\/2025\/02\/4-pollic-ex-con-maxifiltro-600x1200-1-512x1024.jpg 512w, https:\/\/generizon.com\/wp-content\/uploads\/2025\/02\/4-pollic-ex-con-maxifiltro-600x1200-1.jpg 600w\" sizes=\"auto, (max-width: 150px) 100vw, 150px\" \/><figcaption class=\"wp-element-caption\">Alpha-ex avec Maxifiltro.<\/figcaption><\/figure>\n\n\n\n<p>Pompage de liquides et extraction de lixiviat de d\u00e9charge, de fluides contamin\u00e9s et de nappes phr\u00e9atiques. Les pompes ATEX antid\u00e9flagrantes peuvent \u00eatre install\u00e9es en atmosph\u00e8res potentiellement explosives et dangereuses selon la Directive 2014\/34\/UE et selon les limites impos\u00e9es par le marquage expliqu\u00e9 dans la fiche technique.<\/p>\n\n\n\n<ul class=\"wp-block-list ul-border\">\n<li>\u00c9lectro-pompes immerg\u00e9es centrifuges multi-\u00e9tage pour puits 4\u2033 caract\u00e9ris\u00e9es par un syst\u00e8me \u00e0&nbsp;<strong>h\u00e9lices flottantes<\/strong>&nbsp;qui permet le pompage de lixiviat e de liquides charg\u00e9s <strong>avec petits particules solides<\/strong>.<\/li>\n\n\n\n<li>Enveloppe ext\u00e9rieure, orifice de refoulement, cr\u00e9pine d&#8217;aspiration, arbre et autres composants en acier inoxydable.<\/li>\n\n\n\n<li>H\u00e9lices et diffuseurs en technopolym\u00e8re sp\u00e9cial avec des inserts en c\u00e9ramique au point d\u2019usure.<\/li>\n\n\n\n<li>Clapet de retenue en acier inoxydable mont\u00e9 dans la culasse.<\/li>\n\n\n\n<li>Temp\u00e9rature du liquide pomp\u00e9 : max +40 \u00b0C.<\/li>\n\n\n\n<li>Disponibles en version AISI 316.<\/li>\n\n\n\n<li>Disponible la version pour immersion permanente dans les hydrocarbures (s\u00e9rie ID EX).<\/li>\n\n\n\n<li><a href=\"https:\/\/www.officineditrevi.com\/wp-content\/uploads\/Alpha-EX-Beta-EX-2024.pdf\">Fiche technique<\/a>.<\/li>\n\n\n\n<li><strong>Alpha EX<\/strong>. pour le pompage de liquides clairs, elle est adapt\u00e9e \u00e0 des environnements o\u00f9 la r\u00e9sistance \u00e0 l&#8217;abrasion est essentielle. Syst\u00e8me de pompage : h\u00e9lices flottantes.<\/li>\n\n\n\n<li><strong>Beta EX<\/strong>. destin\u00e9e au pompage de liquides plus visqueux ou contenant des particules solides. pour traiter des liquides plus agressifs ou contamin\u00e9s, comme les lixiviats provenant de d\u00e9charges. Syst\u00e8me de pompage : multi-\u00e9tage centrifuge.<\/li>\n<\/ul>\n\n\n\n<h2 class=\"wp-block-heading\">Maxifiltro.<\/h2>\n\n\n\n<ul class=\"wp-block-list ul-border\">\n<li>D\u00e9velopp\u00e9 pour pr\u00e9venir l\u2019obstruction de l\u2019\u00e9lectro-pompe en conditions difficiles.<\/li>\n\n\n\n<li>Avec tubes filtrants, il peut \u00eatre utilis\u00e9 dans les d\u00e9charges o\u00f9 il y a de l\u2019eau avec des s\u00e9diments solides et filamenteux ou lixiviat.<\/li>\n\n\n\n<li>Moins de maintenance.<\/li>\n\n\n\n<li>Simple d\u00e9montage du kit filtre-pompe pour une entretien facile.<\/li>\n\n\n\n<li>Le cylindre du Maxifiltro a le \u00d8 ext\u00e9rieur de 94 mm \u00e0 170 mm.<\/li>\n\n\n\n<li>Un syst\u00e8me pratique permet le simple d\u00e9montage du kit filtre-pompe pour une entretien facile.<\/li>\n\n\n\n<li>L\u2019\u00e9lectropompe, \u00e9quip\u00e9e avec le filtre, peut \u00eatre fournie avec le slope riser (petit chariot avec roues) pour faciliter l\u2019introduction dans les puits obliques.<\/li>\n\n\n\n<li><a href=\"https:\/\/www.officineditrevi.com\/wp-content\/uploads\/Maxifiltro-2024.pdf\">Fiche technique<\/a>.<\/li>\n<\/ul>\n\n\n\n<h2 class=\"wp-block-heading\">\u00e9lectro-pompe 4&#8243; immerg\u00e9es pour lixiviat BE80.<\/h2>\n\n\n\n<figure class=\"wp-block-image alignright size-medium\"><img loading=\"lazy\" decoding=\"async\" width=\"150\" height=\"300\" src=\"https:\/\/generizon.com\/wp-content\/uploads\/2025\/02\/be-80-elettropompe-600x1200-1-150x300.jpg\" alt=\"\" class=\"wp-image-4984\" srcset=\"https:\/\/generizon.com\/wp-content\/uploads\/2025\/02\/be-80-elettropompe-600x1200-1-150x300.jpg 150w, https:\/\/generizon.com\/wp-content\/uploads\/2025\/02\/be-80-elettropompe-600x1200-1-512x1024.jpg 512w, https:\/\/generizon.com\/wp-content\/uploads\/2025\/02\/be-80-elettropompe-600x1200-1.jpg 600w\" sizes=\"auto, (max-width: 150px) 100vw, 150px\" \/><figcaption class=\"wp-element-caption\">BE80. non-ATEX. jusqu&#8217;\u00e0 80\u00b0C.<\/figcaption><\/figure>\n\n\n\n<p>Drainage de liquides \u00e0 haute temp\u00e9rature des nappes phr\u00e9atiques, extraction de lixiviats m\u00eame contamin\u00e9s par des hydrocarbures des puits des d\u00e9charges, remont\u00e9e des eaux us\u00e9es des proc\u00e9d\u00e9s industriels, barrages hydrauliques.<br>Les pompes ne peuvent pas \u00eatre install\u00e9es dans des atmosph\u00e8res potentiellement explosives.<\/p>\n\n\n\n<ul class=\"wp-block-list ul-border\">\n<li>La version 4\u2019\u2019 comme Alpha et Beta <strong>NON-ATEX<\/strong>.<\/li>\n\n\n\n<li>R\u00e9sistants \u00e0 80\u00b0C temp\u00e9rature du liquide.<\/li>\n\n\n\n<li>\u00c9lectropompe immerg\u00e9e centrifuge multi-\u00e9tage caract\u00e9ris\u00e9e par le syst\u00e8me \u00e0 h\u00e9lices flottantes qui permet le pompage de lixiviat et des liquides charg\u00e9s avec petites particules solides.<\/li>\n\n\n\n<li>Enveloppe ext\u00e9rieure, orifice de refoulement, cr\u00e9pine d\u2019aspiration, arbre et autres composants en acier inoxydable AISI 304.<\/li>\n\n\n\n<li>H\u00e9lices et diffuseurs en technopolym\u00e8re sp\u00e9cial.<\/li>\n\n\n\n<li>Clapet de retenue en acier inoxydable mont\u00e9 dans la culasse.<\/li>\n\n\n\n<li>\u00c9tanch\u00e9it\u00e9s en Viton.<\/li>\n\n\n\n<li>Electropompes produites directement avec les m\u00e8tres de c\u00e2ble \u00e9lectrique ID 4G1,5 n\u00e9cessaires sans junctions \u00e9lectriques.<\/li>\n\n\n\n<li>Disponible en version AISI 316.<\/li>\n\n\n\n<li><a href=\"https:\/\/www.officineditrevi.com\/wp-content\/uploads\/BE-80-2024.pdf\">Fiche technique<\/a>.<\/li>\n<\/ul>\n\n\n\n<h2 class=\"wp-block-heading\">\u00e9lectro-pompe pour liquides contamin\u00e9s.<\/h2>\n\n\n\n<p>Lorsque le liquide est contamin\u00e9, nous pouvons proposer\/envisager les pompes <strong>ID<\/strong> certifi\u00e9es pour les hydrocarbures ATEX ou en alternative, si la temp\u00e9rature est \u00e9lev\u00e9e, la pompe BE80 en AISI 316.<\/p>\n\n\n\n<h2 class=\"wp-block-heading\">ID Alpha EX \u2013 ID Beta EX pour hydrocarbures.<\/h2>\n\n\n\n<p>Pompage de liquides et extraction de lixiviats dans les d\u00e9charges, drainage de fluides contamin\u00e9s par des hydrocarbures et des eaux souterraines. Les pompes antid\u00e9flagrantes ATEX conformes \u00e0 la directive 2014\/34\/UE peuvent \u00eatre install\u00e9es dans des atmosph\u00e8res potentiellement explosives et des zones dangereuses selon le marquage expliqu\u00e9 dans les d\u00e9tails techniques.<\/p>\n\n\n\n<ul class=\"wp-block-list ul-border\">\n<li><a href=\"https:\/\/www.officineditrevi.com\/wp-content\/uploads\/ID-Alpha-EX-ID-Beta-EX-1.pdf\">Fiche technique<\/a>.<\/li>\n<\/ul>\n\n\n\n<h2 class=\"wp-block-heading\">All-in-One Basic &#8211; Easy &#8211; Plus.<\/h2>\n\n\n\n<figure class=\"wp-block-image alignright size-medium\"><img loading=\"lazy\" decoding=\"async\" width=\"258\" height=\"300\" src=\"https:\/\/generizon.com\/wp-content\/uploads\/2025\/02\/all-in-one-easy-258x300.jpg\" alt=\"\" class=\"wp-image-4791\" srcset=\"https:\/\/generizon.com\/wp-content\/uploads\/2025\/02\/all-in-one-easy-258x300.jpg 258w, https:\/\/generizon.com\/wp-content\/uploads\/2025\/02\/all-in-one-easy.jpg 596w\" sizes=\"auto, (max-width: 258px) 100vw, 258px\" \/><figcaption class=\"wp-element-caption\">OFT Pumps. tout-en-un solution. All-in-One.<\/figcaption><\/figure>\n\n\n\n<p>All-in-One Basic propose un syst\u00e8me de contr\u00f4le optimal du pompage de liquides dans les sites contamin\u00e9s.<\/p>\n\n\n\n<ul class=\"wp-block-list ul-border\">\n<li>Fiabilit\u00e9, s\u00e9curit\u00e9 et personnalisation maximale.<\/li>\n\n\n\n<li>La solution propos\u00e9e comprend tous les composants et combinaisons possibles, con\u00e7us pour satisfaire une large gamme d\u2019applications.<\/li>\n\n\n\n<li>Diff\u00e9rents types de pompes \u00e9lectriques, \u00e9galement certifi\u00e9es ATEX, adapt\u00e9es \u00e0 une immersion permanente dans des liquides l\u00e9g\u00e8rement contamin\u00e9s, jusqu\u2019\u00e0 100% d\u2019hydrocarbures et d\u2019eau \u00e0 des temp\u00e9ratures jusqu\u2019\u00e0 80 \u00b0C.<\/li>\n\n\n\n<li>Le panneau de commande \u00e9lectrique, \u00e9galement dans la version ATEX, est con\u00e7u pour \u00eatre connect\u00e9 avec r\u00e9gulateurs ou transmetteurs de niveau, en fonction des besoins et des caract\u00e9ristiques sp\u00e9cifiques du site.<\/li>\n\n\n\n<li>All-in-One basic. Propose un syst\u00e8me de contr\u00f4le optimal avec panneau de commande \u00e9lectrique. <a href=\"https:\/\/www.officineditrevi.com\/wp-content\/uploads\/All-in-one-basic-easy-fr.pdf\">Versions et fiche technique Basic<\/a>.<\/li>\n\n\n\n<li>All-in-One easy. La version interm\u00e9diaire propos\u00e9e. avec convertisseur USB et un logiciel de base pour collecte des donn\u00e9es. <a href=\"https:\/\/www.officineditrevi.com\/wp-content\/uploads\/All-in-one-basic-easy-fr.pdf\">Versions et fiche technique Easy<\/a>.<\/li>\n\n\n\n<li>All-in-One plus. Visualisation de la carte satellite de divers puits avec la possibilit\u00e9 de renommer, d\u00e9placer, ajouter ou supprimer des sites autonomement. <a href=\"https:\/\/www.officineditrevi.com\/wp-content\/uploads\/All-in-One-Plus-2024.pdf\">Versions et fiche technique plus<\/a>.<\/li>\n<\/ul>\n\n\n\n<h2 class=\"wp-block-heading\">Derby EX.<\/h2>\n\n\n\n<figure class=\"wp-block-image alignright size-medium\"><img loading=\"lazy\" decoding=\"async\" width=\"150\" height=\"300\" src=\"https:\/\/generizon.com\/wp-content\/uploads\/2025\/02\/derby-ex-1-600x1200-1-150x300.jpg\" alt=\"\" class=\"wp-image-4811\" srcset=\"https:\/\/generizon.com\/wp-content\/uploads\/2025\/02\/derby-ex-1-600x1200-1-150x300.jpg 150w, https:\/\/generizon.com\/wp-content\/uploads\/2025\/02\/derby-ex-1-600x1200-1-512x1024.jpg 512w, https:\/\/generizon.com\/wp-content\/uploads\/2025\/02\/derby-ex-1-600x1200-1.jpg 600w\" sizes=\"auto, (max-width: 150px) 100vw, 150px\" \/><figcaption class=\"wp-element-caption\">OFT Pumps Derby EX.<\/figcaption><\/figure>\n\n\n\n<p>Collecte de lixiviat en reservoirs de stockage, pompage d\u2019eaux us\u00e9es industrielles de puits ou collecteurs. Les pompes Derby sont particuli\u00e8rement adapt\u00e9es pour le pompage de liquides contenant des s\u00e9diments de grande taille (jusqu&#8217;\u00e0 3 cm de diam\u00e8tre), boues eaux us\u00e9es, m\u00e9thanisation, etc. <\/p>\n\n\n\n<ul class=\"wp-block-list ul-border\">\n<li>\u00c9lectro-pompe immerg\u00e9e.<\/li>\n\n\n\n<li>Les pompes ATEX antid\u00e9flagrantes peuvent \u00eatre install\u00e9es en atmosph\u00e8res potentiellement explosives et dangereuses selon la Directive 2014\/34\/UE et selon les limites impos\u00e9es par le marquage expliqu\u00e9 dans la fiche technique.<\/li>\n\n\n\n<li>H\u00e9lices ouverte en fonte pour \u00e9viter l&#8217;obstruction par la boue ou par d&#8217;autres particules solides dans l&#8217;eau. <\/li>\n\n\n\n<li>Pompe fournie avec un c\u00e2ble \u00e9lectrique de 5 m.<\/li>\n\n\n\n<li>Poids variant entre 17 et 21 kg selon la version.<\/li>\n\n\n\n<li><strong>Disponible la version compl\u00e8tement en acier inox AISI 316<\/strong>.<\/li>\n\n\n\n<li><a href=\"https:\/\/www.officineditrevi.com\/wp-content\/uploads\/Derby-EX-2024.pdf\">Versions et fiche technique<\/a>.  <\/li>\n<\/ul>\n\n\n\n<h2 class=\"wp-block-heading\">accessoires OFT-Pumps.<\/h2>\n\n\n\n<figure class=\"wp-block-image alignright size-medium\"><img loading=\"lazy\" decoding=\"async\" width=\"150\" height=\"300\" src=\"https:\/\/generizon.com\/wp-content\/uploads\/2025\/02\/quadro-con-display-touch-screen-600x1200-1-150x300.jpg\" alt=\"\" class=\"wp-image-4825\" srcset=\"https:\/\/generizon.com\/wp-content\/uploads\/2025\/02\/quadro-con-display-touch-screen-600x1200-1-150x300.jpg 150w, https:\/\/generizon.com\/wp-content\/uploads\/2025\/02\/quadro-con-display-touch-screen-600x1200-1-512x1024.jpg 512w, https:\/\/generizon.com\/wp-content\/uploads\/2025\/02\/quadro-con-display-touch-screen-600x1200-1.jpg 600w\" sizes=\"auto, (max-width: 150px) 100vw, 150px\" \/><figcaption class=\"wp-element-caption\">coffret \u00e9lectrique All-in-One. <\/figcaption><\/figure>\n\n\n\n<p>Pour construire un syst\u00e8me fiable de pompes \u00e0 lixiviat, une vari\u00e9t\u00e9 d&#8217;accessoires vient avec.<\/p>\n\n\n\n<ul class=\"wp-block-list ul-border\">\n<li>Cables suitable for permanent immersion in water up to 10 bar. R\u00e9sistant aux conditions difficiles, \u00e0 la force m\u00e9canique et aux contraintes thermiques, H07RN-F. Ignifuge conforme \u00e0 la norme CEI 20-35\/EN 60332. R\u00e9sistance au feu conformes \u00e0 la Directive CEI 23 \u2013 36.<\/li>\n\n\n\n<li>C\u00e2bles \u00e9lectriques arm\u00e9s. \u00c9l\u00e9ments constructifs et \u00e9lectriques conformes \u00e0 IEC 60502-1. Conform\u00e9ment \u00e0 la Norme 2006\/95\/CE \u2013 Basse tension. Faible \u00e9mission de gaz toxiques et corrosives selon la CEI EN 60754-1\/2. R\u00e9sistance aux hydrocarbures selon la ENI 0181.00 Rev. 11 p.11.<\/li>\n\n\n\n<li>C\u00e2bles \u00e9lectriques ID. C\u00e2ble flexible pour immersion dans les hydrocarbures selon le Par. 6.4 de la Norme EN 13617-1. R\u00e9sistance \u00e0 la flamme conformes \u00e0 IEC 60322-1-2.<\/li>\n\n\n\n<li>C\u00e2bles \u00e9lectriques SK. C\u00e2ble avec gaine ext\u00e9rieure pour immersion permanente selon la Norme NF C15-100-AD8 id\u00e9al pour pompes immerg\u00e9es. Dans l&#8217;eau us\u00e9e, lixiviat, hydrocarbures, etc.<\/li>\n\n\n\n<li>Coffret \u00e9lectrique All-in-One. Avec \u00e9cran tactile. D\u00e9velopp\u00e9 pour la mise en marche des \u00e9lectro-pompes aptes \u00e0 l\u2019emploi en sites contamin\u00e9s (certifi\u00e9es ATEX ou non). Tension de travail monophas\u00e9e 230V, triphas\u00e9e 400V.<\/li>\n\n\n\n<li>Gamme de coffrets All-in-One.<\/li>\n\n\n\n<li>Logiciel. Software sp\u00e9cialement d\u00e9velopp\u00e9 pour la gestion et le contr\u00f4le des points d\u2019extraction en d\u00e9charge.<\/li>\n\n\n\n<li>Gamme de r\u00e9gulateurs de niveau.<\/li>\n\n\n\n<li>Gamme de transmetteurs de niveau.<\/li>\n\n\n\n<li>D\u00e9bitm\u00e8tre pour lixiviat.<\/li>\n\n\n\n<li>et plus.<\/li>\n<\/ul>\n\n\n\n<h2 class=\"wp-block-heading\">call us.<\/h2>\n\n\n\n<ul class=\"wp-block-list ul-border\">\n<li><em>Il s\u2019agit d\u2019une atmosph\u00e8re explosive ou non<\/em>?<\/li>\n\n\n\n<li><em>Quelle est la hauteur manom\u00e9trique maximale demand\u00e9e ainsi que celle qui sera principalement utilis\u00e9e<\/em>.<\/li>\n\n\n\n<li><em>Br\u00e8ve description du site d\u2019installation<\/em>.<\/li>\n\n\n\n<li><em>Quantit\u00e9 du liquide \u00e0 pomper<\/em>.<\/li>\n\n\n\n<li><em>Temp\u00e9rature et typologie du liquide<\/em>.<\/li>\n\n\n\n<li><em>Longueur du c\u00e2ble sur la pompe<\/em>.<\/li>\n\n\n\n<li><em>N\u00e9cessit\u00e9 d\u2019accessoires (coffret, transmetteur de niveau,<\/em>&#8230;).<\/li>\n<\/ul>\n\n\n\n<h2 class=\"wp-block-heading\">OFT-Pumps.<\/h2>\n\n\n\n<figure class=\"wp-block-image alignright size-medium no-border\"><a href=\"https:\/\/www.officineditrevi.com\/fr\/\"><img loading=\"lazy\" decoding=\"async\" width=\"300\" height=\"114\" src=\"https:\/\/generizon.com\/wp-content\/uploads\/2025\/02\/OFT-1-300x114.webp\" alt=\"\" class=\"wp-image-4765\" srcset=\"https:\/\/generizon.com\/wp-content\/uploads\/2025\/02\/OFT-1-300x114.webp 300w, https:\/\/generizon.com\/wp-content\/uploads\/2025\/02\/OFT-1.webp 563w\" sizes=\"auto, (max-width: 300px) 100vw, 300px\" \/><\/a><figcaption class=\"wp-element-caption\">OFT Pumps. Officine di Trevi. Perugia.<\/figcaption><\/figure>\n\n\n\n<ul class=\"wp-block-list ul-border\">\n<li>OFT Pumps. Officini di Trevi sur le <a href=\"https:\/\/www.officineditrevi.com\/fr\/\">web<\/a>.<\/li>\n\n\n\n<li>OFT Pumps. <a href=\"https:\/\/www.officineditrevi.com\/wp-content\/uploads\/Catalogo-Red-Line-2024-rev.-4.pdf\">Catalogue<\/a>.<\/li>\n\n\n\n<li>Leader pour le pompage du lixiviat.<\/li>\n\n\n\n<li>Qualit\u00e9 fabriqu\u00e9 en Perugia, Italie.<\/li>\n\n\n\n<li>Technologie et innovation.<\/li>\n\n\n\n<li>Pompes, certifi\u00e9es ATEX depuis 1968.<\/li>\n<\/ul>\n","protected":false},"excerpt":{"rendered":"<p>une solution fiable et performante pour la gestion des d\u00e9chets &#8211; lixiviat et gaz de la d\u00e9charge. En tant que repr\u00e9sentant officiel d\u2019OFT Pumps, Officine di Trevi au Maroc, Generizon propose une gamme de pompes \u00e0 lixiviats sp\u00e9cialement con\u00e7ues pour le pompage des effluents issus des centres d\u2019enfouissement et des installations de traitement des d\u00e9chets. [&hellip;]<\/p>\n","protected":false},"author":1,"featured_media":0,"parent":0,"menu_order":0,"comment_status":"closed","ping_status":"closed","template":"page-french","meta":{"_acf_changed":false,"footnotes":""},"class_list":["post-4759","page","type-page","status-publish","hentry"],"acf":[],"_links":{"self":[{"href":"https:\/\/generizon.com\/fr\/wp-json\/wp\/v2\/pages\/4759","targetHints":{"allow":["GET"]}}],"collection":[{"href":"https:\/\/generizon.com\/fr\/wp-json\/wp\/v2\/pages"}],"about":[{"href":"https:\/\/generizon.com\/fr\/wp-json\/wp\/v2\/types\/page"}],"author":[{"embeddable":true,"href":"https:\/\/generizon.com\/fr\/wp-json\/wp\/v2\/users\/1"}],"replies":[{"embeddable":true,"href":"https:\/\/generizon.com\/fr\/wp-json\/wp\/v2\/comments?post=4759"}],"version-history":[{"count":0,"href":"https:\/\/generizon.com\/fr\/wp-json\/wp\/v2\/pages\/4759\/revisions"}],"wp:attachment":[{"href":"https:\/\/generizon.com\/fr\/wp-json\/wp\/v2\/media?parent=4759"}],"curies":[{"name":"wp","href":"https:\/\/api.w.org\/{rel}","templated":true}]}}