{"id":5213,"date":"2025-03-04T11:09:38","date_gmt":"2025-03-04T11:09:38","guid":{"rendered":"https:\/\/generizon.com\/?page_id=5213"},"modified":"2026-02-06T13:27:11","modified_gmt":"2026-02-06T13:27:11","slug":"controle-air-dans-bassins-aeration-vacomass-binder-maroc","status":"publish","type":"page","link":"https:\/\/generizon.com\/fr\/controle-air-dans-bassins-aeration-vacomass-binder-maroc\/","title":{"rendered":"contr\u00f4le de l&#8217;air dans les bassins d&#8217;a\u00e9ration. VACOMASS."},"content":{"rendered":"\n<h2 class=\"wp-block-heading\" id=\"vacomass\">les vannes de r\u00e9gulation VACOMASS<sup>\u00ae<\/sup> pour l&#8217;air d&#8217;a\u00e9ration dans les bassins d&#8217;a\u00e9ration des stations d&#8217;\u00e9puration des eaux us\u00e9es.<\/h2>\n\n\n\n<figure class=\"wp-block-image alignright size-medium\"><img loading=\"lazy\" decoding=\"async\" width=\"300\" height=\"200\" src=\"https:\/\/generizon.com\/wp-content\/uploads\/2021\/04\/VACOMASS-valves-1-300x200.jpg\" alt=\"VACOMASS\u00ae Elliptic et Square Diaphragm Control vannes Jet Control.\" class=\"wp-image-3086\" srcset=\"https:\/\/generizon.com\/wp-content\/uploads\/2021\/04\/VACOMASS-valves-1-300x200.jpg 300w, https:\/\/generizon.com\/wp-content\/uploads\/2021\/04\/VACOMASS-valves-1-768x512.jpg 768w, https:\/\/generizon.com\/wp-content\/uploads\/2021\/04\/VACOMASS-valves-1.jpg 894w\" sizes=\"auto, (max-width: 300px) 100vw, 300px\" \/><figcaption class=\"wp-element-caption\">VACOMASS<sup>\u00ae<\/sup> vannes elliptique et car\u00e9es (Squared) diaphragm control (EDCV et SDCV) et jet control.<\/figcaption><\/figure>\n\n\n\n<p>VACOMASS\u00ae est un syst\u00e8me modulaire de contr\u00f4le de l\u2019a\u00e9ration dans les stations d\u2019\u00e9puration des eaux us\u00e9es (STEP). Il s\u2019agit d\u2019une solution de haute pr\u00e9cision destin\u00e9e \u00e0 optimiser l\u2019a\u00e9ration dans le traitement biologique des eaux us\u00e9es. L\u2019a\u00e9ration \u00e9tant le principal poste de consommation \u00e9nerg\u00e9tique dans une STEP, le syst\u00e8me VACOMASS\u00ae est con\u00e7u pour r\u00e9duire cette consommation, g\u00e9n\u00e9ralement jusqu\u2019\u00e0 20 %.<\/p>\n\n\n\n<p>Le syst\u00e8me r\u00e9pond au d\u00e9fi majeur de l\u2019\u00e9quilibrage de l\u2019apport en oxyg\u00e8ne : une sous-a\u00e9ration entra\u00eene des perturbations du proc\u00e9d\u00e9 et un non-respect des normes de rejet, tandis qu&#8217;un approvisionnement excessif gaspille une quantit\u00e9 importante d&#8217;\u00e9nergie de soufflage et peut compromettre le processus de d\u00e9nitrification. VACOMASS\u00ae garantit que l\u2019air est fourni en fonction de la demande r\u00e9elle en oxyg\u00e8ne dans les diff\u00e9rents bassins et zones.<\/p>\n\n\n\n<h2 class=\"wp-block-heading\">principaux avantages de VACOMASS\u00ae.<\/h2>\n\n\n\n<figure class=\"wp-block-image alignright size-medium\"><img loading=\"lazy\" decoding=\"async\" width=\"300\" height=\"255\" src=\"https:\/\/generizon.com\/wp-content\/uploads\/2026\/02\/Binder_Vacomass_jet-control-valve_01-1-300x255.jpg\" alt=\"Jet control valve\" class=\"wp-image-7390\" srcset=\"https:\/\/generizon.com\/wp-content\/uploads\/2026\/02\/Binder_Vacomass_jet-control-valve_01-1-300x255.jpg 300w, https:\/\/generizon.com\/wp-content\/uploads\/2026\/02\/Binder_Vacomass_jet-control-valve_01-1-768x654.jpg 768w, https:\/\/generizon.com\/wp-content\/uploads\/2026\/02\/Binder_Vacomass_jet-control-valve_01-1.jpg 829w\" sizes=\"auto, (max-width: 300px) 100vw, 300px\" \/><figcaption class=\"wp-element-caption\">VACOMASS\u00ae jet control valve.<\/figcaption><\/figure>\n\n\n\n<ul class=\"wp-block-list ul-border\">\n<li><strong>Stabilit\u00e9 du proc\u00e9d\u00e9<\/strong> : R\u00e9action imm\u00e9diate aux perturbations du proc\u00e9d\u00e9 (telles que les fortes pluies), garantissant une performance d\u2019\u00e9puration homog\u00e8ne et le respect des autorisations de rejet.<\/li>\n\n\n\n<li><strong>Protection des \u00e9quipements et s\u00e9curit\u00e9 du proc\u00e9d\u00e9<\/strong> : Le syst\u00e8me prend en charge l\u2019ensemble de la cha\u00eene d\u2019a\u00e9ration et assure la protection des surpresseurs en amont ainsi que des diffuseurs en aval.<\/li>\n\n\n\n<li><strong>Efficacit\u00e9 \u00e9nerg\u00e9tique<\/strong> : R\u00e9duction significative de la consommation \u00e9lectrique des surpresseurs gr\u00e2ce \u00e0 un contr\u00f4le pr\u00e9cis et \u00e0 des composants \u00e0 faible perte de charge.<\/li>\n\n\n\n<li><strong>\u00c9missions de GES<\/strong> : Suivi de la production et des \u00e9missions de N\u2082O.<\/li>\n\n\n\n<li><strong>Flexibilit\u00e9 modulaire<\/strong> : Les composants peuvent \u00eatre utilis\u00e9s individuellement ou comme un syst\u00e8me int\u00e9gr\u00e9, permettant une int\u00e9gration facile dans les installations existantes.<\/li>\n<\/ul>\n\n\n\n<h2 class=\"wp-block-heading\">vannes de r\u00e9gulation de pr\u00e9cision VACOMASS\u00ae.<\/h2>\n\n\n\n<figure class=\"wp-block-image alignright size-medium\"><img loading=\"lazy\" decoding=\"async\" width=\"300\" height=\"121\" src=\"https:\/\/generizon.com\/wp-content\/uploads\/2026\/02\/jet-control-valve-schema-300x121.png\" alt=\"Jet control valve.\" class=\"wp-image-7391\" srcset=\"https:\/\/generizon.com\/wp-content\/uploads\/2026\/02\/jet-control-valve-schema-300x121.png 300w, https:\/\/generizon.com\/wp-content\/uploads\/2026\/02\/jet-control-valve-schema-1024x413.png 1024w, https:\/\/generizon.com\/wp-content\/uploads\/2026\/02\/jet-control-valve-schema-768x310.png 768w, https:\/\/generizon.com\/wp-content\/uploads\/2026\/02\/jet-control-valve-schema-1536x619.png 1536w, https:\/\/generizon.com\/wp-content\/uploads\/2026\/02\/jet-control-valve-schema.png 1766w\" sizes=\"auto, (max-width: 300px) 100vw, 300px\" \/><figcaption class=\"wp-element-caption\">VACOMASS\u00ae jet control valve. <\/figcaption><\/figure>\n\n\n\n<p>Binder propose plusieurs types de vannes optimis\u00e9es pour diff\u00e9rents besoins :<\/p>\n\n\n\n<ul class=\"wp-block-list ul-border\">\n<li>Vanne de r\u00e9gulation VACOMASS\u00ae Jet : Vanne phare de la gamme, elle se distingue par un design a\u00e9rodynamique unique \u00e0 360\u00b0 permettant une r\u00e9cup\u00e9ration de pression pouvant atteindre 75 %. Elle offre une caract\u00e9ristique de fonctionnement lin\u00e9aire sur toute sa course, autorisant des pas de r\u00e9glage tr\u00e8s fins (0,15 %). Sa conception agit \u00e9galement comme un conditionneur d\u2019\u00e9coulement, permettant des longueurs d\u2019installation extr\u00eamement r\u00e9duites.<\/li>\n\n\n\n<li>Vanne de r\u00e9gulation \u00e0 membrane carr\u00e9e (SDCV &#8211; Square Diaphragm Control Valve) : Solution \u00e9prouv\u00e9e depuis de nombreuses ann\u00e9es, avec une caract\u00e9ristique de fonctionnement proportionnelle et stable.<\/li>\n\n\n\n<li>Vanne de r\u00e9gulation \u00e0 membrane elliptique (EDCV &#8211; Elliptic Diaphragm Control Valve) : Con\u00e7ue pour des d\u00e9bits \u00e9lev\u00e9s, avec une perte de charge minimale et de faibles \u00e9missions sonores.<\/li>\n\n\n\n<li>plus d&#8217;information. <a href=\"https:\/\/bindergroup.info\/europe\/wp-content\/uploads\/sites\/11\/BIDE-M-D-VACOMASS-EN-R05-Dats-Sheet-VACOMASS-jet-control-valve.pdf\" target=\"_blank\" rel=\"noreferrer noopener\">fiche technique VACOMASS<sup>\u00ae<\/sup> vanne Jet Control<\/a>. <a href=\"https:\/\/bindergroup.info\/europe\/wp-content\/uploads\/sites\/11\/BIDE-M-D-VACOMASS-EN-R09-Data-Sheet-VACOMASS-System.pdf\" target=\"_blank\" rel=\"noreferrer noopener\">fiche technique VACOMASS<sup>\u00ae<\/sup> syst\u00e8me<\/a>.<\/li>\n<\/ul>\n\n\n\n<h2 class=\"wp-block-heading\">d\u00e9bitm\u00e8tres massiques thermiques VACOMASS\u00ae.<\/h2>\n\n\n\n<figure class=\"wp-block-image alignright size-medium\"><img loading=\"lazy\" decoding=\"async\" width=\"300\" height=\"260\" src=\"https:\/\/generizon.com\/wp-content\/uploads\/2026\/02\/Binder_Vacomass_flowmeter_03-1-300x260.jpg\" alt=\"\" class=\"wp-image-7388\" srcset=\"https:\/\/generizon.com\/wp-content\/uploads\/2026\/02\/Binder_Vacomass_flowmeter_03-1-300x260.jpg 300w, https:\/\/generizon.com\/wp-content\/uploads\/2026\/02\/Binder_Vacomass_flowmeter_03-1-768x664.jpg 768w, https:\/\/generizon.com\/wp-content\/uploads\/2026\/02\/Binder_Vacomass_flowmeter_03-1.jpg 867w\" sizes=\"auto, (max-width: 300px) 100vw, 300px\" \/><figcaption class=\"wp-element-caption\">VACOMASS thermal airflow meter.<\/figcaption><\/figure>\n\n\n\n<p>Les d\u00e9bitm\u00e8tres VACOMASS\u00ae mesurent directement le d\u00e9bit d\u2019air dans des conditions normalis\u00e9es, sans n\u00e9cessiter de compensation suppl\u00e9mentaire de pression ou de temp\u00e9rature. Comme ils ne g\u00e9n\u00e8rent pas de perte de charge significative, ils n\u2019entra\u00eenent pas d\u2019augmentation de la consommation \u00e9nerg\u00e9tique des surpresseurs.<\/p>\n\n\n\n<p>Les d\u00e9bitm\u00e8tres d\u2019air sont install\u00e9s en aval des surpresseurs, sur les collecteurs alimentant les diff\u00e9rents bassins d\u2019a\u00e9ration, ainsi que sur les conduites secondaires desservant les zones d\u2019a\u00e9ration individuelles (permettant notamment le suivi du vieillissement des diffuseurs).<\/p>\n\n\n\n<ul class=\"wp-block-list ul-border\">\n<li>Pour les conduites de tr\u00e8s grand diam\u00e8tre, un d\u00e9bitm\u00e8tre VACOMASS\u00ae multi \u00e0 syst\u00e8me de capteurs multipoints peut \u00eatre n\u00e9cessaire.<\/li>\n\n\n\n<li>Unit\u00e9s de Per\u00e7age \u00e0 chaud (Hot Tapping) : Elles permettent le retrait s\u00e9curis\u00e9 des d\u00e9bitm\u00e8tres en cours d\u2019exploitation, pour la maintenance, sans interruption ni perte d\u2019air.<\/li>\n\n\n\n<li>Correction simultan\u00e9e du profil d\u2019\u00e9coulement : Dans les installations compactes o\u00f9 le d\u00e9bitm\u00e8tre est plac\u00e9 directement en amont d\u2019une vanne, l\u2019\u00e9lectronique peut corriger automatiquement la mesure en fonction de la position (course) de la vanne.<\/li>\n<\/ul>\n\n\n\n<h2 class=\"wp-block-heading\">commande intelligente et logiciel \u2013 flexcontrol.<\/h2>\n\n\n\n<p>Le VACOMASS\u00ae flexcontrol est une plateforme mat\u00e9rielle bas\u00e9e sur un automate programmable industriel (API\/PLC) qui agit comme le \u00ab cerveau \u00bb du syst\u00e8me d\u2019a\u00e9ration. Ses fonctionnalit\u00e9s se r\u00e9partissent en trois cat\u00e9gories principales : la r\u00e9gulation de l\u2019air de haute pr\u00e9cision, l\u2019optimisation \u00e9nerg\u00e9tique des surpresseurs et la maintenance proactive des capteurs et des diffuseurs.<\/p>\n\n\n\n<figure class=\"wp-block-image alignright size-medium\"><img loading=\"lazy\" decoding=\"async\" width=\"263\" height=\"300\" src=\"https:\/\/generizon.com\/wp-content\/uploads\/2026\/02\/Vacomass_flexcontrol1-263x300.jpg\" alt=\"\" class=\"wp-image-7387\" srcset=\"https:\/\/generizon.com\/wp-content\/uploads\/2026\/02\/Vacomass_flexcontrol1-263x300.jpg 263w, https:\/\/generizon.com\/wp-content\/uploads\/2026\/02\/Vacomass_flexcontrol1.jpg 657w\" sizes=\"auto, (max-width: 263px) 100vw, 263px\" \/><figcaption class=\"wp-element-caption\">VACOMASS flexcontrol.<\/figcaption><\/figure>\n\n\n\n<p><strong>Contr\u00f4leurs d\u2019a\u00e9ration principaux :<\/strong><\/p>\n\n\n\n<ul class=\"wp-block-list ul-border\">\n<li>Aeration Controller-DO : Contr\u00f4leur avanc\u00e9 bas\u00e9 sur l\u2019intelligence artificielle, destin\u00e9 aux installations \u00e9quip\u00e9es de d\u00e9bitm\u00e8tres d\u2019air. Il utilise des algorithmes auto-apprenants pour calculer pr\u00e9cis\u00e9ment le d\u00e9bit d\u2019air et la position de vanne n\u00e9cessaires, aussi bien en a\u00e9ration continue qu\u2019intermittente.<\/li>\n\n\n\n<li>Aeration Controller-Q : Similaire \u00e0 la version DO, mais ax\u00e9 sur l\u2019atteinte d\u2019une consigne de d\u00e9bit d\u2019air sp\u00e9cifique transmise par un PLC ma\u00eetre.<\/li>\n\n\n\n<li>Aeration Controller-LITE : Con\u00e7u pour les installations de petite taille ne disposant pas de d\u00e9bitm\u00e8tres d\u2019air. Il s\u2019appuie sur un contr\u00f4le classique bas\u00e9 sur l\u2019oxyg\u00e8ne dissous (OD\/DO) afin d\u2019ajuster la position des vannes en fonction des \u00e9carts par rapport \u00e0 la consigne.<\/li>\n<\/ul>\n\n\n\n<p><strong>Efficacit\u00e9 et optimisation des surpresseurs<\/strong> : garantissent que l\u2019air est produit avec la d\u00e9pense \u00e9nerg\u00e9tique la plus faible possible.<\/p>\n\n\n\n<ul class=\"wp-block-list ul-border\">\n<li>econtrol (MOV\/MIV) : Il s\u2019agit de la logique \u201cVanne la plus ouverte \/ Vanne la plus importante\u201d \u00ab Most Open Valve \/ Most Important Valve \u00bb. Elle calcule la pression minimale requise dans le collecteur principal pour satisfaire le bassin ayant la demande la plus \u00e9lev\u00e9e. En maintenant au moins une vanne enti\u00e8rement ouverte, elle \u00e9vite que les surpresseurs ne travaillent contre des pertes de charge inutiles.<\/li>\n\n\n\n<li>econtrol surpresseur : Panneau de commande ma\u00eetre (Master Control Panel &#8211; MCP) bas\u00e9 sur l\u2019intelligence artificielle, capable de piloter diff\u00e9rents types de surpresseurs. Lorsqu\u2019il est combin\u00e9 aux contr\u00f4leurs d\u2019a\u00e9ration, il permet le Contr\u00f4le pr\u00e9dictif des vannes (Predictive Valve Control &#8211; PVC), synchronisant de mani\u00e8re anticip\u00e9e l\u2019ajustement des vannes et des surpresseurs afin d\u2019\u00e9viter les d\u00e9s\u00e9quilibres de pression.<\/li>\n<\/ul>\n\n\n\n<p>Les modules de <strong>gestion dynamique des consignes<\/strong> calculent la cible optimale en oxyg\u00e8ne en fonction des charges polluantes mesur\u00e9es en temps r\u00e9el :<\/p>\n\n\n\n<figure class=\"wp-block-image alignright size-medium\"><img loading=\"lazy\" decoding=\"async\" width=\"229\" height=\"300\" src=\"https:\/\/generizon.com\/wp-content\/uploads\/2026\/02\/BINDER_Vacomass_03_EllipticDIaphragm1-229x300.jpg\" alt=\"VACOMASS\u00ae elliptic\ndiaphragm control valve\" class=\"wp-image-7389\" srcset=\"https:\/\/generizon.com\/wp-content\/uploads\/2026\/02\/BINDER_Vacomass_03_EllipticDIaphragm1-229x300.jpg 229w, https:\/\/generizon.com\/wp-content\/uploads\/2026\/02\/BINDER_Vacomass_03_EllipticDIaphragm1.jpg 572w\" sizes=\"auto, (max-width: 229px) 100vw, 229px\" \/><figcaption class=\"wp-element-caption\">VACOMASS\u00ae elliptic<br>diaphragm control valve.<\/figcaption><\/figure>\n\n\n\n<ul class=\"wp-block-list ul-border\">\n<li>DO-SET (NH\u2084-N \/ N\u2082O) : Ajuste la consigne d\u2019oxyg\u00e8ne en fonction de la concentration ou de la charge en ammonium (NH\u2084-N). Il peut \u00e9galement int\u00e9grer les donn\u00e9es sur le protoxyde d\u2019azote (N\u2082O) afin de minimiser les \u00e9missions de gaz \u00e0 effet de serre.<\/li>\n\n\n\n<li>DO-SET KASK : Optimise la r\u00e9partition des charges entre des bassins d\u2019a\u00e9ration dispos\u00e9s en s\u00e9rie (configuration en cascade).<\/li>\n\n\n\n<li>VAer-SET : G\u00e8re sp\u00e9cifiquement l\u2019alimentation en air des \u00ab zones swing \u00bb, c\u2019est-\u00e0-dire des bassins alternant entre des phases a\u00e9robies et anoxiques.<\/li>\n<\/ul>\n\n\n\n<p><strong>Modules de maintenance et protection des diffuseurs :<\/strong><\/p>\n\n\n\n<ul class=\"wp-block-list ul-border\">\n<li><strong>DIFF-FLEX \/ PRESS-REL<\/strong> : Automatise le nettoyage m\u00e9canique des membranes de diffuseurs par rin\u00e7age \u00e0 l\u2019air ou par rel\u00e2chement de la pression afin de d\u00e9coller les d\u00e9p\u00f4ts biologiques.<\/li>\n\n\n\n<li><strong>DIFF-CHCK<\/strong> : Outil de suivi \u00e0 long terme qui surveille la perte de charge \u00e0 travers les diffuseurs et alerte les op\u00e9rateurs lorsqu\u2019ils deviennent trop colmat\u00e9s pour fonctionner efficacement.<\/li>\n\n\n\n<li><strong>SENS-CHCK<\/strong> : V\u00e9rification de la viabilit\u00e9 et du bon fonctionnement des capteurs d\u2019oxyg\u00e8ne dissous (OD\/DO).<\/li>\n\n\n\n<li><strong>Surveillance de plausibilit\u00e9<\/strong> : Contr\u00f4le de coh\u00e9rence des mesures et des donn\u00e9es de proc\u00e9d\u00e9 afin de d\u00e9tecter les valeurs aberrantes ou incoh\u00e9rentes.<\/li>\n<\/ul>\n\n\n\n<p><strong>Contr\u00f4le des proc\u00e9d\u00e9s auxiliaires :<\/strong><\/p>\n\n\n\n<ul class=\"wp-block-list ul-border\">\n<li>Pilotage de l\u2019\u00e9tat Marche\/Arr\u00eat des agitateurs, pompes et vannes\/clapets.<\/li>\n\n\n\n<li>R\u00e9gulation des d\u00e9bits de boues activ\u00e9es en retour (RAS).<\/li>\n\n\n\n<li>Gestion des mouvements m\u00e9caniques des fluides et des produits chimiques.<\/li>\n\n\n\n<li>Et bien plus encore.<\/li>\n<\/ul>\n\n\n\n<h2 class=\"wp-block-heading\"><strong>modernisation et retrofit.<\/strong><\/h2>\n\n\n\n<figure class=\"wp-block-image alignright size-medium\"><img loading=\"lazy\" decoding=\"async\" width=\"300\" height=\"188\" src=\"https:\/\/generizon.com\/wp-content\/uploads\/2026\/02\/BINDER_Camass_DSC_0180H-300x188.jpg\" alt=\"CAMASS calibration.\" class=\"wp-image-7385\" srcset=\"https:\/\/generizon.com\/wp-content\/uploads\/2026\/02\/BINDER_Camass_DSC_0180H-300x188.jpg 300w, https:\/\/generizon.com\/wp-content\/uploads\/2026\/02\/BINDER_Camass_DSC_0180H-1024x640.jpg 1024w, https:\/\/generizon.com\/wp-content\/uploads\/2026\/02\/BINDER_Camass_DSC_0180H-768x480.jpg 768w, https:\/\/generizon.com\/wp-content\/uploads\/2026\/02\/BINDER_Camass_DSC_0180H.jpg 1200w\" sizes=\"auto, (max-width: 300px) 100vw, 300px\" \/><figcaption class=\"wp-element-caption\">CAMASS\u00ae calibration.<\/figcaption><\/figure>\n\n\n\n<p>Le syst\u00e8me est particuli\u00e8rement efficace pour la modernisation des installations existantes. Par exemple, le remplacement de vannes \u00e0 guillotine classiques (qui fonctionnent souvent dans une plage restreinte de 10 \u00e0 30 % avec de fortes pertes de charge) par des vannes de r\u00e9gulation VACOMASS\u00ae Jet permet de r\u00e9duire significativement la pression dans les collecteurs ainsi que les co\u00fbts \u00e9nerg\u00e9tiques, sans n\u00e9cessiter l\u2019extension des r\u00e9seaux de tuyauterie existants.<\/p>\n\n\n\n<p>L\u2019\u00e9talonnage personnalis\u00e9 r\u00e9alis\u00e9 dans le laboratoire de calibration CAMASS\u00ae garantit que le syst\u00e8me est parfaitement optimis\u00e9 en fonction de la configuration sp\u00e9cifique des conduites et des conditions locales de la station.<\/p>\n\n\n\n<p>plus d&#8217;information. <a href=\"https:\/\/bindergroup.info\/world\/application-areas\/control-valves-for-aeration-air\/\" target=\"_blank\" rel=\"noreferrer noopener\">Binder<\/a>. <a href=\"https:\/\/bindergroup.info\/europe\/wp-content\/uploads\/sites\/11\/BIDE-M-D-VACOMASS-EN-R05-Dats-Sheet-VACOMASS-jet-control-valve.pdf\" target=\"_blank\" rel=\"noreferrer noopener\">datasheet VACOMASS<sup>\u00ae<\/sup> Jet Control valve<\/a>. <a href=\"https:\/\/generizon.com\/download\/BIDE-M-PROS-VACOMASS-EN-R08-read-version.pdf\" target=\"_blank\" rel=\"noreferrer noopener\">VACOMASS\u00ae system<\/a>.<\/p>\n\n\n\n<div class=\"wp-block-columns is-layout-flex wp-container-core-columns-is-layout-28f84493 wp-block-columns-is-layout-flex\">\n<div class=\"wp-block-column is-layout-flow wp-block-column-is-layout-flow\">\n<figure class=\"wp-block-image size-full\"><img loading=\"lazy\" decoding=\"async\" width=\"1200\" height=\"750\" src=\"https:\/\/generizon.com\/wp-content\/uploads\/2021\/04\/BINDER_Vacomass__Z1T5488_1_02.jpg\" alt=\"\" class=\"wp-image-3075\" srcset=\"https:\/\/generizon.com\/wp-content\/uploads\/2021\/04\/BINDER_Vacomass__Z1T5488_1_02.jpg 1200w, https:\/\/generizon.com\/wp-content\/uploads\/2021\/04\/BINDER_Vacomass__Z1T5488_1_02-300x188.jpg 300w, https:\/\/generizon.com\/wp-content\/uploads\/2021\/04\/BINDER_Vacomass__Z1T5488_1_02-1024x640.jpg 1024w, https:\/\/generizon.com\/wp-content\/uploads\/2021\/04\/BINDER_Vacomass__Z1T5488_1_02-768x480.jpg 768w\" sizes=\"auto, (max-width: 1200px) 100vw, 1200px\" \/><figcaption class=\"wp-element-caption\">VACOMASS<sup>\u00ae<\/sup> vanne Jet Control.<\/figcaption><\/figure>\n<\/div>\n\n\n\n<div class=\"wp-block-column is-layout-flow wp-block-column-is-layout-flow\">\n<figure class=\"wp-block-image size-full\"><img loading=\"lazy\" decoding=\"async\" width=\"1200\" height=\"750\" src=\"https:\/\/generizon.com\/wp-content\/uploads\/2021\/04\/BINDER_Vacomass_Z1T5659_1_02.jpg\" alt=\"\" class=\"wp-image-3077\" srcset=\"https:\/\/generizon.com\/wp-content\/uploads\/2021\/04\/BINDER_Vacomass_Z1T5659_1_02.jpg 1200w, https:\/\/generizon.com\/wp-content\/uploads\/2021\/04\/BINDER_Vacomass_Z1T5659_1_02-300x188.jpg 300w, https:\/\/generizon.com\/wp-content\/uploads\/2021\/04\/BINDER_Vacomass_Z1T5659_1_02-1024x640.jpg 1024w, https:\/\/generizon.com\/wp-content\/uploads\/2021\/04\/BINDER_Vacomass_Z1T5659_1_02-768x480.jpg 768w\" sizes=\"auto, (max-width: 1200px) 100vw, 1200px\" \/><figcaption class=\"wp-element-caption\">VACOMASS<sup>\u00ae<\/sup> syst\u00e8mes de contr\u00f4le de l&#8217;a\u00e9ration pr\u00e9cise.<\/figcaption><\/figure>\n<\/div>\n\n\n\n<div class=\"wp-block-column is-layout-flow wp-block-column-is-layout-flow\">\n<figure class=\"wp-block-image size-full\"><img loading=\"lazy\" decoding=\"async\" width=\"1200\" height=\"750\" src=\"https:\/\/generizon.com\/wp-content\/uploads\/2021\/04\/JetControlValve_FlowMeter_Riedstadt.jpg\" alt=\"\" class=\"wp-image-3079\" srcset=\"https:\/\/generizon.com\/wp-content\/uploads\/2021\/04\/JetControlValve_FlowMeter_Riedstadt.jpg 1200w, https:\/\/generizon.com\/wp-content\/uploads\/2021\/04\/JetControlValve_FlowMeter_Riedstadt-300x188.jpg 300w, https:\/\/generizon.com\/wp-content\/uploads\/2021\/04\/JetControlValve_FlowMeter_Riedstadt-1024x640.jpg 1024w, https:\/\/generizon.com\/wp-content\/uploads\/2021\/04\/JetControlValve_FlowMeter_Riedstadt-768x480.jpg 768w\" sizes=\"auto, (max-width: 1200px) 100vw, 1200px\" \/><figcaption class=\"wp-element-caption\">VACOMASS<sup>\u00ae<\/sup> pour bassins d&#8217;a\u00e9ration dans des stations d&#8217;\u00e9puration des eaux us\u00e9es.<\/figcaption><\/figure>\n<\/div>\n<\/div>\n","protected":false},"excerpt":{"rendered":"<p>les vannes de r\u00e9gulation VACOMASS\u00ae pour l&#8217;air d&#8217;a\u00e9ration dans les bassins d&#8217;a\u00e9ration des stations d&#8217;\u00e9puration des eaux us\u00e9es. VACOMASS\u00ae est un syst\u00e8me modulaire de contr\u00f4le de l\u2019a\u00e9ration dans les stations d\u2019\u00e9puration des eaux us\u00e9es (STEP). Il s\u2019agit d\u2019une solution de haute pr\u00e9cision destin\u00e9e \u00e0 optimiser l\u2019a\u00e9ration dans le traitement biologique des eaux us\u00e9es. L\u2019a\u00e9ration \u00e9tant [&hellip;]<\/p>\n","protected":false},"author":1,"featured_media":0,"parent":0,"menu_order":0,"comment_status":"closed","ping_status":"closed","template":"page-french","meta":{"_acf_changed":false,"footnotes":""},"class_list":["post-5213","page","type-page","status-publish","hentry"],"acf":[],"_links":{"self":[{"href":"https:\/\/generizon.com\/fr\/wp-json\/wp\/v2\/pages\/5213","targetHints":{"allow":["GET"]}}],"collection":[{"href":"https:\/\/generizon.com\/fr\/wp-json\/wp\/v2\/pages"}],"about":[{"href":"https:\/\/generizon.com\/fr\/wp-json\/wp\/v2\/types\/page"}],"author":[{"embeddable":true,"href":"https:\/\/generizon.com\/fr\/wp-json\/wp\/v2\/users\/1"}],"replies":[{"embeddable":true,"href":"https:\/\/generizon.com\/fr\/wp-json\/wp\/v2\/comments?post=5213"}],"version-history":[{"count":0,"href":"https:\/\/generizon.com\/fr\/wp-json\/wp\/v2\/pages\/5213\/revisions"}],"wp:attachment":[{"href":"https:\/\/generizon.com\/fr\/wp-json\/wp\/v2\/media?parent=5213"}],"curies":[{"name":"wp","href":"https:\/\/api.w.org\/{rel}","templated":true}]}}