{"id":5471,"date":"2025-08-19T17:13:01","date_gmt":"2025-08-19T17:13:01","guid":{"rendered":"https:\/\/generizon.com\/?page_id=5471"},"modified":"2026-02-01T17:08:05","modified_gmt":"2026-02-01T17:08:05","slug":"pressostats-thermostats-switches-interrupteurs-beta-maroc","status":"publish","type":"page","link":"https:\/\/generizon.com\/fr\/pressostats-thermostats-switches-interrupteurs-beta-maroc\/","title":{"rendered":"BETA &#8211; pressostats et thermostats."},"content":{"rendered":"\n<h2 class=\"wp-block-heading\">pressostats et thermostats BETA &#8211; l\u2019excellence au service de la pr\u00e9cision.<\/h2>\n\n\n\n<figure class=\"wp-block-image alignright size-medium\"><img loading=\"lazy\" decoding=\"async\" width=\"300\" height=\"186\" src=\"https:\/\/generizon.com\/wp-content\/uploads\/2025\/08\/BETA_Produktuebersicht-300x186.jpg\" alt=\"\" class=\"wp-image-5405\" srcset=\"https:\/\/generizon.com\/wp-content\/uploads\/2025\/08\/BETA_Produktuebersicht-300x186.jpg 300w, https:\/\/generizon.com\/wp-content\/uploads\/2025\/08\/BETA_Produktuebersicht-768x476.jpg 768w, https:\/\/generizon.com\/wp-content\/uploads\/2025\/08\/BETA_Produktuebersicht.jpg 1000w\" sizes=\"auto, (max-width: 300px) 100vw, 300px\" \/><figcaption class=\"wp-element-caption\">interrupteurs de pression et de temp\u00e9rature BETA. instruments de s\u00e9curit\u00e9 de haute qualit\u00e9. interrupteurs pour applications critiques.<\/figcaption><\/figure>\n\n\n\n<p>Au c\u0153ur de chaque pressostat et thermostat BETA se trouve un capteur \u00e0 piston \u00e0 ressort auto-alignant de haute qualit\u00e9, minutieusement con\u00e7u pour garantir des performances optimales dans toutes les applications.<\/p>\n\n\n\n<p>Notre conception innovante assure une pr\u00e9cision et une fiabilit\u00e9 maximales. Gr\u00e2ce \u00e0 un d\u00e9placement limit\u00e9 du piston, la pression est transmise directement du diaphragme de process au micro-interrupteur, \u00e9liminant ainsi le besoin de liaisons ou de m\u00e9canismes complexes. Cette approche am\u00e9liore non seulement la pr\u00e9cision, mais offre \u00e9galement une protection totale contre les surpressions, s\u00e9curisant vos op\u00e9rations.<\/p>\n\n\n\n<p>Le capteur \u00e0 piston est ing\u00e9nieusement isol\u00e9 du fluide de process par un diaphragme et un joint torique statique, renfor\u00e7ant encore sa durabilit\u00e9. Avec seulement trois pi\u00e8ces en contact avec le fluide \u2014 le diaphragme, le joint torique statique et l\u2019orifice de raccordement process \u2014 nos pressostats et thermostats allient simplicit\u00e9 et flexibilit\u00e9 maximale, puisque ces \u00e9l\u00e9ments sont propos\u00e9s dans un large choix de mat\u00e9riaux.<\/p>\n\n\n\n<p><strong>BETA<\/strong> est synonyme de solutions sup\u00e9rieures et fiables pour vos applications critiques. D\u00e9couvrez la diff\u00e9rence qu\u2019apportent un savoir-faire d\u2019exception et une ing\u00e9nierie innovante.<\/p>\n\n\n\n<h2 class=\"wp-block-heading\">S\u00e9ries-C.<\/h2>\n\n\n\n<p>Les \u00e9quipements de la s\u00e9ries C \u00e9tanche aux intemp\u00e9ries sont disponibles avec des bo\u00eetiers en aluminium moul\u00e9 ou en acier inoxydable SS 316 (en option : certification Eex ia\/b IIC T6). Les plages de pression commencent \u00e0 partir de 2 mbar et vont jusqu\u2019\u00e0 350 bar. Des plages de vide, de pression diff\u00e9rentielle et de temp\u00e9rature sont \u00e9galement disponibles. De nombreuses options et personnalisations sont possibles.<\/p>\n\n\n\n<ul class=\"wp-block-list ul-border\">\n<li>Tous les d\u00e9tails et t\u00e9l\u00e9chargements concernant la s\u00e9ries C sont disponibles. <a href=\"https:\/\/beta-b.nl\/products-c-series\/\">BETA<\/a> s\u00e9ries C.<\/li>\n\n\n\n<li>Certifi\u00e9es SIL 3, la s\u00e9ries C couvre un vaste \u00e9ventail de plages de pression, de temp\u00e9rature, de vide et de pression diff\u00e9rentielle.<\/li>\n\n\n\n<li><strong>Pressostats et thermostats SPDT\/DPDT<\/strong>.<\/li>\n\n\n\n<li>Toutes les certifications disponibles. <strong>BETA s\u00e9ries C<\/strong>.<\/li>\n\n\n\n<li><strong>Flexibilit\u00e9<\/strong> et int\u00e9gration parfaite.<\/li>\n\n\n\n<li><strong>Pr\u00e9cision, durabilit\u00e9 et fiabilit\u00e9<\/strong> pour vos applications critiques.<\/li>\n\n\n\n<li>L\u2019option \u00ab I \u00bb est conforme \u00e0 l\u2019article 9 de la directive ATEX 2014\/34\/UE (Ex ia\/ib IIC). Elle concerne l\u2019isolation, les distances d\u2019isolement, les lignes de fuite et le type de bo\u00eetier, permettant une tension de cr\u00eate maximale de 90 V ou un courant maximal de 3,3 A.<\/li>\n<\/ul>\n\n\n\n<p>Quelques exemples de pressostats et thermostats de la s\u00e9rie C BETA.<\/p>\n\n\n\n<div class=\"wp-block-columns is-layout-flex wp-container-core-columns-is-layout-28f84493 wp-block-columns-is-layout-flex\">\n<div class=\"wp-block-column is-layout-flow wp-block-column-is-layout-flow\">\n<figure class=\"wp-block-image size-large\"><img loading=\"lazy\" decoding=\"async\" width=\"853\" height=\"1024\" src=\"https:\/\/generizon.com\/wp-content\/uploads\/2025\/08\/beta-c-press-1-853x1024.jpg\" alt=\"BETA C-series\" class=\"wp-image-5413\" srcset=\"https:\/\/generizon.com\/wp-content\/uploads\/2025\/08\/beta-c-press-1-853x1024.jpg 853w, https:\/\/generizon.com\/wp-content\/uploads\/2025\/08\/beta-c-press-1-250x300.jpg 250w, https:\/\/generizon.com\/wp-content\/uploads\/2025\/08\/beta-c-press-1-768x922.jpg 768w, https:\/\/generizon.com\/wp-content\/uploads\/2025\/08\/beta-c-press-1.jpg 1000w\" sizes=\"auto, (max-width: 853px) 100vw, 853px\" \/><\/figure>\n<\/div>\n\n\n\n<div class=\"wp-block-column is-layout-flow wp-block-column-is-layout-flow\">\n<figure class=\"wp-block-image size-large\"><img loading=\"lazy\" decoding=\"async\" width=\"853\" height=\"1024\" src=\"https:\/\/generizon.com\/wp-content\/uploads\/2025\/08\/beta-c-diff-1-853x1024.jpg\" alt=\"BETA C-series\" class=\"wp-image-5419\" srcset=\"https:\/\/generizon.com\/wp-content\/uploads\/2025\/08\/beta-c-diff-1-853x1024.jpg 853w, https:\/\/generizon.com\/wp-content\/uploads\/2025\/08\/beta-c-diff-1-250x300.jpg 250w, https:\/\/generizon.com\/wp-content\/uploads\/2025\/08\/beta-c-diff-1-768x922.jpg 768w, https:\/\/generizon.com\/wp-content\/uploads\/2025\/08\/beta-c-diff-1.jpg 1000w\" sizes=\"auto, (max-width: 853px) 100vw, 853px\" \/><\/figure>\n<\/div>\n\n\n\n<div class=\"wp-block-column is-layout-flow wp-block-column-is-layout-flow\">\n<figure class=\"wp-block-image size-large\"><img loading=\"lazy\" decoding=\"async\" width=\"853\" height=\"1024\" src=\"https:\/\/generizon.com\/wp-content\/uploads\/2025\/08\/beta-c-temp1-853x1024.jpg\" alt=\"BETA C-series. temp switch\" class=\"wp-image-5415\" srcset=\"https:\/\/generizon.com\/wp-content\/uploads\/2025\/08\/beta-c-temp1-853x1024.jpg 853w, https:\/\/generizon.com\/wp-content\/uploads\/2025\/08\/beta-c-temp1-250x300.jpg 250w, https:\/\/generizon.com\/wp-content\/uploads\/2025\/08\/beta-c-temp1-768x922.jpg 768w, https:\/\/generizon.com\/wp-content\/uploads\/2025\/08\/beta-c-temp1.jpg 1000w\" sizes=\"auto, (max-width: 853px) 100vw, 853px\" \/><\/figure>\n<\/div>\n\n\n\n<div class=\"wp-block-column is-layout-flow wp-block-column-is-layout-flow\">\n<figure class=\"wp-block-image size-large\"><img loading=\"lazy\" decoding=\"async\" width=\"853\" height=\"1024\" src=\"https:\/\/generizon.com\/wp-content\/uploads\/2025\/08\/beta-c-press-2-inox-853x1024.jpg\" alt=\"BETA C-series\" class=\"wp-image-5417\" srcset=\"https:\/\/generizon.com\/wp-content\/uploads\/2025\/08\/beta-c-press-2-inox-853x1024.jpg 853w, https:\/\/generizon.com\/wp-content\/uploads\/2025\/08\/beta-c-press-2-inox-250x300.jpg 250w, https:\/\/generizon.com\/wp-content\/uploads\/2025\/08\/beta-c-press-2-inox-768x922.jpg 768w, https:\/\/generizon.com\/wp-content\/uploads\/2025\/08\/beta-c-press-2-inox.jpg 1000w\" sizes=\"auto, (max-width: 853px) 100vw, 853px\" \/><\/figure>\n<\/div>\n<\/div>\n\n\n\n<h2 class=\"wp-block-heading\">S\u00e9ries-W.<\/h2>\n\n\n\n<p>Les \u00e9quipements de la s\u00e9ries-W antid\u00e9flagrantes (EX II 2 G\/D Ex d\/tb T6 G\/Db) sont disponibles avec des bo\u00eetiers en aluminium moul\u00e9, en acier inoxydable SS 316 ou en fonte (s\u00e9rie V5). Les plages de pression vont de 2 mbar \u00e0 350 bar. Des plages de vide, de pression diff\u00e9rentielle et de temp\u00e9rature sont \u00e9galement disponibles. Plusieurs options et personnalisations sont possibles.<\/p>\n\n\n\n<ul class=\"wp-block-list ul-border\">\n<li>Certifi\u00e9es <strong>ATEX pour gaz et poussi\u00e8re<\/strong>.<\/li>\n\n\n\n<li>Certifi\u00e9es <strong>IECEx<\/strong>.<\/li>\n\n\n\n<li>Tous les d\u00e9tails et t\u00e9l\u00e9chargements concernant la <strong>s\u00e9ries-W<\/strong>. <a href=\"https:\/\/beta-b.nl\/products-w-series\/\">BETA<\/a> s\u00e9ries W.<\/li>\n\n\n\n<li>Les s\u00e9ries W certifi\u00e9es SIL 3 disposent d\u2019un compartiment de r\u00e9glage s\u00e9par\u00e9, permettant un \u00e9talonnage facile sur site.<\/li>\n\n\n\n<li>Disponibles en tant que <strong>pressostats, commutateurs hydrauliques, vacuostat, pressostats diff\u00e9rentiels et thermostats<\/strong>.<\/li>\n\n\n\n<li>Con\u00e7ues pour affronter la complexit\u00e9 et les d\u00e9fis de votre environnement industriel.<\/li>\n\n\n\n<li>Solution optimale garantie, adapt\u00e9e avec pr\u00e9cision \u00e0 vos besoins sp\u00e9cifiques.<\/li>\n\n\n\n<li>Bo\u00eetiers en aluminium avec rev\u00eatement poudre extr\u00eamement robuste.<\/li>\n\n\n\n<li>Bo\u00eetiers en acier inoxydable 316 \u00e9galement disponibles.<\/li>\n<\/ul>\n\n\n\n<p>Quelques exemples de <strong>pressostats et thermostats<\/strong> des s\u00e9ries-W BETA.<\/p>\n\n\n\n<div class=\"wp-block-columns is-layout-flex wp-container-core-columns-is-layout-28f84493 wp-block-columns-is-layout-flex\">\n<div class=\"wp-block-column is-layout-flow wp-block-column-is-layout-flow\">\n<figure class=\"wp-block-image size-large\"><img loading=\"lazy\" decoding=\"async\" width=\"853\" height=\"1024\" src=\"https:\/\/generizon.com\/wp-content\/uploads\/2025\/08\/beta-w-press-853x1024.png\" alt=\"\" class=\"wp-image-5427\" srcset=\"https:\/\/generizon.com\/wp-content\/uploads\/2025\/08\/beta-w-press-853x1024.png 853w, https:\/\/generizon.com\/wp-content\/uploads\/2025\/08\/beta-w-press-250x300.png 250w, https:\/\/generizon.com\/wp-content\/uploads\/2025\/08\/beta-w-press-768x922.png 768w, https:\/\/generizon.com\/wp-content\/uploads\/2025\/08\/beta-w-press.png 1000w\" sizes=\"auto, (max-width: 853px) 100vw, 853px\" \/><\/figure>\n<\/div>\n\n\n\n<div class=\"wp-block-column is-layout-flow wp-block-column-is-layout-flow\">\n<figure class=\"wp-block-image size-large\"><img loading=\"lazy\" decoding=\"async\" width=\"853\" height=\"1024\" src=\"https:\/\/generizon.com\/wp-content\/uploads\/2025\/08\/beta-w-press1-853x1024.png\" alt=\"\" class=\"wp-image-5425\" srcset=\"https:\/\/generizon.com\/wp-content\/uploads\/2025\/08\/beta-w-press1-853x1024.png 853w, https:\/\/generizon.com\/wp-content\/uploads\/2025\/08\/beta-w-press1-250x300.png 250w, https:\/\/generizon.com\/wp-content\/uploads\/2025\/08\/beta-w-press1-768x922.png 768w, https:\/\/generizon.com\/wp-content\/uploads\/2025\/08\/beta-w-press1.png 1000w\" sizes=\"auto, (max-width: 853px) 100vw, 853px\" \/><\/figure>\n<\/div>\n\n\n\n<div class=\"wp-block-column is-layout-flow wp-block-column-is-layout-flow\">\n<figure class=\"wp-block-image size-large\"><img loading=\"lazy\" decoding=\"async\" width=\"853\" height=\"1024\" src=\"https:\/\/generizon.com\/wp-content\/uploads\/2025\/08\/beta-w-temp-853x1024.png\" alt=\"\" class=\"wp-image-5429\" srcset=\"https:\/\/generizon.com\/wp-content\/uploads\/2025\/08\/beta-w-temp-853x1024.png 853w, https:\/\/generizon.com\/wp-content\/uploads\/2025\/08\/beta-w-temp-250x300.png 250w, https:\/\/generizon.com\/wp-content\/uploads\/2025\/08\/beta-w-temp-768x922.png 768w, https:\/\/generizon.com\/wp-content\/uploads\/2025\/08\/beta-w-temp.png 1000w\" sizes=\"auto, (max-width: 853px) 100vw, 853px\" \/><\/figure>\n<\/div>\n\n\n\n<div class=\"wp-block-column is-layout-flow wp-block-column-is-layout-flow\">\n<figure class=\"wp-block-image size-large\"><img loading=\"lazy\" decoding=\"async\" width=\"853\" height=\"1024\" src=\"https:\/\/generizon.com\/wp-content\/uploads\/2025\/08\/beta-w-temp1-853x1024.png\" alt=\"\" class=\"wp-image-5431\" srcset=\"https:\/\/generizon.com\/wp-content\/uploads\/2025\/08\/beta-w-temp1-853x1024.png 853w, https:\/\/generizon.com\/wp-content\/uploads\/2025\/08\/beta-w-temp1-250x300.png 250w, https:\/\/generizon.com\/wp-content\/uploads\/2025\/08\/beta-w-temp1-768x922.png 768w, https:\/\/generizon.com\/wp-content\/uploads\/2025\/08\/beta-w-temp1.png 1000w\" sizes=\"auto, (max-width: 853px) 100vw, 853px\" \/><\/figure>\n<\/div>\n<\/div>\n\n\n\n<h2 class=\"wp-block-heading\">BETA mini-s\u00e9ries \u2013 S\u00e9ries-B.<\/h2>\n\n\n\n<p>BETA con\u00e7oit des <strong>pressostats et thermostats<\/strong> depuis plus de 50 ans. La <strong>BETA Mini-S\u00e9ries<\/strong> est sp\u00e9cialement destin\u00e9e aux partenaires OEM. La s\u00e9rie BETAMINI r\u00e9pond aux exigences exactes des industries modernes, \u00e9tablissant un standard en termes de pr\u00e9cision et de performance. Des solutions sup\u00e9rieures sont propos\u00e9es dans le monde entier, gr\u00e2ce \u00e0 une longue exp\u00e9rience.<br>Tous les d\u00e9tails et t\u00e9l\u00e9chargements concernant la <strong>s\u00e9rie BETAMINI<\/strong> sont disponibles. <strong>BETA mini-s\u00e9ries.<\/strong><\/p>\n\n\n\n<ul class=\"wp-block-list ul-border\">\n<li>Pressostats et thermostats OEM de haute qualit\u00e9.<\/li>\n\n\n\n<li>Tous les d\u00e9tails et t\u00e9l\u00e9chargements concernant. <a href=\"https:\/\/beta-b.nl\/products-b-series\/\">BETA mini-series<\/a>.<\/li>\n\n\n\n<li>Plages \u00e9tendues de -1 \u00e0 540 barg.<\/li>\n\n\n\n<li>Large choix de pi\u00e8ces en contact avec le fluide.<\/li>\n\n\n\n<li>IP 65.<\/li>\n\n\n\n<li>Excellente r\u00e9p\u00e9tabilit\u00e9.<\/li>\n\n\n\n<li>R\u00e9sistant aux vibrations.<\/li>\n\n\n\n<li>R\u00e9glable sur site, sans entretien.<\/li>\n\n\n\n<li>Marquage CE, approuv\u00e9 DNV-GL.<\/li>\n\n\n\n<li>Haute surpression possible. jusqu\u2019\u00e0 600 bar.<\/li>\n<\/ul>\n\n\n\n<p>Quelques exemples de <strong>pressostats et thermostats<\/strong> de la <strong>BETA MINI-s\u00e9ries<\/strong>.<br><\/p>\n\n\n\n<div class=\"wp-block-columns is-layout-flex wp-container-core-columns-is-layout-28f84493 wp-block-columns-is-layout-flex\">\n<div class=\"wp-block-column is-layout-flow wp-block-column-is-layout-flow\">\n<figure class=\"wp-block-image size-large\"><img loading=\"lazy\" decoding=\"async\" width=\"1024\" height=\"717\" src=\"https:\/\/generizon.com\/wp-content\/uploads\/2025\/08\/beta-mini-press-refrigeration-1024x717.jpg\" alt=\"\" class=\"wp-image-5438\" srcset=\"https:\/\/generizon.com\/wp-content\/uploads\/2025\/08\/beta-mini-press-refrigeration-1024x717.jpg 1024w, https:\/\/generizon.com\/wp-content\/uploads\/2025\/08\/beta-mini-press-refrigeration-300x210.jpg 300w, https:\/\/generizon.com\/wp-content\/uploads\/2025\/08\/beta-mini-press-refrigeration-768x538.jpg 768w, https:\/\/generizon.com\/wp-content\/uploads\/2025\/08\/beta-mini-press-refrigeration.jpg 1050w\" sizes=\"auto, (max-width: 1024px) 100vw, 1024px\" \/><\/figure>\n<\/div>\n\n\n\n<div class=\"wp-block-column is-layout-flow wp-block-column-is-layout-flow\">\n<figure class=\"wp-block-image size-large\"><img loading=\"lazy\" decoding=\"async\" width=\"1024\" height=\"717\" src=\"https:\/\/generizon.com\/wp-content\/uploads\/2025\/08\/beta-mini-temp-1024x717.png\" alt=\"\" class=\"wp-image-5440\" srcset=\"https:\/\/generizon.com\/wp-content\/uploads\/2025\/08\/beta-mini-temp-1024x717.png 1024w, https:\/\/generizon.com\/wp-content\/uploads\/2025\/08\/beta-mini-temp-300x210.png 300w, https:\/\/generizon.com\/wp-content\/uploads\/2025\/08\/beta-mini-temp-768x538.png 768w, https:\/\/generizon.com\/wp-content\/uploads\/2025\/08\/beta-mini-temp.png 1050w\" sizes=\"auto, (max-width: 1024px) 100vw, 1024px\" \/><\/figure>\n<\/div>\n\n\n\n<div class=\"wp-block-column is-layout-flow wp-block-column-is-layout-flow\">\n<figure class=\"wp-block-image size-large\"><img loading=\"lazy\" decoding=\"async\" width=\"1024\" height=\"717\" src=\"https:\/\/generizon.com\/wp-content\/uploads\/2026\/02\/BETAMINI-scaled-1050-735-1024x717.jpg\" alt=\"Betamini\" class=\"wp-image-7330\" srcset=\"https:\/\/generizon.com\/wp-content\/uploads\/2026\/02\/BETAMINI-scaled-1050-735-1024x717.jpg 1024w, https:\/\/generizon.com\/wp-content\/uploads\/2026\/02\/BETAMINI-scaled-1050-735-300x210.jpg 300w, https:\/\/generizon.com\/wp-content\/uploads\/2026\/02\/BETAMINI-scaled-1050-735-768x538.jpg 768w, https:\/\/generizon.com\/wp-content\/uploads\/2026\/02\/BETAMINI-scaled-1050-735.jpg 1050w\" sizes=\"auto, (max-width: 1024px) 100vw, 1024px\" \/><\/figure>\n<\/div>\n<\/div>\n\n\n\n<h2 class=\"wp-block-heading\">pressostats et thermostats &#8211; fiabilit\u00e9 ind\u00e9pendante des syst\u00e8mes de commande \u00e9lectroniques.<\/h2>\n\n\n\n<p><strong>Pressostats et thermostats <\/strong>sont des \u00e9l\u00e9ments essentiels des machines et appareils. Chaque installation comporte des <strong>pressostats et thermostats<\/strong>, qui sont cruciaux pour le contr\u00f4le des processus, les alarmes et les arr\u00eats d\u2019urgence (s\u00e9curit\u00e9). Ils remplissent donc des fonctions primordiales. Les applications sont tr\u00e8s diverses, et il existe de nombreux types de<strong> pressostats et thermostats<\/strong>.<\/p>\n\n\n\n<p>BETA propose une gamme de <strong>pressostats et thermostats<\/strong> disponibles en plus de 10 millions de versions. Contactez-nous pour faire votre choix : BETA met \u00e0 votre disposition ses experts.<\/p>\n\n\n\n<h3 class=\"wp-block-heading\">pressostats. P. D. V.<\/h3>\n\n\n\n<p>Les pressostats d\u00e9tectent un seuil de pression sp\u00e9cifique dans un syst\u00e8me, comme une pompe ou un compresseur, et d\u00e9clenchent une action d\u00e8s que ce seuil est atteint.<\/p>\n\n\n\n<figure class=\"wp-block-image alignright size-medium\"><img loading=\"lazy\" decoding=\"async\" width=\"300\" height=\"200\" src=\"https:\/\/generizon.com\/wp-content\/uploads\/2025\/09\/BETA-Druckschalter1-300x200.jpg\" alt=\"\" class=\"wp-image-5468\" srcset=\"https:\/\/generizon.com\/wp-content\/uploads\/2025\/09\/BETA-Druckschalter1-300x200.jpg 300w, https:\/\/generizon.com\/wp-content\/uploads\/2025\/09\/BETA-Druckschalter1-768x512.jpg 768w, https:\/\/generizon.com\/wp-content\/uploads\/2025\/09\/BETA-Druckschalter1.jpg 900w\" sizes=\"auto, (max-width: 300px) 100vw, 300px\" \/><figcaption class=\"wp-element-caption\">divers pressostats BETA.<\/figcaption><\/figure>\n\n\n\n<ul class=\"wp-block-list ul-border\">\n<li>BETA fournit des pressostats de haute qualit\u00e9 avec diverses homologations et certifications.<\/li>\n\n\n\n<li>Le <strong>switches BETA<\/strong> peuvent \u00eatre fournis en tant que :<\/li>\n\n\n\n<li><strong>Pressostat (P.). <\/strong><\/li>\n\n\n\n<li><strong>Pressostat diff\u00e9rentiel (D.). <\/strong><\/li>\n\n\n\n<li><strong>Vacuum switch (V.).<\/strong><\/li>\n\n\n\n<li>Switches BETA peuvent \u00e9galement \u00eatre utilis\u00e9s comme<strong>switch&nbsp; hydraulique<\/strong>.<\/li>\n\n\n\n<li>Les <strong>pressostats BETA<\/strong> peuvent \u00eatre livr\u00e9s avec certification <strong>ATEX<\/strong>, option <strong>Ex-switch<\/strong>.<\/li>\n\n\n\n<li>Disponibles pour diff\u00e9rentes plages de fonctionnement ( 2 \u2013 15 mbar \/ 12 \u2013 1 250 mbar \/ 0,3 \u2013 70 bar (standard)<br>80 \u2013 3 450 mbar). De nombreuses autres plages sont \u00e9galement disponibles.<\/li>\n\n\n\n<li>Dans les fluides propres, lubrifiants ou liquides, ils peuvent \u00eatre utilis\u00e9s comme<strong>&nbsp;Switch hydraulique<\/strong>.<\/li>\n\n\n\n<li>Le terminal block (toujours disponible en standard) assure une connexion stable et s\u00e9curis\u00e9e.<\/li>\n\n\n\n<li><strong>Fiabilit\u00e9 extr\u00eame.<\/strong><\/li>\n<\/ul>\n\n\n\n<h3 class=\"wp-block-heading\">thermostats. T.<\/h3>\n\n\n\n<figure class=\"wp-block-image alignright size-medium\"><img loading=\"lazy\" decoding=\"async\" width=\"300\" height=\"200\" src=\"https:\/\/generizon.com\/wp-content\/uploads\/2025\/08\/BETA-Temperaturschalter-300x200.jpg\" alt=\"\" class=\"wp-image-5455\" srcset=\"https:\/\/generizon.com\/wp-content\/uploads\/2025\/08\/BETA-Temperaturschalter-300x200.jpg 300w, https:\/\/generizon.com\/wp-content\/uploads\/2025\/08\/BETA-Temperaturschalter-1024x683.jpg 1024w, https:\/\/generizon.com\/wp-content\/uploads\/2025\/08\/BETA-Temperaturschalter-768x512.jpg 768w, https:\/\/generizon.com\/wp-content\/uploads\/2025\/08\/BETA-Temperaturschalter.jpg 1200w\" sizes=\"auto, (max-width: 300px) 100vw, 300px\" \/><figcaption class=\"wp-element-caption\">divers interrupteurs de temp\u00e9rature BETA.<\/figcaption><\/figure>\n\n\n\n<p>Les <strong>thermostats<\/strong> r\u00e9agissent aux variations de temp\u00e9rature, activant des dispositifs tels que ventilateurs ou chauffages pour maintenir une plage de temp\u00e9rature souhait\u00e9e, ou arr\u00eater le fonctionnement d\u2019une machine enti\u00e8re.<\/p>\n\n\n\n<p>Les <strong>thermostats BETA<\/strong> sont bas\u00e9s sur les <strong>pressostats BETA<\/strong> approuv\u00e9s et int\u00e8grent un <strong>capteur de temp\u00e9rature biphas\u00e9 (gaz\/liquide)<\/strong>. Lorsque la temp\u00e9rature du process augmente, la pression de vapeur, ou du liquide augmente \u00e9galement. Si cette pression d\u00e9passe la valeur d\u00e9finie de consigne, le <strong>micro-commutateur<\/strong> est activ\u00e9.<\/p>\n\n\n\n<ul class=\"wp-block-list ul-border\">\n<li>Thermostats de haute qualit\u00e9 avec diverses homologations et certifications<\/li>\n\n\n\n<li>Avec <strong>capteur de temp\u00e9rature biphas\u00e9 int\u00e9gr\u00e9<\/strong><\/li>\n\n\n\n<li>Ind\u00e9pendants de la temp\u00e9rature ambiante<\/li>\n\n\n\n<li>Instruments \u00e9tanches et <strong>ATEX<\/strong> disponibles<\/li>\n\n\n\n<li>Tr\u00e8s grande r\u00e9p\u00e9tabilit\u00e9 et faible hyst\u00e9r\u00e9sis<\/li>\n<\/ul>\n\n\n\n<h3 class=\"wp-block-heading\">p\u00f4les et directions.<\/h3>\n\n\n\n<p>Les p\u00f4les indiquent le nombre de circuits qu\u2019un seul switch contr\u00f4le. Les <em>throws<\/em> (directions) indiquent le nombre de contacts entre lesquels le switch peut choisir.<\/p>\n\n\n\n<ul class=\"wp-block-list ul-border\">\n<li>SPST \u2013 single pole \u2013 single throw (UPU \u2013 unipolaire \u2013 unidirectionnel). unipolairesignifie que le composant n&#8217;agit que sur un seul p\u00f4le. unidirectionnel signifie qu&#8217;il ne permet le passage du courant que dans un seul sens, cr\u00e9ant ainsi une simple fonction marche\/arr\u00eat.<\/li>\n\n\n\n<li>SPDT \u2013 single pole \u2013 double throw (unipolaire &#8211; bidirectionnel). aussi appel\u00e9 interrupteur inverseur. poss\u00e8de un seul p\u00f4le, mais le switch peut passer entre deux contacts diff\u00e9rents, changeant ainsi le circuit.<\/li>\n\n\n\n<li>DPDT \u2013 double pole \u2013 double throw. un switch bipolaire et bidirectionnel. un inverseur bipolaire. contr\u00f4le deux circuits s\u00e9par\u00e9s et passe entre deux contacts diff\u00e9rents.<\/li>\n<\/ul>\n\n\n\n<h3 class=\"wp-block-heading\">SIL 3 applicable.<\/h3>\n\n\n\n<p>La norme de la <strong>Commission \u00e9lectrotechnique internationale (IEC)<\/strong> IEC 61508 d\u00e9finit le <strong>niveau d\u2019int\u00e9grit\u00e9 de s\u00e9curit\u00e9 (SIL)<\/strong> \u00e0 l\u2019aide d\u2019exigences regroup\u00e9es en deux grandes cat\u00e9gories : <\/p>\n\n\n\n<ul class=\"wp-block-list ul-border\">\n<li>L\u2019int\u00e9grit\u00e9 de <strong>s\u00e9curit\u00e9 mat\u00e9rielle<\/strong> et<\/li>\n\n\n\n<li>lLint\u00e9grit\u00e9 de <strong>s\u00e9curit\u00e9 syst\u00e9matique<\/strong>.<\/li>\n\n\n\n<li>Un dispositif ou syst\u00e8me doit r\u00e9pondre aux exigences des deux cat\u00e9gories pour atteindre un niveau SIL donn\u00e9.<\/li>\n\n\n\n<li>Le SIL est bas\u00e9 sur une analyse probabiliste du <strong>switch<\/strong>.<\/li>\n\n\n\n<li>Pour plus d\u2019informations, voir <a href=\"https:\/\/fr.wikipedia.org\/wiki\/Safety_Integrity_Level\">Wikipedia<\/a>.<\/li>\n<\/ul>\n\n\n\n<h2 class=\"wp-block-heading\">BETA &#8211; une soci\u00e9t\u00e9 du Binder Group.<\/h2>\n\n\n\n<figure class=\"wp-block-image alignright size-medium no-border\"><a href=\"https:\/\/beta-b.nl\/\"><img loading=\"lazy\" decoding=\"async\" width=\"300\" height=\"203\" src=\"https:\/\/generizon.com\/wp-content\/uploads\/2025\/08\/BETA-Logo-300x203.png\" alt=\"\" class=\"wp-image-5436\" srcset=\"https:\/\/generizon.com\/wp-content\/uploads\/2025\/08\/BETA-Logo-300x203.png 300w, https:\/\/generizon.com\/wp-content\/uploads\/2025\/08\/BETA-Logo-1024x691.png 1024w, https:\/\/generizon.com\/wp-content\/uploads\/2025\/08\/BETA-Logo-768x518.png 768w, https:\/\/generizon.com\/wp-content\/uploads\/2025\/08\/BETA-Logo-1536x1037.png 1536w, https:\/\/generizon.com\/wp-content\/uploads\/2025\/08\/BETA-Logo-2048x1382.png 2048w\" sizes=\"auto, (max-width: 300px) 100vw, 300px\" \/><\/a><figcaption class=\"wp-element-caption\">BETA B.V., \u00e0 La Haye, aux Pays-Bas.<\/figcaption><\/figure>\n\n\n\n<p>BETA B.V., \u00e0 La Haye, aux Pays-Bas, fait partie du groupe Binder, bas\u00e9 \u00e0 Ulm, en Allemagne, l\u2019un des partenaires les plus pr\u00e9cieux de generizon.<\/p>\n\n\n\n<ul class=\"wp-block-list ul-border\">\n<li>BETA poss\u00e8de plus de 50 ans d\u2019exp\u00e9rience dans la conception et la fabrication de <strong>pressostats et thermostats de s\u00e9curit\u00e9<\/strong>.<\/li>\n\n\n\n<li>BETA garantit des produits de la plus haute qualit\u00e9, certifi\u00e9s \u00e0 l\u2019\u00e9chelle mondiale, assurant une surveillance fiable pour vos applications critiques.<\/li>\n\n\n\n<li>Les <strong>safety switches BETA<\/strong> sont assembl\u00e9s selon vos besoins et sont disponibles en plus de 10 millions de versions.<\/li>\n\n\n\n<li><a href=\"https:\/\/beta-b.nl\/\">BETA sur le web<\/a>. veuillez visiter le site.<\/li>\n<\/ul>\n","protected":false},"excerpt":{"rendered":"<p>pressostats et thermostats BETA &#8211; l\u2019excellence au service de la pr\u00e9cision. Au c\u0153ur de chaque pressostat et thermostat BETA se trouve un capteur \u00e0 piston \u00e0 ressort auto-alignant de haute qualit\u00e9, minutieusement con\u00e7u pour garantir des performances optimales dans toutes les applications. Notre conception innovante assure une pr\u00e9cision et une fiabilit\u00e9 maximales. Gr\u00e2ce \u00e0 un [&hellip;]<\/p>\n","protected":false},"author":1,"featured_media":0,"parent":0,"menu_order":0,"comment_status":"closed","ping_status":"closed","template":"page-french","meta":{"_acf_changed":false,"footnotes":""},"class_list":["post-5471","page","type-page","status-publish","hentry"],"acf":[],"_links":{"self":[{"href":"https:\/\/generizon.com\/fr\/wp-json\/wp\/v2\/pages\/5471","targetHints":{"allow":["GET"]}}],"collection":[{"href":"https:\/\/generizon.com\/fr\/wp-json\/wp\/v2\/pages"}],"about":[{"href":"https:\/\/generizon.com\/fr\/wp-json\/wp\/v2\/types\/page"}],"author":[{"embeddable":true,"href":"https:\/\/generizon.com\/fr\/wp-json\/wp\/v2\/users\/1"}],"replies":[{"embeddable":true,"href":"https:\/\/generizon.com\/fr\/wp-json\/wp\/v2\/comments?post=5471"}],"version-history":[{"count":0,"href":"https:\/\/generizon.com\/fr\/wp-json\/wp\/v2\/pages\/5471\/revisions"}],"wp:attachment":[{"href":"https:\/\/generizon.com\/fr\/wp-json\/wp\/v2\/media?parent=5471"}],"curies":[{"name":"wp","href":"https:\/\/api.w.org\/{rel}","templated":true}]}}