{"id":554,"date":"2018-04-18T16:52:41","date_gmt":"2018-04-18T16:52:41","guid":{"rendered":"http:\/\/generizon.com\/?page_id=554"},"modified":"2026-02-27T15:20:47","modified_gmt":"2026-02-27T15:20:47","slug":"eviter-lixiviat-maroc","status":"publish","type":"page","link":"https:\/\/generizon.com\/fr\/eviter-lixiviat-maroc\/","title":{"rendered":"lixiviat &#8211; solution pour le Maroc."},"content":{"rendered":"\n<h2 class=\"wp-block-heading\">c&#8217;est l&#8217;organique qui cause le lixiviat.<\/h2>\n\n\n\n<p>Le lixiviat est un liquide contamin\u00e9 qui se forme lorsque les d\u00e9chets se d\u00e9composent et que les liquides se s\u00e9parent des solides (hydrolyse), mais \u00e9galement lorsque l\u2019eau de pluie percole \u00e0 travers les d\u00e9chets dans une d\u00e9charge ou un centre d\u2019enfouissement et de valorization (CEV).<\/p>\n\n\n\n<p>Lorsqu\u2019il s\u2019\u00e9coule \u00e0 travers la masse de d\u00e9chets, le lixiviat extrait des mati\u00e8res organiques et inorganiques solubles ou en suspension ; au d\u00e9part, aucune de ces substances n\u2019est intrins\u00e8quement toxique. Cependant, \u00e0 l\u2019int\u00e9rieur de la d\u00e9charge, l\u2019oxyg\u00e8ne est rapidement consomm\u00e9, cr\u00e9ant un environnement anoxique. \u00c0 mesure que le pH diminue, les acides form\u00e9s peuvent dissoudre presque tous les \u00e9l\u00e9ments pr\u00e9sents, entra\u00eenant la production d\u2019un effluent fortement pollu\u00e9 contenant de la mati\u00e8re organique, des nutriments, des m\u00e9taux lourds, des sels et d\u2019autres contaminants. En raison de son fort potentiel de pollution, le lixiviat doit \u00eatre soigneusement collect\u00e9, g\u00e9r\u00e9 et trait\u00e9 afin de pr\u00e9venir la contamination des sols et des eaux souterraines. Une gestion efficace du lixiviat constitue donc une exigence fondamentale pour l\u2019exploitation durable des d\u00e9charges et la protection de l\u2019environnement.<\/p>\n\n\n\n<p>Au Maroc, la gestion du lixiviat repr\u00e9sente un d\u00e9fi majeur. En 2022, le stock total de lixiviat \u00e9tait estim\u00e9 entre 2 et 3 millions de m\u00b3, principalement en raison de la forte proportion de mati\u00e8re organique humide dans les d\u00e9chets m\u00e9nagers (environ 70 %) et de leur teneur \u00e9lev\u00e9e en humidit\u00e9 (50 \u00e0 75 %). Ces caract\u00e9ristiques entra\u00eenent une production importante de lixiviat, estim\u00e9e entre 200 et 250 litres par tonne de d\u00e9chets enfouis. Le lixiviat est g\u00e9n\u00e9ralement un liquide sombre et acide pr\u00e9sentant des charges polluantes tr\u00e8s \u00e9lev\u00e9es, avec des valeurs de DBO\u2085 et de DCO pouvant atteindre respectivement 60 000 mg\/L et 80 000 mg\/L, ainsi qu\u2019une conductivit\u00e9 \u00e9lectrique \u00e9lev\u00e9e (20 \u00e0 40 mS\/cm).<\/p>\n\n\n\n<p>La mise en place limit\u00e9e d\u2019infrastructures ad\u00e9quates dans les d\u00e9charges \u2014 telles que les syst\u00e8mes de drainage et de gestion des eaux pluviales \u2014 aggrave encore la situation. Actuellement, seule une faible fraction du lixiviat est correctement trait\u00e9e, et le risque d\u2019infiltration vers les nappes phr\u00e9atiques demeure important, en particulier sur les sites de d\u00e9charge plus anciens. Par ailleurs, les bassins de r\u00e9tention atteignent de plus en plus souvent leur capacit\u00e9 maximale, cr\u00e9ant un d\u00e9fi op\u00e9rationnel et environnemental croissant pour les gestionnaires des d\u00e9charges contr\u00f4l\u00e9es \u00e0 l\u2019\u00e9chelle nationale.<\/p>\n\n\n\n<h2 class=\"wp-block-heading\">\u00e9viter les lixiviats.<\/h2>\n\n\n\n<figure class=\"wp-block-image alignright size-medium\"><img loading=\"lazy\" decoding=\"async\" width=\"300\" height=\"200\" src=\"https:\/\/generizon.com\/wp-content\/uploads\/2026\/02\/arciplug-plugflow-calimera-3-2-300x200.jpg\" alt=\"Arciplug plugflow reactor\" class=\"wp-image-7771\" srcset=\"https:\/\/generizon.com\/wp-content\/uploads\/2026\/02\/arciplug-plugflow-calimera-3-2-300x200.jpg 300w, https:\/\/generizon.com\/wp-content\/uploads\/2026\/02\/arciplug-plugflow-calimera-3-2-768x512.jpg 768w, https:\/\/generizon.com\/wp-content\/uploads\/2026\/02\/arciplug-plugflow-calimera-3-2.jpg 936w\" sizes=\"auto, (max-width: 300px) 100vw, 300px\" \/><figcaption class=\"wp-element-caption\">HSAD plug-flow reacteur pour FFOM.<\/figcaption><\/figure>\n\n\n\n<p>generizon propose une solution structur\u00e9e visant \u00e0 \u00e9liminer la production de nouveaux lixiviats \u00e0 la source.<\/p>\n\n\n\n<p>La strat\u00e9gie repose sur un mod\u00e8le int\u00e9gr\u00e9 de gestion des d\u00e9chets organiques, d\u00e9velopp\u00e9 par generizon, dans lequel chaque flux de d\u00e9chets est orient\u00e9 vers le proc\u00e9d\u00e9 biologique le plus appropri\u00e9, plut\u00f4t que d\u2019\u00eatre \u00e9limin\u00e9 en conditions d\u2019enfouissement favorisant la formation incontr\u00f4l\u00e9e de liquides. Le concept est clair. Coh\u00e9rent. Efficace.<\/p>\n\n\n\n<p>D\u00e9tournement des d\u00e9chets de l\u2019enfouissement et voies de traitement :<\/p>\n\n\n\n<figure class=\"wp-block-image alignright size-medium\"><img loading=\"lazy\" decoding=\"async\" width=\"300\" height=\"200\" src=\"https:\/\/generizon.com\/wp-content\/uploads\/2020\/05\/weltec-waste-truck-3-2-300x200.png\" alt=\"solution. waste2energy generizon.\" class=\"wp-image-1789\" srcset=\"https:\/\/generizon.com\/wp-content\/uploads\/2020\/05\/weltec-waste-truck-3-2-300x200.png 300w, https:\/\/generizon.com\/wp-content\/uploads\/2020\/05\/weltec-waste-truck-3-2.png 726w\" sizes=\"auto, (max-width: 300px) 100vw, 300px\" \/><figcaption class=\"wp-element-caption\">waste-to-energy CSTR pour d\u00e9chets organiques tri\u00e9s \u00e0 la source &#8211; SSOW.<\/figcaption><\/figure>\n\n\n\n<ul class=\"wp-block-list ul-border\">\n<li><strong>Fraction Fermentescible des Ordures M\u00e9nag\u00e8res (FFOM)<\/strong> \u2192 Digestion ana\u00e9robie en r\u00e9acteur \u00e0 flux piston (plug-flow), optimis\u00e9e pour les fortes teneurs en mati\u00e8re s\u00e8che et la r\u00e9duction des effluents liquides.<\/li>\n\n\n\n<li><strong>D\u00e9chets organiques tri\u00e9s \u00e0 la source <\/strong>\u2192 Technologie CSTR, assurant un m\u00e9lange homog\u00e8ne, une stabilit\u00e9 du processus et une r\u00e9cup\u00e9ration efficace du biogaz.<\/li>\n\n\n\n<li><strong>D\u00e9chets verts<\/strong> \u2192 Compostage a\u00e9robie, produisant un amendement stable pour les sols tout en \u00e9vitant la formation excessive de lixiviats.<\/li>\n<\/ul>\n\n\n\n<p>generizon a consacr\u00e9 d\u2019importants efforts de recherche et de d\u00e9veloppement technique \u00e0 la gestion et \u00e0 la r\u00e9duction des risques associ\u00e9s \u00e0 ce liquide dangereux. La philosophie est simple : concevoir des syst\u00e8mes qui emp\u00eachent la formation des lixiviats d\u00e8s l\u2019origine, plut\u00f4t que de g\u00e9rer leurs cons\u00e9quences environnementales a posteriori.<\/p>\n\n\n\n<h2 class=\"wp-block-heading\">traitement des lixiviats.<\/h2>\n\n\n\n<figure class=\"wp-block-image alignright size-medium\"><img loading=\"lazy\" decoding=\"async\" width=\"300\" height=\"200\" src=\"https:\/\/generizon.com\/wp-content\/uploads\/2022\/08\/rotreat-inside-leachate-serbia-3-2-300x200.png\" alt=\"Leachate treatment with reverse osmosis plant.\" class=\"wp-image-3591\" srcset=\"https:\/\/generizon.com\/wp-content\/uploads\/2022\/08\/rotreat-inside-leachate-serbia-3-2-300x200.png 300w, https:\/\/generizon.com\/wp-content\/uploads\/2022\/08\/rotreat-inside-leachate-serbia-3-2-768x512.png 768w, https:\/\/generizon.com\/wp-content\/uploads\/2022\/08\/rotreat-inside-leachate-serbia-3-2.png 900w\" sizes=\"auto, (max-width: 300px) 100vw, 300px\" \/><figcaption class=\"wp-element-caption\">osmose inverse. Rotreat.<\/figcaption><\/figure>\n\n\n\n<p>\u00c0 mesure que la d\u00e9charge s\u2019\u00e9tend, le volume de lixiviat accumul\u00e9 augmente proportionnellement. Avec le temps, les bassins de stockage atteignent leur capacit\u00e9 maximale, rendant toute intervention in\u00e9vitable. \u00c0 ce stade, des solutions de traitement co\u00fbteuses et techniquement complexes doivent \u00eatre mises en \u0153uvre, n\u00e9cessitant souvent une combinaison de proc\u00e9d\u00e9s d\u2019ing\u00e9nierie avanc\u00e9s tels que :<\/p>\n\n\n\n<ul class=\"wp-block-list ul-border\">\n<li>Syst\u00e8mes de traitement biologique.<\/li>\n\n\n\n<li>Proc\u00e9d\u00e9s physico-chimiques.<\/li>\n\n\n\n<li>Technologies membranaires telles que l\u2019osmose inverse.<\/li>\n\n\n\n<li>Stripping de l\u2019ammoniac.<\/li>\n\n\n\n<li>\u00c9vaporation forc\u00e9e.<\/li>\n\n\n\n<li>Traitement thermique (chauffage ou \u00e9bullition).<\/li>\n<\/ul>\n\n\n\n<p>Ces solutions sont intensives en capital et exigeantes sur le plan op\u00e9rationnel, ce qui souligne l\u2019importance de pr\u00e9venir la g\u00e9n\u00e9ration de lixiviat \u00e0 la source plut\u00f4t que de d\u00e9pendre uniquement de traitements en aval.<\/p>\n\n\n\n<p>Dans ce contexte, generizon propose \u00e9galement des <a href=\"https:\/\/generizon.com\/fr\/osmose-inverse-traitement-lixiviat-maroc-rotreat-hydreatio\/\">syst\u00e8mes d\u2019osmose inverse conteneuris\u00e9s<\/a>, offrant des solutions modulaires, flexibles et d\u00e9ployables pour le traitement du lixiviat directement sur site, m\u00eame dans des conditions d\u2019exploitation difficiles.<\/p>\n\n\n\n<h2 class=\"wp-block-heading\">\u00e9vacuation des lixiviats des puits de gaz d&#8217;enfouissement.<\/h2>\n\n\n\n<figure class=\"wp-block-image alignright size-medium\"><img loading=\"lazy\" decoding=\"async\" width=\"300\" height=\"200\" src=\"https:\/\/generizon.com\/wp-content\/uploads\/2026\/02\/oft-leachate-pumps-banner-3-2-300x200.png\" alt=\"\" class=\"wp-image-7775\" srcset=\"https:\/\/generizon.com\/wp-content\/uploads\/2026\/02\/oft-leachate-pumps-banner-3-2-300x200.png 300w, https:\/\/generizon.com\/wp-content\/uploads\/2026\/02\/oft-leachate-pumps-banner-3-2-1024x683.png 1024w, https:\/\/generizon.com\/wp-content\/uploads\/2026\/02\/oft-leachate-pumps-banner-3-2-768x512.png 768w, https:\/\/generizon.com\/wp-content\/uploads\/2026\/02\/oft-leachate-pumps-banner-3-2.png 1050w\" sizes=\"auto, (max-width: 300px) 100vw, 300px\" \/><figcaption class=\"wp-element-caption\">OFT pompes \u00e0 lixiviat.<\/figcaption><\/figure>\n\n\n\n<p>En raison de sa forte fraction organique et de sa teneur \u00e9lev\u00e9e en humidit\u00e9, les d\u00e9chets solides municipaux (DSM) g\u00e9n\u00e8rent des quantit\u00e9s importantes de lixiviat, repr\u00e9sentant souvent une part significative de la masse enfouie. Au sein des d\u00e9chets compact\u00e9s, ce lixiviat peut s\u2019accumuler sous forme de \u00ab poches perch\u00e9es \u00bb, migrant vers les puits d\u2019extraction du biogaz de d\u00e9charge (LFG), obstruant l\u2019\u00e9coulement du gaz et pouvant affecter la stabilit\u00e9 des talus.<\/p>\n\n\n\n<p>Pour faire face \u00e0 ces d\u00e9fis, des syst\u00e8mes de pompage robustes, capables de fonctionner dans des conditions s\u00e9v\u00e8res \u2014 liquides corrosifs, forte teneur en mati\u00e8res en suspension et temp\u00e9ratures \u00e9lev\u00e9es \u2014 sont n\u00e9cessaires afin d\u2019\u00e9vacuer efficacement les liquides des puits. Une gestion ad\u00e9quate des liquides est essentielle pour transformer la d\u00e9charge en un bior\u00e9acteur contr\u00f4l\u00e9, optimisant ainsi la production de LFG et la performance globale du syst\u00e8me.<\/p>\n\n\n\n<p>generizon fournit des <a href=\"https:\/\/generizon.com\/fr\/pompage-du-lixiviat-oft-maroc\/\">pompes \u00e9lectriques d&#8217;\u00e9vacuation de lixiviat pour puits de captage de biogaz<\/a> ainsi que des syst\u00e8mes complets adapt\u00e9s aux sites d\u2019enfouissement.<\/p>\n\n\n\n<h2 class=\"wp-block-heading\">injection de lixiviat dans la d\u00e9charge.<\/h2>\n\n\n\n<p>Apr\u00e8s de nombreuses ann\u00e9es d\u2019\u00e9vacuation du lixiviat et de production continue de biogaz, la d\u00e9charge en tant que bior\u00e9acteur commence progressivement \u00e0 s\u2019ass\u00e9cher.<\/p>\n\n\n\n<p>Le recyclage du lixiviat consiste \u00e0 r\u00e9injecter une portion contr\u00f4l\u00e9e du lixiviat dans le massif de d\u00e9chets afin de maintenir un niveau d\u2019humidit\u00e9 ad\u00e9quat. Cette pratique est couramment utilis\u00e9e dans les d\u00e9charges-bior\u00e9acteurs pour am\u00e9liorer la r\u00e9partition de l\u2019humidit\u00e9, acc\u00e9l\u00e9rer la stabilisation des d\u00e9chets et stimuler l\u2019activit\u00e9 microbienne ana\u00e9robie, augmentant ainsi la production de biogaz\/m\u00e9thane.<\/p>\n\n\n\n<p>Bien que la recirculation du lixiviat puisse r\u00e9duire les volumes stock\u00e9s en surface et am\u00e9liorer les taux de d\u00e9gradation, elle n\u2019\u00e9limine pas la charge liquide globale. Elle doit \u00eatre soigneusement ma\u00eetris\u00e9e afin d\u2019\u00e9viter les risques d\u2019instabilit\u00e9 des talus, de surpression interstitielle ou d\u2019infiltrations incontr\u00f4l\u00e9es. Le recyclage du lixiviat constitue donc une strat\u00e9gie de gestion \u2014 et non une solution d\u00e9finitive \u2014 n\u00e9cessitant une conception appropri\u00e9e, un suivi rigoureux et un contr\u00f4le op\u00e9rationnel permanent.<\/p>\n\n\n\n<h2 class=\"wp-block-heading\">injection de lixiviat dans le processus de la digestion ana\u00e9robie.<\/h2>\n\n\n\n<p>Dans la digestion ana\u00e9robie en haute teneur en mati\u00e8re s\u00e8che de la Fraction Fermentescible des Ordures M\u00e9nagers (FFOM) utilisant un r\u00e9acteur \u00e0 flux piston, la mati\u00e8re entrante est souvent contamin\u00e9e et le digestat obtenu n\u2019est g\u00e9n\u00e9ralement pas adapt\u00e9 \u00e0 une application agricole. Dans ce contexte, la r\u00e9injection contr\u00f4l\u00e9e d\u2019une partie du lixiviat pr\u00e9alablement stock\u00e9 provenant d\u2019anciennes d\u00e9charges peut \u00eatre consid\u00e9r\u00e9e comme une option technique viable.<\/p>\n\n\n\n<p>Cette approche permet de traiter le lixiviat biologiquement dans un environnement ana\u00e9robie contr\u00f4l\u00e9, tout en am\u00e9liorant l\u2019\u00e9quilibre hydrique et l\u2019activit\u00e9 microbienne dans le r\u00e9acteur. Ainsi, le proc\u00e9d\u00e9 de digestion en flux piston peut atteindre des rendements en biogaz plus \u00e9lev\u00e9s et plus stables que les syst\u00e8mes conventionnels d\u2019extraction du gaz des d\u00e9charges (LFG), tout en contribuant \u00e0 la r\u00e9duction progressive du stock historique de lixiviat accumul\u00e9.<\/p>\n\n\n\n<h2 class=\"wp-block-heading\">le lixiviat dans les d\u00e9charges marocaines.<\/h2>\n\n\n\n<figure class=\"wp-block-image aligncenter size-full\"><img loading=\"lazy\" decoding=\"async\" width=\"1150\" height=\"400\" src=\"https:\/\/generizon.com\/wp-content\/uploads\/2023\/01\/sat-oum-azza-1.png\" alt=\"\" class=\"wp-image-4006\"\/><figcaption class=\"wp-element-caption\">Rabat. Oum Azza. le cas de lixiviat le plus \u00e9tudi\u00e9. les bassins de lixiviat les plus visibles. \u00e9norme probl\u00e8me d&#8217;espace. 500 000 m3 stock\u00e9s.<\/figcaption><\/figure>\n\n\n\n<figure class=\"wp-block-image aligncenter size-full\"><img loading=\"lazy\" decoding=\"async\" width=\"1150\" height=\"400\" src=\"https:\/\/generizon.com\/wp-content\/uploads\/2023\/01\/sat-mediouna-1.png\" alt=\"\" class=\"wp-image-4008\"\/><figcaption class=\"wp-element-caption\">Casablanca. Mediouna. les estimations sont de 700 000m3. cependant, moins de lixiviat est apparent dans l&#8217;image sat. presque deux fois plus de d\u00e9chets que Rabat Oum Azza.<\/figcaption><\/figure>\n\n\n\n<figure class=\"wp-block-image aligncenter size-full\"><img loading=\"lazy\" decoding=\"async\" width=\"1150\" height=\"400\" src=\"https:\/\/generizon.com\/wp-content\/uploads\/2023\/01\/sat-agadir-tamlaste.png\" alt=\"\" class=\"wp-image-4010\"\/><figcaption class=\"wp-element-caption\">Agadir. Tamelaste. 200 000 m3 stock\u00e9s. moins de d\u00e9chets. climat plus chaud. moins de pr\u00e9cipitations. moins de probl\u00e8me de lixiviation.<\/figcaption><\/figure>\n\n\n\n<figure class=\"wp-block-image aligncenter size-full\"><img loading=\"lazy\" decoding=\"async\" width=\"1150\" height=\"400\" src=\"https:\/\/generizon.com\/wp-content\/uploads\/2023\/01\/sat-fes-decharge.png\" alt=\"\" class=\"wp-image-4015\"\/><figcaption class=\"wp-element-caption\">Fes. pas de probl\u00e8me de stockage des lixiviats. pas d&#8217;espace pour les bassins de lixiviats. les lixiviats sont \u00e9vacu\u00e9s quotidiennement dans des camions-citernes.<\/figcaption><\/figure>\n","protected":false},"excerpt":{"rendered":"<p>c&#8217;est l&#8217;organique qui cause le lixiviat. Le lixiviat est un liquide contamin\u00e9 qui se forme lorsque les d\u00e9chets se d\u00e9composent et que les liquides se s\u00e9parent des solides (hydrolyse), mais \u00e9galement lorsque l\u2019eau de pluie percole \u00e0 travers les d\u00e9chets dans une d\u00e9charge ou un centre d\u2019enfouissement et de valorization (CEV). Lorsqu\u2019il s\u2019\u00e9coule \u00e0 travers [&hellip;]<\/p>\n","protected":false},"author":1,"featured_media":0,"parent":0,"menu_order":0,"comment_status":"closed","ping_status":"closed","template":"page-french","meta":{"_acf_changed":false,"footnotes":""},"class_list":["post-554","page","type-page","status-publish","hentry"],"acf":[],"_links":{"self":[{"href":"https:\/\/generizon.com\/fr\/wp-json\/wp\/v2\/pages\/554","targetHints":{"allow":["GET"]}}],"collection":[{"href":"https:\/\/generizon.com\/fr\/wp-json\/wp\/v2\/pages"}],"about":[{"href":"https:\/\/generizon.com\/fr\/wp-json\/wp\/v2\/types\/page"}],"author":[{"embeddable":true,"href":"https:\/\/generizon.com\/fr\/wp-json\/wp\/v2\/users\/1"}],"replies":[{"embeddable":true,"href":"https:\/\/generizon.com\/fr\/wp-json\/wp\/v2\/comments?post=554"}],"version-history":[{"count":0,"href":"https:\/\/generizon.com\/fr\/wp-json\/wp\/v2\/pages\/554\/revisions"}],"wp:attachment":[{"href":"https:\/\/generizon.com\/fr\/wp-json\/wp\/v2\/media?parent=554"}],"curies":[{"name":"wp","href":"https:\/\/api.w.org\/{rel}","templated":true}]}}