{"id":594,"date":"2018-04-18T21:28:37","date_gmt":"2018-04-18T21:28:37","guid":{"rendered":"http:\/\/generizon.com\/?page_id=594"},"modified":"2026-01-30T11:43:03","modified_gmt":"2026-01-30T11:43:03","slug":"carriere-emploi-dans-un-avenir-prometteur-maroc-rabat-afrique","status":"publish","type":"page","link":"https:\/\/generizon.com\/fr\/carriere-emploi-dans-un-avenir-prometteur-maroc-rabat-afrique\/","title":{"rendered":"L&#8217;avenir est prometteur, tout comme votre carri\u00e8re."},"content":{"rendered":"\n<h2 class=\"wp-block-heading\">pourquoi rejoindre generizon ?<\/h2>\n\n\n\n<p>Chez generizon, nous sommes port\u00e9s par l\u2019apprentissage continu et l\u2019ambition de ma\u00eetriser tous les aspects li\u00e9s aux d\u00e9chets, \u00e0 l\u2019\u00e9nergie et \u00e0 l\u2019eau. Notre travail d\u00e9passe les seuls objectifs \u00e9conomiques et financiers ; il s\u2019appuie sur la recherche, l\u2019innovation et l\u2019action concr\u00e8te pour prot\u00e9ger la plan\u00e8te et r\u00e9duire les \u00e9missions de gaz \u00e0 effet de serre, en particulier le m\u00e9thane issu du secteur des d\u00e9chets.<\/p>\n\n\n\n<p>Rejoindre generizon, c\u2019est int\u00e9grer une \u00e9quipe collaborative et pluridisciplinaire o\u00f9 le partage des connaissances est encourag\u00e9, les comp\u00e9tences sont constamment d\u00e9velopp\u00e9es et la prise de responsabilit\u00e9 est valoris\u00e9e. Vous b\u00e9n\u00e9ficierez d\u2019une exp\u00e9rience pratique, renforcerez votre expertise technique et strat\u00e9gique, et contribuerez \u00e0 des projets \u00e0 fort impact. En tant qu\u2019acteur fort dans le secteur des d\u00e9chets et de l\u2019environnement au Maroc, generizon offre une plateforme solide pour le d\u00e9veloppement professionnel et la progression de carri\u00e8re sur le long terme.<\/p>\n\n\n\n<h2 class=\"wp-block-heading\">notre culture et nos valeurs.<\/h2>\n\n\n\n<p>generizon repose sur une culture de rigueur, de collaboration et d\u2019innovation. Nous accordons une grande importance \u00e0 l\u2019int\u00e9grit\u00e9 scientifique, \u00e0 l\u2019ing\u00e9nierie pragmatique et \u00e0 l\u2019impact \u00e0 long terme plut\u00f4t qu\u2019aux r\u00e9sultats \u00e0 court terme.<\/p>\n\n\n\n<p>Nos activit\u00e9s couvrent plusieurs domaines, notamment le d\u00e9veloppement et la mise en \u0153uvre de projets, les \u00e9tudes techniques et la recherche, les ateliers et \u00e9v\u00e9nements de renforcement des capacit\u00e9s, ainsi que les services d\u2019ing\u00e9nierie pour l\u2019installation, la mise en service, l\u2019exploitation et la maintenance des \u00e9quipements. Nous soutenons \u00e9galement les activit\u00e9s commerciales, telles que la pr\u00e9paration d\u2019offres techniques, la r\u00e9ponse aux appels d\u2019offres et le d\u00e9veloppement de partenariats et \u00e9changes commerciaux.<\/p>\n\n\n\n<p>Notre travail combine analyses de bureau et missions sur le terrain. Au c\u0153ur de la culture de notre \u00e9quipe se trouvent un fort engagement pour le partage des connaissances, l\u2019entraide, l\u2019apprentissage continu et le d\u00e9vouement professionnel.<\/p>\n\n\n\n<h2 class=\"wp-block-heading\">postes ouverts.<\/h2>\n\n\n\n<p>Nous recherchons r\u00e9guli\u00e8rement des professionnels motiv\u00e9s issus des domaines de l\u2019environnement, de l\u2019\u00e9nergie, de l\u2019eau, de la biologie et d\u2019autres disciplines d\u2019ing\u00e9nierie scientifiques. Nous recrutons \u00e9galement des techniciens sp\u00e9cialis\u00e9s en m\u00e9canique, \u00e9lectricit\u00e9, automatisme et autres disciplines li\u00e9es aux moteurs et \u00e9quipements techniques n\u00e9cessitant une solide expertise \u00e9lectrom\u00e9canique. Par ailleurs, nous recherchons des professionnels du commerce et du d\u00e9veloppement des affaires pour soutenir nos activit\u00e9s commerciales et partenariales.<\/p>\n\n\n\n<p>generizon soutient activement les jeunes talents et les professionnels en d\u00e9but de carri\u00e8re via des stages et des postes juniors. Nous offrons une exp\u00e9rience pratique sur des projets concrets dans les domaines du waste-to-energy, du biogaz, de la biomasse et de la r\u00e9duction des \u00e9missions de gaz \u00e0 effet de serre, permettant aux \u00e9tudiants et jeunes dipl\u00f4m\u00e9s de d\u00e9velopper des comp\u00e9tences op\u00e9rationnelles, une compr\u00e9hension technique et une confiance professionnelle au sein d\u2019un environnement exigeant mais encadrant.<\/p>\n\n\n\n<h2 class=\"wp-block-heading\">candidatures spontan\u00e9es.<\/h2>\n\n\n\n<p>Si vous partagez notre vision du d\u00e9veloppement durable et de l\u2019impact climatique, nous accueillerons les candidatures spontan\u00e9es \u00e0 tout moment. Que votre expertise soit technique, analytique, financi\u00e8re ou strat\u00e9gique, nous sommes toujours int\u00e9ress\u00e9s par des \u00e9changes avec des personnes passionn\u00e9es par les \u00e9nergies renouvelables, l\u2019\u00e9conomie circulaire et les solutions environnementales innovantes.<\/p>\n\n\n\n<p>Veuillez envoyer vos candidatures \u00e0 :<\/p>\n\n\n\n<ul class=\"wp-block-list ul-border\">\n<li>Manfred Schweda: <a href=\"mailto:manfred@generizon.com\">manfred@generizon.com<\/a><\/li>\n\n\n\n<li>Nazha Zidani: <a href=\"mailto:nazha@generizon.com\">nazha@generizon.com<\/a><\/li>\n<\/ul>\n","protected":false},"excerpt":{"rendered":"<p>pourquoi rejoindre generizon ? Chez generizon, nous sommes port\u00e9s par l\u2019apprentissage continu et l\u2019ambition de ma\u00eetriser tous les aspects li\u00e9s aux d\u00e9chets, \u00e0 l\u2019\u00e9nergie et \u00e0 l\u2019eau. Notre travail d\u00e9passe les seuls objectifs \u00e9conomiques et financiers ; il s\u2019appuie sur la recherche, l\u2019innovation et l\u2019action concr\u00e8te pour prot\u00e9ger la plan\u00e8te et r\u00e9duire les \u00e9missions de [&hellip;]<\/p>\n","protected":false},"author":1,"featured_media":0,"parent":0,"menu_order":0,"comment_status":"closed","ping_status":"closed","template":"page-french","meta":{"_acf_changed":false,"footnotes":""},"class_list":["post-594","page","type-page","status-publish","hentry"],"acf":[],"_links":{"self":[{"href":"https:\/\/generizon.com\/fr\/wp-json\/wp\/v2\/pages\/594","targetHints":{"allow":["GET"]}}],"collection":[{"href":"https:\/\/generizon.com\/fr\/wp-json\/wp\/v2\/pages"}],"about":[{"href":"https:\/\/generizon.com\/fr\/wp-json\/wp\/v2\/types\/page"}],"author":[{"embeddable":true,"href":"https:\/\/generizon.com\/fr\/wp-json\/wp\/v2\/users\/1"}],"replies":[{"embeddable":true,"href":"https:\/\/generizon.com\/fr\/wp-json\/wp\/v2\/comments?post=594"}],"version-history":[{"count":0,"href":"https:\/\/generizon.com\/fr\/wp-json\/wp\/v2\/pages\/594\/revisions"}],"wp:attachment":[{"href":"https:\/\/generizon.com\/fr\/wp-json\/wp\/v2\/media?parent=594"}],"curies":[{"name":"wp","href":"https:\/\/api.w.org\/{rel}","templated":true}]}}