{"id":7049,"date":"2026-01-28T16:32:29","date_gmt":"2026-01-28T16:32:29","guid":{"rendered":"https:\/\/generizon.com\/?page_id=7049"},"modified":"2026-01-28T16:33:41","modified_gmt":"2026-01-28T16:33:41","slug":"fournisseur-dequipements-et-de-technologies","status":"publish","type":"page","link":"https:\/\/generizon.com\/fr\/fournisseur-dequipements-et-de-technologies\/","title":{"rendered":"fournisseur d&#8217;\u00e9quipements et de technologies."},"content":{"rendered":"\n<figure class=\"wp-block-image alignright size-medium\"><img loading=\"lazy\" decoding=\"async\" width=\"300\" height=\"169\" src=\"https:\/\/generizon.com\/wp-content\/uploads\/2026\/01\/20200606_075201-300x169.jpg\" alt=\"desulfurization tower. Sidi Allal Tazi.\" class=\"wp-image-7044\" srcset=\"https:\/\/generizon.com\/wp-content\/uploads\/2026\/01\/20200606_075201-300x169.jpg 300w, https:\/\/generizon.com\/wp-content\/uploads\/2026\/01\/20200606_075201-1024x576.jpg 1024w, https:\/\/generizon.com\/wp-content\/uploads\/2026\/01\/20200606_075201-768x432.jpg 768w, https:\/\/generizon.com\/wp-content\/uploads\/2026\/01\/20200606_075201-1536x864.jpg 1536w, https:\/\/generizon.com\/wp-content\/uploads\/2026\/01\/20200606_075201-2048x1152.jpg 2048w\" sizes=\"auto, (max-width: 300px) 100vw, 300px\" \/><figcaption class=\"wp-element-caption\">\u00e9quipement. surpresseurs. torch\u00e8res. d\u00e9sulfurization et plus.<\/figcaption><\/figure>\n\n\n\n<p>En tant que prestataire sp\u00e9cialis\u00e9 dans les technologies techniques et environnementales avanc\u00e9es, generizon fournit des \u00e9quipements performants et des solutions int\u00e9gr\u00e9es, accompagn\u00e9s d\u2019une gamme compl\u00e8te de services apr\u00e8s-vente.<\/p>\n\n\n\n<p>Notre engagement d\u00e9passe largement la phase de mise en service : nous assurons une maintenance pr\u00e9ventive rigoureuse et un support technique pour garantir la long\u00e9vit\u00e9 des installations et la s\u00e9curit\u00e9 op\u00e9rationnelle. En combinant des technologies europ\u00e9ennes de classe mondiale avec un savoir-faire terrain expert, nous veillons \u00e0 ce que chaque installation demeure un actif fiable et performant tout au long de sa dur\u00e9e de vie.<\/p>\n\n\n\n<h2 class=\"wp-block-heading\">station d\u2019\u00e9puration des eaux us\u00e9es (STEP) et gestion de l&#8217;eau.<\/h2>\n\n\n\n<p>generizon fournit une gamme d\u2019\u00e9quipements optimisant le cycle de l\u2019eau, avec un focus sur la production d\u2019\u00e9nergie, l\u2019efficacit\u00e9 et le contr\u00f4le des proc\u00e9d\u00e9s.<\/p>\n\n\n\n<ul class=\"wp-block-list ul-border\">\n<li>Infrastructure biogaz : \u00e9quipements couvrant l\u2019ensemble de la cha\u00eene de valeur du biogaz, incluant torch\u00e8res, moteurs de cog\u00e9n\u00e9ration (CHP), gazom\u00e8tres, d\u00e9sulfuration, mesure et analyse des flux de gaz, s\u00e9paration des gaz.<\/li>\n\n\n\n<li>Contr\u00f4le des proc\u00e9d\u00e9s et vannes : syst\u00e8mes sophistiqu\u00e9s de contr\u00f4le de l\u2019a\u00e9ration pour bassins d\u2019a\u00e9ration, garantissant le traitement, prot\u00e9geant les \u00e9quipements et r\u00e9duisant la consommation \u00e9nerg\u00e9tique.<\/li>\n\n\n\n<li>Cuves de stockage et de process : cuves sp\u00e9cialis\u00e9es pour l\u2019eau, les eaux us\u00e9es, l\u2019a\u00e9ration et les boues.<\/li>\n\n\n\n<li>Dynamique des fluides : large gamme de pompes industrielles et de vannes sp\u00e9cifiquement con\u00e7ues pour le transport de boues et d\u2019eaux contamin\u00e9es (ATEX).<\/li>\n<\/ul>\n\n\n\n<h2 class=\"wp-block-heading\">gestion des d\u00e9charges et des d\u00e9chets m\u00e9nagers et assimil\u00e9s (DMA).<\/h2>\n\n\n\n<p>De l\u2019extraction et valorisation du gaz de d\u00e9charge (landfill gas LFG) au traitement des lixiviats, generizon fournit l\u2019infrastructure technique n\u00e9cessaire pour assurer la conformit\u00e9 environnementale.<\/p>\n\n\n\n<ul class=\"wp-block-list ul-border\">\n<li>Ing\u00e9nierie et suivi : calculs IPCC (GIEC) pour le gaz des d\u00e9charges, dimensionnement des syst\u00e8mes d&#8217;extractions, conception, installation et suivi \u00e0 long terme.<\/li>\n\n\n\n<li>Gestion du gaz de d\u00e9charge (LFG) : stations cl\u00e9 en main avec soufflerie\/torch\u00e8res et syst\u00e8mes de capture et contr\u00f4le du gaz de d\u00e9charge (GCCS).<\/li>\n\n\n\n<li>Valorisation \u00e9nerg\u00e9tique : moteur de cog\u00e9n\u00e9ration (CHP), gazom\u00e8tres, d\u00e9sulfuration, mesure et analyse des flux de gaz.<\/li>\n\n\n\n<li>Pompes pour lixiviat pour les puits d\u2019extractions du gaz des d\u00e9charges.<\/li>\n\n\n\n<li>Traitement des lixiviats : Osmose Inverse (OI).<\/li>\n\n\n\n<li>Balances embarqu\u00e9es pour les camions de collecte des d\u00e9chets.<\/li>\n<\/ul>\n\n\n\n<h2 class=\"wp-block-heading\">solutions pour l&#8217;industrie.<\/h2>\n\n\n\n<figure class=\"wp-block-image alignright size-medium\"><img loading=\"lazy\" decoding=\"async\" width=\"300\" height=\"300\" src=\"https:\/\/generizon.com\/wp-content\/uploads\/2026\/01\/beta-w-press-temp-900-900-300x300.png\" alt=\"various BETA pressure and temperature switches.\" class=\"wp-image-6591\" srcset=\"https:\/\/generizon.com\/wp-content\/uploads\/2026\/01\/beta-w-press-temp-900-900-300x300.png 300w, https:\/\/generizon.com\/wp-content\/uploads\/2026\/01\/beta-w-press-temp-900-900-150x150.png 150w, https:\/\/generizon.com\/wp-content\/uploads\/2026\/01\/beta-w-press-temp-900-900-768x768.png 768w, https:\/\/generizon.com\/wp-content\/uploads\/2026\/01\/beta-w-press-temp-900-900.png 900w\" sizes=\"auto, (max-width: 300px) 100vw, 300px\" \/><figcaption class=\"wp-element-caption\">pressostats et thermostats haute performance.<\/figcaption><\/figure>\n\n\n\n<p>Generizon propose une large gamme d\u2019instruments et d\u2019\u00e9quipements utilis\u00e9s dans l\u2019industrie.<\/p>\n\n\n\n<ul class=\"wp-block-list ul-border\">\n<li>S\u00e9curit\u00e9 et protection : \u00e9quipements certifi\u00e9s ATEX, incluant pare-flammes, soupapes de surpression\/sous-pression et syst\u00e8mes de pr\u00e9vention des explosions, d\u00e9tecteurs de pression et de temp\u00e9rature.<\/li>\n\n\n\n<li>Pompes : pompes industrielles, pompes ATEX pour l\u2019eau, les hydrocarbures et les liquides contamin\u00e9s ; centrales de cog\u00e9n\u00e9ration (CHP) pour l\u2019industrie raccord\u00e9e au gaz naturel, CHP H\u2082 et CHP GPL.<\/li>\n\n\n\n<li>Mesures et instrumentation : d\u00e9bitm\u00e8tres pour CO\u2082, air et gaz d\u2019\u00e9chappement, instrumentation et suivi des gaz et de l\u2019air.<\/li>\n\n\n\n<li>Protection de l\u2019environnement : traitement des eaux industrielles et du gaz d\u2019\u00e9chappement.<\/li>\n\n\n\n<li>Solutions de stockage d\u2019eau : stockage d\u2019eau potable dans les stations de dessalement, stockage avant et apr\u00e8s dessalement, ainsi que d\u00e9bitm\u00e8tres pour CO\u2082.<\/li>\n<\/ul>\n\n\n\n<h2 class=\"wp-block-heading\">recherche et d\u00e9veloppement &#8211; universit\u00e9s &#8211; laboratoires.<\/h2>\n\n\n\n<ul class=\"wp-block-list ul-border\">\n<li>\u00c9quipement analytique : \u00e9quipement professionnel de test du potentiel biom\u00e9thane (BMP).<\/li>\n<\/ul>\n","protected":false},"excerpt":{"rendered":"<p>En tant que prestataire sp\u00e9cialis\u00e9 dans les technologies techniques et environnementales avanc\u00e9es, generizon fournit des \u00e9quipements performants et des solutions int\u00e9gr\u00e9es, accompagn\u00e9s d\u2019une gamme compl\u00e8te de services apr\u00e8s-vente. Notre engagement d\u00e9passe largement la phase de mise en service : nous assurons une maintenance pr\u00e9ventive rigoureuse et un support technique pour garantir la long\u00e9vit\u00e9 des installations [&hellip;]<\/p>\n","protected":false},"author":1,"featured_media":0,"parent":0,"menu_order":0,"comment_status":"closed","ping_status":"closed","template":"page-french","meta":{"_acf_changed":false,"footnotes":""},"class_list":["post-7049","page","type-page","status-publish","hentry"],"acf":[],"_links":{"self":[{"href":"https:\/\/generizon.com\/fr\/wp-json\/wp\/v2\/pages\/7049","targetHints":{"allow":["GET"]}}],"collection":[{"href":"https:\/\/generizon.com\/fr\/wp-json\/wp\/v2\/pages"}],"about":[{"href":"https:\/\/generizon.com\/fr\/wp-json\/wp\/v2\/types\/page"}],"author":[{"embeddable":true,"href":"https:\/\/generizon.com\/fr\/wp-json\/wp\/v2\/users\/1"}],"replies":[{"embeddable":true,"href":"https:\/\/generizon.com\/fr\/wp-json\/wp\/v2\/comments?post=7049"}],"version-history":[{"count":0,"href":"https:\/\/generizon.com\/fr\/wp-json\/wp\/v2\/pages\/7049\/revisions"}],"wp:attachment":[{"href":"https:\/\/generizon.com\/fr\/wp-json\/wp\/v2\/media?parent=7049"}],"curies":[{"name":"wp","href":"https:\/\/api.w.org\/{rel}","templated":true}]}}