{"id":7096,"date":"2026-01-29T14:51:19","date_gmt":"2026-01-29T14:51:19","guid":{"rendered":"https:\/\/generizon.com\/?page_id=7096"},"modified":"2026-01-30T11:09:14","modified_gmt":"2026-01-30T11:09:14","slug":"services-consultation-technique-economique-dechets-energie-etudes-maroc-afrique","status":"publish","type":"page","link":"https:\/\/generizon.com\/fr\/services-consultation-technique-economique-dechets-energie-etudes-maroc-afrique\/","title":{"rendered":"consulting &#8211; \u00e9tudes &#8211; services de conseil."},"content":{"rendered":"\n<h2 class=\"wp-block-heading\">\u00e9tudes sur les d\u00e9chets organiques &#8211; d\u00e9chets m\u00e9nagers et assimil\u00e9s &#8211; biogaz et digestat.<\/h2>\n\n\n\n<p>generizon a men\u00e9 d\u2019importants projets de conseil au Maroc ainsi que dans plusieurs pays d\u2019Afrique de l\u2019Ouest, notamment le S\u00e9n\u00e9gal et la C\u00f4te d\u2019Ivoire, en collaboration avec des institutions telles que la CCAC, le GGGI, le Minist\u00e8re de la Transition \u00c9nerg\u00e9tique et du D\u00e9veloppement Durable (MTEDD), UN-Habitat, le Fonds Vert pour le Climat, ainsi que de grands groupes industriels. \u00c0 travers ces projets et partenariats, la soci\u00e9t\u00e9 a d\u00e9velopp\u00e9 une solide expertise du secteur des d\u00e9chets au Maroc, couvrant les aspects techniques, r\u00e9glementaires, institutionnels et strat\u00e9giques.<\/p>\n\n\n\n<p>En 2021\/2022, generizon a contribu\u00e9 au d\u00e9veloppement du programme de la valorisation \u00e9nerg\u00e9tique des d\u00e9chets organiques &#8211; Organic Waste to Energy (OWtE) dans le cadre du consortium GGGI\u2013MSConex\u2013First Climate, en fournissant des \u00e9tudes strat\u00e9giques, une assistance technique et un appui \u00e0 la structuration de projets pour la valorisation \u00e0 grande \u00e9chelle des d\u00e9chets organiques au Maroc. Le programme vise la mise en \u0153uvre de 30 projets de m\u00e9thanisation r\u00e9partis sur sept provinces, valorisant des d\u00e9chets organiques propres issus de grands producteurs tels que les abattoirs, les march\u00e9s de gros et l\u2019industrie agroalimentaire.<\/p>\n\n\n\n<p>generizon a assur\u00e9 un accompagnement strat\u00e9gique dans la conception de solutions circulaires permettant de transformer les d\u00e9chets organiques en biogaz, \u00e9nergie \u00e9lectrique renouvelable, chaleur et bio-fertilisants. En r\u00e9duisant significativement les \u00e9missions de m\u00e9thane, le programme g\u00e9n\u00e8re des cr\u00e9dits carbone (ITMOs) dans le cadre de l\u2019Article 6 de l\u2019Accord de Paris. D\u00e9velopp\u00e9e en coop\u00e9ration avec la Fondation KliK, cette initiative est pleinement align\u00e9e avec la strat\u00e9gie \u00e9nerg\u00e9tique nationale du Maroc ainsi qu\u2019avec les objectifs de la NDC et de la SNDD.<\/p>\n\n\n\n<p>Dans le cadre de ce programme, generizon a \u00e9labor\u00e9 des \u00e9tudes de pr\u00e9faisabilit\u00e9 pour des projets OWtE dans deux r\u00e9gions : Rabat\u2013Sal\u00e9\u2013K\u00e9nitra (RSK) et Tanger\u2013T\u00e9touan\u2013Al Hoceima (TTA).<\/p>\n\n\n\n<p>De plus, generizon a d\u00e9velopp\u00e9 une expertise solide dans la gestion du digestat en tant que coproduit de la digestion ana\u00e9robie, aux c\u00f4t\u00e9s du biogaz. Cela inclut la d\u00e9finition des \u00e9tapes cl\u00e9s pour produire un digestat de haute qualit\u00e9, avec un contenu nutritif et une valeur agronomique optimis\u00e9s, en s\u2019appuyant sur des benchmarks et bonnes pratiques internationales, et en adaptant ces approches au contexte marocain.<\/p>\n\n\n\n<p>Dans ce cadre, generizon a particip\u00e9 en tant que conseiller \u00e0 un projet de normalisation men\u00e9 par l\u2019Office National de S\u00e9curit\u00e9 Sanitaire des Produits Alimentaires (ONSSA) et l\u2019Institut Marocain de Normalisation (IMANOR), ayant abouti \u00e0 l\u2019\u00e9tablissement d\u2019une norme marocaine pour le digestat, approuv\u00e9e en 2025.<\/p>\n\n\n\n<p>Ce travail soutient fortement le programme OWtE et la fili\u00e8re de valorisation des d\u00e9chets organiques via la digestion ana\u00e9robie pour la production d\u2019\u00e9nergie renouvelable.<\/p>\n\n\n\n<p>Toujours dans le cadre des d\u00e9chets organiques, et plus particuli\u00e8rement des d\u00e9chets m\u00e9nagers et assimil\u00e9s (DMA), generizon a d\u00e9velopp\u00e9 une expertise solide dans la r\u00e9duction des \u00e9missions du gaz des d\u00e9charges (LFG) dans la majorit\u00e9 des d\u00e9charges marocaines. Cette exp\u00e9rience a permis \u00e0 l\u2019\u00e9quipe de ma\u00eetriser l\u2019outil IPCC (GIEC) qui se base sur l&#8217;\u00e9quation de d\u00e9croissance exponentiel (First Order Decay &#8211; FOD), d\u2019\u00e9valuer le potentiel de valorisation \u00e9nerg\u00e9tique (\u00e9lectricit\u00e9, chaleur, carbone biog\u00e9nique et \u00e9quivalent propane), d\u2019analyser les options technologiques pour le syst\u00e8me d\u2019extraction du gaz des d\u00e9charges (syst\u00e8mes de captage et de contr\u00f4le des gaz \u2013 GCCS) et d\u2019\u00e9tudier des fili\u00e8res alternatives de valorisation telles que la digestion ana\u00e9robie et le compostage. Par ailleurs, generizon r\u00e9alise \u00e9galement des \u00e9valuations des cadres institutionnel, r\u00e9glementaire et strat\u00e9gique r\u00e9gissant le secteur.<\/p>\n\n\n\n<p>generizon a ainsi consid\u00e9rablement renforc\u00e9 son expertise dans la gestion des DMA au Maroc et, plus largement, en Afrique, consolidant sa ma\u00eetrise des m\u00e9thodologies IPCC (GIEC) pour le calcul des \u00e9missions du m\u00e9thane et d\u00e9veloppant une approche int\u00e9gr\u00e9e visant \u00e0 optimiser la r\u00e9duction du m\u00e9thane dans l\u2019ensemble du secteur des d\u00e9chets solides.<\/p>\n\n\n\n<figure class=\"wp-block-image alignright size-medium\"><img loading=\"lazy\" decoding=\"async\" width=\"300\" height=\"200\" src=\"https:\/\/generizon.com\/wp-content\/uploads\/2026\/01\/202510-team-generizon-UN-habitat-CIF-rabat-um6p-300x200.jpg\" alt=\"Team generizon\" class=\"wp-image-7092\" srcset=\"https:\/\/generizon.com\/wp-content\/uploads\/2026\/01\/202510-team-generizon-UN-habitat-CIF-rabat-um6p-300x200.jpg 300w, https:\/\/generizon.com\/wp-content\/uploads\/2026\/01\/202510-team-generizon-UN-habitat-CIF-rabat-um6p-1024x683.jpg 1024w, https:\/\/generizon.com\/wp-content\/uploads\/2026\/01\/202510-team-generizon-UN-habitat-CIF-rabat-um6p-768x512.jpg 768w, https:\/\/generizon.com\/wp-content\/uploads\/2026\/01\/202510-team-generizon-UN-habitat-CIF-rabat-um6p.jpg 1500w\" sizes=\"auto, (max-width: 300px) 100vw, 300px\" \/><figcaption class=\"wp-element-caption\">\u00e9quipe generizon. Manfred Schweda. Nazha Zidani. Fatima-Ezzahra Belaouni.<\/figcaption><\/figure>\n\n\n\n<p>generizon a \u00e9galement conduit une \u00e9tude en collaboration avec la Cities Investment Facility (CIF) d\u2019UN-Habitat, visant \u00e0 analyser les diff\u00e9rentes voies de valorisation \u00e9nerg\u00e9tique des d\u00e9chets (Waste-to-Energy \u2013 WtE) au Maroc, en fonction de la composition et des caract\u00e9ristiques des d\u00e9chets m\u00e9nagers. L\u2019\u00e9tude a inclus des&nbsp; analyses SWOT de plusieurs technologies WtE afin d\u2019identifier les solutions les plus adapt\u00e9es, en premier lieu les syst\u00e8mes d\u2019extraction du gaz des d\u00e9charges pour les d\u00e9charges ferm\u00e9es, suivis de la digestion ana\u00e9robie en r\u00e9acteur CSTR pour les d\u00e9chets organiques tri\u00e9s \u00e0 la source (SSOW), la digestion ana\u00e9robie en plug-flow pour la fraction organique des DMA (OFMSW), le compostage des d\u00e9chets verts, la production de combustibles solides de r\u00e9cup\u00e9ration (CSR\/RDF), la co-incin\u00e9ration et l\u2019incin\u00e9ration de masse avec r\u00e9cup\u00e9ration d&#8217;\u00e9nergie. Le projet s\u2019est conclu par une masterclass organis\u00e9e \u00e0 UM6P \u2013 CITINNOV Rabat, r\u00e9unissant plusieurs communes pour un \u00e9change de connaissances, avec generizon en tant que consultant externe en structuration de projets.<\/p>\n\n\n\n<h2 class=\"wp-block-heading\">solutions \u00ab Power-to-X \u00bb (PtX) et \u00ab Power-to-Liquids \u00bb (PtL).<\/h2>\n\n\n\n<p>generizon a r\u00e9alis\u00e9 plusieurs \u00e9tudes strat\u00e9giques pour de grands acteurs industriels, explorant la production de produits \u00e9nerg\u00e9tiques synth\u00e9tiques et de produits chimiques \u00e0 partir de biogaz et de biomasse, au-del\u00e0 des fili\u00e8res conventionnelles. Ces \u00e9tudes ont inclus une analyse comparative des technologies et une \u00e9tude de cas \u00e9conomique, portant sur des sujets tels que le bio- et e-m\u00e9thanol, les carburants d\u2019aviation durables (SAF), les biocarburants et l\u2019ammoniac vert. Gr\u00e2ce \u00e0 une collaboration avec des consultants scientifiques internationaux de renom, generizon a consolid\u00e9 son expertise dans les aspects scientifiques et chimiques des produits synth\u00e9tiques avanc\u00e9s issus de la biomasse.<\/p>\n\n\n\n<p>Pour \u00e9tendre son expertise, generizon a \u00e9galement men\u00e9 un projet visant \u00e0 identifier et quantifier les sources de carbone au Maroc dans trois grands secteurs au-del\u00e0 des d\u00e9chets : le secteur de l\u2019\u00e9nergie, le secteur industriel (y compris le ciment et le phosphate), et le secteur des d\u00e9chets et de la biomasse. L\u2019\u00e9quipe a r\u00e9alis\u00e9 des recherches et analyses d\u00e9taill\u00e9es pour calculer les \u00e9missions de CO\u2082, en projetant les tendances futures selon les sc\u00e9narios Business-as-Usual (BAU) et Net Z\u00e9ro. Ce travail a renforc\u00e9 la ma\u00eetrise de generizon dans l\u2019\u00e9valuation des sources de carbone, en particulier le carbone biog\u00e9nique, dans des secteurs cl\u00e9s. En se concentrant sur la captation efficace du carbone existant plut\u00f4t que sur la Captation Directe de l\u2019Air (DAC), le projet contribue directement aux strat\u00e9gies marocaines de Power-to-X (PtX) et Power-to-Liquids (PtL) pour la production de carburants durables.<\/p>\n\n\n\n<h2 class=\"wp-block-heading\">contexte ouest-africain.<\/h2>\n\n\n\n<p>Dans le contexte africain, generizon a collabor\u00e9 avec le GGGI S\u00e9n\u00e9gal sur une \u00e9tude de pr\u00e9-faisabilit\u00e9 technique et \u00e9conomique pour deux grandes industries agroalimentaires au S\u00e9n\u00e9gal. L\u2019\u00e9tude portait sur la valorisation \u00e9nerg\u00e9tique de leurs d\u00e9chets, avec generizon \u00e9valuant \u00e0 la fois la quantit\u00e9 et la qualit\u00e9 des d\u00e9chets, r\u00e9alisant des visites de terrain et des analyses en laboratoire. L\u2019\u00e9quipe a \u00e9galement \u00e9tudi\u00e9 le potentiel de la digestion ana\u00e9robie comme solution durable de traitement et de r\u00e9cup\u00e9ration d\u2019\u00e9nergie. Par ailleurs, generizon a mobilis\u00e9 les parties prenantes cl\u00e9s et organis\u00e9 des ateliers pour pr\u00e9senter les r\u00e9sultats et les plans d\u2019action directement \u00e0 chaque industrie, garantissant des recommandations pratiques et applicables.<\/p>\n\n\n\n<p>generizon a \u00e9galement r\u00e9alis\u00e9 une \u00e9tude en C\u00f4te d\u2019Ivoire pour une grande d\u00e9charge pres d\u2019Abidjan. Le projet a port\u00e9 sur l\u2019estimation des \u00e9missions de gaz de d\u00e9charge (LFG) \u00e0 l\u2019aide de l\u2019outil IPCC (GIEC) et l\u2019identification de strat\u00e9gies pour r\u00e9duire les \u00e9missions de CH\u2084 et les convertir en \u00e9nergie. Cette \u00e9tude a renforc\u00e9 la compr\u00e9hension de generizon de la gestion des d\u00e9chets m\u00e9nagers et assimil\u00e9s, de la mitigation du gaz des d\u00e9charges et des solutions Waste-to-Energy (WtE) dans le contexte africain.<\/p>\n","protected":false},"excerpt":{"rendered":"<p>\u00e9tudes sur les d\u00e9chets organiques &#8211; d\u00e9chets m\u00e9nagers et assimil\u00e9s &#8211; biogaz et digestat. generizon a men\u00e9 d\u2019importants projets de conseil au Maroc ainsi que dans plusieurs pays d\u2019Afrique de l\u2019Ouest, notamment le S\u00e9n\u00e9gal et la C\u00f4te d\u2019Ivoire, en collaboration avec des institutions telles que la CCAC, le GGGI, le Minist\u00e8re de la Transition \u00c9nerg\u00e9tique [&hellip;]<\/p>\n","protected":false},"author":1,"featured_media":0,"parent":0,"menu_order":0,"comment_status":"closed","ping_status":"closed","template":"page-french","meta":{"_acf_changed":false,"footnotes":""},"class_list":["post-7096","page","type-page","status-publish","hentry"],"acf":[],"_links":{"self":[{"href":"https:\/\/generizon.com\/fr\/wp-json\/wp\/v2\/pages\/7096","targetHints":{"allow":["GET"]}}],"collection":[{"href":"https:\/\/generizon.com\/fr\/wp-json\/wp\/v2\/pages"}],"about":[{"href":"https:\/\/generizon.com\/fr\/wp-json\/wp\/v2\/types\/page"}],"author":[{"embeddable":true,"href":"https:\/\/generizon.com\/fr\/wp-json\/wp\/v2\/users\/1"}],"replies":[{"embeddable":true,"href":"https:\/\/generizon.com\/fr\/wp-json\/wp\/v2\/comments?post=7096"}],"version-history":[{"count":0,"href":"https:\/\/generizon.com\/fr\/wp-json\/wp\/v2\/pages\/7096\/revisions"}],"wp:attachment":[{"href":"https:\/\/generizon.com\/fr\/wp-json\/wp\/v2\/media?parent=7096"}],"curies":[{"name":"wp","href":"https:\/\/api.w.org\/{rel}","templated":true}]}}