{"id":7184,"date":"2026-01-31T10:18:30","date_gmt":"2026-01-31T10:18:30","guid":{"rendered":"https:\/\/generizon.com\/?page_id=7184"},"modified":"2026-02-09T20:02:23","modified_gmt":"2026-02-09T20:02:23","slug":"digesteur-a-flux-piston-plug-flow-hsad-arciplug","status":"publish","type":"page","link":"https:\/\/generizon.com\/fr\/digesteur-a-flux-piston-plug-flow-hsad-arciplug\/","title":{"rendered":"digesteur \u00e0 flux piston (plug-flow) HSAD &#8211; Arciplug\u00ae."},"content":{"rendered":"\n<h2 class=\"wp-block-heading\">transformation des d\u00e9chets solides municipaux en biogaz renouvelable.<\/h2>\n\n\n\n<p>Le r\u00e9acteur \u00e0 flux piston (plug-flow reactor &#8211; PFR) brevet\u00e9 d\u2019Arciplug transforme les d\u00e9chets organiques tels que les r\u00e9sidus agricoles, les herbes \u00e9nerg\u00e9tiques, les d\u00e9chets organiques industriels et les d\u00e9chets municipaux en \u00e9nergie propre sans ajout d\u2019eau.<\/p>\n\n\n\n<p>Alliant expertise historique et innovation, la technologie Arciplug s&#8217;appuie sur plus de 15 ans de retours d&#8217;exp\u00e9rience. Avec plus de 30 digesteurs \u00e0 flux piston en service, Arciplug s&#8217;impose comme une r\u00e9f\u00e9rence dans le traitement durable des d\u00e9chets et la production de biogaz.<\/p>\n\n\n\n<p>\u00c0 l\u2019int\u00e9rieur d\u2019un r\u00e9acteur \u00e0 flux piston (plug-flow) Arciplug, la biomasse progresse bouchon par bouchon, de l\u2019entr\u00e9e \u00e0 la sortie. Le brassage vertical favorise le d\u00e9veloppement des micro-organismes sans perturber le flux, garantissant ainsi un rendement \u00e9lev\u00e9 en m\u00e9thane et une digestion stable. Le concept est \u00e9volutif, fiable et \u00e9prouv\u00e9. Les r\u00e9acteurs de digestion ana\u00e9robie \u00e0 haute teneur en solides (HSAD) d&#8217;Arciplug sont con\u00e7us pour les mati\u00e8res premi\u00e8res difficiles et les environnements exigeants.<\/p>\n\n\n\n<p>La technologie innovante d&#8217;Arciplug maximise la production de biogaz et de biom\u00e9thane tout en maintenant des co\u00fbts d&#8217;investissement (CAPEX) et d&#8217;exploitation (OPEX) comp\u00e9titifs. En permettant une digestion \u00e0 charge \u00e9lev\u00e9e, une grande flexibilit\u00e9 d&#8217;utilisation des mati\u00e8res premi\u00e8res et un fonctionnement stable, Arciplug \u00e9tablit une nouvelle r\u00e9f\u00e9rence en mati\u00e8re d&#8217;efficacit\u00e9 du biogaz.<\/p>\n\n\n\n<h2 class=\"wp-block-heading\">qu&#8217;est-ce que la technologie HSAD \u00e0 \u00e9coulement piston (plug-flow) ?<\/h2>\n\n\n\n<figure class=\"wp-block-image alignright size-medium\"><img loading=\"lazy\" decoding=\"async\" width=\"300\" height=\"263\" src=\"https:\/\/generizon.com\/wp-content\/uploads\/2025\/09\/Arciplug-Italy-Calimera-biogas-msw-plant-300x263.jpg\" alt=\"\" class=\"wp-image-5518\" srcset=\"https:\/\/generizon.com\/wp-content\/uploads\/2025\/09\/Arciplug-Italy-Calimera-biogas-msw-plant-300x263.jpg 300w, https:\/\/generizon.com\/wp-content\/uploads\/2025\/09\/Arciplug-Italy-Calimera-biogas-msw-plant-768x672.jpg 768w, https:\/\/generizon.com\/wp-content\/uploads\/2025\/09\/Arciplug-Italy-Calimera-biogas-msw-plant.jpg 1000w\" sizes=\"auto, (max-width: 300px) 100vw, 300px\" \/><figcaption class=\"wp-element-caption\">Arciplug PlugFlow MSW digester Calimera. torch\u00e8re sur la toit.<\/figcaption><\/figure>\n\n\n\n<p>En ing\u00e9nierie, le principe d&#8217;\u00e9coulement piston (plug-flow) d\u00e9crit le mouvement d&#8217;un fluide dans un conduit o\u00f9 tous les \u00e9l\u00e9ments progressent \u00e0 une vitesse quasi identique, se comportant comme un \u00ab bouchon \u00bb uniforme. Ce type d&#8217;\u00e9coulement, g\u00e9n\u00e9ralement induit par la gravit\u00e9, la pression ou des forces m\u00e9caniques, permet un temps de s\u00e9jour pr\u00e9cis et pr\u00e9visible. De ce fait, les syst\u00e8mes \u00e0 \u00e9coulement piston sont largement utilis\u00e9s en g\u00e9nie chimique et dans le traitement des eaux us\u00e9es pour garantir des r\u00e9actions contr\u00f4l\u00e9es, une conversion efficace et des conditions de fonctionnement stables.<\/p>\n\n\n\n<p>Appliqu\u00e9 \u00e0 la digestion ana\u00e9robie, ce principe permet une progression contr\u00f4l\u00e9e et continue de la mati\u00e8re organique \u00e0 travers le digesteur, cr\u00e9ant ainsi un environnement stable pour les processus biologiques. Les digesteurs \u00e0 flux piston brevet\u00e9s d&#8217;Arciplug sont con\u00e7us sur cette base et optimis\u00e9s pour la digestion ana\u00e9robie \u00e0 haute teneur en mati\u00e8res solides (high solids anaerobic digestion &#8211; HSAD) et l&#8217;alimentation de divers types de d\u00e9chets, garantissant une production fiable de biogaz tout en g\u00e9n\u00e9rant un digestat de haute qualit\u00e9 pour l&#8217;agriculture.<\/p>\n\n\n\n<p>Dans la digestion \u00e0 flux piston, chaque \u00ab bouchon \u00bb de biomasse progresse de mani\u00e8re continue \u00e0 travers les \u00e9tapes d&#8217;hydrolyse, d&#8217;acidog\u00e9n\u00e8se, d&#8217;ac\u00e9tog\u00e9n\u00e8se et de m\u00e9thanogen\u00e8se ; les micro-organismes agissent \u00e9tape par \u00e9tape pour un rendement en biogaz pr\u00e9visible.<\/p>\n\n\n\n<h2 class=\"wp-block-heading\">Calimera &#8211; une r\u00e9ussite dans le traitement des d\u00e9chets m\u00e9nagers.<\/h2>\n\n\n\n<figure class=\"wp-block-image alignright size-medium\"><img loading=\"lazy\" decoding=\"async\" width=\"300\" height=\"198\" src=\"https:\/\/generizon.com\/wp-content\/uploads\/2026\/01\/arciplug-omsw-biogas-plant-calimera-italy-exterior-300x198.jpg\" alt=\"Arciplug. Calimera MSW plug-flow digester.\" class=\"wp-image-7167\" srcset=\"https:\/\/generizon.com\/wp-content\/uploads\/2026\/01\/arciplug-omsw-biogas-plant-calimera-italy-exterior-300x198.jpg 300w, https:\/\/generizon.com\/wp-content\/uploads\/2026\/01\/arciplug-omsw-biogas-plant-calimera-italy-exterior-1024x675.jpg 1024w, https:\/\/generizon.com\/wp-content\/uploads\/2026\/01\/arciplug-omsw-biogas-plant-calimera-italy-exterior-768x506.jpg 768w, https:\/\/generizon.com\/wp-content\/uploads\/2026\/01\/arciplug-omsw-biogas-plant-calimera-italy-exterior.jpg 1200w\" sizes=\"auto, (max-width: 300px) 100vw, 300px\" \/><figcaption class=\"wp-element-caption\">Arciplug. Calimera. digesteur pour DMA plug-flow.<\/figcaption><\/figure>\n\n\n\n<p>Comme le d\u00e9montre l&#8217;usine d\u2019Arciplug de Calimera, en Italie, la technologie de digestion ana\u00e9robie \u00e0 flux piston fonctionne de mani\u00e8re fiable en conditions r\u00e9elles d&#8217;exploitation pour le traitement des d\u00e9chets m\u00e9nagers \u00e0 forte teneur en mati\u00e8res organiques. L&#8217;usine traite environ 55 tonnes par jour de d\u00e9chets mixtes (DMA d\u00e9chets m\u00e9nagers et assimil\u00e9s) \u00e0 haute teneur en mati\u00e8res solides et contenant des impuret\u00e9s importantes, sans dilution \u00e0 l&#8217;eau, dans un r\u00e9acteur compact adapt\u00e9 aux contraintes du site. Gr\u00e2ce \u00e0 son architecture \u00e0 flux piston (plug-flow) brevet\u00e9e, le syst\u00e8me garantit la stabilit\u00e9 du processus et une consommation d&#8217;\u00e9nergie interne minimale. Il assure une production fiable de biogaz et de biom\u00e9thane lors du traitement de d\u00e9chets m\u00e9nagers.<\/p>\n\n\n\n<p>Ce projet contribue \u00e0 la r\u00e9duction des d\u00e9chets mis en d\u00e9charge et \u00e0 la production d&#8217;\u00e9nergie renouvelable. Le digestat est ensuite tri\u00e9 et co-compost\u00e9 pour produire un amendement de sol stabilis\u00e9 et de haute qualit\u00e9, illustrant ainsi la robustesse et l&#8217;adaptabilit\u00e9 de la technologie Arciplug dans un contexte europ\u00e9en.<\/p>\n\n\n\n<h2 class=\"wp-block-heading\">Inde &#8211; syst\u00e8me de digestion ana\u00e9robie \u00e0 flux piston pour la paille de riz.<\/h2>\n\n\n\n<figure class=\"wp-block-image alignright size-medium\"><img loading=\"lazy\" decoding=\"async\" width=\"300\" height=\"233\" src=\"https:\/\/generizon.com\/wp-content\/uploads\/2026\/01\/arciplug-haryana-biogas-plant-front-view-300x233.jpg\" alt=\"Haryana Arciplug plug-flow biogas plant.\" class=\"wp-image-7166\" srcset=\"https:\/\/generizon.com\/wp-content\/uploads\/2026\/01\/arciplug-haryana-biogas-plant-front-view-300x233.jpg 300w, https:\/\/generizon.com\/wp-content\/uploads\/2026\/01\/arciplug-haryana-biogas-plant-front-view-768x598.jpg 768w, https:\/\/generizon.com\/wp-content\/uploads\/2026\/01\/arciplug-haryana-biogas-plant-front-view.jpg 1000w\" sizes=\"auto, (max-width: 300px) 100vw, 300px\" \/><figcaption class=\"wp-element-caption\">Arciplug. Haryana installation plug-flow du biogaz.<\/figcaption><\/figure>\n\n\n\n<p>L&#8217;usine de biogaz de l&#8217;Haryana, en Inde, d\u00e9montre comment la technologie \u00e0 flux piston peut \u00eatre appliqu\u00e9e \u00e0 grande \u00e9chelle aux r\u00e9sidus agricoles. Situ\u00e9e \u00e0 Ambala, dans l&#8217;Haryana, cette installation utilise le syst\u00e8me de digestion ana\u00e9robie s\u00e8che continue d&#8217;Arciplug pour transformer la paille de riz et le fumier de vache en biom\u00e9thane renouvelable et en digestat \u00e0 haute valeur ajout\u00e9e, offrant ainsi une alternative durable au br\u00fblage \u00e0 l&#8217;air libre de la paille, source de pollution atmosph\u00e9rique.<\/p>\n\n\n\n<p>La mise en service a d\u00e9but\u00e9 en mars 2025. Trois digesteurs sont pleinement op\u00e9rationnels et produisent un biogaz constant. D\u00e8s le d\u00e9part, la production de gaz a d\u00e9pass\u00e9 les attentes, d\u00e9montrant la fiabilit\u00e9 et la flexibilit\u00e9 du syst\u00e8me \u00e0 flux piston avec de multiples mati\u00e8res premi\u00e8res, ainsi que ses excellentes performances en conditions r\u00e9elles.<\/p>\n\n\n\n<h2 class=\"wp-block-heading\">Chine &#8211; HSAD \u00e0 flux piston pour le fumier.<\/h2>\n\n\n\n<figure class=\"wp-block-image alignright size-medium\"><img loading=\"lazy\" decoding=\"async\" width=\"300\" height=\"225\" src=\"https:\/\/generizon.com\/wp-content\/uploads\/2026\/01\/arciplug-liaoning-china-biogas-plant-digester-300x225.jpg\" alt=\"Arciplug. Liaoning plug-flow biogas plant. gasholder on top. \" class=\"wp-image-7165\" srcset=\"https:\/\/generizon.com\/wp-content\/uploads\/2026\/01\/arciplug-liaoning-china-biogas-plant-digester-300x225.jpg 300w, https:\/\/generizon.com\/wp-content\/uploads\/2026\/01\/arciplug-liaoning-china-biogas-plant-digester-768x576.jpg 768w, https:\/\/generizon.com\/wp-content\/uploads\/2026\/01\/arciplug-liaoning-china-biogas-plant-digester.jpg 1000w\" sizes=\"auto, (max-width: 300px) 100vw, 300px\" \/><figcaption class=\"wp-element-caption\">Arciplug. l&#8217;installation Liaoning de biogaz plug-flow. gazom\u00e8tre sur la toit.<\/figcaption><\/figure>\n\n\n\n<p>Le projet de valorisation des d\u00e9chets agricoles par m\u00e9thanisation \u00e0 haute teneur en solides (HSAD), en Chine, prouve que le fumier de vache n&#8217;a pas besoin d&#8217;\u00eatre dilu\u00e9 pour \u00eatre productif. Gr\u00e2ce \u00e0 la technologie avanc\u00e9e \u00e0 flux piston d&#8217;Arciplug, cette installation traite du fumier contenant jusqu&#8217;\u00e0 40 % de mati\u00e8re s\u00e8che, directement de la ferme, sans ajout d&#8217;eau ni pr\u00e9traitement. R\u00e9sultat ? Une installation performante qui transforme des d\u00e9chets agricoles difficiles en biogaz constant et en engrais de haute qualit\u00e9 avec une efficacit\u00e9 in\u00e9gal\u00e9e.<\/p>\n\n\n\n<h2 class=\"wp-block-heading\">les r\u00e9acteurs HSAD \u00e0 flux piston (plug-flow) d&#8217;Arciplug dans le contexte marocain des DMA &#8211; du centre de tri au traitement m\u00e9cano-biologique.<\/h2>\n\n\n\n<p>Les d\u00e9chets m\u00e9nagers marocains, riches en mati\u00e8res organiques, sont parfaitement adapt\u00e9s \u00e0 la technologie de digestion ana\u00e9robie \u00e0 haute teneur en solides (HSAD) \u00e0 flux piston d&#8217;Arciplug. Le syst\u00e8me peut traiter les d\u00e9chets m\u00e9nagers directement ou, de pr\u00e9f\u00e9rence, apr\u00e8s tri dans un centre de tri. Le proc\u00e9d\u00e9 consiste \u00e0 convertir les d\u00e9chets organiques en biogaz renouvelable et en digestat solide. Les impuret\u00e9s n&#8217;interf\u00e8rent pas avec le processus. C&#8217;est le r\u00e9acteur \u00e0 flux piston qui transforme finalement le centre de tri des d\u00e9chets (material recovery facility &#8211; MRF) en une installation de traitement m\u00e9cano-biologique (mechanical-biological treatment &#8211; MBT).<\/p>\n\n\n\n<p>Apr\u00e8s digestion, le digestat est s\u00e9ch\u00e9 selon les m\u00e9thodes de s\u00e9chage des boues des stations d&#8217;\u00e9puration (STEP) marocaines. Une fois sec, il peut \u00eatre utilis\u00e9 dans les fours des cimenteries comme combustible solide de r\u00e9cup\u00e9ration (CSR\/RDF), malgr\u00e9 un pouvoir calorifique l\u00e9g\u00e8rement inf\u00e9rieur.<\/p>\n\n\n\n<p>Arciplug offre une solution flexible pour la fraction fermentescible des ordures m\u00e9nag\u00e8res (FFOM, organic fraction of municipal solid waste OFMSW, ce qui passe \u00e0 travers le trommel &#8211; tamis rotatif), ainsi que pour la plupart des autres types de d\u00e9chets organiques relativement secs. Cette technologie permet \u00e9galement l&#8217;injection quotidienne contr\u00f4l\u00e9e d&#8217;une petite partie du lixiviat stock\u00e9, contribuant ainsi \u00e0 r\u00e9soudre les probl\u00e8mes de gestion du lixiviat au Maroc. Il en r\u00e9sulte une mise en d\u00e9charge tr\u00e8s r\u00e9duite et aucun lixiviat.<\/p>\n\n\n\n<p>generizon\/Arciplug peut fournir une solution cl\u00e9 en main pour la construction et l&#8217;installation, ou offrir un soutien technique et une assistance technique aux clients marocains souhaitant construire et exploiter l&#8217;installation de mani\u00e8re autonome.<\/p>\n\n\n\n<div class=\"wp-block-columns is-layout-flex wp-container-core-columns-is-layout-28f84493 wp-block-columns-is-layout-flex\">\n<div class=\"wp-block-column is-layout-flow wp-block-column-is-layout-flow\">\n<figure class=\"wp-block-image size-large\"><img loading=\"lazy\" decoding=\"async\" width=\"1024\" height=\"1024\" src=\"https:\/\/generizon.com\/wp-content\/uploads\/2026\/01\/bulldozer-oum-azza-sq-1024x1024.jpg\" alt=\"MSW reception.\" class=\"wp-image-7170\" srcset=\"https:\/\/generizon.com\/wp-content\/uploads\/2026\/01\/bulldozer-oum-azza-sq-1024x1024.jpg 1024w, https:\/\/generizon.com\/wp-content\/uploads\/2026\/01\/bulldozer-oum-azza-sq-300x300.jpg 300w, https:\/\/generizon.com\/wp-content\/uploads\/2026\/01\/bulldozer-oum-azza-sq-150x150.jpg 150w, https:\/\/generizon.com\/wp-content\/uploads\/2026\/01\/bulldozer-oum-azza-sq-768x768.jpg 768w, https:\/\/generizon.com\/wp-content\/uploads\/2026\/01\/bulldozer-oum-azza-sq.jpg 1500w\" sizes=\"auto, (max-width: 1024px) 100vw, 1024px\" \/><figcaption class=\"wp-element-caption\">la r\u00e9ception des DMA.<\/figcaption><\/figure>\n<\/div>\n\n\n\n<div class=\"wp-block-column is-layout-flow wp-block-column-is-layout-flow\">\n<figure class=\"wp-block-image size-large\"><img loading=\"lazy\" decoding=\"async\" width=\"1024\" height=\"1024\" src=\"https:\/\/generizon.com\/wp-content\/uploads\/2026\/01\/trommel-sq-1024x1024.jpg\" alt=\"inside trommel.\" class=\"wp-image-7172\" srcset=\"https:\/\/generizon.com\/wp-content\/uploads\/2026\/01\/trommel-sq-1024x1024.jpg 1024w, https:\/\/generizon.com\/wp-content\/uploads\/2026\/01\/trommel-sq-300x300.jpg 300w, https:\/\/generizon.com\/wp-content\/uploads\/2026\/01\/trommel-sq-150x150.jpg 150w, https:\/\/generizon.com\/wp-content\/uploads\/2026\/01\/trommel-sq-768x768.jpg 768w, https:\/\/generizon.com\/wp-content\/uploads\/2026\/01\/trommel-sq.jpg 1500w\" sizes=\"auto, (max-width: 1024px) 100vw, 1024px\" \/><figcaption class=\"wp-element-caption\">le trommel &#8211; tamis rotatif.<\/figcaption><\/figure>\n<\/div>\n\n\n\n<div class=\"wp-block-column is-layout-flow wp-block-column-is-layout-flow\">\n<figure class=\"wp-block-image size-large\"><img loading=\"lazy\" decoding=\"async\" width=\"1024\" height=\"1024\" src=\"https:\/\/generizon.com\/wp-content\/uploads\/2026\/01\/organic-waste-falls-of-trommel-sq-1024x1024.jpg\" alt=\"OFMSW post trommel separation.\" class=\"wp-image-7171\" srcset=\"https:\/\/generizon.com\/wp-content\/uploads\/2026\/01\/organic-waste-falls-of-trommel-sq-1024x1024.jpg 1024w, https:\/\/generizon.com\/wp-content\/uploads\/2026\/01\/organic-waste-falls-of-trommel-sq-300x300.jpg 300w, https:\/\/generizon.com\/wp-content\/uploads\/2026\/01\/organic-waste-falls-of-trommel-sq-150x150.jpg 150w, https:\/\/generizon.com\/wp-content\/uploads\/2026\/01\/organic-waste-falls-of-trommel-sq-768x768.jpg 768w, https:\/\/generizon.com\/wp-content\/uploads\/2026\/01\/organic-waste-falls-of-trommel-sq.jpg 1500w\" sizes=\"auto, (max-width: 1024px) 100vw, 1024px\" \/><figcaption class=\"wp-element-caption\">la fraction organique post trommel (OFMSW\/FFOM).<\/figcaption><\/figure>\n<\/div>\n\n\n\n<div class=\"wp-block-column is-layout-flow wp-block-column-is-layout-flow\">\n<figure class=\"wp-block-image size-large\"><img loading=\"lazy\" decoding=\"async\" width=\"1024\" height=\"1024\" src=\"https:\/\/generizon.com\/wp-content\/uploads\/2026\/01\/OFMSW-after-trommel-sq-1024x1024.jpg\" alt=\"OFMSW quality depends apertures size of trommel  sieve holes.\" class=\"wp-image-7169\" srcset=\"https:\/\/generizon.com\/wp-content\/uploads\/2026\/01\/OFMSW-after-trommel-sq-1024x1024.jpg 1024w, https:\/\/generizon.com\/wp-content\/uploads\/2026\/01\/OFMSW-after-trommel-sq-300x300.jpg 300w, https:\/\/generizon.com\/wp-content\/uploads\/2026\/01\/OFMSW-after-trommel-sq-150x150.jpg 150w, https:\/\/generizon.com\/wp-content\/uploads\/2026\/01\/OFMSW-after-trommel-sq-768x768.jpg 768w, https:\/\/generizon.com\/wp-content\/uploads\/2026\/01\/OFMSW-after-trommel-sq.jpg 1500w\" sizes=\"auto, (max-width: 1024px) 100vw, 1024px\" \/><figcaption class=\"wp-element-caption\">la qualit\u00e9 de la OFMSW\/FFOM d\u00e9pend de l&#8217;apertures taille des mailles du trommel.<\/figcaption><\/figure>\n<\/div>\n\n\n\n<div class=\"wp-block-column is-layout-flow wp-block-column-is-layout-flow\">\n<figure class=\"wp-block-image size-full\"><img loading=\"lazy\" decoding=\"async\" width=\"816\" height=\"817\" src=\"https:\/\/generizon.com\/wp-content\/uploads\/2026\/01\/ofmsw-after-trommel-organic1-sq.png\" alt=\"quality of OFMSW post trommel.\" class=\"wp-image-7168\" srcset=\"https:\/\/generizon.com\/wp-content\/uploads\/2026\/01\/ofmsw-after-trommel-organic1-sq.png 816w, https:\/\/generizon.com\/wp-content\/uploads\/2026\/01\/ofmsw-after-trommel-organic1-sq-300x300.png 300w, https:\/\/generizon.com\/wp-content\/uploads\/2026\/01\/ofmsw-after-trommel-organic1-sq-150x150.png 150w, https:\/\/generizon.com\/wp-content\/uploads\/2026\/01\/ofmsw-after-trommel-organic1-sq-768x769.png 768w\" sizes=\"auto, (max-width: 816px) 100vw, 816px\" \/><figcaption class=\"wp-element-caption\">FFOM post trommel. pr\u00eat pour alimentation du r\u00e9acteur Arciplug HSAD .<\/figcaption><\/figure>\n<\/div>\n<\/div>\n\n\n\n<h2 class=\"wp-block-heading\">points cl\u00e9s d\u2019Arciplug.<\/h2>\n\n\n\n<figure class=\"wp-block-image alignright size-medium no-border\"><img loading=\"lazy\" decoding=\"async\" width=\"300\" height=\"194\" src=\"https:\/\/generizon.com\/wp-content\/uploads\/2026\/01\/arciplug-big-logo-600-388-300x194.png\" alt=\"Arciplug Logo.\" class=\"wp-image-6767\" srcset=\"https:\/\/generizon.com\/wp-content\/uploads\/2026\/01\/arciplug-big-logo-600-388-300x194.png 300w, https:\/\/generizon.com\/wp-content\/uploads\/2026\/01\/arciplug-big-logo-600-388.png 600w\" sizes=\"auto, (max-width: 300px) 100vw, 300px\" \/><figcaption class=\"wp-element-caption\">Arciplug. Lepp\u00e4vesi.<br>Finland.<\/figcaption><\/figure>\n\n\n\n<ul class=\"wp-block-list ul-border\">\n<li><strong>Conception avanc\u00e9e \u00e0 flux piston<\/strong> : Utilise une technologie (plug-flow) brevet\u00e9e pour garantir des conditions de fonctionnement stables et une production constante de biogaz\/biom\u00e9thane.<\/li>\n\n\n\n<li><strong>Capacit\u00e9 de traitement des mati\u00e8res solides \u00e9lev\u00e9es<\/strong> : Traite efficacement les mati\u00e8res premi\u00e8res \u00e0 tr\u00e8s haute teneur en mati\u00e8re s\u00e8che (de 15 % \u00e0 40 %).<\/li>\n\n\n\n<li><strong>Aucune dilution requise<\/strong> : Contrairement aux syst\u00e8mes traditionnels, il traite directement le fumier sec et les d\u00e9chets m\u00e9nagers assimil\u00e9s sans ajout d\u2019eau, r\u00e9duisant ainsi consid\u00e9rablement la consommation d\u2019eau.<\/li>\n\n\n\n<li><strong>Pr\u00e9traitement minimal<\/strong> : Le syst\u00e8me est con\u00e7u pour traiter les mati\u00e8res premi\u00e8res, m\u00eame celles contenant des impuret\u00e9s courantes, sans n\u00e9cessiter de tri ni d\u2019\u00e9claircissage complexes ou co\u00fbteux.<\/li>\n\n\n\n<li><strong>Faible consommation d\u2019\u00e9nergie<\/strong> : Caract\u00e9ris\u00e9 par une faible consommation d\u2019\u00e9nergie interne (parasite), il maximise le rendement \u00e9nerg\u00e9tique net de l\u2019unit\u00e9 de m\u00e9thanisation.<\/li>\n\n\n\n<li>svp visitez le site de notre partenaire <a href=\"https:\/\/arciplug.com\/\">Arciplug<\/a>.<\/li>\n<\/ul>\n","protected":false},"excerpt":{"rendered":"<p>transformation des d\u00e9chets solides municipaux en biogaz renouvelable. Le r\u00e9acteur \u00e0 flux piston (plug-flow reactor &#8211; PFR) brevet\u00e9 d\u2019Arciplug transforme les d\u00e9chets organiques tels que les r\u00e9sidus agricoles, les herbes \u00e9nerg\u00e9tiques, les d\u00e9chets organiques industriels et les d\u00e9chets municipaux en \u00e9nergie propre sans ajout d\u2019eau. Alliant expertise historique et innovation, la technologie Arciplug s&#8217;appuie sur [&hellip;]<\/p>\n","protected":false},"author":1,"featured_media":0,"parent":0,"menu_order":0,"comment_status":"closed","ping_status":"closed","template":"page-french","meta":{"_acf_changed":false,"footnotes":""},"class_list":["post-7184","page","type-page","status-publish","hentry"],"acf":[],"_links":{"self":[{"href":"https:\/\/generizon.com\/fr\/wp-json\/wp\/v2\/pages\/7184","targetHints":{"allow":["GET"]}}],"collection":[{"href":"https:\/\/generizon.com\/fr\/wp-json\/wp\/v2\/pages"}],"about":[{"href":"https:\/\/generizon.com\/fr\/wp-json\/wp\/v2\/types\/page"}],"author":[{"embeddable":true,"href":"https:\/\/generizon.com\/fr\/wp-json\/wp\/v2\/users\/1"}],"replies":[{"embeddable":true,"href":"https:\/\/generizon.com\/fr\/wp-json\/wp\/v2\/comments?post=7184"}],"version-history":[{"count":0,"href":"https:\/\/generizon.com\/fr\/wp-json\/wp\/v2\/pages\/7184\/revisions"}],"wp:attachment":[{"href":"https:\/\/generizon.com\/fr\/wp-json\/wp\/v2\/media?parent=7184"}],"curies":[{"name":"wp","href":"https:\/\/api.w.org\/{rel}","templated":true}]}}