{"id":7626,"date":"2026-02-19T16:57:55","date_gmt":"2026-02-19T16:57:55","guid":{"rendered":"https:\/\/generizon.com\/?page_id=7626"},"modified":"2026-03-06T19:55:34","modified_gmt":"2026-03-06T19:55:34","slug":"gaz-decharges-giec-ges-methane-ch4-estimation-emissions","status":"publish","type":"page","link":"https:\/\/generizon.com\/fr\/gaz-decharges-giec-ges-methane-ch4-estimation-emissions\/","title":{"rendered":"estimation des \u00e9missions de gaz des d\u00e9charges."},"content":{"rendered":"\n<h2 class=\"wp-block-heading\">pourquoi une d\u00e9charge est-elle ana\u00e9robie ?&nbsp;<\/h2>\n\n\n\n<p>Une d\u00e9charge est <strong>ana\u00e9robie (sans oxyg\u00e8ne)<\/strong> par conception et par principe physique. L\u2019oxyg\u00e8ne est exclu gr\u00e2ce \u00e0 :<\/p>\n\n\n\n<ul class=\"wp-block-list ul-border\">\n<li>le compactage quotidien des d\u00e9chets ;<\/li>\n\n\n\n<li>la couverture quotidienne par une couche de terre ;<\/li>\n\n\n\n<li>la consommation rapide de l\u2019oxyg\u00e8ne r\u00e9siduel par les bact\u00e9ries a\u00e9robies ;<\/li>\n\n\n\n<li>et enfin, la mise en place d\u2019une couverture finale technique (capping) \u00e0 la fin de la vie de la cellule.<\/li>\n<\/ul>\n\n\n\n<p>Dans des conditions ana\u00e9robies et humides, les d\u00e9chets se d\u00e9composent plus rapidement que s\u2019ils restaient simplement \u00e0 l\u2019air libre en conditions s\u00e8ches. Si le fonctionnement ana\u00e9robie de la d\u00e9charge est recherch\u00e9, le m\u00e9thane qui en r\u00e9sulte constitue un puissant gaz \u00e0 effet de serre \u2014 environ <strong>27 \u00e0 30 fois plus efficace que le CO\u2082 pour pi\u00e9ger la chaleur sur une p\u00e9riode de 100 ans (Potentiel de R\u00e9chauffement Globale &#8211; PRG100)<\/strong>, et <strong>81 \u00e0 83 fois plus puissant sur 20 ans (PRG20)<\/strong>, ce qui souligne son impact imm\u00e9diat sur les points de basculement climatiques.<\/p>\n\n\n\n<p>L\u2019objectif est donc de capter ce m\u00e9thane en appliquant une d\u00e9pression contr\u00f4l\u00e9e au moyen d\u2019un <strong>syst\u00e8me de captage et de contr\u00f4le du gaz de d\u00e9charge (Gas Capture and Control System &#8211; GCCS)<\/strong>, puis de le valoriser comme source d\u2019\u00e9nergie renouvelable sous forme de <strong>Gaz Naturel Renouvelable (GNR)<\/strong>.<\/p>\n\n\n\n<h2 class=\"wp-block-heading\">comment une d\u00e9charge devient-il un r\u00e9acteur ana\u00e9robie ? comment produit-il du m\u00e9thane ?<\/h2>\n\n\n\n<p>Une d\u00e9charge ne devient pas imm\u00e9diatement ana\u00e9robie ; elle \u00e9volue progressivement vers des conditions ana\u00e9robies \u00e0 travers <strong>quatre phases distinctes<\/strong>, \u00e0 mesure que l\u2019oxyg\u00e8ne est consomm\u00e9.<\/p>\n\n\n\n<ol class=\"wp-block-list ol-big\">\n<li><strong>La phase a\u00e9robie (phase initiale)<\/strong> : Lors du d\u00e9p\u00f4t des d\u00e9chets, de l\u2019air reste pi\u00e9g\u00e9 dans la masse de d\u00e9chets. Les micro-organismes a\u00e9robies d\u00e9gradent la mati\u00e8re organique facilement biod\u00e9gradable (telle que les d\u00e9chets alimentaires) en utilisant l\u2019oxyg\u00e8ne disponible pour leur activit\u00e9 m\u00e9tabolique. Cette phase est courte : elle ne dure que quelques jours \u00e0 quelques semaines, jusqu\u2019\u00e0 \u00e9puisement complet de l\u2019oxyg\u00e8ne.<\/li>\n\n\n\n<li><strong>La phase acidog\u00e9n\u00e8se (phase de transition)<\/strong> : Une fois l\u2019oxyg\u00e8ne \u00e9puis\u00e9, les bact\u00e9ries facultatives deviennent dominantes. Elles d\u00e9composent les compos\u00e9s organiques complexes (graisses, prot\u00e9ines, glucides complexes) en mol\u00e9cules plus simples telles que les acides gras volatils et les alcools. <strong>R\u00e9sultat :<\/strong> l\u2019environnement de la d\u00e9charge devient fortement acide (baisse du pH) et le lixiviat (liquide accumul\u00e9 au fond de la d\u00e9charge) devient hautement corrosif.<\/li>\n\n\n\n<li><strong>La phase ac\u00e9tog\u00e9n\u00e8s<\/strong> : Des bact\u00e9ries sp\u00e9cifiques transforment ces acides organiques en acide ac\u00e9tique (composant principal du vinaigre), en hydrog\u00e8ne et en dioxyde de carbone. Durant cette phase, des compos\u00e9s interm\u00e9diaires s\u2019accumulent, contribuant \u00e0 des odeurs acides et particuli\u00e8rement prononc\u00e9es caract\u00e9ristiques de l\u2019environnement de la d\u00e9charge.<\/li>\n\n\n\n<li><strong>La phase de m\u00e9thanog\u00e9n\u00e8se (r\u00e9acteur ana\u00e9robie complet)<\/strong> : \u00c0 ce stade, des micro-organismes sp\u00e9cialis\u00e9s appel\u00e9s <strong>m\u00e9thanog\u00e8nes<\/strong> consomment l\u2019acide ac\u00e9tique et l\u2019hydrog\u00e8ne pour produire du m\u00e9thane (CH\u2084). La d\u00e9charge contr\u00f4l\u00e9e devient alors un syst\u00e8me stable, d\u00e9pourvu d\u2019oxyg\u00e8ne, avec un pH proche de la neutralit\u00e9 (environ 7,0), fonctionnant comme un r\u00e9acteur ana\u00e9robie produisant du biogaz compos\u00e9 g\u00e9n\u00e9ralement d\u2019environ 50 % de m\u00e9thane et 50 % de CO\u2082.<\/li>\n<\/ol>\n\n\n\n<h2 class=\"wp-block-heading\">qu\u2019est-ce que le gaz des d\u00e9charges \/ le biogaz \/ le gaz d\u2019\u00e9puration ?<\/h2>\n\n\n\n<p>Ils sont tous issus de la digestion ana\u00e9robie \u2014 un processus biologique au cours duquel des bact\u00e9ries d\u00e9gradent la mati\u00e8re organique en absence d\u2019oxyg\u00e8ne.<\/p>\n\n\n\n<p>Le <strong>gaz des d\u00e9charges<\/strong> (<strong>gaz d\u2019enfouissement<\/strong>) est le produit de la d\u00e9gradation des D\u00e9chets M\u00e9nagers et Assimil\u00e9s (DMA). La fraction biod\u00e9gradable est compos\u00e9e d\u2019un m\u00e9lange de d\u00e9chets alimentaires, papier, textiles et bois. Certains mat\u00e9riaux se d\u00e9gradent en quelques mois, d\u2019autres en plusieurs ann\u00e9es (selon le facteur <em>k<\/em>, voir ci-dessous). Le gaz des d\u00e9charges est g\u00e9n\u00e9ralement constitu\u00e9 de 50 % de m\u00e9thane et 50 % de CO\u2082, sauf si la d\u00e9pression appliqu\u00e9e est trop forte et entra\u00eene une aspiration d\u2019air (azote N\u2082 et oxyg\u00e8ne O\u2082).<\/p>\n\n\n\n<p>Le <strong>biogaz<\/strong> est le produit d\u2019un r\u00e9acteur de digestion ana\u00e9robie (DA, la m\u00e9thanisation), c\u2019est-\u00e0-dire une installation contr\u00f4l\u00e9e dans laquelle on ma\u00eetrise l\u2019alimentation (par exemple fumier et lisier bovins), la temp\u00e9rature et des param\u00e8tres op\u00e9rationnels tels que le pH ou l\u2019ammoniac, gr\u00e2ce \u00e0 l\u2019ajout d\u2019oligo-\u00e9l\u00e9ments, d\u2019enzymes, etc. Selon la nature du substrat, la teneur en m\u00e9thane varie g\u00e9n\u00e9ralement entre 50 % et 75 %.<\/p>\n\n\n\n<p>Le <strong>gaz de station d\u2019\u00e9puration<\/strong> est un biogaz issu du traitement des boues d\u2019\u00e9puration, essentiellement un sous-produit du traitement des eaux us\u00e9es domestiques. Sa teneur en m\u00e9thane est g\u00e9n\u00e9ralement sup\u00e9rieure \u00e0 60 %.<\/p>\n\n\n\n<p>Bien que le H\u2082S (sulfure d\u2019hydrog\u00e8ne) soit toujours pr\u00e9sent davantage dans le gaz d\u2019\u00e9puration, le gaz d\u2019enfouissement contient g\u00e9n\u00e9ralement des concentrations plus \u00e9lev\u00e9es de COV (Compos\u00e9s Organiques Volatils) et de siloxanes.<\/p>\n\n\n\n<h2 class=\"wp-block-heading\">comment peut-on mesurer le gaz des d\u00e9charges ?<\/h2>\n\n\n\n<p>Une fois qu\u2019un syst\u00e8me d\u2019extraction du gaz des d\u00e9charges<strong>&nbsp; <\/strong>est install\u00e9, il est possible de mesurer :<\/p>\n\n\n\n<ul class=\"wp-block-list ul-border\">\n<li>le <strong>d\u00e9bit de gaz<\/strong> (en m\u00b3\/h),<\/li>\n\n\n\n<li>ainsi que la <strong>qualit\u00e9 du gaz<\/strong>, notamment le pourcentage de m\u00e9thane.<\/li>\n<\/ul>\n\n\n\n<p>generizon fournit les <a href=\"https:\/\/generizon.com\/fr\/binder-maroc-debitmetre-analyseur-biogaz\/\">\u00e9quipements n\u00e9cessaires pour r\u00e9aliser ces mesures<\/a>.<\/p>\n\n\n\n<p>Avant la mise en place d\u2019un syst\u00e8me complet, deux approches principales sont possibles :<\/p>\n\n\n\n<p><strong>Approche ascendante (bottom-up):<\/strong><\/p>\n\n\n\n<p>Elles incluent la mod\u00e9lisation math\u00e9matique des \u00e9missions, notamment le <strong>mod\u00e8le FOD du GIEC (IPCC)<\/strong> (voir ci-dessous). Il est \u00e9galement possible de :<\/p>\n\n\n\n<ul class=\"wp-block-list ul-border\">\n<li>r\u00e9aliser des mesures sous une petite cloche de captage (en mesurant l\u2019augmentation de la concentration en m\u00e9thane),<\/li>\n\n\n\n<li>effectuer des mesures de pression dans le sous-sol afin d\u2019estimer les \u00e9missions globales de m\u00e9thane.<\/li>\n<\/ul>\n\n\n\n<p><strong>Approche descendante (top-down):<\/strong><\/p>\n\n\n\n<p>Elles comprennent l\u2019observation spectrale optique directe, r\u00e9alis\u00e9e par satellite, avion ou drone. Il est \u00e9galement possible d\u2019effectuer des mesures au sol en parcourant la d\u00e9charge avec un appareil de d\u00e9tection de gaz selon un maillage pr\u00e9d\u00e9fini \u2014 m\u00e9thode appel\u00e9e Surveillance des \u00e9missions de surface (Surface Emission Monitoring -SEM).<\/p>\n\n\n\n<h2 class=\"wp-block-heading\">mod\u00e9lisation FOD du GIEC &#8211; expertise de base  chez generizon.<\/h2>\n\n\n\n<p>generizon a men\u00e9 des recherches approfondies afin d\u2019identifier le mod\u00e8le le plus cr\u00e9dible et scientifiquement robuste pour l\u2019estimation des \u00e9missions de gaz des d\u00e9charges.Le premier mod\u00e8le \u00e9valu\u00e9 par generizon a logiquement \u00e9t\u00e9 le mod\u00e8le <strong>LandGEM de l\u2019EPA<\/strong> (Landfill Gas Emissions Model). Lors de son introduction en 1991, LandGEM a constitu\u00e9 le premier outil automatis\u00e9 permettant d\u2019appliquer l\u2019\u00e9quation de d\u00e9croissance du premier ordre exponentiel (<strong>First-Order Decay \u2013 FOD<\/strong>). Depuis, il a \u00e9t\u00e9 largement utilis\u00e9 dans les \u00e9tudes et la litt\u00e9rature technique. Il est devenu le standard industriel et demeure aujourd\u2019hui toujours la r\u00e9f\u00e9rence aux \u00c9tats-Unis. Bien que pratique et simple d\u2019utilisation, LandGEM repose sur un nombre limit\u00e9 de param\u00e8tres : la quantit\u00e9 totale de d\u00e9chets (M), les ann\u00e9es de d\u00e9but et de fin d\u2019enfouissement, le taux de g\u00e9n\u00e9ration de m\u00e9thane (k) et le potentiel de g\u00e9n\u00e9ration de m\u00e9thane (L\u2080). Le mod\u00e8le ne propose que deux cat\u00e9gories climatiques par d\u00e9faut (aride et conventionnelle), ce qui limite sa capacit\u00e9 \u00e0 refl\u00e9ter des conditions sp\u00e9cifiques \u00e0 chaque site.<\/p>\n\n\n\n<p>\u00c0 la recherche d\u2019une approche plus pr\u00e9cise et plus sophistiqu\u00e9e, generizon a ensuite test\u00e9 diff\u00e9rentes versions du mod\u00e8le du GIEC (IPCC), qui a adopt\u00e9 officiellement l\u2019approche FOD en 2006.<\/p>\n\n\n\n<p>Bien que l\u2019approche FOD (d\u00e9j\u00e0 impl\u00e9ment\u00e9e en 1991 dans LandGEM) refl\u00e8te la r\u00e9alit\u00e9 biologique selon laquelle les d\u00e9chets se d\u00e9composent progressivement \u2014 rapidement durant les premi\u00e8res ann\u00e9es puis de mani\u00e8re d\u00e9croissante \u2014 le mod\u00e8le du GIEC, dans sa version post-2006, est largement consid\u00e9r\u00e9 comme l\u2019outil le plus avanc\u00e9 scientifiquement pour l\u2019inventaire carbone \u00e0 l\u2019\u00e9chelle mondiale.<\/p>\n\n\n\n<p>Les principaux avantages du mod\u00e8le du GIEC r\u00e9sident dans sa <strong>granularit\u00e9<\/strong> (diff\u00e9renciation des cat\u00e9gories de d\u00e9chets et d\u00e9finition de leur d\u00e9gradabilit\u00e9 sp\u00e9cifique) ainsi que dans sa <strong>capacit\u00e9 d\u2019adaptation<\/strong> \u00e0 la diversit\u00e9 climatique internationale (climats chauds ou froids, humides ou secs, d\u00e9charges contr\u00f4l\u00e9es (Centre d&#8217;Enfouissement et de Valorization (CEV) ou non contr\u00f4l\u00e9es, etc.).<\/p>\n\n\n\n<p>Le mod\u00e8le du GIEC est con\u00e7u pour \u00eatre int\u00e9gr\u00e9 aux autres mod\u00e8les nationaux ; il s\u2019inscrit directement dans les calculs de l\u2019empreinte carbone d\u2019un pays.<\/p>\n\n\n\n<p>Les principaux param\u00e8tres du mod\u00e8le du GIEC sont :<\/p>\n\n\n\n<ul class=\"wp-block-list ul-border\">\n<li>k : <strong>taux de g\u00e9n\u00e9ration de m\u00e9thane<\/strong> par type de d\u00e9chet j, ajust\u00e9 selon la composition des d\u00e9chets et la cat\u00e9gorie climatique ;<\/li>\n\n\n\n<li>DOC<sub>j<\/sub> (<strong>Degradable Organic Carbon<\/strong>) : carbone organique d\u00e9gradable par type de d\u00e9chet j, correspondant \u00e0 la fraction introduite en d\u00e9charge ;<\/li>\n\n\n\n<li>DOC<sub>f<\/sub> : fraction du carbone organique d\u00e9gradable <strong>qui se d\u00e9compose effectivement<\/strong> et se transforme en LFG ;<\/li>\n\n\n\n<li><strong>Facteur de correction du m\u00e9thane<\/strong> (MCF &#8211; Methane Correction Factor) et <strong>facteur d\u2019oxydation<\/strong> (OX &#8211; Oxidation Factor) : param\u00e8tres d\u00e9pendant de la profondeur et du mode de gestion de la d\u00e9charge (CEV, d\u00e9charge contr\u00f4l\u00e9, non contr\u00f4l\u00e9 ou d\u00e9charge sauvage).<\/li>\n<\/ul>\n\n\n\n<p>Chez generizon, l\u2019\u00e9quipe ma\u00eetrise pleinement cette m\u00e9thodologie et a programm\u00e9 les \u00e9quations du GIEC dans ses propres outils de calcul (Excel), permettant des analyses avanc\u00e9es de sc\u00e9narios et des ajustements param\u00e9triques afin de mieux refl\u00e9ter les conditions op\u00e9rationnelles et climatiques r\u00e9elles. Cette approche garantit des projections d\u2019\u00e9missions techniquement solides, transparentes et align\u00e9es sur les standards internationaux.<\/p>\n\n\n\n<figure class=\"wp-block-image alignright size-medium\"><img loading=\"lazy\" decoding=\"async\" width=\"700\" height=\"420\" src=\"https:\/\/generizon.com\/wp-content\/uploads\/2026\/03\/co2e-emissionsllfg-morocco.svg\" alt=\"LFG emissions in Morocco\" class=\"wp-image-8077\"\/><figcaption class=\"wp-element-caption\">\u00e9missions en CH4 des DMA sur d\u00e9charges (CEV) urbains marocains. modelle FOD GIEC.<\/figcaption><\/figure>\n\n\n\n<p>L\u2019application du mod\u00e8le du GIEC aux principales d\u00e9charges du Maroc a historiquement permis de d\u00e9finir nos projections d\u2019\u00e9missions de m\u00e9thane. Ces projections ont d\u00e9sormais atteint une \u00e9tape importante de validation : lorsque des donn\u00e9es ind\u00e9pendantes \u00e0 haute r\u00e9solution sont disponibles (issues de plateformes satellitaires telles que Carbon Mapper ou GHGSat), elles pr\u00e9sentent une forte coh\u00e9rence avec les r\u00e9sultats mod\u00e9lis\u00e9s. Cette synergie entre mod\u00e9lisation math\u00e9matique ascendante (bottom-up) et observation spectrale descendante (top-down) renforce la fiabilit\u00e9 de la m\u00e9thodologie et confirme que nos inventaires calcul\u00e9s refl\u00e8tent fid\u00e8lement la r\u00e9alit\u00e9 physique observ\u00e9e depuis l\u2019espace.<\/p>\n\n\n\n<p>Sur la base des r\u00e9sultats d\u2019estimation obtenus pour les principales d\u00e9charges, generizon projette les \u00e9missions pour l\u2019ensemble du Maroc urbain \u00e0 l\u2019horizon 2060. Dans un sc\u00e9nario de r\u00e9f\u00e9rence (Business-As-Usual \u2013 BAU), o\u00f9 l\u2019ensemble des d\u00e9chets continuerait \u00e0 \u00eatre mis en d\u00e9charge, les \u00e9missions de m\u00e9thane atteignent en 2025 environ 5,9 MtCO\u2082e par an.<\/p>\n\n\n\n<h2 class=\"wp-block-heading\">analyse critique des estimations du mod\u00e8le FOD du GIEC par rapport aux donn\u00e9es satellitaires.<\/h2>\n\n\n\n<p>Le mod\u00e8le de d\u00e9croissance du premier ordre (FOD) du GIEC sert de r\u00e9f\u00e9rence rigoureuse et ascendante pour nos inventaires d&#8217;\u00e9missions. Cette m\u00e9thodologie \u00e9tant intrins\u00e8quement <strong>prudente<\/strong>, les estimations d&#8217;\u00e9missions de generizon constituent un seuil minimal garanti plut\u00f4t qu&#8217;un seuil maximal ; bien que nous veillions \u00e0 ce que les \u00e9missions ne soient jamais sous-estim\u00e9es, l&#8217;impact atmosph\u00e9rique pour le climat r\u00e9el pourrait \u00eatre nettement sup\u00e9rieur. Par cons\u00e9quent, ces donn\u00e9es fournissent un point de r\u00e9f\u00e9rence fiable et rigoureux pour le suivi des performances d&#8217;une ann\u00e9e sur l&#8217;autre et la planification des mesures d&#8217;att\u00e9nuation.<\/p>\n\n\n\n<p>L\u2019approche ascendante fond\u00e9e sur le mod\u00e8le <strong>FOD du GIEC<\/strong> (IPCC) est g\u00e9n\u00e9ralement consid\u00e9r\u00e9e comme une m\u00e9thode <strong>conservatrice et robuste<\/strong> pour l\u2019estimation des \u00e9missions de LFG. Toutefois, les approches descendantes \u2014 telles que les observations a\u00e9riennes ou satellitaires \u2014 peuvent surestimer ou sous-estimer les \u00e9missions de m\u00e9thane selon plusieurs facteurs externes : vitesse et direction du vent, conditions de dispersion atmosph\u00e9rique et topographie du site. Par exemple, le m\u00e9thane peut s\u2019accumuler dans des zones de faible altitude plut\u00f4t que d\u2019\u00eatre d\u00e9tect\u00e9 au-dessus des reliefs environnants, ce qui entra\u00eene une variabilit\u00e9 spatiale des concentrations mesur\u00e9es. De plus, certaines \u00e9missions sont diffuses et donc difficiles \u00e0 quantifier pr\u00e9cis\u00e9ment.<\/p>\n\n\n\n<p>Dans le cas des observations satellitaires, des mesures r\u00e9p\u00e9t\u00e9es dans le temps sont n\u00e9cessaires pour obtenir des conclusions fiables, car une ou deux observations isol\u00e9es ne suffisent pas \u00e0 repr\u00e9senter les niveaux moyens ou les tendances \u00e0 long terme. La r\u00e9p\u00e9tition des mesures am\u00e9liore la repr\u00e9sentativit\u00e9 et r\u00e9duit l\u2019incertitude.<\/p>\n\n\n\n<h2 class=\"wp-block-heading\">evolution du facteur k dans le temps : perspective de generizon sur la cin\u00e9tique de d\u00e9composition des DMA.<\/h2>\n\n\n\n<p>Le facteur k est l\u2019un des param\u00e8tres les plus critiques de la m\u00e9thodologie du GIEC, car il repr\u00e9sente le taux de g\u00e9n\u00e9ration du m\u00e9thane \u2014 c\u2019est-\u00e0-dire la vitesse \u00e0 laquelle le m\u00e9thane est produit par chaque type de d\u00e9chet selon des conditions climatiques sp\u00e9cifiques. Il refl\u00e8te la cin\u00e9tique de d\u00e9gradation de la mati\u00e8re organique : la production de m\u00e9thane est maximale dans les premi\u00e8res phases suivant l\u2019enfouissement, puis diminue progressivement \u00e0 mesure que la fraction organique biod\u00e9gradable s\u2019\u00e9puise.<\/p>\n\n\n\n<p>En pratique \u2014 et cela est particuli\u00e8rement vrai pour les d\u00e9chets alimentaires \u2014 une part significative du m\u00e9thane est g\u00e9n\u00e9r\u00e9e avant que les casiers de d\u00e9charge ne soient correctement couverts et avant l\u2019installation d\u2019un syst\u00e8me de captage et de contr\u00f4le du gaz (GCCS). En cons\u00e9quence, des volumes importants de gaz de d\u00e9charge s\u2019\u00e9chappent dans l\u2019atmosph\u00e8re sans pouvoir \u00eatre r\u00e9cup\u00e9r\u00e9s.<\/p>\n\n\n\n<p>Pour r\u00e9pondre \u00e0 ce d\u00e9fi, generizon a d\u00e9velopp\u00e9 une approche int\u00e9gr\u00e9e et structurante combinant des strat\u00e9gies d\u2019att\u00e9nuation et de valorisation :<\/p>\n\n\n\n<ul class=\"wp-block-list ul-border\">\n<li><strong>Syst\u00e8mes de d\u00e9gazage des d\u00e9chets d\u00e9j\u00e0 enfouis<\/strong> (anciennes casiers) afin de capter les \u00e9missions r\u00e9siduelles de m\u00e9thane. La mise en \u0153uvre d\u2019un captage actif du gaz dans les casiers historiques constitue une responsabilit\u00e9 environnementale incontournable de la g\u00e9n\u00e9ration productrice de d\u00e9chets afin de limiter les impacts laiss\u00e9s aux g\u00e9n\u00e9rations futures.<\/li>\n\n\n\n<li><strong>Compostage des d\u00e9chets verts<\/strong>, permettant la production d\u2019un compost de haute qualit\u00e9 destin\u00e9 aux applications agricoles. Les r\u00e9sidus d\u2019\u00e9lagage et les tontes de gazon sont, par d\u00e9finition, des d\u00e9chets tri\u00e9s \u00e0 la source dont la logistique peut \u00eatre organis\u00e9e efficacement.<\/li>\n<\/ul>\n\n\n\n<p>Pour les d\u00e9chets nouvellement produits (perspective future), deux voies int\u00e9grales sont propos\u00e9es, toutes deux visant \u00e0 d\u00e9tourner la fraction organique de la mise en d\u00e9charge :<\/p>\n\n\n\n<ul class=\"wp-block-list ul-border\">\n<li><strong>Valorisation des d\u00e9chets organiques tri\u00e9s \u00e0 la source<\/strong> (Source Separated Organic Waste &#8211; SSOW), id\u00e9alement trait\u00e9s dans un r\u00e9acteur \u00e0&nbsp; \u00e0 cuve agit\u00e9e en continu (Continuous Stirred Tank Reactor &#8211; CSTR), afin d\u2019assurer une production de biogaz stable et performante.<\/li>\n\n\n\n<li><strong>Traitement de la Fraction Fermentescible des Ordures M\u00e9nag\u00e8res<\/strong> (FFOM) apr\u00e8s tri m\u00e9canique (avec un taux de contamination typique d\u2019environ 10 %), de mani\u00e8re optimale dans un r\u00e9acteur \u00e0 flux piston (plug-flow), \u00e9galement appel\u00e9 syst\u00e8me de digestion ana\u00e9robie \u00e0 forte teneur en mati\u00e8res s\u00e8ches (High Solid Anaerobic Digestion &#8211; HSAD).<\/li>\n<\/ul>\n\n\n\n<p><strong>Ce mod\u00e8le int\u00e9gr\u00e9 permet de maximiser la r\u00e9cup\u00e9ration du m\u00e9thane, de r\u00e9duire les \u00e9missions diffuses non contr\u00f4l\u00e9es et de faire \u00e9voluer la gestion des d\u00e9chets d\u2019un mod\u00e8le d\u2019\u00e9limination passive vers un mod\u00e8le actif de valorisation des ressources.<\/strong><\/p>\n\n\n\n<h2 class=\"wp-block-heading\">m\u00e9thodologie du GIEC approuv\u00e9e par les gouvernements pour les inventaires d\u2019\u00e9missions de GES.<\/h2>\n\n\n\n<p>La m\u00e9thodologie du GIEC constitue la norme internationale reconnue pour le calcul des inventaires d\u2019\u00e9missions de gaz \u00e0 effet de serre (GES) et est pleinement align\u00e9e sur les exigences de reporting de la <strong>CCNUCC<\/strong> (Convention-Cadre des Nations Unies sur les Changements Climatiques). En tant que cadre de r\u00e9f\u00e9rence utilis\u00e9 pour les inventaires nationaux, elle garantit la transparence, la coh\u00e9rence et la cr\u00e9dibilit\u00e9 scientifique des estimations.<\/p>\n\n\n\n<p>Elle est \u00e9galement largement accept\u00e9e pour la mesure, notification et&nbsp; v\u00e9rification (Monitoring, Reporting, and Verification &#8211; MRV) des r\u00e9ductions d\u2019\u00e9missions dans le cadre des Contributions D\u00e9termin\u00e9es au niveau National (CDN). De plus, elle constitue la base m\u00e9thodologique de nombreux m\u00e9canismes de cr\u00e9dits carbone, y compris ceux relevant de l\u2019Article 6 de l\u2019Accord de Paris ainsi que des march\u00e9s volontaires du carbone.<\/p>\n\n\n\n<p>L\u2019utilisation de l\u2019approche du GIEC assure ainsi que les estimations d\u2019\u00e9missions sont robustes, v\u00e9rifiables et compatibles avec les cadres internationaux de financement climatique.<\/p>\n","protected":false},"excerpt":{"rendered":"<p>pourquoi une d\u00e9charge est-elle ana\u00e9robie ?&nbsp; Une d\u00e9charge est ana\u00e9robie (sans oxyg\u00e8ne) par conception et par principe physique. L\u2019oxyg\u00e8ne est exclu gr\u00e2ce \u00e0 : Dans des conditions ana\u00e9robies et humides, les d\u00e9chets se d\u00e9composent plus rapidement que s\u2019ils restaient simplement \u00e0 l\u2019air libre en conditions s\u00e8ches. Si le fonctionnement ana\u00e9robie de la d\u00e9charge est recherch\u00e9, [&hellip;]<\/p>\n","protected":false},"author":1,"featured_media":0,"parent":0,"menu_order":0,"comment_status":"closed","ping_status":"closed","template":"page-french","meta":{"_acf_changed":false,"footnotes":""},"class_list":["post-7626","page","type-page","status-publish","hentry"],"acf":[],"_links":{"self":[{"href":"https:\/\/generizon.com\/fr\/wp-json\/wp\/v2\/pages\/7626","targetHints":{"allow":["GET"]}}],"collection":[{"href":"https:\/\/generizon.com\/fr\/wp-json\/wp\/v2\/pages"}],"about":[{"href":"https:\/\/generizon.com\/fr\/wp-json\/wp\/v2\/types\/page"}],"author":[{"embeddable":true,"href":"https:\/\/generizon.com\/fr\/wp-json\/wp\/v2\/users\/1"}],"replies":[{"embeddable":true,"href":"https:\/\/generizon.com\/fr\/wp-json\/wp\/v2\/comments?post=7626"}],"version-history":[{"count":0,"href":"https:\/\/generizon.com\/fr\/wp-json\/wp\/v2\/pages\/7626\/revisions"}],"wp:attachment":[{"href":"https:\/\/generizon.com\/fr\/wp-json\/wp\/v2\/media?parent=7626"}],"curies":[{"name":"wp","href":"https:\/\/api.w.org\/{rel}","templated":true}]}}