{"id":766,"date":"2018-12-21T17:05:59","date_gmt":"2018-12-21T17:05:59","guid":{"rendered":"http:\/\/generizon.com\/gastechnik-himmel\/"},"modified":"2026-02-01T15:38:53","modified_gmt":"2026-02-01T15:38:53","slug":"gastechnik-himmel-torchere-biogaz-maroc","status":"publish","type":"page","link":"https:\/\/generizon.com\/fr\/gastechnik-himmel-torchere-biogaz-maroc\/","title":{"rendered":"torch\u00e8res et surpresseurs."},"content":{"rendered":"\n<h2 class=\"wp-block-heading\">torch\u00e8res &#8211; surpresseurs et syst\u00e8mes RTO &#8211; Gastechnik Himmel.<\/h2>\n\n\n\n<figure class=\"wp-block-image alignright size-medium no-border\"><img loading=\"lazy\" decoding=\"async\" width=\"300\" height=\"194\" src=\"https:\/\/generizon.com\/wp-content\/uploads\/2026\/01\/Himmel-logo-600-388-white-300x194.png\" alt=\"GT Himmel Logo\" class=\"wp-image-6994\" srcset=\"https:\/\/generizon.com\/wp-content\/uploads\/2026\/01\/Himmel-logo-600-388-white-300x194.png 300w, https:\/\/generizon.com\/wp-content\/uploads\/2026\/01\/Himmel-logo-600-388-white.png 600w\" sizes=\"auto, (max-width: 300px) 100vw, 300px\" \/><figcaption class=\"wp-element-caption\">Gastechnik Himmel. Autriche. Korneuburg.<\/figcaption><\/figure>\n\n\n\n<p><a href=\"http:\/\/www.gt-himmel.com\/\">GT-Himmel<\/a> avec si\u00e8ge \u00e0 Korneuburg pr\u00e8s de Vienne, Austriche, est sp\u00e9cialis\u00e9e dans le design et la construction des composants et des syst\u00e8mes complets dans le domaine de l\u2019ing\u00e9nierie de l\u2019environnement. La soci\u00e9t\u00e9 se focus sur les mat\u00e9riaux qui font partie int\u00e9gral dans les installations biogaz, d\u00e9gazage de la d\u00e9charge et \u00e9limination des gaz sp\u00e9ciaux\/explosifs. A traverse de son partenaire generizon au Maroc Himmel offre sa gamme compl\u00e8te des torch\u00e8res \u00e0 haute, moyenne et basse temp\u00e9rature ainsi que pour les gaz sp\u00e9ciaux et \u00e9galement tout son assortiment en surpresseurs de gaz et syst\u00e8me d&#8217;oxydation thermique r\u00e9g\u00e9n\u00e9rative (RTO).<\/p>\n\n\n\n<h2 class=\"wp-block-heading\">les torch\u00e9res \u00e0 moyenne temp\u00e9rature MTU.<\/h2>\n\n\n\n<p>La <a href=\"https:\/\/gt-himmel.com\/mitteltemperaturfackel-mtu\/\">torch\u00e8re MTU<\/a> est con\u00e7ue \u00e0 l\u2019\u00e9limination thermique des gaz combustibles comme le biogaz, gaz de la station d\u2019\u00e9puration des eaux us\u00e9es, gaz de la d\u00e9charge, et des gaz sp\u00e9ciaux, avec ou sans surpresseur certifi\u00e9 ATEX.<\/p>\n\n\n\n<ul class=\"wp-block-list ul-border\">\n<li><strong>D\u00e9bit.<\/strong> 50-3000 Nm3\/h.<\/li>\n\n\n\n<li><strong>Combustible.<\/strong> biogaz, gaz de la d\u00e9charge, gaz sp\u00e9ciaux.<\/li>\n\n\n\n<li><strong>Valeur calorifique.<\/strong> 35-95 % CH4.<\/li>\n\n\n\n<li><strong>Pression min<\/strong>. 20 mbar sans surpresseur.<\/li>\n\n\n\n<li><strong>Pression min<\/strong>. 1 mbar avec surpresseur.<\/li>\n\n\n\n<li><strong>Brides.<\/strong> DN50 &#8211; DN250.<\/li>\n\n\n\n<li><strong>Allumage.<\/strong> haute tension 10 kV.<\/li>\n\n\n\n<li><strong>Contr\u00f4le flamme<\/strong>. cellule UV.<\/li>\n\n\n\n<li>Cabinet de contr\u00f4le enti\u00e8rement c\u00e2bl\u00e9, r\u00e9sistant aux intemp\u00e9ries.<\/li>\n\n\n\n<li><strong>Combustion dissimul\u00e9e et homog\u00e8ne <\/strong>> 850\u00b0 C.<\/li>\n\n\n\n<li><strong>Longueur\/hauteur de la torch\u00e8re<\/strong> sur demande.<\/li>\n\n\n\n<li><strong>Contr\u00f4le compl\u00e8tement automatique,<\/strong> surveillance de l\u2019allumage \u00e9lectrique pendant le fonctionnement. allumage direct \u00e0 coups des \u00e9lectrodes ou br\u00fbleur pilote.<\/li>\n<\/ul>\n\n\n\n<div class=\"wp-block-columns is-layout-flex wp-container-core-columns-is-layout-28f84493 wp-block-columns-is-layout-flex\">\n<div class=\"wp-block-column is-layout-flow wp-block-column-is-layout-flow\">\n<figure class=\"wp-block-image size-large\"><img loading=\"lazy\" decoding=\"async\" width=\"648\" height=\"1024\" src=\"https:\/\/generizon.com\/wp-content\/uploads\/2023\/09\/MTU-5a-648x1024.jpg\" alt=\"\" class=\"wp-image-4478\" srcset=\"https:\/\/generizon.com\/wp-content\/uploads\/2023\/09\/MTU-5a-648x1024.jpg 648w, https:\/\/generizon.com\/wp-content\/uploads\/2023\/09\/MTU-5a-190x300.jpg 190w, https:\/\/generizon.com\/wp-content\/uploads\/2023\/09\/MTU-5a.jpg 759w\" sizes=\"auto, (max-width: 648px) 100vw, 648px\" \/><figcaption class=\"wp-element-caption\">GVD surpresseur int\u00e9gr\u00e9 dans MTU.<\/figcaption><\/figure>\n<\/div>\n\n\n\n<div class=\"wp-block-column is-layout-flow wp-block-column-is-layout-flow\">\n<figure class=\"wp-block-image size-large\"><img loading=\"lazy\" decoding=\"async\" width=\"648\" height=\"1024\" src=\"https:\/\/generizon.com\/wp-content\/uploads\/2023\/09\/MTU-1a-648x1024.jpg\" alt=\"\" class=\"wp-image-4476\" srcset=\"https:\/\/generizon.com\/wp-content\/uploads\/2023\/09\/MTU-1a-648x1024.jpg 648w, https:\/\/generizon.com\/wp-content\/uploads\/2023\/09\/MTU-1a-190x300.jpg 190w, https:\/\/generizon.com\/wp-content\/uploads\/2023\/09\/MTU-1a.jpg 759w\" sizes=\"auto, (max-width: 648px) 100vw, 648px\" \/><figcaption class=\"wp-element-caption\">GT-Himmel torch\u00e8res MTU.<\/figcaption><\/figure>\n<\/div>\n\n\n\n<div class=\"wp-block-column is-layout-flow wp-block-column-is-layout-flow\">\n<figure class=\"wp-block-image size-large\"><img loading=\"lazy\" decoding=\"async\" width=\"648\" height=\"1024\" src=\"https:\/\/generizon.com\/wp-content\/uploads\/2023\/09\/MTU-4a-648x1024.jpg\" alt=\"\" class=\"wp-image-4480\" srcset=\"https:\/\/generizon.com\/wp-content\/uploads\/2023\/09\/MTU-4a-648x1024.jpg 648w, https:\/\/generizon.com\/wp-content\/uploads\/2023\/09\/MTU-4a-190x300.jpg 190w, https:\/\/generizon.com\/wp-content\/uploads\/2023\/09\/MTU-4a.jpg 759w\" sizes=\"auto, (max-width: 648px) 100vw, 648px\" \/><figcaption class=\"wp-element-caption\">torche temp\u00e9rature medium MTU.<\/figcaption><\/figure>\n<\/div>\n<\/div>\n\n\n\n<h2 class=\"wp-block-heading\">la torch\u00e8re MTU-v.<\/h2>\n\n\n\n<p>Bas\u00e9e sur le type MTU, c\u2019est \u00e0 dire construite de fa\u00e7on modulaire, cette version courte <a href=\"https:\/\/gt-himmel.com\/mitteltemperaturfackel-verkuerzt-mtu-v\/\">MTU-v<\/a> (variable), remplacera la s\u00e9rie NTF (torch\u00e8re \u00e0 basse temp\u00e9rature). Cette torch\u00e8re \u00e0 combustion libre MTU-v correspond avec des nouveaux normes pour les \u00e9missions d\u2019\u00e9chappement qui s\u2019\u00e9tablissent comme standard dans tous les pays. Himmel vous offre 4 versions avec ou sans surpresseur, d\u00e9livr\u00e9 \u00ab\u00a0plug and play\u00a0\u00bb, pr\u00eats au fonctionnement d\u00e9sir\u00e9.<\/p>\n\n\n\n<h2 class=\"wp-block-heading\">la torch\u00e8re \u00e0 haute temp\u00e9rature HTF.<\/h2>\n\n\n\n<p>La s\u00e9rie <a href=\"https:\/\/gt-himmel.com\/hochtemperaturfackel-mtu-ht\/\">HTF<\/a> est con\u00e7u comme torch\u00e8re d\u2019exploitation avec combustion cach\u00e9e, et contr\u00f4le automatique de la temp\u00e9rature au-dessus d\u2019un minimum de 1000\u00b0 C et un temps de r\u00e9tention d\u2019un minimum de 0,3 secondes. Les torch\u00e8res HTF sont munis d\u2019un isolant c\u00e9ramique thermor\u00e9sistant (temp\u00e9ratures maximum de 1220\u00b0 C) et du clapet d&#8217;air automatique. La torch\u00e8re d\u00e9marre quand elle re\u00e7oit le signal de l\u2019automate et la pression du gaz augmente, l\u2019allumage contact et le contr\u00f4le de la temp\u00e9rature pendant l\u2019exploitation fonctionnent compl\u00e8tement automatique.<\/p>\n\n\n\n<div class=\"wp-block-columns is-layout-flex wp-container-core-columns-is-layout-28f84493 wp-block-columns-is-layout-flex\">\n<div class=\"wp-block-column is-layout-flow wp-block-column-is-layout-flow\">\n<figure class=\"wp-block-image size-full\"><img loading=\"lazy\" decoding=\"async\" width=\"600\" height=\"800\" src=\"https:\/\/generizon.com\/wp-content\/uploads\/2023\/09\/MTU-HT-2a.jpg\" alt=\"\" class=\"wp-image-4484\" srcset=\"https:\/\/generizon.com\/wp-content\/uploads\/2023\/09\/MTU-HT-2a.jpg 600w, https:\/\/generizon.com\/wp-content\/uploads\/2023\/09\/MTU-HT-2a-225x300.jpg 225w\" sizes=\"auto, (max-width: 600px) 100vw, 600px\" \/><figcaption class=\"wp-element-caption\">high-temperature flare.<\/figcaption><\/figure>\n<\/div>\n\n\n\n<div class=\"wp-block-column is-layout-flow wp-block-column-is-layout-flow\">\n<figure class=\"wp-block-image size-full\"><img loading=\"lazy\" decoding=\"async\" width=\"600\" height=\"800\" src=\"https:\/\/generizon.com\/wp-content\/uploads\/2023\/09\/MTU-HT-3a.jpg\" alt=\"\" class=\"wp-image-4488\" srcset=\"https:\/\/generizon.com\/wp-content\/uploads\/2023\/09\/MTU-HT-3a.jpg 600w, https:\/\/generizon.com\/wp-content\/uploads\/2023\/09\/MTU-HT-3a-225x300.jpg 225w\" sizes=\"auto, (max-width: 600px) 100vw, 600px\" \/><figcaption class=\"wp-element-caption\">MTU HT.<\/figcaption><\/figure>\n<\/div>\n\n\n\n<div class=\"wp-block-column is-layout-flow wp-block-column-is-layout-flow\">\n<figure class=\"wp-block-image size-full\"><img loading=\"lazy\" decoding=\"async\" width=\"600\" height=\"800\" src=\"https:\/\/generizon.com\/wp-content\/uploads\/2023\/09\/MTU-HT-1a.jpg\" alt=\"\" class=\"wp-image-4486\" srcset=\"https:\/\/generizon.com\/wp-content\/uploads\/2023\/09\/MTU-HT-1a.jpg 600w, https:\/\/generizon.com\/wp-content\/uploads\/2023\/09\/MTU-HT-1a-225x300.jpg 225w\" sizes=\"auto, (max-width: 600px) 100vw, 600px\" \/><figcaption class=\"wp-element-caption\">temp\u00e9rature control\u00e9e. &gt;1000\u00b0C.<\/figcaption><\/figure>\n<\/div>\n<\/div>\n\n\n\n<h2 class=\"wp-block-heading\">torch\u00e8re pour gaz sp\u00e9caux.<\/h2>\n\n\n\n<figure class=\"wp-block-image alignright size-medium\"><img loading=\"lazy\" decoding=\"async\" width=\"300\" height=\"200\" src=\"https:\/\/generizon.com\/wp-content\/uploads\/2020\/07\/bio-methane-flare-himmel-3-2-300x200.jpg\" alt=\"\" class=\"wp-image-2790\" srcset=\"https:\/\/generizon.com\/wp-content\/uploads\/2020\/07\/bio-methane-flare-himmel-3-2-300x200.jpg 300w, https:\/\/generizon.com\/wp-content\/uploads\/2020\/07\/bio-methane-flare-himmel-3-2.jpg 548w\" sizes=\"auto, (max-width: 300px) 100vw, 300px\" \/><figcaption class=\"wp-element-caption\">torche m\u00e9thane.<\/figcaption><\/figure>\n\n\n\n<p>Il n&#8217;y a pas de gaz qui soit trop chaud : Innovations, syst\u00e8mes de test et demandes sp\u00e9ciales &#8211; nos techniciens ont une vaste exp\u00e9rience adapt\u00e9e \u00e0 vos besoins.<\/p>\n\n\n\n<p>Plusieurs syst\u00e8mes et processus de combustion, y compris une technologie de contr\u00f4le compl\u00e8te, sont possibles.<\/p>\n\n\n\n<p>Les applications sont pour le gaz de bois, l&#8217;\u00e9nergie g\u00e9othermique, le gaz de synth\u00e8se, le gaz de pyrolyse, le gaz d&#8217;\u00e9gout, le gaz flash, l&#8217;ajustement facultatif de la valeur calorifique pour les gaz faibles en ajoutant du gaz naturel ou du gaz propane, l&#8217;extraction de chaleur pour le chauffage d&#8217;urgence, etc.<\/p>\n\n\n\n<p>Des torches \u00e0 gaz mobiles avec compresseur de gaz int\u00e9gr\u00e9 et surveillance de la pression d&#8217;aspiration sont disponibles.<\/p>\n\n\n\n<h2 class=\"wp-block-heading\">RTO &#8211; traitement du pauvre gaz &#8211; regenerative thermal oxidation system.<\/h2>\n\n\n\n<p>Les gaz d\u2019enfouissement des anciennes d\u00e9charges contiennent encore des niveaux de m\u00e9thane de 2 \u00e0 20 %, qui peuvent \u00eatre trait\u00e9s (d\u00e9truits) dans des <a href=\"https:\/\/gt-himmel.com\/schwachgasbehandlung-rto\/\">oxydateurs thermiques r\u00e9g\u00e9n\u00e9ratifs (RTO)<\/a>.<\/p>\n\n\n\n<p>Le RTO est utilis\u00e9 pour l&#8217;\u00e9limination s\u00fbre par oxydation des gaz faibles qui sont plus combustibles sans aide. Le gaz pauvre est d&#8217;abord dilu\u00e9 avec de l&#8217;air frais, puis passe sur un lit de r\u00e9acteur pr\u00e9chauff\u00e9. \u00c0 des temp\u00e9ratures sup\u00e9rieures \u00e0 1000 \u00b0C, les compos\u00e9s organiques et le reste de m\u00e9thane sont oxyd\u00e9s sans flamme. L&#8217;op\u00e9ration de chauffage initial s&#8217;effectue \u00e9lectriquement, aucun syst\u00e8me de br\u00fbleur suppl\u00e9mentaire ou de chauffage auxiliaire n&#8217;est n\u00e9cessaire, le processus est donc faible en NOx. Une fois chaud (d\u00e9marr\u00e9), le syst\u00e8me reste chaud et continue \u00e0 d\u00e9truire le m\u00e9thane sans injection d&#8217;\u00e9nergie suppl\u00e9mentaire.<\/p>\n\n\n\n<ul class=\"wp-block-list ul-border\">\n<li><strong>Traitement des gaz pauvres<\/strong>.<\/li>\n\n\n\n<li>Pour les d\u00e9charges en fin de vie.<\/li>\n\n\n\n<li>Remplace la torche.<\/li>\n\n\n\n<li>Pour les gaz dans les usines de traitement des gaz.<\/li>\n\n\n\n<li>Utilisation du gaz dans les proc\u00e9d\u00e9s de production industrielle.<\/li>\n\n\n\n<li>Oxydation sans flamme.<\/li>\n\n\n\n<li>&gt;1000\u00b0C.<\/li>\n\n\n\n<li>Pr\u00e9chauffage par r\u00e9sistances \u00e9lectriques.<\/li>\n\n\n\n<li>Faible teneur en NOx.<\/li>\n<\/ul>\n\n\n\n<div class=\"wp-block-columns is-layout-flex wp-container-core-columns-is-layout-28f84493 wp-block-columns-is-layout-flex\">\n<div class=\"wp-block-column is-layout-flow wp-block-column-is-layout-flow\">\n<figure class=\"wp-block-image size-full\"><img loading=\"lazy\" decoding=\"async\" width=\"600\" height=\"400\" src=\"https:\/\/generizon.com\/wp-content\/uploads\/2025\/03\/rto-web3.jpg\" alt=\"\" class=\"wp-image-5157\" srcset=\"https:\/\/generizon.com\/wp-content\/uploads\/2025\/03\/rto-web3.jpg 600w, https:\/\/generizon.com\/wp-content\/uploads\/2025\/03\/rto-web3-300x200.jpg 300w\" sizes=\"auto, (max-width: 600px) 100vw, 600px\" \/><figcaption class=\"wp-element-caption\">lit ceramique du r\u00e9acteur.<\/figcaption><\/figure>\n<\/div>\n\n\n\n<div class=\"wp-block-column is-layout-flow wp-block-column-is-layout-flow\">\n<figure class=\"wp-block-image size-full\"><img loading=\"lazy\" decoding=\"async\" width=\"600\" height=\"400\" src=\"https:\/\/generizon.com\/wp-content\/uploads\/2025\/03\/rto-web2.jpg\" alt=\"\" class=\"wp-image-5155\" srcset=\"https:\/\/generizon.com\/wp-content\/uploads\/2025\/03\/rto-web2.jpg 600w, https:\/\/generizon.com\/wp-content\/uploads\/2025\/03\/rto-web2-300x200.jpg 300w\" sizes=\"auto, (max-width: 600px) 100vw, 600px\" \/><figcaption class=\"wp-element-caption\">GT Himmel. syst\u00e8me RTO.<\/figcaption><\/figure>\n<\/div>\n\n\n\n<div class=\"wp-block-column is-layout-flow wp-block-column-is-layout-flow\">\n<figure class=\"wp-block-image size-full\"><img loading=\"lazy\" decoding=\"async\" width=\"600\" height=\"400\" src=\"https:\/\/generizon.com\/wp-content\/uploads\/2025\/03\/rto-web1.jpg\" alt=\"\" class=\"wp-image-5153\" srcset=\"https:\/\/generizon.com\/wp-content\/uploads\/2025\/03\/rto-web1.jpg 600w, https:\/\/generizon.com\/wp-content\/uploads\/2025\/03\/rto-web1-300x200.jpg 300w\" sizes=\"auto, (max-width: 600px) 100vw, 600px\" \/><figcaption class=\"wp-element-caption\">r\u00e9acteurs RTO.<\/figcaption><\/figure>\n<\/div>\n<\/div>\n\n\n\n<h2 class=\"wp-block-heading\" id=\"gvd\">le surpresseur GVD.<\/h2>\n\n\n\n<p>Les compresseurs de gaz sont utilis\u00e9s pour la surpression du gaz de provenance de la d\u00e9charge, du biogaz, du gaz naturel, et d\u2019autres gaz sp\u00e9ciaux. Himmel \u00e9blouit avec son design simple qui demanda pratiquement aucun entretien et garantisse une dur\u00e9e de vie longue.<\/p>\n\n\n\n<p>Le <a href=\"https:\/\/gt-himmel.com\/gasverdichter-gvd\/\">surpresseur de gaz GVD<\/a> est certifi\u00e9 ATEX cat\u00e9gorie II 2 SG, qui lui rend ad\u00e9quat pour les gaz sp\u00e9ciaux et explosives.<\/p>\n\n\n\n<p><strong>Caract\u00e9ristiques principales.<\/strong><\/p>\n\n\n\n<ul class=\"wp-block-list ul-border\">\n<li>Pression de sortie constante.<\/li>\n\n\n\n<li>Conception permanente \u00e9tanche aux gaz.<\/li>\n\n\n\n<li>Insensibilit\u00e9 aux gaz humides.<\/li>\n\n\n\n<li>Roue en aluminium finement \u00e9quilibr\u00e9e.<\/li>\n\n\n\n<li>Arbre en acier inoxydable r\u00e9sistant \u00e0 la corrosion.<\/li>\n\n\n\n<li>\u00c9tanch\u00e9it\u00e9 du joint d&#8217;arbre avec une double l\u00e8vre.<\/li>\n\n\n\n<li>Graissage automatiques.<\/li>\n\n\n\n<li>Contr\u00f4le de la vitesse par convertisseur de fr\u00e9quence.<\/li>\n\n\n\n<li>Personnalisation des produits.<\/li>\n<\/ul>\n\n\n\n<p><strong>donn\u00e9es techniques GVD 520 &#8211; 652 FU ATEX Kat. II 2G 1,5-30kW.<\/strong><\/p>\n\n\n\n<ul class=\"wp-block-list ul-border\">\n<li>Ch\u00e2ssis en acier inoxydable.<\/li>\n\n\n\n<li>Rotor en aluminium pour biogaz, gaz naturel et gaz sp\u00e9ciaux.<\/li>\n\n\n\n<li>D\u00e9bit 50 &#8211; 6000 Nm<sup>3<\/sup>\/h (d\u00e9pend \u00e0 la vitesse).<\/li>\n\n\n\n<li>Moteur &#8211; 3x400V | 1,5 &#8211; 30 kW | Eex de II t3 (certifi\u00e9 ATEX).<\/li>\n\n\n\n<li>Fr\u00e9quences 15 &#8211; 87 Hz (900 RPM \u00e0 4500 RPM).<\/li>\n\n\n\n<li>Brides DN50 &#8211; DN300, PN10.<\/li>\n<\/ul>\n\n\n\n<div class=\"wp-block-columns is-layout-flex wp-container-core-columns-is-layout-28f84493 wp-block-columns-is-layout-flex\">\n<div class=\"wp-block-column is-layout-flow wp-block-column-is-layout-flow\">\n<figure class=\"wp-block-image size-large\"><img loading=\"lazy\" decoding=\"async\" width=\"1024\" height=\"768\" src=\"https:\/\/generizon.com\/wp-content\/uploads\/2023\/09\/GVD-2-1024x768.jpg\" alt=\"\" class=\"wp-image-4494\" srcset=\"https:\/\/generizon.com\/wp-content\/uploads\/2023\/09\/GVD-2-1024x768.jpg 1024w, https:\/\/generizon.com\/wp-content\/uploads\/2023\/09\/GVD-2-300x225.jpg 300w, https:\/\/generizon.com\/wp-content\/uploads\/2023\/09\/GVD-2-768x576.jpg 768w, https:\/\/generizon.com\/wp-content\/uploads\/2023\/09\/GVD-2-800x600.jpg 800w, https:\/\/generizon.com\/wp-content\/uploads\/2023\/09\/GVD-2-320x240.jpg 320w, https:\/\/generizon.com\/wp-content\/uploads\/2023\/09\/GVD-2-640x480.jpg 640w, https:\/\/generizon.com\/wp-content\/uploads\/2023\/09\/GVD-2.jpg 1200w\" sizes=\"auto, (max-width: 1024px) 100vw, 1024px\" \/><figcaption class=\"wp-element-caption\">surpresseurs GFD. GT-Himmel.<\/figcaption><\/figure>\n<\/div>\n\n\n\n<div class=\"wp-block-column is-layout-flow wp-block-column-is-layout-flow\">\n<figure class=\"wp-block-image size-large\"><img loading=\"lazy\" decoding=\"async\" width=\"1024\" height=\"768\" src=\"https:\/\/generizon.com\/wp-content\/uploads\/2023\/09\/GVD-3-1024x768.jpg\" alt=\"\" class=\"wp-image-4498\" srcset=\"https:\/\/generizon.com\/wp-content\/uploads\/2023\/09\/GVD-3-1024x768.jpg 1024w, https:\/\/generizon.com\/wp-content\/uploads\/2023\/09\/GVD-3-300x225.jpg 300w, https:\/\/generizon.com\/wp-content\/uploads\/2023\/09\/GVD-3-768x576.jpg 768w, https:\/\/generizon.com\/wp-content\/uploads\/2023\/09\/GVD-3-800x600.jpg 800w, https:\/\/generizon.com\/wp-content\/uploads\/2023\/09\/GVD-3-320x240.jpg 320w, https:\/\/generizon.com\/wp-content\/uploads\/2023\/09\/GVD-3-640x480.jpg 640w, https:\/\/generizon.com\/wp-content\/uploads\/2023\/09\/GVD-3.jpg 1200w\" sizes=\"auto, (max-width: 1024px) 100vw, 1024px\" \/><figcaption class=\"wp-element-caption\">rotor en aluminium. ATEX.<\/figcaption><\/figure>\n<\/div>\n<\/div>\n\n\n\n<h2 class=\"wp-block-heading\">Himmel &#8211; dans un mot.<\/h2>\n\n\n\n<figure class=\"wp-block-image alignright size-medium no-border\"><img loading=\"lazy\" decoding=\"async\" width=\"300\" height=\"194\" src=\"https:\/\/generizon.com\/wp-content\/uploads\/2026\/01\/Himmel-logo-600-388-white-300x194.png\" alt=\"GT Himmel Logo\" class=\"wp-image-6994\" srcset=\"https:\/\/generizon.com\/wp-content\/uploads\/2026\/01\/Himmel-logo-600-388-white-300x194.png 300w, https:\/\/generizon.com\/wp-content\/uploads\/2026\/01\/Himmel-logo-600-388-white.png 600w\" sizes=\"auto, (max-width: 300px) 100vw, 300px\" \/><figcaption class=\"wp-element-caption\">Gastechnik Himmel. Korneuburg. Autriche.<\/figcaption><\/figure>\n\n\n\n<ul class=\"wp-block-list ul-border\">\n<li>Torch\u00e8res et surpresseurs. d&#8217;Autriche.<\/li>\n\n\n\n<li>Pour l&#8217;\u00e9limination thermique des exc\u00e9dents de gaz combustibles.<\/li>\n\n\n\n<li>Biogaz des stations de traitement des eaux. d\u00e9charge. gaz sp\u00e9ciaux.<\/li>\n\n\n\n<li>Torch\u00e8res \u00e0 moyen et haute temp\u00e9rature.<\/li>\n\n\n\n<li>Surpresseurs pour\u00a050-3000 Nm3\/h.<\/li>\n\n\n\n<li><a href=\"https:\/\/gt-himmel.com\/\" target=\"_blank\" rel=\"noreferrer noopener\">GT Himmel<\/a>.<\/li>\n<\/ul>\n","protected":false},"excerpt":{"rendered":"<p>torch\u00e8res &#8211; surpresseurs et syst\u00e8mes RTO &#8211; Gastechnik Himmel. GT-Himmel avec si\u00e8ge \u00e0 Korneuburg pr\u00e8s de Vienne, Austriche, est sp\u00e9cialis\u00e9e dans le design et la construction des composants et des syst\u00e8mes complets dans le domaine de l\u2019ing\u00e9nierie de l\u2019environnement. La soci\u00e9t\u00e9 se focus sur les mat\u00e9riaux qui font partie int\u00e9gral dans les installations biogaz, d\u00e9gazage [&hellip;]<\/p>\n","protected":false},"author":1,"featured_media":0,"parent":0,"menu_order":0,"comment_status":"closed","ping_status":"closed","template":"page-french","meta":{"_acf_changed":false,"footnotes":""},"class_list":["post-766","page","type-page","status-publish","hentry"],"acf":[],"_links":{"self":[{"href":"https:\/\/generizon.com\/fr\/wp-json\/wp\/v2\/pages\/766","targetHints":{"allow":["GET"]}}],"collection":[{"href":"https:\/\/generizon.com\/fr\/wp-json\/wp\/v2\/pages"}],"about":[{"href":"https:\/\/generizon.com\/fr\/wp-json\/wp\/v2\/types\/page"}],"author":[{"embeddable":true,"href":"https:\/\/generizon.com\/fr\/wp-json\/wp\/v2\/users\/1"}],"replies":[{"embeddable":true,"href":"https:\/\/generizon.com\/fr\/wp-json\/wp\/v2\/comments?post=766"}],"version-history":[{"count":0,"href":"https:\/\/generizon.com\/fr\/wp-json\/wp\/v2\/pages\/766\/revisions"}],"wp:attachment":[{"href":"https:\/\/generizon.com\/fr\/wp-json\/wp\/v2\/media?parent=766"}],"curies":[{"name":"wp","href":"https:\/\/api.w.org\/{rel}","templated":true}]}}