{"id":7998,"date":"2026-03-03T19:40:41","date_gmt":"2026-03-03T19:40:41","guid":{"rendered":"https:\/\/generizon.com\/?page_id=7998"},"modified":"2026-03-24T14:45:02","modified_gmt":"2026-03-24T14:45:02","slug":"approche-integree-wte-valorisation-energetique-dechets-organiques-maroc-afrique","status":"publish","type":"page","link":"https:\/\/generizon.com\/fr\/approche-integree-wte-valorisation-energetique-dechets-organiques-maroc-afrique\/","title":{"rendered":"l&#8217;approche int\u00e9gr\u00e9e du waste-to-energy &#8211; WtE de generizon."},"content":{"rendered":"\n<h2 class=\"wp-block-heading\">la valorisation \u00e9nerg\u00e9tique des d\u00e9chets organiques &#8211; WtE.<\/h2>\n\n\n\n<p>La <strong>valorisation \u00e9nerg\u00e9tique des d\u00e9chets (Waste-to-Energy \u2013 WtE)<\/strong> est souvent associ\u00e9e \u00e0 l\u2019incin\u00e9ration ou \u00e0 la co-incin\u00e9ration des d\u00e9chets avec r\u00e9cup\u00e9ration d\u2019\u00e9nergie. Toutefois, dans l\u2019approche de generizon qui est plus large et int\u00e9gr\u00e9e, le WtE d\u00e9signe l\u2019ensemble des technologies capables de convertir les d\u00e9chets en vecteurs \u00e9nerg\u00e9tiques utiles, tels que l\u2019\u00e9lectricit\u00e9, la chaleur, le biogaz, les biocarburants ou d\u2019autres formes d\u2019\u00e9nergie renouvelable.<\/p>\n\n\n\n<p>Dans le contexte marocain, le traitement thermique des D\u00e9chets M\u00e9nagers et Assimil\u00e9s (DMA) par incin\u00e9ration directe pr\u00e9sente des contraintes techniques et \u00e9conomiques importantes. Les DMA au Maroc se caract\u00e9risent en effet par une forte proportion de mati\u00e8re organique biod\u00e9gradable et par un taux d\u2019humidit\u00e9 \u00e9lev\u00e9, ce qui entra\u00eene un Pouvoir Calorifique Inf\u00e9rieur (PCI) relativement faible.<\/p>\n\n\n\n<p>Pour assurer une incin\u00e9ration stable et efficace sur le plan \u00e9nerg\u00e9tique, un PCI minimal d\u2019environ 6 MJ\/kg est g\u00e9n\u00e9ralement requis. Une teneur \u00e9lev\u00e9e en eau r\u00e9duit l\u2019efficacit\u00e9 de la combustion et peut m\u00eame n\u00e9cessiter l\u2019utilisation de combustibles d\u2019appoint pour maintenir le processus. Par ailleurs, au Maroc, la fraction plastique \u2014 qui contribue habituellement \u00e0 augmenter la valeur calorifique des d\u00e9chets \u2014 est fortement r\u00e9duite en raison des activit\u00e9s de r\u00e9cup\u00e9ration informelle et du tri en amont dans les centres de tri (Material Recovery Facilities \u2013 MRF).<\/p>\n\n\n\n<p>Les calculs r\u00e9alis\u00e9s par generizon estiment que le pouvoir calorifique inf\u00e9rieur (PCI) des DMA se situe entre 6 et 8,3 MJ\/kg, une variation qui d\u00e9pend principalement de la pr\u00e9sence ou non d\u2019un centre de tri (MRF) et des caract\u00e9ristiques finales du flux de d\u00e9chets destin\u00e9 \u00e0 l\u2019incin\u00e9ration.<\/p>\n\n\n\n<p>Dans ces conditions, les caract\u00e9ristiques du flux de DMA au Maroc n\u00e9cessitent g\u00e9n\u00e9ralement une \u00e9tape pr\u00e9alable de s\u00e9chage, afin d\u2019augmenter le pouvoir calorifique des d\u00e9chets et de garantir la stabilit\u00e9 du proc\u00e9d\u00e9 d\u2019incin\u00e9ration.<\/p>\n\n\n\n<p>Compte tenu de la forte teneur en mati\u00e8re organique des d\u00e9chets m\u00e9nagers au Maroc, generizon consid\u00e8re que la digestion ana\u00e9robie (DA) constitue une voie de valorisation \u00e9nerg\u00e9tique plus adapt\u00e9e sur le plan technique et plus pertinente dans le contexte local. Elle repr\u00e9sente ainsi la technologie centrale de l\u2019approche int\u00e9gr\u00e9e propos\u00e9e.<\/p>\n\n\n\n<p>Le mod\u00e8le d\u00e9velopp\u00e9 par generizon repose sur une approche syst\u00e9mique et compl\u00e9mentaire, articul\u00e9e autour des composantes suivantes :<\/p>\n\n\n\n<ol class=\"wp-block-list ol-big\">\n<li><strong>Extraction du gaz des d\u00e9charges<\/strong> (Landfill Gas &#8211; LFG) sur les principales d\u00e9charges ferm\u00e9es et sur les casiers actifs au Maroc, afin d\u2019assurer la captation du m\u00e9thane et la r\u00e9duction des \u00e9missions de gaz \u00e0 effet de serre. Cette d\u00e9marche repr\u00e9sente \u00e0 la fois une dette environnementale \u00e0 honorer envers l\u2019environnement et les g\u00e9n\u00e9rations futures, mais \u00e9galement une opportunit\u00e9 de valoriser une source de gaz renouvelable \u00e0 faible co\u00fbt.<\/li>\n\n\n\n<li><strong>Digestion ana\u00e9robie des d\u00e9chets tri\u00e9s \u00e0 la source<\/strong> (Source Separated Organic Waste &#8211; SSOW) dans des r\u00e9acteurs de type agitation en continue (Continuous Stirred Tank Reactor &#8211; CSTR), permettant une production de biogaz optimis\u00e9e et contr\u00f4l\u00e9e, ainsi que la production d\u2019un fertilisant organique de haute qualit\u00e9 pour l\u2019agriculture.<\/li>\n\n\n\n<li><strong>Digestion ana\u00e9robie de la Fraction Fermentescible des Ordures M\u00e9nag\u00e8res<\/strong> (FFOM, Organic Fraction of Municipal Solid Waste &#8211; OFMSW) apr\u00e8s passage en centre de tri ou unit\u00e9 MRF\/MBT, dans des r\u00e9acteurs de type plug flow, adapt\u00e9s \u00e0 des flux de d\u00e9chets partiellement contamin\u00e9s (\u224810 %) et \u00e0 forte teneur en mati\u00e8re s\u00e8che. Cette voie inclut le s\u00e9chage du digestat en post-traitement ainsi que la production de Combustible Fossile de R\u00e9cup\u00e9ration (CSR\/RDF).<\/li>\n\n\n\n<li><strong>Compostage des d\u00e9chets verts<\/strong>, afin d\u2019\u00e9viter leur enfouissement inutile et de permettre la valorisation organique et mat\u00e9rielle, tout en produisant des amendements organiques pour les sols.<\/li>\n<\/ol>\n\n\n\n<p>Les voies 1 \u00e0 3 permettent la production de biogaz, tandis que les fili\u00e8res 2 et 4 rel\u00e8vent de la valorisation mati\u00e8re. L\u2019objectif strat\u00e9gique reste toutefois de rediriger progressivement la plus grande quantit\u00e9 possible de d\u00e9chets organiques de la fili\u00e8re 3 vers la fili\u00e8re 2, en am\u00e9liorant le tri \u00e0 la source et la collecte s\u00e9par\u00e9e des d\u00e9chets organiques (SSOW).<\/p>\n\n\n\n<p>Cette approche int\u00e9gr\u00e9e vise \u00e0 maximiser la valorisation des ressources tout en r\u00e9pondant aux d\u00e9fis structurels de la gestion des d\u00e9chets au Maroc. Elle permet la production de biogaz, neutre ou n\u00e9gatif en carbone, qui peut \u00eatre converti en \u00e9lectricit\u00e9 ou \u00e9pur\u00e9 en biom\u00e9thane pour l\u2019injection dans le r\u00e9seau ou pour diverses applications \u00e9nerg\u00e9tiques avanc\u00e9es (<em>voir la section d\u00e9di\u00e9e aux \u00e9nergies avanc\u00e9es<\/em>).<\/p>\n\n\n\n<p>Dans la voie 2, correspondant \u00e0 la digestion ana\u00e9robie des d\u00e9chets tri\u00e9s \u00e0 la source (SSOW) dans des r\u00e9acteurs CSTR, l\u2019installation produit \u00e9galement un biofertilisant de haute qualit\u00e9 (digestat) provenant de flux organiques propres.<\/p>\n\n\n\n<p>Dans la voie 4, le compostage des d\u00e9chets verts tri\u00e9s \u00e0 la source permet la production d\u2019un compost valorisable pour l\u2019amendement des sols.<\/p>\n\n\n\n<p>La voie 3, en plus de produire des quantit\u00e9s importantes de biogaz, g\u00e9n\u00e8re \u00e9galement un <strong>CSR<\/strong> \u00e0 partir du digestat s\u00e9ch\u00e9. Ce combustible peut se substituer aux combustibles fossiles utilis\u00e9s dans les fours des cimenteries, contribuant ainsi \u00e0 la d\u00e9carbonation du secteur. La gaz\u00e9ification du digestat s\u00e9ch\u00e9 constitue \u00e9galement une option alternative, bien que plus th\u00e9orique \u00e0 ce stade.<\/p>\n\n\n\n<p>Par ailleurs, les voies 2 \u00e0 4 contribuent de mani\u00e8re significative \u00e0 la r\u00e9duction de la production de <strong>lixiviats<\/strong>, l\u2019un des d\u00e9fis environnementaux les plus persistants associ\u00e9s \u00e0 l\u2019enfouissement des d\u00e9chets au Maroc.<\/p>\n\n\n\n<p>En combinant traitements biologiques, valorisation \u00e9nerg\u00e9tique et valorisation mati\u00e8re, l\u2019approche de generizon garantit une performance climatique \u00e9lev\u00e9e, une logique d\u2019\u00e9conomie circulaire et une durabilit\u00e9 environnementale \u00e0 long terme.<\/p>\n\n\n\n<div class=\"wp-block-group is-layout-flow wp-block-group-is-layout-flow\">\n<figure class=\"wp-block-image size-large\"><img loading=\"lazy\" decoding=\"async\" width=\"1280\" height=\"665\" src=\"https:\/\/generizon.com\/wp-content\/uploads\/2026\/03\/2025-approach-wte-integre-fr1.svg\" alt=\"\" class=\"wp-image-7999\"\/><figcaption class=\"wp-element-caption\">sch\u00e9ma de l&#8217;approche int\u00e9gr\u00e9 d\u00e9velopp\u00e9 par generizon pour la valorisation des d\u00e9chets m\u00e9nagers organiques.<\/figcaption><\/figure>\n<\/div>\n\n\n\n<h2 class=\"wp-block-heading\">l&#8217;approche int\u00e9gr\u00e9e de generizon.<\/h2>\n\n\n\n<p>Les DMA marocains constituent le pilier central de l\u2019expertise technique et du positionnement strat\u00e9gique de generizon. Au fil des ann\u00e9es, generizon a d\u00e9velopp\u00e9 une compr\u00e9hension approfondie de la composition des d\u00e9chets m\u00e9nagers au Maroc, de leur teneur en humidit\u00e9, de leur pouvoir calorifique inf\u00e9rieur (PCI) et de leur potentiel de g\u00e9n\u00e9ration de m\u00e9thane dans les conditions climatiques nationales. Une attention particuli\u00e8re a \u00e9t\u00e9 accord\u00e9e \u00e0 la g\u00e9n\u00e9ration de m\u00e9thane issues \u00e0 la fois de l\u2019enfouissement et des proc\u00e9d\u00e9s de digestion ana\u00e9robie, ainsi qu\u2019aux m\u00e9thodologies d\u2019estimation du biogaz et du gaz des d\u00e9charges (LFG).<\/p>\n\n\n\n<p>Les travaux de generizon sur les DMA, en particulier sur les flux de d\u00e9chets organiques, ont \u00e9t\u00e9 men\u00e9s dans un cadre scientifique et technique rigoureux, en appliquant des m\u00e9thodologies internationalement reconnues telles que le <strong>mod\u00e8le du GIEC<\/strong> (IPCC Waste Model) pour la quantification et la projection des \u00e9missions de m\u00e9thane. Cette base analytique a permis une \u00e9valuation pr\u00e9cise de l\u2019impact climatique du secteur ainsi que de son potentiel d\u2019att\u00e9nuation.<\/p>\n\n\n\n<figure class=\"wp-block-image alignright size-medium\"><img loading=\"lazy\" decoding=\"async\" width=\"690\" height=\"420\" src=\"https:\/\/generizon.com\/wp-content\/uploads\/2026\/03\/NDC-integrated-waste-methane-project.svg\" alt=\"GHG emissions impact through generizon's Integrated Waste Management wte approach.\" class=\"wp-image-8080\"\/><figcaption class=\"wp-element-caption\">l&#8217;approche int\u00e9gr\u00e9e de generizon. \u00e9missions de CH4 restantes dans diff\u00e9rents sc\u00e9narios &#8211; il faut plus que la simple capture du biogaz.<\/figcaption><\/figure>\n\n\n\n<p>\u00c0 travers cette r\u00e9flexion et cette analyse sectorielle, generizon a \u00e9tudi\u00e9 les moyens d\u2019optimiser et de maximiser la captation du m\u00e9thane dans le secteur des d\u00e9chets, en reconnaissant que le m\u00e9thane est un <strong>polluant climatique de courte dur\u00e9e de vie<\/strong> (Short Lived Climate Pollutant &#8211; SLCP) ainsi qu\u2019un <strong>Gaz \u00e0 Effet de Serre <\/strong>(GES) particuli\u00e8rement puissant. Bien que l\u2019enfouissement associ\u00e9 \u00e0 un syst\u00e8me de captage et de contr\u00f4le des gaz (Gas Capture and Control System &#8211; GCCS) repr\u00e9sente une am\u00e9lioration par rapport \u00e0 l\u2019\u00e9limination non contr\u00f4l\u00e9e \u2014 m\u00e9thode de r\u00e9f\u00e9rence (BAU) au Maroc \u2014 il ne permet jamais d\u2019\u00e9liminer totalement les \u00e9missions de m\u00e9thane. Sur la base d\u2019analyses techniques, generizon estime que les taux de captage r\u00e9els dans les conditions marocaines ne d\u00e9passent g\u00e9n\u00e9ralement pas 50 %, et restent le plus souvent en dessous de ce seuil.<\/p>\n\n\n\n<p>Cette limitation est principalement li\u00e9e au taux de g\u00e9n\u00e9ration du m\u00e9thane (k), plus \u00e9lev\u00e9 durant les phases initiales de d\u00e9gradation des d\u00e9chets \u2014 avant la fermeture des casiers et surtout avant la mise en place compl\u00e8te des infrastructures d\u2019extraction du gaz. En cons\u00e9quence, une part significative du m\u00e9thane est \u00e9mise avant que les syst\u00e8mes de captage deviennent pleinement op\u00e9rationnels.<\/p>\n\n\n\n<p>Face \u00e0 ces contraintes structurelles, generizon a d\u00e9velopp\u00e9 une approche int\u00e9gr\u00e9e et proactive, construite \u00e0 travers des analyses comparatives techniques et financi\u00e8res de pr\u00e9faisabilit\u00e9. Cette strat\u00e9gie vise \u00e0 intervenir en amont dans la hi\u00e9rarchie de gestion des d\u00e9chets, \u00e0 maximiser la r\u00e9cup\u00e9ration du m\u00e9thane et \u00e0 garantir \u00e0 la fois la performance climatique et la viabilit\u00e9 \u00e9conomique des projets.<\/p>\n\n\n\n<p><strong>Approche int\u00e9gr\u00e9e generizon pour la valorisation des d\u00e9chets organique :<\/strong><\/p>\n\n\n\n<ol class=\"wp-block-list ol-big\">\n<li><strong>Syst\u00e8mes de d\u00e9gazage des d\u00e9charges existantes<\/strong> (anciens casiers) : extraction active du gaz de d\u00e9charge afin de r\u00e9duire les \u00e9missions de m\u00e9thane et de r\u00e9cup\u00e9rer de l\u2019\u00e9nergie.<\/li>\n\n\n\n<li><strong>Digestion ana\u00e9robie des d\u00e9chets tri\u00e9s \u00e0 la source<\/strong> (SSOW-AD) dans un r\u00e9acteur de type CSTR, permettant une production optimis\u00e9e de biogaz, un fonctionnement stable du processus, et la production d\u2019un fertilisant destin\u00e9 \u00e0 l\u2019agriculture dans une logique de circularit\u00e9 \u00e0 100 %.<\/li>\n\n\n\n<li><strong>Digestion ana\u00e9robie<\/strong> en haute teneur en mati\u00e8re s\u00e8che (High Solids Anaerobic Digestion &#8211; HSAD) <strong>de la Fraction Fermentescible des Ordures M\u00e9nag\u00e8res<\/strong> (FFOM), dans un r\u00e9acteur \u00e0 flux piston (plug-flow), adapt\u00e9e aux flux organiques tri\u00e9s dans un centre de tri (MRF), avec un taux de contamination d\u2019environ 10 % (plastiques, papier, etc.).<\/li>\n\n\n\n<li><strong>Compostage des d\u00e9chets verts<\/strong> : production d\u2019un compost de haute qualit\u00e9 destin\u00e9 \u00e0 l\u2019agriculture, contribuant au recyclage des nutriments et aux principes de l\u2019\u00e9conomie circulaire.<\/li>\n<\/ol>\n\n\n\n<div class=\"wp-block-group integrated-approach-map-container is-layout-flow wp-block-group-is-layout-flow\">\n<figure class=\"wp-block-image size-full\"><img loading=\"lazy\" decoding=\"async\" width=\"2300\" height=\"1294\" src=\"https:\/\/generizon.com\/wp-content\/uploads\/2026\/03\/2025-integrated-approach-gimps-fr.png\" alt=\"l'approche int\u00e9gr\u00e9 d\u00e9velopp\u00e9 par generizon pour la valorisation \u00e9nerg\u00e9tique des d\u00e9chets m\u00e9nagers organiques.\" class=\"wp-image-8008\" style=\"object-fit:cover\" srcset=\"https:\/\/generizon.com\/wp-content\/uploads\/2026\/03\/2025-integrated-approach-gimps-fr.png 2300w, https:\/\/generizon.com\/wp-content\/uploads\/2026\/03\/2025-integrated-approach-gimps-fr-300x169.png 300w, https:\/\/generizon.com\/wp-content\/uploads\/2026\/03\/2025-integrated-approach-gimps-fr-1024x576.png 1024w, https:\/\/generizon.com\/wp-content\/uploads\/2026\/03\/2025-integrated-approach-gimps-fr-768x432.png 768w, https:\/\/generizon.com\/wp-content\/uploads\/2026\/03\/2025-integrated-approach-gimps-fr-1536x864.png 1536w, https:\/\/generizon.com\/wp-content\/uploads\/2026\/03\/2025-integrated-approach-gimps-fr-2048x1152.png 2048w\" sizes=\"auto, (max-width: 2300px) 100vw, 2300px\" \/><figcaption class=\"wp-element-caption\">l&#8217;approche int\u00e9gr\u00e9 d\u00e9velopp\u00e9 par generizon pour la valorisation \u00e9nerg\u00e9tique des d\u00e9chets m\u00e9nagers organiques.<\/figcaption><\/figure>\n\n\n\n<svg viewBox=\"0 0 100 100\" preserveAspectRatio=\"none\" aria-hidden=\"true\">\n     <a href=\"https:\/\/generizon.com\/fr\/fraction-organique-des-ordures-menageres-ffom-digestion-anaerobie-en-flux-piston-plug-flow-dechets-urbains-maroc-afrique\/\" class=\"map-zone\">\n        <rect x=\"0\" y=\"0\" width=\"23.5\" height=\"30\" fill=\"transparent\" vector-effect=\"non-scaling-stroke\" \/>\n    <\/a>\n    <a href=\"https:\/\/generizon.com\/fr\/dechets-organiques-tries-a-la-source-ssow-reacteur-a-cuve-agitee-en-continu-cstr-digestion-anaerobie-da-wte-maroc-afrique\/\" class=\"map-zone\">\n        <rect x=\"26\" y=\"0\" width=\"23\" height=\"30\" fill=\"transparent\" vector-effect=\"non-scaling-stroke\" \/>\n    <\/a>\n    <a href=\"https:\/\/generizon.com\/fr\/fraction-organique-des-ordures-menageres-ffom-digestion-anaerobie-en-flux-piston-plug-flow-dechets-urbains-maroc-afrique\/\" class=\"map-zone\">\n        <rect x=\"51.5\" y=\"0\" width=\"23\" height=\"30\" fill=\"transparent\" vector-effect=\"non-scaling-stroke\" \/>\n    <\/a>\n    <a href=\"https:\/\/generizon.com\/fr\/wte-extraction-gaz-decharge-capture-controle-systeme-maroc-afrique\/\" class=\"map-zone\">\n        <rect x=\"77\" y=\"0\" width=\"23\" height=\"30\" fill=\"transparent\" vector-effect=\"non-scaling-stroke\" \/>\n    <\/a>\n<\/svg>\n<\/div>\n","protected":false},"excerpt":{"rendered":"<p>la valorisation \u00e9nerg\u00e9tique des d\u00e9chets organiques &#8211; WtE. La valorisation \u00e9nerg\u00e9tique des d\u00e9chets (Waste-to-Energy \u2013 WtE) est souvent associ\u00e9e \u00e0 l\u2019incin\u00e9ration ou \u00e0 la co-incin\u00e9ration des d\u00e9chets avec r\u00e9cup\u00e9ration d\u2019\u00e9nergie. Toutefois, dans l\u2019approche de generizon qui est plus large et int\u00e9gr\u00e9e, le WtE d\u00e9signe l\u2019ensemble des technologies capables de convertir les d\u00e9chets en vecteurs \u00e9nerg\u00e9tiques [&hellip;]<\/p>\n","protected":false},"author":1,"featured_media":0,"parent":0,"menu_order":0,"comment_status":"closed","ping_status":"closed","template":"page-french","meta":{"_acf_changed":false,"footnotes":""},"class_list":["post-7998","page","type-page","status-publish","hentry"],"acf":[],"_links":{"self":[{"href":"https:\/\/generizon.com\/fr\/wp-json\/wp\/v2\/pages\/7998","targetHints":{"allow":["GET"]}}],"collection":[{"href":"https:\/\/generizon.com\/fr\/wp-json\/wp\/v2\/pages"}],"about":[{"href":"https:\/\/generizon.com\/fr\/wp-json\/wp\/v2\/types\/page"}],"author":[{"embeddable":true,"href":"https:\/\/generizon.com\/fr\/wp-json\/wp\/v2\/users\/1"}],"replies":[{"embeddable":true,"href":"https:\/\/generizon.com\/fr\/wp-json\/wp\/v2\/comments?post=7998"}],"version-history":[{"count":3,"href":"https:\/\/generizon.com\/fr\/wp-json\/wp\/v2\/pages\/7998\/revisions"}],"predecessor-version":[{"id":8202,"href":"https:\/\/generizon.com\/fr\/wp-json\/wp\/v2\/pages\/7998\/revisions\/8202"}],"wp:attachment":[{"href":"https:\/\/generizon.com\/fr\/wp-json\/wp\/v2\/media?parent=7998"}],"curies":[{"name":"wp","href":"https:\/\/api.w.org\/{rel}","templated":true}]}}