{"id":8217,"date":"2026-03-25T21:04:55","date_gmt":"2026-03-25T21:04:55","guid":{"rendered":"https:\/\/generizon.com\/?page_id=8217"},"modified":"2026-03-26T20:22:28","modified_gmt":"2026-03-26T20:22:28","slug":"la-bioconversion-du-black-soldier-fly-bsf-la-mouche-soldat-noire-msn","status":"publish","type":"page","link":"https:\/\/generizon.com\/fr\/la-bioconversion-du-black-soldier-fly-bsf-la-mouche-soldat-noire-msn\/","title":{"rendered":"la bioconversion du black soldier fly (BSF) &#8211; la mouche soldat noire (MSN)."},"content":{"rendered":"\n<p>La mouche soldat noire (Hermetia illucens) est une esp\u00e8ce d&#8217;insectes b\u00e9n\u00e9fiques pr\u00e9sente dans de nombreuses r\u00e9gions du monde. Contrairement aux mouches domestiques, elle est inoffensive pour l&#8217;homme et ne transmet aucune maladie.<\/p>\n\n\n\n<p>Hermetia illucens a suscit\u00e9 un int\u00e9r\u00eat consid\u00e9rable en raison de son r\u00f4le essentiel dans le recyclage des d\u00e9chets organiques. Ses larves sont capables de transformer efficacement une grande vari\u00e9t\u00e9 de d\u00e9chets organiques, notamment les d\u00e9chets alimentaires, les r\u00e9sidus agricoles et certains sous-produits industriels, en une biomasse riche en prot\u00e9ines et en lipides. Ce processus repose sur le syst\u00e8me digestif des larves, qui contient des enzymes et des bact\u00e9ries sp\u00e9cialis\u00e9es d\u00e9composant rapidement la mati\u00e8re organique.<\/p>\n\n\n\n<p><strong>BSF\/MSN et compostage.<\/strong><\/p>\n\n\n\n<p>Une \u00e9tude souvent cit\u00e9e, men\u00e9e par Mertenat et al. (2019), a compar\u00e9 les \u00e9missions directes de gaz \u00e0 effet de serre (GES) des syst\u00e8mes utilisant la mouche soldat noire (BSF) avec les m\u00e9thodes traditionnelles de compostage en andains. Leurs r\u00e9sultats ont montr\u00e9 que le traitement par BSF produisait 47 fois moins d&#8217;\u00e9missions directes de CO\u2082eq que le compostage conventionnel. Cette r\u00e9duction significative est principalement due \u00e0 l&#8217;activit\u00e9 biologique rapide et \u00e0 l&#8217;environnement contr\u00f4l\u00e9 fournis par les larves. Ces derni\u00e8res consomment et d\u00e9composent la mati\u00e8re organique beaucoup plus rapidement que les communaut\u00e9s microbiennes pr\u00e9sentes dans le compostage traditionnel, minimisant ainsi le temps de formation des microzones ana\u00e9robies \u2013 des poches d\u00e9pourvues d&#8217;oxyg\u00e8ne. Ces zones ana\u00e9robies sont les principales sources d&#8217;\u00e9missions de m\u00e9thane (CH\u2084) et d&#8217;oxyde nitreux (N\u2082O) dans le compostage conventionnel. De plus, le mouvement physique, la r\u00e9gulation de l&#8217;humidit\u00e9 et l&#8217;a\u00e9ration propres aux syst\u00e8mes BSF cr\u00e9ent un environnement plus uniforme et riche en oxyg\u00e8ne, limitant davantage la formation des gaz \u00e0 effet de serre les plus puissants. <\/p>\n\n\n\n<p>Mertenat compare la larve de mouche soldat noire (BSF) au compostage traditionnel\/naturel, et non au compostage professionnel de haute technologie avec des syst\u00e8mes de contr\u00f4le des \u00e9missions avanc\u00e9s ou une a\u00e9ration optimis\u00e9e. L&#8217;\u00e9cart se r\u00e9duit consid\u00e9rablement par rapport au compostage industriel. L&#8217;\u00e9tude de Mertenat, men\u00e9e dans un contexte de pays en d\u00e9veloppement, a effectivement d\u00e9montr\u00e9 la sup\u00e9riorit\u00e9 de la BSF sur la d\u00e9composition naturelle (traditionnelle) de la mati\u00e8re organique.<\/p>\n\n\n\n<p>Bien que le proc\u00e9d\u00e9 BSF g\u00e9n\u00e8re \u00e9galement des \u00e9missions de carbone sous forme de CO\u2082 par la respiration larvaire, ces \u00e9missions sont compens\u00e9es par la r\u00e9duction de l&#8217;empreinte carbone importante li\u00e9e \u00e0 la production de farine de poisson et de soja, gr\u00e2ce au recyclage efficace des nutriments en prot\u00e9ines durables et utiles.<\/p>\n\n\n\n<h2 class=\"wp-block-heading\">produits de la bioconversion MSN.<\/h2>\n\n\n\n<p>La mouche soldat noire (MSN) permet de convertir les d\u00e9chets organiques en quatre produits \u00e0 haute valeur ajout\u00e9e :<\/p>\n\n\n\n<ul class=\"wp-block-list ul-border\">\n<li><strong>Farine prot\u00e9ique :<\/strong> une alternative durable et riche en nutriments \u00e0 la farine de poisson et au soja pour l\u2019alimentation animale et aquacole.<\/li>\n\n\n\n<li><strong>Lipides (huiles) :<\/strong> des graisses riches en \u00e9nergie, utilis\u00e9es en nutrition animale ou comme mati\u00e8re premi\u00e8re pour la production de biodiesel.<\/li>\n\n\n\n<li><strong>Chitine :<\/strong> extraite de leurs exosquelettes, elle est utilis\u00e9e dans les domaines pharmaceutique, cosm\u00e9tique et des bioplastiques.<\/li>\n\n\n\n<li><strong>Frass :<\/strong> les d\u00e9jections des larves sont riches en nutriments, utilis\u00e9es comme fertilisant organique puissant.<\/li>\n<\/ul>\n\n\n\n<p>Bien que la technologie MSN constitue une solution int\u00e9ressante pour la conversion des d\u00e9chets organiques en produits \u00e0 forte valeur ajout\u00e9e (alimentation pour volailles, nourriture pour animaux domestiques, prot\u00e9ines animales), son d\u00e9ploiement \u00e0 grande \u00e9chelle se heurte \u00e0 des d\u00e9fis r\u00e9glementaires et juridiques importants, notamment en ce qui concerne la commercialisation de ces produits d\u00e9riv\u00e9s d\u2019insectes. Des r\u00e9glementations nationales claires et des standards de production certifi\u00e9s sont essentiels pour garantir la confiance dans la qualit\u00e9 et la s\u00e9curit\u00e9 des produits.<\/p>\n\n\n\n<p><strong>\u00c0 ce stade, la technologie BSF n\u2019est pas encore int\u00e9gr\u00e9e dans l\u2019approche int\u00e9gr\u00e9e de generizon, bien que cela puisse \u00e9voluer \u00e0 l\u2019avenir.<\/strong><\/p>\n\n\n\n<p>@generizon on suit de pr\u00e8s cette technologie. Bien que nous reconnaissons son potentiel et poursuivons son analyse, nous sommes \u00e9galement conscients des d\u00e9fis pratiques li\u00e9s \u00e0 son passage \u00e0 l\u2019\u00e9chelle et \u00e0 sa commercialisation. \u00c0 l\u2019instar des difficult\u00e9s rencontr\u00e9es pour l\u2019\u00e9pandage du digestat issu de la Digestion Ana\u00e9robie (DA) de d\u00e9chets organiques, les produits issus du MSN pourraient faire face \u00e0 des obstacles en mati\u00e8re de normalization, d\u2019acceptation du march\u00e9 et de constance de qualit\u00e9, ce qui peut compliquer leur commercialisation et leur int\u00e9gration.<\/p>\n\n\n\n<p><strong>BSF\/MSN appliqu\u00e9 \u00e0 la Fraction Fermentescible des Ordures M\u00e9nag\u00e8res (FFOM).<\/strong><\/p>\n\n\n\n<p>L\u2019approche int\u00e9gr\u00e9e de generizon continue de privil\u00e9gier la digestion ana\u00e9robie en r\u00e9acteur flux piston (plug-flow) comme solution optimale pour le traitement de la Fraction Fermentescible des Ordures M\u00e9nag\u00e8res \u00ab contamin\u00e9e \u00bb (FFOM). La digestion ana\u00e9robie du FFOM permet de produire plusieurs co-produits valorisables et commercialisables (biogaz et combustible Solide de R\u00e9cup\u00e9ration (CSR)). En revanche, en raison des contraintes r\u00e9glementaires, la conversion du FFOM par MSN ne permet pas, \u00e0 ce stade, d\u2019obtenir des produits valorisables \u00e9quivalents.<\/p>\n\n\n\n<p><strong>MSN appliqu\u00e9 aux d\u00e9chets organiques s\u00e9par\u00e9s \u00e0 la source (SSOW)<\/strong>.<\/p>\n\n\n\n<p>La digestion ana\u00e9robie des d\u00e9chets organiques s\u00e9par\u00e9s \u00e0 la source humides (source separated organic waste &#8211; SSOW), telle que d\u00e9crite, constitue un pilier de l\u2019approche int\u00e9gr\u00e9e de gestion des d\u00e9chets de generizon. Elle permet de produire un biogaz riche en carbone (CH\u2084 et CO\u2082), ainsi qu\u2019un digestat liquide valorisable en tant que amendement fertilisant pour les sols.<\/p>\n\n\n\n<p>En revanche, les SSOW \u00e0 consistance plus solide repr\u00e9sentent un substrat id\u00e9al pour la bioconversion par les larves du MSN, permettant la valorisation des nutriments en prot\u00e9ines et en lipides.<\/p>\n\n\n\n<p><strong>Synergies entre la digestion ana\u00e9robie (DA) et le MSN.<\/strong><\/p>\n\n\n\n<p>Les installations les plus avanc\u00e9es tendent aujourd\u2019hui vers l\u2019int\u00e9gration de ces deux proc\u00e9d\u00e9s.<\/p>\n\n\n\n<ul class=\"wp-block-list ul-border\">\n<li><strong>\u00c9tape 1 :<\/strong> Les larves de MSN traitent les fractions solides \u00e0 forte valeur des SSOW.<\/li>\n\n\n\n<li><strong>\u00c9tape 2 :<\/strong> Les r\u00e9sidus (Frass et substrat non consomm\u00e9) sont ensuite dirig\u00e9s vers une unit\u00e9 de digestion ana\u00e9robie.<\/li>\n<\/ul>\n\n\n\n<p>La r\u00e9sultat :Cette approche permet de produire \u00e0 la fois des prot\u00e9ines \u00e0 haute valeur ajout\u00e9e <span style=\"text-decoration: underline;\">et<\/span> du biogaz, tout en r\u00e9duisant significativement le volume total de d\u00e9chets n\u00e9cessitant une \u00e9limination finale.<\/p>\n","protected":false},"excerpt":{"rendered":"<p>La mouche soldat noire (Hermetia illucens) est une esp\u00e8ce d&#8217;insectes b\u00e9n\u00e9fiques pr\u00e9sente dans de nombreuses r\u00e9gions du monde. Contrairement aux mouches domestiques, elle est inoffensive pour l&#8217;homme et ne transmet aucune maladie. Hermetia illucens a suscit\u00e9 un int\u00e9r\u00eat consid\u00e9rable en raison de son r\u00f4le essentiel dans le recyclage des d\u00e9chets organiques. Ses larves sont capables [&hellip;]<\/p>\n","protected":false},"author":1,"featured_media":0,"parent":0,"menu_order":0,"comment_status":"closed","ping_status":"closed","template":"page-french","meta":{"_acf_changed":false,"footnotes":""},"class_list":["post-8217","page","type-page","status-publish","hentry"],"acf":[],"_links":{"self":[{"href":"https:\/\/generizon.com\/fr\/wp-json\/wp\/v2\/pages\/8217","targetHints":{"allow":["GET"]}}],"collection":[{"href":"https:\/\/generizon.com\/fr\/wp-json\/wp\/v2\/pages"}],"about":[{"href":"https:\/\/generizon.com\/fr\/wp-json\/wp\/v2\/types\/page"}],"author":[{"embeddable":true,"href":"https:\/\/generizon.com\/fr\/wp-json\/wp\/v2\/users\/1"}],"replies":[{"embeddable":true,"href":"https:\/\/generizon.com\/fr\/wp-json\/wp\/v2\/comments?post=8217"}],"version-history":[{"count":3,"href":"https:\/\/generizon.com\/fr\/wp-json\/wp\/v2\/pages\/8217\/revisions"}],"predecessor-version":[{"id":8231,"href":"https:\/\/generizon.com\/fr\/wp-json\/wp\/v2\/pages\/8217\/revisions\/8231"}],"wp:attachment":[{"href":"https:\/\/generizon.com\/fr\/wp-json\/wp\/v2\/media?parent=8217"}],"curies":[{"name":"wp","href":"https:\/\/api.w.org\/{rel}","templated":true}]}}