{"id":8446,"date":"2026-04-16T17:15:55","date_gmt":"2026-04-16T17:15:55","guid":{"rendered":"https:\/\/generizon.com\/?page_id=8446"},"modified":"2026-04-16T17:16:06","modified_gmt":"2026-04-16T17:16:06","slug":"dessalement-de-leau-de-mer-securite-de-lapprovisionnement-en-eau-potable-maroc","status":"publish","type":"page","link":"https:\/\/generizon.com\/fr\/dessalement-de-leau-de-mer-securite-de-lapprovisionnement-en-eau-potable-maroc\/","title":{"rendered":"unit\u00e9 de dessalement."},"content":{"rendered":"\n<p>Face \u00e0 l\u2019intensification des s\u00e9cheresses li\u00e9es au changement climatique et \u00e0 la pression croissante sur les ressources, le Maroc op\u00e8re une transition hydrologique strat\u00e9gique pour \u00e9viter une situation de \u00ab stress hydrique absolu \u00bb, seuil d\u00e9fini par une disponibilit\u00e9 inf\u00e9rieure \u00e0 <strong>500 m\u00b3 d\u2019eau par habitant et par an<\/strong>. Avec des r\u00e9serves des barrages tomb\u00e9es sous les <strong>25 % de leur capacit\u00e9 en 2024<\/strong>, le pays d\u00e9passe d\u00e9sormais sa d\u00e9pendance aux pr\u00e9cipitations pour adopter le dessalement \u00e0 grande \u00e9chelle comme pilier de sa souverainet\u00e9 hydrique.<\/p>\n\n\n\n<p>Un acteur cl\u00e9 de cette transition est le groupe <strong>OCP<\/strong>, dont le complexe de <strong>Jorf Lasfar<\/strong> a \u00e9t\u00e9 pionnier dans le dessalement industriel depuis 2015. En 2025, avec une capacit\u00e9 de <strong>200 millions de m\u00b3 d\u2019eau de mer dessal\u00e9e par an<\/strong>, Jorf Lasfar est devenu la plus grande installation de ce type au Maroc. Cette capacit\u00e9 contribue \u00e0 l\u2019approvisionnement en eau potable de <strong>Casablanca Sud<\/strong> et d\u2019<strong>El Jadida<\/strong>, tout en assurant l\u2019autonomie hydrique du complexe industriel local de l\u2019OCP. D\u2019ici 2030, OCP pr\u00e9voit d\u2019atteindre une production de <strong>630 millions de m\u00b3 d\u2019eau dessal\u00e9e par an<\/strong>.<\/p>\n\n\n\n<p>Ce leadership industriel s\u2019inscrit dans une strat\u00e9gie nationale ambitieuse. En 2023, le Maroc comptait <strong>12 stations de dessalement<\/strong> avec une capacit\u00e9 totale de <strong>179 millions de m\u00b3 par an<\/strong>, mais le pays est d\u00e9sormais engag\u00e9 dans une phase d\u2019expansion massive. Selon la strat\u00e9gie nationale actualis\u00e9e de l\u2019eau, le Maroc vise une capacit\u00e9 totale (y compris OCP) de <strong>1,7 milliard de m\u00b3 par an d\u2019ici 2030<\/strong>. Cette capacit\u00e9 sera r\u00e9partie de mani\u00e8re \u00e0 r\u00e9pondre aux besoins du pays : <strong>53 % pour l\u2019eau potable<\/strong>, <strong>23 % pour l\u2019agriculture<\/strong> et <strong>24 % pour les usages industriels<\/strong>.<\/p>\n\n\n\n<p>Avec l\u2019augmentation rapide de ces volumes d\u2019eau non conventionnelle, le besoin en infrastructures de haute qualit\u00e9 devient essentiel. Pour garantir la durabilit\u00e9 de ces projets, <strong>generizon<\/strong>, \u00e0 travers son partenaire <strong>Henze-Harvestore<\/strong>, propose des <a href=\"https:\/\/generizon.com\/fr\/reservoirs-silos-tanks-acier-emaille-boulonne-maroc-stockage-eau\/\">solutions de stockage de l&#8217;eau potable<\/a> sur mesure avec des capacit\u00e9s unitaires pouvant atteindre <strong>25 000 m\u00b3<\/strong>. Ces r\u00e9servoirs en acier vitrifi\u00e9 et en acier inoxydable, assembl\u00e9s par boulonnage, sont con\u00e7us pour une dur\u00e9e de vie pouvant aller jusqu\u2019\u00e0 <strong>60 ans<\/strong>. R\u00e9sistants \u00e0 la corrosion et \u00e0 la d\u00e9gradation, ils n\u00e9cessitent tr\u00e8s peu de maintenance et offrent une solution fiable et \u00e9conomiquement efficace pour accompagner le d\u00e9veloppement du dessalement au Maroc.<\/p>\n\n\n\n<p>Par ailleurs, generizon fournit des \u00e9quipements performants d\u2019<strong>osmose inverse<\/strong> via son partenaire <strong>Rotreat<\/strong>, adapt\u00e9s au <a href=\"https:\/\/generizon.com\/fr\/osmose-inverse-traitement-lixiviat-maroc-rotreat-hydreatio\/\">traitement des eaux salines<\/a> ou charg\u00e9es pour des usages domestiques, industriels ou agricoles. Enfin, generizon propose \u00e9galement des <a href=\"https:\/\/generizon.com\/fr\/pressostats-thermostats-switches-interrupteurs-beta-maroc\/\">pressostats et thermostats de meilleur qualit\u00e9 industriele<\/a> avec son partenaire <strong>Beta<\/strong>, ainsi que des <a href=\"https:\/\/generizon.com\/fr\/binder-maroc-debitmetre-analyseur-biogaz\/\">d\u00e9bitm\u00e8tres d\u2019air et de CO\u2082<\/a> via son partenaire <strong>Binder<\/strong>, des \u00e9quipements couramment utilis\u00e9s dans les proc\u00e9d\u00e9s de dessalement de l\u2019eau.<\/p>\n\n\n\n<h2 class=\"wp-block-heading\">technologies de dessalement : aper\u00e7u technique.<\/h2>\n\n\n\n<p>Le dessalement est le processus consistant \u00e0 \u00e9liminer les sels et min\u00e9raux de l\u2019eau sal\u00e9e (eau de mer ou eau saum\u00e2tre) afin de produire une eau adapt\u00e9e \u00e0 la consommation humaine ou \u00e0 l\u2019irrigation.<\/p>\n\n\n\n<p>Les m\u00e9thodes les plus courantes incluent l\u2019<strong>osmose inverse<\/strong>, la <strong>distillation<\/strong> et l\u2019<strong>\u00e9lectrodialyse<\/strong> (pour les eaux saum\u00e2tres).<\/p>\n\n\n\n<ul class=\"wp-block-list ul-border\">\n<li><strong>L\u2019osmose inverse<\/strong>, la technique la plus utilis\u00e9e, consiste \u00e0 appliquer une pression sur l\u2019eau afin de la filtrer \u00e0 travers des membranes semi-perm\u00e9ables, s\u00e9parant efficacement l\u2019eau du sel. Cette technologie pr\u00e9sente des avantages \u00e9conomiques et \u00e9nerg\u00e9tiques significatifs et peut \u00eatre facilement mise \u00e0 l\u2019\u00e9chelle gr\u00e2ce \u00e0 des unit\u00e9s modulaires.<\/li>\n\n\n\n<li><strong>La distillation thermique<\/strong> repose sur un proc\u00e9d\u00e9 d\u2019\u00e9vaporation puis de condensation, mais elle n\u00e9cessite un apport \u00e9nerg\u00e9tique beaucoup plus important.<\/li>\n\n\n\n<li><strong>L\u2019\u00e9lectrodialyse<\/strong> utilise \u00e9galement des membranes pour s\u00e9parer l\u2019eau et le sel, mais repose sur un champ \u00e9lectrique pour favoriser le transfert des ions.<\/li>\n\n\n\n<li>Un enjeu souvent sous-estim\u00e9 concerne la gestion de la saumure et son rejet en mer de mani\u00e8re \u00e0 minimiser les impacts environnementaux sur les \u00e9cosyst\u00e8mes marins.<\/li>\n<\/ul>\n","protected":false},"excerpt":{"rendered":"<p>Face \u00e0 l\u2019intensification des s\u00e9cheresses li\u00e9es au changement climatique et \u00e0 la pression croissante sur les ressources, le Maroc op\u00e8re une transition hydrologique strat\u00e9gique pour \u00e9viter une situation de \u00ab stress hydrique absolu \u00bb, seuil d\u00e9fini par une disponibilit\u00e9 inf\u00e9rieure \u00e0 500 m\u00b3 d\u2019eau par habitant et par an. Avec des r\u00e9serves des barrages tomb\u00e9es [&hellip;]<\/p>\n","protected":false},"author":1,"featured_media":0,"parent":0,"menu_order":0,"comment_status":"closed","ping_status":"closed","template":"page-french","meta":{"_acf_changed":false,"footnotes":""},"class_list":["post-8446","page","type-page","status-publish","hentry"],"acf":[],"_links":{"self":[{"href":"https:\/\/generizon.com\/fr\/wp-json\/wp\/v2\/pages\/8446","targetHints":{"allow":["GET"]}}],"collection":[{"href":"https:\/\/generizon.com\/fr\/wp-json\/wp\/v2\/pages"}],"about":[{"href":"https:\/\/generizon.com\/fr\/wp-json\/wp\/v2\/types\/page"}],"author":[{"embeddable":true,"href":"https:\/\/generizon.com\/fr\/wp-json\/wp\/v2\/users\/1"}],"replies":[{"embeddable":true,"href":"https:\/\/generizon.com\/fr\/wp-json\/wp\/v2\/comments?post=8446"}],"version-history":[{"count":1,"href":"https:\/\/generizon.com\/fr\/wp-json\/wp\/v2\/pages\/8446\/revisions"}],"predecessor-version":[{"id":8447,"href":"https:\/\/generizon.com\/fr\/wp-json\/wp\/v2\/pages\/8446\/revisions\/8447"}],"wp:attachment":[{"href":"https:\/\/generizon.com\/fr\/wp-json\/wp\/v2\/media?parent=8446"}],"curies":[{"name":"wp","href":"https:\/\/api.w.org\/{rel}","templated":true}]}}