{"id":907,"date":"2019-11-15T21:51:20","date_gmt":"2019-11-15T21:51:20","guid":{"rendered":"http:\/\/generizon.com\/?page_id=907"},"modified":"2026-01-31T15:42:29","modified_gmt":"2026-01-31T15:42:29","slug":"ts-umweltanlagenbau-desulfuration-biogaz-maroc","status":"publish","type":"page","link":"https:\/\/generizon.com\/fr\/ts-umweltanlagenbau-desulfuration-biogaz-maroc\/","title":{"rendered":"TS Umweltanlagenbau."},"content":{"rendered":"\n<h2 class=\"wp-block-heading\">d\u00e9sulfuration biologique &#8211; filtre \u00e0 ruissellement.<\/h2>\n\n\n\n<figure class=\"wp-block-image alignright size-medium no-border\"><img loading=\"lazy\" decoding=\"async\" width=\"300\" height=\"194\" src=\"https:\/\/generizon.com\/wp-content\/uploads\/2026\/01\/ts-logo-new-600-388-300x194.png\" alt=\"TS Logo\" class=\"wp-image-6993\" srcset=\"https:\/\/generizon.com\/wp-content\/uploads\/2026\/01\/ts-logo-new-600-388-300x194.png 300w, https:\/\/generizon.com\/wp-content\/uploads\/2026\/01\/ts-logo-new-600-388.png 600w\" sizes=\"auto, (max-width: 300px) 100vw, 300px\" \/><figcaption class=\"wp-element-caption\">TS Umweltanlagenbau. Allemagne. Brieselang.<\/figcaption><\/figure>\n\n\n\n<p><strong>TS Umweltanlagenbau GmbH<\/strong>, partenaire de generizon, est une entreprise de Brieselang, Zeestow, en Allemagne, qui utilise des compos\u00e9s plastiques pour la fabrication de son produit principal ; un <strong>r\u00e9acteur \u00e0 lit bact\u00e9rien<\/strong> pour la d\u00e9sulfuration du gaz qui permet d\u2019\u00e9liminer de mani\u00e8re s\u00fbre et rentable les charges faibles \u00e0 tr\u00e8s \u00e9lev\u00e9es en sulfure d\u2019hydrog\u00e8ne, H<sub>2<\/sub>S, principalement dans les biogaz issus, le gaz des eaux us\u00e9es et de la d\u00e9charge.<\/p>\n\n\n\n<p>Le soufre est un composant \u00e9l\u00e9mentaire important dans la nature. Le sulfure d\u2019hydrog\u00e8ne se forme lors de la d\u00e9composition microbienne de mati\u00e8res organiques en l\u2019absence d\u2019oxyg\u00e8ne, il est toujours pr\u00e9sent dans les diff\u00e9rents gaz comme le biogaz, le gaz d\u2019\u00e9gout et de d\u00e9charge.<\/p>\n\n\n\n<p>Le H<sub>2<\/sub>S est extr\u00eamement corrosif, toxique (odeur d\u2019\u0153ufs pourris et de yeux irrit\u00e9s en concentrations peu profondes, paralysie des nerfs et mort certaine \u00e0 des concentrations plus \u00e9lev\u00e9es) et nocif pour l\u2019environnement (produit du dioxyde de soufre, SO<sub>2<\/sub> et des pluies acides lorsqu\u2019il est br\u00fbl\u00e9).<\/p>\n\n\n\n<p>C\u2019est la propri\u00e9t\u00e9 corrosive qui peut d\u00e9j\u00e0, en peu de temps, d\u00e9truire les pistons, culasses et chemises de moteurs de cog\u00e9n\u00e9ration de l&#8217;\u00e9lectricit\u00e9 et de la chaleur, et boucher le syst\u00e8me d\u2019\u00e9chappement et l\u2019\u00e9changeur thermique \u00e0 gaz d&#8217;\u00e9chappement avec du soufre \u00e9l\u00e9mentaire. Cela r\u00e9duit \u00e9galement la dur\u00e9e de vie d&#8217;une chaudi\u00e8re \/ d&#8217;un br\u00fbleur.<\/p>\n\n\n\n<p>TS Umweltanlagenbau a invent\u00e9 et d\u00e9velopp\u00e9 pour pr\u00e8s de 40 ans de proc\u00e9dures biologiques, qui est avant tout efficace. Ses co\u00fbts de fonctionnement sont bas et son fonctionnement est enti\u00e8rement automatis\u00e9. Il est particuli\u00e8rement adapt\u00e9 pour \u00e9liminer s\u00e9lectivement le sulfure d\u2019hydrog\u00e8ne ; plus de 1000 <a href=\"http:\/\/www.ts-anlagenbau.de\/site\/en\/references\/\">r\u00e9f\u00e9rences<\/a> sur les cinq continents parlent d&#8217;elles-m\u00eames.<\/p>\n\n\n\n<h2 class=\"wp-block-heading\">avantages de la d\u00e9sulfurisation biologique. <\/h2>\n\n\n\n<p>Les avantages des installations de d\u00e9sulfuration biologique par rapport \u00e0 d&#8217;autres proc\u00e9d\u00e9s tels que les filtres \u00e0 charbon actif ou les laveurs chimiques sont r\u00e9sum\u00e9s.<\/p>\n\n\n\n<ul class=\"wp-block-list ul-border\">\n<li>Pas d&#8217;utilisation de produits chimiques (NaOH, H<sub>2<\/sub>O<sub>2<\/sub>, granul\u00e9s de fer, charbon actif), pas de frais pour les produits chimiques.<\/li>\n\n\n\n<li>En fonction de la charge en H<sub>2<\/sub>S, cela peut \u00eatre important.<\/li>\n\n\n\n<li>Pour chaque projet, generizon calcule les \u00e9conomies potentielles si un laveur chimique \u00e9tait utilis\u00e9 \u00e0 la place d&#8217;un syst\u00e8me biologique.<\/li>\n\n\n\n<li>De m\u00eame, les \u00e9conomies de co\u00fbts sur l&#8217;adsorption du charbon actif sont calcul\u00e9es et mises en relation avec l&#8217;investissement.<\/li>\n\n\n\n<li>Il n&#8217;y a en outre aucun co\u00fbt d&#8217;\u00e9limination pour le charbon actif ou le minerai de fer.<\/li>\n\n\n\n<li>La biologie fonctionne en mode continu.<\/li>\n<\/ul>\n\n\n\n<div class=\"wp-block-columns is-layout-flex wp-container-core-columns-is-layout-28f84493 wp-block-columns-is-layout-flex\">\n<div class=\"wp-block-column is-layout-flow wp-block-column-is-layout-flow\">\n<figure class=\"wp-block-image size-large\"><img decoding=\"async\" src=\"https:\/\/generizon.com\/wp-content\/uploads\/2019\/11\/Anerveen-in-Holland-4608-229-300.png\" alt=\"Biogas desulfurization plant.\" class=\"wp-image-896\"\/><figcaption class=\"wp-element-caption\">station biogaz avec d\u00e9sulfuration biologique. Anerveen Holland.<\/figcaption><\/figure>\n<\/div>\n\n\n\n<div class=\"wp-block-column is-layout-flow wp-block-column-is-layout-flow\">\n<figure class=\"wp-block-image size-large\"><img loading=\"lazy\" decoding=\"async\" width=\"229\" height=\"300\" src=\"https:\/\/generizon.com\/wp-content\/uploads\/2019\/11\/norwegen1-229-300.png\" alt=\"plant in Norway. H2S.\" class=\"wp-image-902\"\/><figcaption class=\"wp-element-caption\">installation en Norv\u00e8ge. r\u00e9duction d&#8217;H2S jusqu&#8217;\u00e0 30 kg H2S\/h.<\/figcaption><\/figure>\n<\/div>\n\n\n\n<div class=\"wp-block-column is-layout-flow wp-block-column-is-layout-flow\">\n<figure class=\"wp-block-image size-large\"><img decoding=\"async\" src=\"https:\/\/generizon.com\/wp-content\/uploads\/2019\/11\/entschwefelungvonoben-229-300.png\" alt=\"biological desulfurization plant for a paper factory. view from top.\" class=\"wp-image-904\"\/><figcaption class=\"wp-element-caption\">d\u00e9sulfuration biologique pour usine \u00e0 papier. view from top.<\/figcaption><\/figure>\n<\/div>\n\n\n\n<div class=\"wp-block-column is-layout-flow wp-block-column-is-layout-flow\">\n<figure class=\"wp-block-image size-large\"><img decoding=\"async\" src=\"https:\/\/generizon.com\/wp-content\/uploads\/2020\/05\/sewage-plant-nachgeschaltet-229-300.png\" alt=\"\" class=\"wp-image-2208\"\/><figcaption class=\"wp-element-caption\">station d&#8217;\u00e9puration des eaux us\u00e9es (320 m3\/h pour 16 000 ppm H2S).<\/figcaption><\/figure>\n<\/div>\n\n\n\n<div class=\"wp-block-column is-layout-flow wp-block-column-is-layout-flow\">\n<figure class=\"wp-block-image size-large\"><img loading=\"lazy\" decoding=\"async\" width=\"229\" height=\"300\" src=\"https:\/\/generizon.com\/wp-content\/uploads\/2019\/11\/serbien-229-300.png\" alt=\"biological desulfurization for a paper factory in Serbia.\" class=\"wp-image-900\"\/><figcaption class=\"wp-element-caption\">d\u00e9sulfuration biologique pour usine \u00e0 papier en Serbie.<\/figcaption><\/figure>\n<\/div>\n\n\n\n<div class=\"wp-block-column is-layout-flow wp-block-column-is-layout-flow\">\n<figure class=\"wp-block-image size-large\"><img loading=\"lazy\" decoding=\"async\" width=\"229\" height=\"300\" src=\"https:\/\/generizon.com\/wp-content\/uploads\/2020\/05\/Australie-20171216_172930-229-300.png\" alt=\"\" class=\"wp-image-2210\"\/><figcaption class=\"wp-element-caption\">2 cuves d\u00e9sulfuration biologique. Australie. en parall\u00e8le. s\u00e9rie.<\/figcaption><\/figure>\n<\/div>\n<\/div>\n\n\n\n<h2 class=\"wp-block-heading\">generizon\/TS r\u00e9f\u00e9rence au Maroc &#8211; 10 000 ppm H<sub>2<\/sub>S &#8211; column de d\u00e9sulfurisation.<\/h2>\n\n\n\n<div class=\"wp-block-columns is-layout-flex wp-container-core-columns-is-layout-28f84493 wp-block-columns-is-layout-flex\">\n<div class=\"wp-block-column is-layout-flow wp-block-column-is-layout-flow\">\n<figure class=\"wp-block-image size-large\"><img loading=\"lazy\" decoding=\"async\" width=\"1000\" height=\"563\" src=\"https:\/\/generizon.com\/wp-content\/uploads\/2020\/08\/cuve-et-generizon.jpg\" alt=\"reactor arrives.\" class=\"wp-image-2823\" srcset=\"https:\/\/generizon.com\/wp-content\/uploads\/2020\/08\/cuve-et-generizon.jpg 1000w, https:\/\/generizon.com\/wp-content\/uploads\/2020\/08\/cuve-et-generizon-300x169.jpg 300w, https:\/\/generizon.com\/wp-content\/uploads\/2020\/08\/cuve-et-generizon-768x432.jpg 768w\" sizes=\"auto, (max-width: 1000px) 100vw, 1000px\" \/><figcaption class=\"wp-element-caption\">pendant COVID. 18m x 3,6m le r\u00e9acteur arrive t\u00f4t le matin.<\/figcaption><\/figure>\n<\/div>\n\n\n\n<div class=\"wp-block-column is-layout-flow wp-block-column-is-layout-flow\">\n<figure class=\"wp-block-image size-large\"><img decoding=\"async\" src=\"https:\/\/generizon.com\/wp-content\/uploads\/2020\/08\/a-l-entree.jpg\" alt=\"The tank rolls in.\" class=\"wp-image-2831\"\/><figcaption class=\"wp-element-caption\">le r\u00e9acteur \u00e0 lit bact\u00e9rien. il entre tout doucement.<\/figcaption><\/figure>\n<\/div>\n\n\n\n<div class=\"wp-block-column is-layout-flow wp-block-column-is-layout-flow\">\n<figure class=\"wp-block-image size-large\"><img decoding=\"async\" src=\"https:\/\/generizon.com\/wp-content\/uploads\/2020\/08\/setting-cuve.jpg\" alt=\"Reactor lifted up through the air.\" class=\"wp-image-2825\"\/><figcaption class=\"wp-element-caption\">la cuve de d\u00e9sulfuration est lev\u00e9e hautement.<\/figcaption><\/figure>\n<\/div>\n<\/div>\n\n\n\n<div class=\"wp-block-columns is-layout-flex wp-container-core-columns-is-layout-28f84493 wp-block-columns-is-layout-flex\">\n<div class=\"wp-block-column is-layout-flow wp-block-column-is-layout-flow\">\n<figure class=\"wp-block-image size-large\"><img decoding=\"async\" src=\"https:\/\/generizon.com\/wp-content\/uploads\/2020\/08\/setting-down.jpg\" alt=\"Setting down of tank.\" class=\"wp-image-2827\"\/><figcaption class=\"wp-element-caption\">un travail de pr\u00e9cision. la cuve sera pos\u00e9e.<\/figcaption><\/figure>\n<\/div>\n\n\n\n<div class=\"wp-block-column is-layout-flow wp-block-column-is-layout-flow\">\n<figure class=\"wp-block-image size-large\"><img decoding=\"async\" src=\"https:\/\/generizon.com\/wp-content\/uploads\/2020\/08\/ancrage.jpg\" alt=\"Anchrage.\" class=\"wp-image-2819\"\/><figcaption class=\"wp-element-caption\">l&#8217;ancrage professionnel.<\/figcaption><\/figure>\n<\/div>\n\n\n\n<div class=\"wp-block-column is-layout-flow wp-block-column-is-layout-flow\">\n<figure class=\"wp-block-image size-large\"><img loading=\"lazy\" decoding=\"async\" width=\"1000\" height=\"563\" src=\"https:\/\/generizon.com\/wp-content\/uploads\/2020\/08\/usine.jpg\" alt=\"TS\/generizon Desulfurization installation. \" class=\"wp-image-2829\" srcset=\"https:\/\/generizon.com\/wp-content\/uploads\/2020\/08\/usine.jpg 1000w, https:\/\/generizon.com\/wp-content\/uploads\/2020\/08\/usine-300x169.jpg 300w, https:\/\/generizon.com\/wp-content\/uploads\/2020\/08\/usine-768x432.jpg 768w\" sizes=\"auto, (max-width: 1000px) 100vw, 1000px\" \/><figcaption class=\"wp-element-caption\">TS\/generizon installation de d\u00e9sulfuration biologique du biogaz. <\/figcaption><\/figure>\n<\/div>\n<\/div>\n\n\n\n<h2 class=\"wp-block-heading\" id=\"biofilter\">bio-filtre pour l&#8217;air d&#8217;\u00e9chappement\/air pollu\u00e9 &#8211; stations d&#8217;\u00e9puration et industrie.<\/h2>\n\n\n\n<figure class=\"wp-block-image alignright size-full\"><img loading=\"lazy\" decoding=\"async\" width=\"300\" height=\"300\" src=\"https:\/\/generizon.com\/wp-content\/uploads\/2021\/07\/TS-Abluftreinigungsanlage_with-desulfurization-300-300.jpg\" alt=\"Bio filtre pour air pollu\u00e9e pour purification et d\u00e9sodorisation.\" class=\"wp-image-3200\" srcset=\"https:\/\/generizon.com\/wp-content\/uploads\/2021\/07\/TS-Abluftreinigungsanlage_with-desulfurization-300-300.jpg 300w, https:\/\/generizon.com\/wp-content\/uploads\/2021\/07\/TS-Abluftreinigungsanlage_with-desulfurization-300-300-150x150.jpg 150w, https:\/\/generizon.com\/wp-content\/uploads\/2021\/07\/TS-Abluftreinigungsanlage_with-desulfurization-300-300-50x50.jpg 50w, https:\/\/generizon.com\/wp-content\/uploads\/2021\/07\/TS-Abluftreinigungsanlage_with-desulfurization-300-300-80x80.jpg 80w, https:\/\/generizon.com\/wp-content\/uploads\/2021\/07\/TS-Abluftreinigungsanlage_with-desulfurization-300-300-75x75.jpg 75w\" sizes=\"auto, (max-width: 300px) 100vw, 300px\" \/><figcaption class=\"wp-element-caption\">bio-filtre pour l&#8217;air d&#8217;\u00e9chappement\/air pollu\u00e9 pour purification et d\u00e9sodorisation. ici avec proc\u00e9d\u00e9 biologique de l&#8217;air en amont pour 22 000 m3\/h.<\/figcaption><\/figure>\n\n\n\n<p>Les installations de bio-filtre de TS int\u00e8grent un ou plusieurs \u00e9tapes de processus, elles sont construites selon les exigences et le domaine d&#8217;application du client. Le r\u00e9acteur biologique \u00e0 lit ruisselant, le lavage chimique (pour NH<sub>3<\/sub>, H<sub>2<\/sub>S) et le filtre \u00e0 charbon actif fonctionnent avant ou apr\u00e8s le nettoyage biologique proprement dit. Le bois de racine, un m\u00e9lange de diff\u00e9rents bois, est g\u00e9n\u00e9ralement utilis\u00e9 comme mat\u00e9riau filtrant.<\/p>\n\n\n\n<p>L&#8217;\u00e9puration biologique de l&#8217;air extrait est en principe soumise aux exigences suivantes&nbsp;:<\/p>\n\n\n\n<ul class=\"wp-block-list ul-border\">\n<li>Biod\u00e9gradabilit\u00e9 des polluants.<\/li>\n\n\n\n<li>Concentration suffisante de micro-organismes dans le bior\u00e9acteur.<\/li>\n\n\n\n<li>Concentration sous-critique d&#8217;inhibiteurs\/substances toxiques dans le d\u00e9bit d&#8217;air d&#8217;\u00e9chappement.<\/li>\n\n\n\n<li>Apport suffisant d&#8217;oxyg\u00e8ne et de nutriments au micro-organismes.<\/li>\n\n\n\n<li>Conditions de process d\u00e9finies (humidit\u00e9, temp\u00e9rature, valeur pH, etc.).<\/li>\n<\/ul>\n\n\n\n<p>Les dispositifs importants du processus dans une usine de filtration biologique sont : la compression de l&#8217;air, le nettoyage de la poussi\u00e8re, le chauffage ou le refroidissement, l&#8217;humidification, le nettoyage biologique et le nettoyage chimique.<\/p>\n\n\n\n<p>Les exigences de qualit\u00e9 de la directive VDI (Verein Deutscher Ingenieure) 3477 sont \u00e0 la base des installations de filtration biologique TS.<\/p>\n\n\n\n<p>En raison de l&#8217;effet corrosif des polluants, seuls les mat\u00e9riaux suivants sont utilis\u00e9s dans les filtres biologiques TS, polypropyl\u00e8ne (PP), poly\u00e9thyl\u00e8ne (PE), plastique renforc\u00e9 de fibres (FRP), acier rev\u00eatu et haute qualit\u00e9 acier.<\/p>\n\n\n\n<p><strong><span style=\"text-decoration: underline;\">Domaines principaux d&#8217;application<\/span><\/strong> :<\/p>\n\n\n\n<ul class=\"wp-block-list ul-border\">\n<li><strong>Stations d&#8217;\u00e9puration des eaux us\u00e9es municipales ou industrielles<\/strong>, d\u00e9sodorisation STEP.<\/li>\n\n\n\n<li>Industrie alimentaire.<\/li>\n\n\n\n<li>Industrie chimique.<\/li>\n\n\n\n<li>Agriculture.<\/li>\n\n\n\n<li>Industrie du cuir.<\/li>\n\n\n\n<li>M\u00e9thanisation &#8211; installations de biogaz et de <strong>traitement des d\u00e9chets<\/strong>.<\/li>\n\n\n\n<li>Industrie du papier.<\/li>\n\n\n\n<li><a href=\"https:\/\/www.ts-anlagenbau.de\/site\/en\/products\/biofilters.html\" target=\"_blank\" rel=\"noreferrer noopener\">TS bio-filter<\/a>.<\/li>\n<\/ul>\n\n\n\n<div class=\"wp-block-columns is-layout-flex wp-container-core-columns-is-layout-28f84493 wp-block-columns-is-layout-flex\">\n<div class=\"wp-block-column is-layout-flow wp-block-column-is-layout-flow\">\n<figure class=\"wp-block-image size-full\"><img loading=\"lazy\" decoding=\"async\" width=\"500\" height=\"324\" src=\"https:\/\/generizon.com\/wp-content\/uploads\/2026\/01\/Abfallbehandlungsanlage_fr.jpg\" alt=\"\" class=\"wp-image-6312\" srcset=\"https:\/\/generizon.com\/wp-content\/uploads\/2026\/01\/Abfallbehandlungsanlage_fr.jpg 500w, https:\/\/generizon.com\/wp-content\/uploads\/2026\/01\/Abfallbehandlungsanlage_fr-300x194.jpg 300w\" sizes=\"auto, (max-width: 500px) 100vw, 500px\" \/><figcaption class=\"wp-element-caption\">filtres biologiques conteneuris\u00e9s. installation technique compacte. ventilateur int\u00e9gr\u00e9.<\/figcaption><\/figure>\n\n\n\n<figure class=\"wp-block-image size-full\"><img loading=\"lazy\" decoding=\"async\" width=\"500\" height=\"197\" src=\"https:\/\/generizon.com\/wp-content\/uploads\/2026\/01\/ts_flaechenfilter.jpg\" alt=\"\" class=\"wp-image-6315\" srcset=\"https:\/\/generizon.com\/wp-content\/uploads\/2026\/01\/ts_flaechenfilter.jpg 500w, https:\/\/generizon.com\/wp-content\/uploads\/2026\/01\/ts_flaechenfilter-300x118.jpg 300w\" sizes=\"auto, (max-width: 500px) 100vw, 500px\" \/><figcaption class=\"wp-element-caption\">filtre \u00e0 surface biologique ouvert. d\u00e9sodorisation. 50 000 m3\/h.<\/figcaption><\/figure>\n<\/div>\n\n\n\n<div class=\"wp-block-column is-layout-flow wp-block-column-is-layout-flow\">\n<figure class=\"wp-block-image size-full\"><img loading=\"lazy\" decoding=\"async\" width=\"500\" height=\"488\" src=\"https:\/\/generizon.com\/wp-content\/uploads\/2026\/01\/Abfallbehandlungsanlage.jpg\" alt=\"\" class=\"wp-image-6310\" srcset=\"https:\/\/generizon.com\/wp-content\/uploads\/2026\/01\/Abfallbehandlungsanlage.jpg 500w, https:\/\/generizon.com\/wp-content\/uploads\/2026\/01\/Abfallbehandlungsanlage-300x293.jpg 300w\" sizes=\"auto, (max-width: 500px) 100vw, 500px\" \/><figcaption class=\"wp-element-caption\">syst\u00e8me de biofiltration avec laveur chimique \u00e0 deux \u00e9tages pour une station d&#8217;\u00e9puration des eaux us\u00e9es en France, avec un d\u00e9bit d&#8217;air \u00e0 traiter d&#8217;environ 25&nbsp;000 m\u00b3\/h.<\/figcaption><\/figure>\n<\/div>\n\n\n\n<div class=\"wp-block-column is-layout-flow wp-block-column-is-layout-flow\">\n<figure class=\"wp-block-image size-full\"><img loading=\"lazy\" decoding=\"async\" width=\"500\" height=\"690\" src=\"https:\/\/generizon.com\/wp-content\/uploads\/2026\/01\/TSBiofilter-Container_PE_HD.jpg\" alt=\"\" class=\"wp-image-6313\" srcset=\"https:\/\/generizon.com\/wp-content\/uploads\/2026\/01\/TSBiofilter-Container_PE_HD.jpg 500w, https:\/\/generizon.com\/wp-content\/uploads\/2026\/01\/TSBiofilter-Container_PE_HD-217x300.jpg 217w\" sizes=\"auto, (max-width: 500px) 100vw, 500px\" \/><figcaption class=\"wp-element-caption\">biofiltre conteneuris\u00e9 (mat\u00e9riau PEHD). \u00e9purateur chimique \u00e0 deux \u00e9tages en amont pour un d\u00e9bit d&#8217;air d&#8217;\u00e9chappement de 20&nbsp;000 m\u00b3\/h. jointe \u00e0 installation de biogaz.<\/figcaption><\/figure>\n<\/div>\n<\/div>\n\n\n\n<h2 class=\"wp-block-heading\">TS &#8211; dans un mot.<\/h2>\n\n\n\n<figure class=\"wp-block-image alignright size-medium no-border\"><img loading=\"lazy\" decoding=\"async\" width=\"300\" height=\"194\" src=\"https:\/\/generizon.com\/wp-content\/uploads\/2026\/01\/ts-logo-new-600-388-300x194.png\" alt=\"TS Logo\" class=\"wp-image-6993\" srcset=\"https:\/\/generizon.com\/wp-content\/uploads\/2026\/01\/ts-logo-new-600-388-300x194.png 300w, https:\/\/generizon.com\/wp-content\/uploads\/2026\/01\/ts-logo-new-600-388.png 600w\" sizes=\"auto, (max-width: 300px) 100vw, 300px\" \/><figcaption class=\"wp-element-caption\">TS Umweltanlagenbau. Allemagne. Brieselang.<\/figcaption><\/figure>\n\n\n\n<ul class=\"wp-block-list ul-border\">\n<li>D\u00e9sulfuration biologique du biogaz.<\/li>\n\n\n\n<li>D\u00e9sodorisation et purification de l&#8217;air pollu\u00e9, bio-filtre pour l&#8217;air d&#8217;\u00e9chappement.<\/li>\n\n\n\n<li>R\u00e9acteur \u00e0 lit de ruissellement.<\/li>\n\n\n\n<li>\u00c9limination du sulfure d\u2019hydroge\u0300ne (H<sub>2<\/sub>S) jusqu\u2019\u00e0 50 000 ppm.<\/li>\n\n\n\n<li>Environnementalement s\u00e9cure, efficace et \u00e0 bas en co\u00fbts d\u2019exploitation.<\/li>\n\n\n\n<li>Invent\u00e9 et d\u00e9velopp\u00e9 pendant presque 40 ans.<\/li>\n\n\n\n<li>1000 r\u00e9f\u00e9rences sur cinq continents.<\/li>\n\n\n\n<li><span class=\"tlid-translation translation\" lang=\"fr\"><span class=\"\" title=\"\"><a href=\"http:\/\/www.ts-anlagenbau.de\">TS Umweltanlagenbau GmbH<\/a>.<\/span><\/span><\/li>\n<\/ul>\n","protected":false},"excerpt":{"rendered":"<p>d\u00e9sulfuration biologique &#8211; filtre \u00e0 ruissellement. TS Umweltanlagenbau GmbH, partenaire de generizon, est une entreprise de Brieselang, Zeestow, en Allemagne, qui utilise des compos\u00e9s plastiques pour la fabrication de son produit principal ; un r\u00e9acteur \u00e0 lit bact\u00e9rien pour la d\u00e9sulfuration du gaz qui permet d\u2019\u00e9liminer de mani\u00e8re s\u00fbre et rentable les charges faibles \u00e0 [&hellip;]<\/p>\n","protected":false},"author":1,"featured_media":0,"parent":0,"menu_order":0,"comment_status":"closed","ping_status":"closed","template":"page-french","meta":{"_acf_changed":false,"footnotes":""},"class_list":["post-907","page","type-page","status-publish","hentry"],"acf":[],"_links":{"self":[{"href":"https:\/\/generizon.com\/fr\/wp-json\/wp\/v2\/pages\/907","targetHints":{"allow":["GET"]}}],"collection":[{"href":"https:\/\/generizon.com\/fr\/wp-json\/wp\/v2\/pages"}],"about":[{"href":"https:\/\/generizon.com\/fr\/wp-json\/wp\/v2\/types\/page"}],"author":[{"embeddable":true,"href":"https:\/\/generizon.com\/fr\/wp-json\/wp\/v2\/users\/1"}],"replies":[{"embeddable":true,"href":"https:\/\/generizon.com\/fr\/wp-json\/wp\/v2\/comments?post=907"}],"version-history":[{"count":0,"href":"https:\/\/generizon.com\/fr\/wp-json\/wp\/v2\/pages\/907\/revisions"}],"wp:attachment":[{"href":"https:\/\/generizon.com\/fr\/wp-json\/wp\/v2\/media?parent=907"}],"curies":[{"name":"wp","href":"https:\/\/api.w.org\/{rel}","templated":true}]}}