{"id":96,"date":"2018-03-22T10:43:50","date_gmt":"2018-03-22T10:43:50","guid":{"rendered":"http:\/\/generizon.com\/?page_id=96"},"modified":"2026-01-30T12:02:25","modified_gmt":"2026-01-30T12:02:25","slug":"vision-histoire-societe-propre-durable-faisable-maroc","status":"publish","type":"page","link":"https:\/\/generizon.com\/fr\/vision-histoire-societe-propre-durable-faisable-maroc\/","title":{"rendered":"notre vision &#8211; notre histoire. relever les d\u00e9fis pour un impact durable."},"content":{"rendered":"\n<h2 class=\"wp-block-heading\">propre. durable. faisable.<\/h2>\n\n\n\n<p id=\"block-824670a3-bdf5-478c-aacd-8fa0410e4312\">Fond\u00e9e au Maroc en 2015, Generizon est une entreprise sp\u00e9cialis\u00e9e dans les services environnementaux, les \u00e9nergies renouvelables et les solutions durables de gestion des d\u00e9chets. L\u2019entreprise a \u00e9t\u00e9 cr\u00e9\u00e9e par Manfred Schweda \u00e0 travers la startup <a href=\"http:\/\/msconex.com\">MSConex SARL<\/a>, soci\u00e9t\u00e9 m\u00e8re de Generizon.<\/p>\n\n\n\n<p id=\"block-824670a3-bdf5-478c-aacd-8fa0410e4312\">Manfred Schweda est titulaire d\u2019un MBA de la Vienna University of Economics and Business et apporte plus de 12 ans d\u2019exp\u00e9rience internationale dans le secteur bancaire et les march\u00e9s \u00e9mergents, notamment dans le trading de d\u00e9riv\u00e9s de taux d\u2019int\u00e9r\u00eat \u00e0 Vienne, Berlin, Londres et Francfort. Cette solide exp\u00e9rience financi\u00e8re et internationale constitue la base de l\u2019approche strat\u00e9gique et analytique de Generizon pour les projets de durabilit\u00e9 et d\u2019\u00e9nergie.<\/p>\n\n\n\n<figure class=\"wp-block-image alignright size-medium\"><img loading=\"lazy\" decoding=\"async\" width=\"200\" height=\"300\" src=\"https:\/\/generizon.com\/wp-content\/uploads\/2026\/01\/nazha-zidani-manfred-schweda-200x300.jpg\" alt=\"Nazha Zidani, Manfred Schweda\" class=\"wp-image-7141\" srcset=\"https:\/\/generizon.com\/wp-content\/uploads\/2026\/01\/nazha-zidani-manfred-schweda-200x300.jpg 200w, https:\/\/generizon.com\/wp-content\/uploads\/2026\/01\/nazha-zidani-manfred-schweda-683x1024.jpg 683w, https:\/\/generizon.com\/wp-content\/uploads\/2026\/01\/nazha-zidani-manfred-schweda-768x1152.jpg 768w, https:\/\/generizon.com\/wp-content\/uploads\/2026\/01\/nazha-zidani-manfred-schweda.jpg 1000w\" sizes=\"auto, (max-width: 200px) 100vw, 200px\" \/><figcaption class=\"wp-element-caption\">Nazha Zidani. Manfred Schweda. generizon.<\/figcaption><\/figure>\n\n\n\n<p id=\"block-824670a3-bdf5-478c-aacd-8fa0410e4312\">Nazha Zidani, titulaire d\u2019un master en Management et Audit de l\u2019\u00c9cole Nationale de Commerce et de Gestion (ENCG) au Maroc, poss\u00e8de une solide exp\u00e9rience en gestion d\u2019entreprise. Ensemble, Manfred Schweda et Nazha Zidani co-g\u00e8rent generizon, combinant expertise financi\u00e8re, comp\u00e9tences manag\u00e9riales et vision strat\u00e9gique pour piloter la mission de l\u2019entreprise.<\/p>\n\n\n\n<p id=\"block-824670a3-bdf5-478c-aacd-8fa0410e4312\">generizon a choisi les d\u00e9chets organiques comme c\u0153ur de son activit\u00e9 en raison de leur forte proportion dans les flux de d\u00e9chets municipaux au Maroc et dans de nombreux pays africains, ainsi que de leurs impacts environnementaux et climatiques significatifs lorsqu\u2019ils sont mis en d\u00e9charge, notamment \u00e0 travers les \u00e9missions de m\u00e9thane, un polluant climatique de courte dur\u00e9e de vie (SLCP) dont le potentiel de r\u00e9chauffement global (GWP) est environ 28 fois sup\u00e9rieur \u00e0 celui du CO\u2082 sur un horizon de 100 ans. Parall\u00e8lement, les d\u00e9chets organiques constituent une ressource \u00e0 forte valeur ajout\u00e9e lorsqu\u2019ils sont valoris\u00e9s par des fili\u00e8res adapt\u00e9es, telles que la m\u00e9thanisation (digestion ana\u00e9robie \u2013 DA). Dans un contexte o\u00f9 le Maroc et de nombreux pays africains d\u00e9veloppent et mettent en \u0153uvre leurs Contributions D\u00e9termin\u00e9es au niveau National (CDN \/ NDC) et autres strat\u00e9gies nationales climatiques et \u00e9nerg\u00e9tiques, generizon a identifi\u00e9 la valorisation des d\u00e9chets organiques comme une opportunit\u00e9 strat\u00e9gique \u00e0 fort impact, au service du d\u00e9veloppement durable, de la r\u00e9duction des \u00e9missions et de la production d\u2019\u00e9nergies renouvelables.<\/p>\n\n\n\n<p id=\"block-824670a3-bdf5-478c-aacd-8fa0410e4312\">Le Maroc a \u00e9t\u00e9 choisi comme base d\u2019implantation de Generizon en raison de sa position g\u00e9ographique strat\u00e9gique, au carrefour de l\u2019Europe et de l\u2019Afrique, ainsi que de l\u2019Afrique du Nord et subsaharienne, de son environnement politique et \u00e9conomique stable, et de son ouverture \u00e0 l\u2019innovation et \u00e0 la coop\u00e9ration internationale. Au-del\u00e0 de son leadership dans les \u00e9nergies solaire et \u00e9olienne, le Maroc dispose \u00e9galement d\u2019un potentiel important encore inexploit\u00e9 en mati\u00e8re de d\u00e9chets et de biomasse, faisant du pays un hub id\u00e9al pour le d\u00e9veloppement de solutions de Waste-to-Energy et d\u2019\u00e9conomie circulaire, \u00e0 l\u2019\u00e9chelle nationale et r\u00e9gionale.<\/p>\n\n\n\n<p>Aujourd\u2019hui, generizon op\u00e8re \u00e0 travers deux activit\u00e9s principales : le conseil strat\u00e9gique en environnement et en projets Waste-to-Energy (WtE), ainsi que la revente des \u00e9quipements li\u00e9s au biogaz et \u00e0 l\u2019\u00e9nergie, contribuant \u00e0 la transition vers un syst\u00e8me \u00e9nerg\u00e9tique plus durable et r\u00e9silient.<\/p>\n\n\n\n<h2 class=\"wp-block-heading\">et apr\u00e8s?<\/h2>\n\n\n\n<p>\u00c0 l\u2019avenir, generizon ambitionne d\u2019\u00e9tendre ses interventions sur l\u2019ensemble de la cha\u00eene de valeur des D\u00e9chets M\u00e9nagers et Assimil\u00e9s (DMA) au Maroc, en transformant les \u00e9tudes strat\u00e9giques en projets op\u00e9rationnels et concrets sur le terrain. Cette vision repose sur une approche int\u00e9gr\u00e9e et innovante, combinant des technologies compl\u00e9mentaires afin d\u2019atteindre une att\u00e9nuation optimale des \u00e9missions de gaz \u00e0 effet de serre (GES).<\/p>\n\n\n\n<p>Les solutions prioritaires incluent la m\u00e9thanisation des d\u00e9chets organiques tri\u00e9s \u00e0 la source (Source Separated Organic Waste &#8211; SSOW) via des r\u00e9acteurs continuellement agit\u00e9s (Continuous Stirred Tank Reactor &#8211; CSTR) adapt\u00e9s aux substrats \u00e0 forte teneur en eau ; la digestion de type plug-flow pour les fractions organiques des D\u00e9chets M\u00e9nagers et Assimil\u00e9s \u00e0 forte teneur en mati\u00e8re s\u00e8che (Organic Fraction of Municipal Solid Waste &#8211; OFMSW) issues des centres de tri et traitement m\u00e9cano-biologique (MBT) \/ Material Recovery Facilities (MRF) ; la production de mat\u00e9riaux recyclables et de combustibles solides de r\u00e9cup\u00e9ration (CSR\/RDF) en appui aux objectifs de d\u00e9carbonation de l\u2019industrie cimenti\u00e8re ; ainsi que le d\u00e9ploiement syst\u00e9matique de syst\u00e8mes de captage et de contr\u00f4le du gaz des d\u00e9charges sur les d\u00e9charges en mode d&#8217;op\u00e9ration et ferm\u00e9s \u00e0 l\u2019\u00e9chelle nationale. Cette approche int\u00e9gr\u00e9e a \u00e9t\u00e9 soumise et retenue dans le cadre des CDN 3.0 conditionnelles de l\u2019ann\u00e9e 2025 du Maroc.<\/p>\n\n\n\n<p><strong>Nous sommes generizon.<\/strong><\/p>\n","protected":false},"excerpt":{"rendered":"<p>propre. durable. faisable. Fond\u00e9e au Maroc en 2015, Generizon est une entreprise sp\u00e9cialis\u00e9e dans les services environnementaux, les \u00e9nergies renouvelables et les solutions durables de gestion des d\u00e9chets. L\u2019entreprise a \u00e9t\u00e9 cr\u00e9\u00e9e par Manfred Schweda \u00e0 travers la startup MSConex SARL, soci\u00e9t\u00e9 m\u00e8re de Generizon. Manfred Schweda est titulaire d\u2019un MBA de la Vienna University [&hellip;]<\/p>\n","protected":false},"author":1,"featured_media":0,"parent":0,"menu_order":0,"comment_status":"closed","ping_status":"closed","template":"page-french","meta":{"_acf_changed":false,"footnotes":""},"class_list":["post-96","page","type-page","status-publish","hentry"],"acf":[],"_links":{"self":[{"href":"https:\/\/generizon.com\/fr\/wp-json\/wp\/v2\/pages\/96","targetHints":{"allow":["GET"]}}],"collection":[{"href":"https:\/\/generizon.com\/fr\/wp-json\/wp\/v2\/pages"}],"about":[{"href":"https:\/\/generizon.com\/fr\/wp-json\/wp\/v2\/types\/page"}],"author":[{"embeddable":true,"href":"https:\/\/generizon.com\/fr\/wp-json\/wp\/v2\/users\/1"}],"replies":[{"embeddable":true,"href":"https:\/\/generizon.com\/fr\/wp-json\/wp\/v2\/comments?post=96"}],"version-history":[{"count":0,"href":"https:\/\/generizon.com\/fr\/wp-json\/wp\/v2\/pages\/96\/revisions"}],"wp:attachment":[{"href":"https:\/\/generizon.com\/fr\/wp-json\/wp\/v2\/media?parent=96"}],"curies":[{"name":"wp","href":"https:\/\/api.w.org\/{rel}","templated":true}]}}